{"id":137035,"date":"2023-07-13T11:40:26","date_gmt":"2023-07-13T09:40:26","guid":{"rendered":"https:\/\/www.sestogrado.it\/?post_type=product&#038;p=137035"},"modified":"2026-03-31T16:51:43","modified_gmt":"2026-03-31T14:51:43","slug":"fixe-roca-montserrat-9-4-corda-arrampicata","status":"publish","type":"product","link":"https:\/\/www.sestogrado.it\/en\/prodotto\/fixe-roca-montserrat-9-4-corda-arrampicata\/","title":{"rendered":"Fixe Roca Montserrat 9.4 corda arrampicata"},"content":{"rendered":"<p>La Fixe Roca Montserrat 9.4 \u00e8 la corda perfetta per chi pratica arrampicata sportiva e vuole cimentarsi con una corda pi\u00f9 sottile ed evolvere come climber. Maneggevole e con un buon equilibrio tra peso e resistenza, la Montserrat 9.4 \u00e8 flessibile e facile da maneggiare. E&#8217; ideale per vie sportive lunghe.<\/p>\n<p>Il Montserrat \u00e8 una montagna rappresentativa della Catalogna, visitata ogni anno da turisti da tutto il mondo. Ha migliaia di pareti di arrampicata e vie sportive, che spesso superano i 50 metri di lunghezza. La Fixe Roca Montserrat 9.4 incarna alla perfezione questo spirito.<\/p>\n<ul>\n<li>Diametro: 9.4mm<\/li>\n<li><span class=\"lbl\">Trattamento: <\/span><span class=\"value\">Nature 100% PFC-free<\/span><\/li>\n<li><span class=\"lbl\">Tipo di calza: <\/span><span class=\"value\">Endurance, aumenta la durata di vita della corda, 48 trefoli.<\/span><\/li>\n<li>Segno di met\u00e0 corda: presente.<\/li>\n<li>Segno di 8 metri: \u00e8 una marcatura rossa che indica che mancano 8 metri al raggiungimento della fine della corda.<\/li>\n<li>Indicatore riflettente: indicatore riflettente, con le informazioni della corda, presente ad entrambe le estremit\u00e0.<\/li>\n<li>Taglio ultrasonico: sigilla i finali della corda, impedendone l&#8217;apertura.<\/li>\n<li><span class=\"lbl\">Percentuale calza: <\/span><span class=\"value\">38%<\/span><\/li>\n<li><span class=\"lbl\">Allungamento statico: 7<\/span><span class=\"value\">%<\/span><\/li>\n<li><span class=\"lbl\">Numero di cadute UIAA: 6<\/span><\/li>\n<li><span class=\"lbl\">Forza di impatto: 8<\/span><span class=\"value\">,6kN<\/span><\/li>\n<li><span class=\"lbl\">Scorrimento calza: <\/span><span class=\"value\">0,0mm<\/span><\/li>\n<li>Allungamento dinamico: 35%<\/li>\n<li>Allungamento statico: 8,1%<\/li>\n<\/ul>\n<p>&nbsp;<\/p>\n<p>&nbsp;<\/p>\n<p>Fixe \u00e8 stata fondata nel 1983 in un luogo circondato da montagne e zone di arrampicata di prim&#8217;ordine come Montserrat, Terradets e Siurana. \u00c8 diventato rapidamente un marchio leader nella comunit\u00e0 dell&#8217;arrampicata e i suoi prodotti sono attualmente conosciuti in tutto il mondo.<\/p>\n<p>Roca \u00e8 uno dei pi\u00f9 antichi produttori di corde al mondo. Fondata nel 1891, dal 2012 \u00e8 entrata a far parte del gruppo Fixe, per realizza tutte le corde del proprio catalogo.<\/p>\n<p>Le corde Fixe Roca sono supportate da pi\u00f9 di 125 anni di esperienza nel settore. Tutta la produzione avviene a Sant Quirze de Besora (Catalogna), dove Fixe ha anche la sua sede principale e magazzini.<\/p>\n<p>Ogni amante della montagna trover\u00e0 la corda che cerca nel catalogo Fixe. Corde per arrampicata sportiva, arrampicata trad, alpinismo, palestre di arrampicata e canyoning, sia dinamiche che statiche. Una corda per ogni situazione e ogni attivit\u00e0 su terreno verticale.<\/p>","protected":false},"excerpt":{"rendered":"<p>La Fixe Roca Montserrat 9.4 \u00e8 la corda perfetta per chi pratica arrampicata sportiva e vuole cimentarsi con una corda [&hellip;]<\/p>\n","protected":false},"featured_media":141937,"comment_status":"open","ping_status":"closed","template":"","meta":{"_acf_changed":false},"product_brand":[778],"product_cat":[136],"product_tag":[],"class_list":{"0":"post-137035","1":"product","2":"type-product","3":"status-publish","4":"has-post-thumbnail","6":"product_brand-fixe","7":"product_cat-corde-corde","9":"first","10":"instock","11":"sale","12":"taxable","13":"shipping-taxable","14":"purchasable","15":"product-type-variable"},"acf":[],"yoast_head":"<!-- This site is optimized with the Yoast SEO plugin v26.4 - https:\/\/yoast.com\/wordpress\/plugins\/seo\/ -->\n<title>Fixe Roca Montserrat 9.4 corda arrampicata - Sestogrado<\/title>\n<meta name=\"description\" content=\"La Fixe Roca Montserrat 9.4 \u00e8 la corda perfetta per chi pratica arrampicata sportiva e vuole cimentarsi con una corda pi\u00f9 sottile ed evolvere come climber. Maneggevole e con un buon equilibrio tra peso e resistenza, la Montserrat 9.4 \u00e8 flessibile e facile da maneggiare. E&#039; ideale per vie sportive lunghe.Il Montserrat \u00e8 una montagna rappresentativa della Catalogna, visitata ogni anno da turisti da tutto il mondo. Ha migliaia di pareti di arrampicata e vie sportive, che spesso superano i 50 metri di lunghezza. La Fixe Roca Montserrat 9.4 incarna alla perfezione questo spirito.\" \/>\n<meta name=\"robots\" content=\"index, follow, max-snippet:-1, max-image-preview:large, max-video-preview:-1\" \/>\n<link rel=\"canonical\" href=\"https:\/\/www.sestogrado.it\/en\/prodotto\/fixe-roca-montserrat-9-4-corda-arrampicata\/\" \/>\n<meta property=\"og:locale\" content=\"en_US\" \/>\n<meta property=\"og:type\" content=\"article\" \/>\n<meta property=\"og:title\" content=\"Fixe Roca Montserrat 9.4 corda arrampicata - Sestogrado\" \/>\n<meta property=\"og:description\" content=\"La Fixe Roca Montserrat 9.4 \u00e8 la corda perfetta per chi pratica arrampicata sportiva e vuole cimentarsi con una corda pi\u00f9 sottile ed evolvere come climber. Maneggevole e con un buon equilibrio tra peso e resistenza, la Montserrat 9.4 \u00e8 flessibile e facile da maneggiare. E&#039; ideale per vie sportive lunghe.Il Montserrat \u00e8 una montagna rappresentativa della Catalogna, visitata ogni anno da turisti da tutto il mondo. Ha migliaia di pareti di arrampicata e vie sportive, che spesso superano i 50 metri di lunghezza. La Fixe Roca Montserrat 9.4 incarna alla perfezione questo spirito.\" \/>\n<meta property=\"og:url\" content=\"https:\/\/www.sestogrado.it\/en\/prodotto\/fixe-roca-montserrat-9-4-corda-arrampicata\/\" \/>\n<meta property=\"og:site_name\" content=\"Sestogrado\" \/>\n<meta property=\"article:publisher\" content=\"https:\/\/www.facebook.com\/pages\/Sestogrado\/1542635979353017?ref=bookmarks\" \/>\n<meta property=\"article:modified_time\" content=\"2026-03-31T14:51:43+00:00\" \/>\n<meta property=\"og:image\" content=\"https:\/\/www.sestogrado.it\/wp-content\/uploads\/2023\/07\/montserrat.jpg\" \/>\n\t<meta property=\"og:image:width\" content=\"800\" \/>\n\t<meta property=\"og:image:height\" content=\"800\" \/>\n\t<meta property=\"og:image:type\" content=\"image\/jpeg\" \/>\n<meta name=\"twitter:label1\" content=\"Availability\" \/>\n\t<meta name=\"twitter:data1\" content=\"In stock\" \/>\n<script type=\"application\/ld+json\" class=\"yoast-schema-graph\">{\"@context\":\"https:\/\/schema.org\",\"@graph\":[{\"@type\":\"WebPage\",\"@id\":\"https:\/\/www.sestogrado.it\/en\/prodotto\/fixe-roca-montserrat-9-4-corda-arrampicata\/\",\"url\":\"https:\/\/www.sestogrado.it\/en\/prodotto\/fixe-roca-montserrat-9-4-corda-arrampicata\/\",\"name\":\"Fixe Roca Montserrat 9.4 corda arrampicata - Sestogrado\",\"isPartOf\":{\"@id\":\"https:\/\/www.sestogrado.it\/en\/#website\"},\"primaryImageOfPage\":{\"@id\":\"https:\/\/www.sestogrado.it\/en\/prodotto\/fixe-roca-montserrat-9-4-corda-arrampicata\/#primaryimage\"},\"image\":{\"@id\":\"https:\/\/www.sestogrado.it\/prodotto\/fixe-roca-montserrat-9-4-corda-arrampicata\/#primaryimage\"},\"thumbnailUrl\":\"https:\/\/www.sestogrado.it\/wp-content\/uploads\/2023\/07\/montserrat.jpg\",\"datePublished\":\"2023-07-13T09:40:26+00:00\",\"dateModified\":\"2026-03-31T14:51:43+00:00\",\"description\":\"La Fixe Roca Montserrat 9.4 \u00e8 la corda perfetta per chi pratica arrampicata sportiva e vuole cimentarsi con una corda pi\u00f9 sottile ed evolvere come climber. Maneggevole e con un buon equilibrio tra peso e resistenza, la Montserrat 9.4 \u00e8 flessibile e facile da maneggiare. E' ideale per vie sportive lunghe.Il Montserrat \u00e8 una montagna rappresentativa della Catalogna, visitata ogni anno da turisti da tutto il mondo. Ha migliaia di pareti di arrampicata e vie sportive, che spesso superano i 50 metri di lunghezza. La Fixe Roca Montserrat 9.4 incarna alla perfezione questo spirito.\",\"breadcrumb\":{\"@id\":\"https:\/\/www.sestogrado.it\/en\/prodotto\/fixe-roca-montserrat-9-4-corda-arrampicata\/#breadcrumb\"},\"inLanguage\":\"en-US\",\"potentialAction\":[{\"@type\":\"ReadAction\",\"target\":[[\"https:\/\/www.sestogrado.it\/en\/prodotto\/fixe-roca-montserrat-9-4-corda-arrampicata\/\"]]}]},{\"@type\":\"ImageObject\",\"inLanguage\":\"en-US\",\"@id\":\"https:\/\/www.sestogrado.it\/en\/prodotto\/fixe-roca-montserrat-9-4-corda-arrampicata\/#primaryimage\",\"url\":\"https:\/\/www.sestogrado.it\/wp-content\/uploads\/2023\/07\/montserrat.jpg\",\"contentUrl\":\"https:\/\/www.sestogrado.it\/wp-content\/uploads\/2023\/07\/montserrat.jpg\",\"width\":800,\"height\":800,\"caption\":\"montserrat\"},{\"@type\":\"BreadcrumbList\",\"@id\":\"https:\/\/www.sestogrado.it\/en\/prodotto\/fixe-roca-montserrat-9-4-corda-arrampicata\/#breadcrumb\",\"itemListElement\":[{\"@type\":\"ListItem\",\"position\":1,\"name\":\"Home\",\"item\":\"https:\/\/www.sestogrado.it\/en\/\"},{\"@type\":\"ListItem\",\"position\":2,\"name\":\"Shop\",\"item\":\"https:\/\/www.sestogrado.it\/en\/shop\/\"},{\"@type\":\"ListItem\",\"position\":3,\"name\":\"Fixe Roca Montserrat 9.4 corda arrampicata\"}]},{\"@type\":\"WebSite\",\"@id\":\"https:\/\/www.sestogrado.it\/en\/#website\",\"url\":\"https:\/\/www.sestogrado.it\/en\/\",\"name\":\"Sestogrado\",\"description\":\"yes we climb\",\"publisher\":{\"@id\":\"https:\/\/www.sestogrado.it\/en\/#organization\"},\"potentialAction\":[{\"@type\":\"SearchAction\",\"target\":{\"@type\":\"EntryPoint\",\"urlTemplate\":\"https:\/\/www.sestogrado.it\/en\/?s={search_term_string}\"},\"query-input\":{\"@type\":\"PropertyValueSpecification\",\"valueRequired\":true,\"valueName\":\"search_term_string\"}}],\"inLanguage\":\"en-US\"},{\"@type\":\"Organization\",\"@id\":\"https:\/\/www.sestogrado.it\/en\/#organization\",\"name\":\"Sestogrado\",\"url\":\"https:\/\/www.sestogrado.it\/en\/\",\"logo\":{\"@type\":\"ImageObject\",\"inLanguage\":\"en-US\",\"@id\":\"https:\/\/www.sestogrado.it\/en\/#\/schema\/logo\/image\/\",\"url\":\"https:\/\/www.sestogrado.it\/wp-content\/uploads\/2015\/03\/sestogrado-favicon.png\",\"contentUrl\":\"https:\/\/www.sestogrado.it\/wp-content\/uploads\/2015\/03\/sestogrado-favicon.png\",\"width\":260,\"height\":260,\"caption\":\"Sestogrado\"},\"image\":{\"@id\":\"https:\/\/www.sestogrado.it\/en\/#\/schema\/logo\/image\/\"},\"sameAs\":[\"https:\/\/www.facebook.com\/pages\/Sestogrado\/1542635979353017?ref=bookmarks\",\"https:\/\/www.youtube.com\/channel\/UC847kAfTkaJsWpc1jtQwr3Q\"],\"hasMerchantReturnPolicy\":{\"@type\":\"MerchantReturnPolicy\",\"merchantReturnLink\":\"https:\/\/www.sestogrado.it\/en\/termini-e-condizioni\/\"}}]}<\/script>\n<meta property=\"product:brand\" content=\"Fixe\" \/>\n<meta property=\"og:availability\" content=\"instock\" \/>\n<meta property=\"product:availability\" content=\"instock\" \/>\n<meta property=\"product:condition\" content=\"new\" \/>\n<!-- \/ Yoast SEO plugin. -->","yoast_head_json":{"title":"Fixe Roca Montserrat 9.4 corda arrampicata - Sestogrado","description":"La Fixe Roca Montserrat 9.4 \u00e8 la corda perfetta per chi pratica arrampicata sportiva e vuole cimentarsi con una corda pi\u00f9 sottile ed evolvere come climber. Maneggevole e con un buon equilibrio tra peso e resistenza, la Montserrat 9.4 \u00e8 flessibile e facile da maneggiare. E' ideale per vie sportive lunghe.Il Montserrat \u00e8 una montagna rappresentativa della Catalogna, visitata ogni anno da turisti da tutto il mondo. Ha migliaia di pareti di arrampicata e vie sportive, che spesso superano i 50 metri di lunghezza. La Fixe Roca Montserrat 9.4 incarna alla perfezione questo spirito.","robots":{"index":"index","follow":"follow","max-snippet":"max-snippet:-1","max-image-preview":"max-image-preview:large","max-video-preview":"max-video-preview:-1"},"canonical":"https:\/\/www.sestogrado.it\/en\/prodotto\/fixe-roca-montserrat-9-4-corda-arrampicata\/","og_locale":"en_US","og_type":"article","og_title":"Fixe Roca Montserrat 9.4 corda arrampicata - Sestogrado","og_description":"La Fixe Roca Montserrat 9.4 \u00e8 la corda perfetta per chi pratica arrampicata sportiva e vuole cimentarsi con una corda pi\u00f9 sottile ed evolvere come climber. Maneggevole e con un buon equilibrio tra peso e resistenza, la Montserrat 9.4 \u00e8 flessibile e facile da maneggiare. E' ideale per vie sportive lunghe.Il Montserrat \u00e8 una montagna rappresentativa della Catalogna, visitata ogni anno da turisti da tutto il mondo. Ha migliaia di pareti di arrampicata e vie sportive, che spesso superano i 50 metri di lunghezza. La Fixe Roca Montserrat 9.4 incarna alla perfezione questo spirito.","og_url":"https:\/\/www.sestogrado.it\/en\/prodotto\/fixe-roca-montserrat-9-4-corda-arrampicata\/","og_site_name":"Sestogrado","article_publisher":"https:\/\/www.facebook.com\/pages\/Sestogrado\/1542635979353017?ref=bookmarks","article_modified_time":"2026-03-31T14:51:43+00:00","og_image":[{"width":800,"height":800,"url":"https:\/\/www.sestogrado.it\/wp-content\/uploads\/2023\/07\/montserrat.jpg","type":"image\/jpeg"}],"twitter_misc":{"Availability":"In stock"},"schema":{"@context":"https:\/\/schema.org","@graph":[{"@type":"WebPage","@id":"https:\/\/www.sestogrado.it\/en\/prodotto\/fixe-roca-montserrat-9-4-corda-arrampicata\/","url":"https:\/\/www.sestogrado.it\/en\/prodotto\/fixe-roca-montserrat-9-4-corda-arrampicata\/","name":"Fixe Roca Montserrat 9.4 corda arrampicata - Sestogrado","isPartOf":{"@id":"https:\/\/www.sestogrado.it\/en\/#website"},"primaryImageOfPage":{"@id":"https:\/\/www.sestogrado.it\/en\/prodotto\/fixe-roca-montserrat-9-4-corda-arrampicata\/#primaryimage"},"image":{"@id":"https:\/\/www.sestogrado.it\/prodotto\/fixe-roca-montserrat-9-4-corda-arrampicata\/#primaryimage"},"thumbnailUrl":"https:\/\/www.sestogrado.it\/wp-content\/uploads\/2023\/07\/montserrat.jpg","datePublished":"2023-07-13T09:40:26+00:00","dateModified":"2026-03-31T14:51:43+00:00","description":"La Fixe Roca Montserrat 9.4 \u00e8 la corda perfetta per chi pratica arrampicata sportiva e vuole cimentarsi con una corda pi\u00f9 sottile ed evolvere come climber. Maneggevole e con un buon equilibrio tra peso e resistenza, la Montserrat 9.4 \u00e8 flessibile e facile da maneggiare. E' ideale per vie sportive lunghe.Il Montserrat \u00e8 una montagna rappresentativa della Catalogna, visitata ogni anno da turisti da tutto il mondo. Ha migliaia di pareti di arrampicata e vie sportive, che spesso superano i 50 metri di lunghezza. La Fixe Roca Montserrat 9.4 incarna alla perfezione questo spirito.","breadcrumb":{"@id":"https:\/\/www.sestogrado.it\/en\/prodotto\/fixe-roca-montserrat-9-4-corda-arrampicata\/#breadcrumb"},"inLanguage":"en-US","potentialAction":[{"@type":"ReadAction","target":[["https:\/\/www.sestogrado.it\/en\/prodotto\/fixe-roca-montserrat-9-4-corda-arrampicata\/"]]}]},{"@type":"ImageObject","inLanguage":"en-US","@id":"https:\/\/www.sestogrado.it\/en\/prodotto\/fixe-roca-montserrat-9-4-corda-arrampicata\/#primaryimage","url":"https:\/\/www.sestogrado.it\/wp-content\/uploads\/2023\/07\/montserrat.jpg","contentUrl":"https:\/\/www.sestogrado.it\/wp-content\/uploads\/2023\/07\/montserrat.jpg","width":800,"height":800,"caption":"montserrat"},{"@type":"BreadcrumbList","@id":"https:\/\/www.sestogrado.it\/en\/prodotto\/fixe-roca-montserrat-9-4-corda-arrampicata\/#breadcrumb","itemListElement":[{"@type":"ListItem","position":1,"name":"Home","item":"https:\/\/www.sestogrado.it\/en\/"},{"@type":"ListItem","position":2,"name":"Shop","item":"https:\/\/www.sestogrado.it\/en\/shop\/"},{"@type":"ListItem","position":3,"name":"Fixe Roca Montserrat 9.4 corda arrampicata"}]},{"@type":"WebSite","@id":"https:\/\/www.sestogrado.it\/en\/#website","url":"https:\/\/www.sestogrado.it\/en\/","name":"Sestogrado","description":"yes we climb","publisher":{"@id":"https:\/\/www.sestogrado.it\/en\/#organization"},"potentialAction":[{"@type":"SearchAction","target":{"@type":"EntryPoint","urlTemplate":"https:\/\/www.sestogrado.it\/en\/?s={search_term_string}"},"query-input":{"@type":"PropertyValueSpecification","valueRequired":true,"valueName":"search_term_string"}}],"inLanguage":"en-US"},{"@type":"Organization","@id":"https:\/\/www.sestogrado.it\/en\/#organization","name":"Sestogrado","url":"https:\/\/www.sestogrado.it\/en\/","logo":{"@type":"ImageObject","inLanguage":"en-US","@id":"https:\/\/www.sestogrado.it\/en\/#\/schema\/logo\/image\/","url":"https:\/\/www.sestogrado.it\/wp-content\/uploads\/2015\/03\/sestogrado-favicon.png","contentUrl":"https:\/\/www.sestogrado.it\/wp-content\/uploads\/2015\/03\/sestogrado-favicon.png","width":260,"height":260,"caption":"Sestogrado"},"image":{"@id":"https:\/\/www.sestogrado.it\/en\/#\/schema\/logo\/image\/"},"sameAs":["https:\/\/www.facebook.com\/pages\/Sestogrado\/1542635979353017?ref=bookmarks","https:\/\/www.youtube.com\/channel\/UC847kAfTkaJsWpc1jtQwr3Q"],"hasMerchantReturnPolicy":{"@type":"MerchantReturnPolicy","merchantReturnLink":"https:\/\/www.sestogrado.it\/en\/termini-e-condizioni\/"}}]},"product_brand":"Fixe","og_availability":"instock","product_availability":"instock","product_condition":"new"},"_links":{"self":[{"href":"https:\/\/www.sestogrado.it\/en\/wp-json\/wp\/v2\/product\/137035","targetHints":{"allow":["GET"]}}],"collection":[{"href":"https:\/\/www.sestogrado.it\/en\/wp-json\/wp\/v2\/product"}],"about":[{"href":"https:\/\/www.sestogrado.it\/en\/wp-json\/wp\/v2\/types\/product"}],"replies":[{"embeddable":true,"href":"https:\/\/www.sestogrado.it\/en\/wp-json\/wp\/v2\/comments?post=137035"}],"wp:featuredmedia":[{"embeddable":true,"href":"https:\/\/www.sestogrado.it\/en\/wp-json\/wp\/v2\/media\/141937"}],"wp:attachment":[{"href":"https:\/\/www.sestogrado.it\/en\/wp-json\/wp\/v2\/media?parent=137035"}],"wp:term":[{"taxonomy":"product_brand","embeddable":true,"href":"https:\/\/www.sestogrado.it\/en\/wp-json\/wp\/v2\/product_brand?post=137035"},{"taxonomy":"product_cat","embeddable":true,"href":"https:\/\/www.sestogrado.it\/en\/wp-json\/wp\/v2\/product_cat?post=137035"},{"taxonomy":"product_tag","embeddable":true,"href":"https:\/\/www.sestogrado.it\/en\/wp-json\/wp\/v2\/product_tag?post=137035"}],"curies":[{"name":"wp","href":"https:\/\/api.w.org\/{rel}","templated":true}]}}