{"id":135563,"date":"2023-06-22T15:21:14","date_gmt":"2023-06-22T13:21:14","guid":{"rendered":"https:\/\/www.sestogrado.it\/?post_type=product&#038;p=135563"},"modified":"2026-03-25T08:53:57","modified_gmt":"2026-03-25T07:53:57","slug":"blue-ice-stache-90-l-zaino-per-spedizioni-alpinistiche","status":"publish","type":"product","link":"https:\/\/www.sestogrado.it\/en\/prodotto\/blue-ice-stache-90-l-zaino-per-spedizioni-alpinistiche\/","title":{"rendered":"Blue Ice Stache 90 L zaino per spedizioni alpinistiche"},"content":{"rendered":"<p>Il Blue Ice Stache 90 \u00e8 uno zaino da spedizione per l&#8217;arrampicata alpina di grandi dimensioni dedicato agli alpinisti impegnati che cercano un risparmio di peso estremo, prestazioni e versatilit\u00e0 per realizzare progetti ambiziosi negli ambienti pi\u00f9 impegnativi del pianeta. Oltre ad essere molto leggero e sostenere carichi pesanti pur essendo comodo da trasportare, pu\u00f2 anche essere smontato per essere utilizzato durante la salita. Un vero top di gamma per tutti coloro che cercano la massima versatilit\u00e0 e minimalismo.<\/p>\n<p>Lo zaino pu\u00f2 essere adattato al carico e ai requisiti di volume durante una spedizione. La vestibilit\u00e0 ottimizzata e la struttura gestiscono molto bene carichi pesanti, pur rimanendo comodi durante l&#8217;arrampicata. Il peso pu\u00f2 essere ridotto di circa 200 g. I materiali utilizzati garantiscono un incredibile rapporto peso\/resistenza e sono ultraresistenti ai raggi UV, molto presenti in alta quota. Il Blue Ice Stache 90 L \u00e8 stato utilizzato e testato in ambienti ad alta quota da molti dei nostri atleti e partner. Il loro feedback \u00e8 stato utilizzato per trovare il perfetto equilibrio tra leggerezza e versatilit\u00e0.<\/p>\n<p>\u2022 Materiale: tessuto ripstop Robic Nylon 210D corpo principale &#8211; privo di PFC, materiale approvato Bluesign e rivestimento frontale permanente privo di fluorocarburi contro gli agenti atmosferici<br \/>\n\u2022 Spallacci a basso profilo ma altamente strutturati<br \/>\n\u2022 Le fettucce di compressione a tessitura continua offrono un&#8217;ottima stabilizzazione del carico e una maggiore sicurezza.<br \/>\n\u2022 La tasca interna pu\u00f2 essere utilizzata per una sacca idrica, una bombola di O2 o per la gestione del carico.<br \/>\n\u2022 Coperchio rimovibile, funge anche da custodia essenziale per il campo base.<br \/>\n\u2022 Tasca porta accessori interna con zip.<br \/>\n\u2022 Portasci A-Frame.<br \/>\n\u2022 Dettagli riflettenti.<br \/>\n\u2022 Telaio in acciaio armonico rimovibile.<br \/>\n\u2022 Sovrastampa in silicone per aiutare la cintura in vita a rimanere in posizione su tute ingombranti, scivolose, ecc<br \/>\n\u2022 Compatibile con portacasco<br \/>\n\u2022 Compatibile con l&#8217;idratazione<\/p>\n<p>\u2022 Schienale in taglia unica<\/p>\n<ul>\n<li>Peso: 920 g\/ 700 g di peso in vetta (telaio in acciaio, lamiera e coperchio devono essere rimossi per raggiungere il peso minimo)<\/li>\n<li>Dimensioni: 90x40x40 cm<\/li>\n<li>Volume: 90L<\/li>\n<\/ul>\n<p>&nbsp;<\/p>\n<p><iframe src=\"\/\/www.youtube.com\/embed\/xR9UQ3sfpEE\" width=\"560\" height=\"314\" allowfullscreen=\"allowfullscreen\"><\/iframe><\/p>\n<p>&nbsp;<\/p>\n<p>Blue Ice \u00e8 un\u2019azienda con sede a Chamonix che produce solo articoli da alpinismo di alta qualit\u00e0. Gli zaini Blue Ice sono dedicati ad un alpinismo tecnico e di alto livello. Inizialmente era semplicemente una questione di vivere la nostra passione al massimo: arrampicare, sciare, esplorare o semplicemente entrare in contatto con noi stessi e le montagne \u2026 prima di estendere questo progetto a tutti gli amanti delle vette l\u00e0 fuori.<\/p>\n","protected":false},"excerpt":{"rendered":"<p>Il Blue Ice Stache 90 \u00e8 uno zaino da spedizione per l&#8217;arrampicata alpina di grandi dimensioni dedicato agli alpinisti impegnati [&hellip;]<\/p>\n","protected":false},"featured_media":135566,"comment_status":"open","ping_status":"closed","template":"","meta":{"_acf_changed":false},"product_brand":[641],"product_cat":[389,1432],"product_tag":[],"class_list":{"0":"post-135563","1":"product","2":"type-product","3":"status-publish","4":"has-post-thumbnail","6":"product_brand-blue-ice","7":"product_cat-zaini-alpinismo","8":"product_cat-escursionismo","10":"first","11":"instock","12":"sale","13":"taxable","14":"shipping-taxable","15":"purchasable","16":"product-type-simple"},"acf":[],"yoast_head":"<!-- This site is optimized with the Yoast SEO plugin v26.4 - https:\/\/yoast.com\/wordpress\/plugins\/seo\/ -->\n<title>Blue Ice Stache 90 L zaino per spedizioni alpinistiche - Sestogrado<\/title>\n<meta name=\"description\" content=\"Il Blue Ice Stache 90 \u00e8 uno zaino da spedizione per l&#039;arrampicata alpina di grandi dimensioni dedicato agli alpinisti impegnati che cercano un risparmio di peso estremo, prestazioni e versatilit\u00e0 per realizzare progetti ambiziosi negli ambienti pi\u00f9 impegnativi del pianeta. Oltre ad essere molto leggero e sostenere carichi pesanti pur essendo comodo da trasportare, pu\u00f2 anche essere smontato per essere utilizzato durante la salita. Un vero top di gamma per tutti coloro che cercano la massima versatilit\u00e0 e minimalismo.Lo zaino pu\u00f2 essere adattato al carico e ai requisiti di volume durante una spedizione. La vestibilit\u00e0 ottimizzata e la struttura gestiscono molto bene carichi pesanti, pur rimanendo comodi durante l&#039;arrampicata. Il peso pu\u00f2 essere ridotto di circa 200 g. I materiali utilizzati garantiscono un incredibile rapporto peso\/resistenza e sono ultraresistenti ai raggi UV, molto presenti in alta quota. Il Blue Ice Stache 90 L \u00e8 stato utilizzato e testato in ambienti ad alta quota da molti dei nostri atleti e partner. Il loro feedback \u00e8 stato utilizzato per trovare il perfetto equilibrio tra leggerezza e versatilit\u00e0.\" \/>\n<meta name=\"robots\" content=\"index, follow, max-snippet:-1, max-image-preview:large, max-video-preview:-1\" \/>\n<link rel=\"canonical\" href=\"https:\/\/www.sestogrado.it\/en\/prodotto\/blue-ice-stache-90-l-zaino-per-spedizioni-alpinistiche\/\" \/>\n<meta property=\"og:locale\" content=\"en_US\" \/>\n<meta property=\"og:type\" content=\"article\" \/>\n<meta property=\"og:title\" content=\"Blue Ice Stache 90 L zaino per spedizioni alpinistiche - Sestogrado\" \/>\n<meta property=\"og:description\" content=\"Il Blue Ice Stache 90 \u00e8 uno zaino da spedizione per l&#039;arrampicata alpina di grandi dimensioni dedicato agli alpinisti impegnati che cercano un risparmio di peso estremo, prestazioni e versatilit\u00e0 per realizzare progetti ambiziosi negli ambienti pi\u00f9 impegnativi del pianeta. Oltre ad essere molto leggero e sostenere carichi pesanti pur essendo comodo da trasportare, pu\u00f2 anche essere smontato per essere utilizzato durante la salita. Un vero top di gamma per tutti coloro che cercano la massima versatilit\u00e0 e minimalismo.Lo zaino pu\u00f2 essere adattato al carico e ai requisiti di volume durante una spedizione. La vestibilit\u00e0 ottimizzata e la struttura gestiscono molto bene carichi pesanti, pur rimanendo comodi durante l&#039;arrampicata. Il peso pu\u00f2 essere ridotto di circa 200 g. I materiali utilizzati garantiscono un incredibile rapporto peso\/resistenza e sono ultraresistenti ai raggi UV, molto presenti in alta quota. Il Blue Ice Stache 90 L \u00e8 stato utilizzato e testato in ambienti ad alta quota da molti dei nostri atleti e partner. Il loro feedback \u00e8 stato utilizzato per trovare il perfetto equilibrio tra leggerezza e versatilit\u00e0.\" \/>\n<meta property=\"og:url\" content=\"https:\/\/www.sestogrado.it\/en\/prodotto\/blue-ice-stache-90-l-zaino-per-spedizioni-alpinistiche\/\" \/>\n<meta property=\"og:site_name\" content=\"Sestogrado\" \/>\n<meta property=\"article:publisher\" content=\"https:\/\/www.facebook.com\/pages\/Sestogrado\/1542635979353017?ref=bookmarks\" \/>\n<meta property=\"article:modified_time\" content=\"2026-03-25T07:53:57+00:00\" \/>\n<meta property=\"og:image\" content=\"https:\/\/www.sestogrado.it\/wp-content\/uploads\/2023\/06\/Stack90-1front-web.jpg\" \/>\n\t<meta property=\"og:image:width\" content=\"1600\" \/>\n\t<meta property=\"og:image:height\" content=\"1600\" \/>\n\t<meta property=\"og:image:type\" content=\"image\/jpeg\" \/>\n<meta name=\"twitter:label1\" content=\"Price\" \/>\n\t<meta name=\"twitter:data1\" content=\"&euro;&nbsp;239,00\" \/>\n\t<meta name=\"twitter:label2\" content=\"Availability\" \/>\n\t<meta name=\"twitter:data2\" content=\"In stock\" \/>\n<script type=\"application\/ld+json\" class=\"yoast-schema-graph\">{\"@context\":\"https:\/\/schema.org\",\"@graph\":[{\"@type\":\"WebPage\",\"@id\":\"https:\/\/www.sestogrado.it\/en\/prodotto\/blue-ice-stache-90-l-zaino-per-spedizioni-alpinistiche\/\",\"url\":\"https:\/\/www.sestogrado.it\/en\/prodotto\/blue-ice-stache-90-l-zaino-per-spedizioni-alpinistiche\/\",\"name\":\"Blue Ice Stache 90 L zaino per spedizioni alpinistiche - Sestogrado\",\"isPartOf\":{\"@id\":\"https:\/\/www.sestogrado.it\/en\/#website\"},\"primaryImageOfPage\":{\"@id\":\"https:\/\/www.sestogrado.it\/en\/prodotto\/blue-ice-stache-90-l-zaino-per-spedizioni-alpinistiche\/#primaryimage\"},\"image\":{\"@id\":\"https:\/\/www.sestogrado.it\/prodotto\/blue-ice-stache-90-l-zaino-per-spedizioni-alpinistiche\/#primaryimage\"},\"thumbnailUrl\":\"https:\/\/www.sestogrado.it\/wp-content\/uploads\/2023\/06\/Stack90-1front-web.jpg\",\"datePublished\":\"2023-06-22T13:21:14+00:00\",\"dateModified\":\"2026-03-25T07:53:57+00:00\",\"description\":\"Il Blue Ice Stache 90 \u00e8 uno zaino da spedizione per l'arrampicata alpina di grandi dimensioni dedicato agli alpinisti impegnati che cercano un risparmio di peso estremo, prestazioni e versatilit\u00e0 per realizzare progetti ambiziosi negli ambienti pi\u00f9 impegnativi del pianeta. Oltre ad essere molto leggero e sostenere carichi pesanti pur essendo comodo da trasportare, pu\u00f2 anche essere smontato per essere utilizzato durante la salita. Un vero top di gamma per tutti coloro che cercano la massima versatilit\u00e0 e minimalismo.Lo zaino pu\u00f2 essere adattato al carico e ai requisiti di volume durante una spedizione. La vestibilit\u00e0 ottimizzata e la struttura gestiscono molto bene carichi pesanti, pur rimanendo comodi durante l'arrampicata. Il peso pu\u00f2 essere ridotto di circa 200 g. I materiali utilizzati garantiscono un incredibile rapporto peso\/resistenza e sono ultraresistenti ai raggi UV, molto presenti in alta quota. Il Blue Ice Stache 90 L \u00e8 stato utilizzato e testato in ambienti ad alta quota da molti dei nostri atleti e partner. Il loro feedback \u00e8 stato utilizzato per trovare il perfetto equilibrio tra leggerezza e versatilit\u00e0.\",\"breadcrumb\":{\"@id\":\"https:\/\/www.sestogrado.it\/en\/prodotto\/blue-ice-stache-90-l-zaino-per-spedizioni-alpinistiche\/#breadcrumb\"},\"inLanguage\":\"en-US\",\"potentialAction\":[{\"@type\":\"ReadAction\",\"target\":[[\"https:\/\/www.sestogrado.it\/en\/prodotto\/blue-ice-stache-90-l-zaino-per-spedizioni-alpinistiche\/\"]]}]},{\"@type\":\"ImageObject\",\"inLanguage\":\"en-US\",\"@id\":\"https:\/\/www.sestogrado.it\/en\/prodotto\/blue-ice-stache-90-l-zaino-per-spedizioni-alpinistiche\/#primaryimage\",\"url\":\"https:\/\/www.sestogrado.it\/wp-content\/uploads\/2023\/06\/Stack90-1front-web.jpg\",\"contentUrl\":\"https:\/\/www.sestogrado.it\/wp-content\/uploads\/2023\/06\/Stack90-1front-web.jpg\",\"width\":1600,\"height\":1600,\"caption\":\"blue ice stache 90\"},{\"@type\":\"BreadcrumbList\",\"@id\":\"https:\/\/www.sestogrado.it\/en\/prodotto\/blue-ice-stache-90-l-zaino-per-spedizioni-alpinistiche\/#breadcrumb\",\"itemListElement\":[{\"@type\":\"ListItem\",\"position\":1,\"name\":\"Home\",\"item\":\"https:\/\/www.sestogrado.it\/en\/\"},{\"@type\":\"ListItem\",\"position\":2,\"name\":\"Shop\",\"item\":\"https:\/\/www.sestogrado.it\/en\/shop\/\"},{\"@type\":\"ListItem\",\"position\":3,\"name\":\"Blue Ice Stache 90 L zaino per spedizioni alpinistiche\"}]},{\"@type\":\"WebSite\",\"@id\":\"https:\/\/www.sestogrado.it\/en\/#website\",\"url\":\"https:\/\/www.sestogrado.it\/en\/\",\"name\":\"Sestogrado\",\"description\":\"yes we climb\",\"publisher\":{\"@id\":\"https:\/\/www.sestogrado.it\/en\/#organization\"},\"potentialAction\":[{\"@type\":\"SearchAction\",\"target\":{\"@type\":\"EntryPoint\",\"urlTemplate\":\"https:\/\/www.sestogrado.it\/en\/?s={search_term_string}\"},\"query-input\":{\"@type\":\"PropertyValueSpecification\",\"valueRequired\":true,\"valueName\":\"search_term_string\"}}],\"inLanguage\":\"en-US\"},{\"@type\":\"Organization\",\"@id\":\"https:\/\/www.sestogrado.it\/en\/#organization\",\"name\":\"Sestogrado\",\"url\":\"https:\/\/www.sestogrado.it\/en\/\",\"logo\":{\"@type\":\"ImageObject\",\"inLanguage\":\"en-US\",\"@id\":\"https:\/\/www.sestogrado.it\/en\/#\/schema\/logo\/image\/\",\"url\":\"https:\/\/www.sestogrado.it\/wp-content\/uploads\/2015\/03\/sestogrado-favicon.png\",\"contentUrl\":\"https:\/\/www.sestogrado.it\/wp-content\/uploads\/2015\/03\/sestogrado-favicon.png\",\"width\":260,\"height\":260,\"caption\":\"Sestogrado\"},\"image\":{\"@id\":\"https:\/\/www.sestogrado.it\/en\/#\/schema\/logo\/image\/\"},\"sameAs\":[\"https:\/\/www.facebook.com\/pages\/Sestogrado\/1542635979353017?ref=bookmarks\",\"https:\/\/www.youtube.com\/channel\/UC847kAfTkaJsWpc1jtQwr3Q\"],\"hasMerchantReturnPolicy\":{\"@type\":\"MerchantReturnPolicy\",\"merchantReturnLink\":\"https:\/\/www.sestogrado.it\/en\/termini-e-condizioni\/\"}}]}<\/script>\n<meta property=\"product:brand\" content=\"Blue Ice\" \/>\n<meta property=\"product:price:amount\" content=\"239.00\" \/>\n<meta property=\"product:price:currency\" content=\"EUR\" \/>\n<meta property=\"og:availability\" content=\"instock\" \/>\n<meta property=\"product:availability\" content=\"instock\" \/>\n<meta property=\"product:condition\" content=\"new\" \/>\n<!-- \/ Yoast SEO plugin. -->","yoast_head_json":{"title":"Blue Ice Stache 90 L zaino per spedizioni alpinistiche - Sestogrado","description":"Il Blue Ice Stache 90 \u00e8 uno zaino da spedizione per l'arrampicata alpina di grandi dimensioni dedicato agli alpinisti impegnati che cercano un risparmio di peso estremo, prestazioni e versatilit\u00e0 per realizzare progetti ambiziosi negli ambienti pi\u00f9 impegnativi del pianeta. Oltre ad essere molto leggero e sostenere carichi pesanti pur essendo comodo da trasportare, pu\u00f2 anche essere smontato per essere utilizzato durante la salita. Un vero top di gamma per tutti coloro che cercano la massima versatilit\u00e0 e minimalismo.Lo zaino pu\u00f2 essere adattato al carico e ai requisiti di volume durante una spedizione. La vestibilit\u00e0 ottimizzata e la struttura gestiscono molto bene carichi pesanti, pur rimanendo comodi durante l'arrampicata. Il peso pu\u00f2 essere ridotto di circa 200 g. I materiali utilizzati garantiscono un incredibile rapporto peso\/resistenza e sono ultraresistenti ai raggi UV, molto presenti in alta quota. Il Blue Ice Stache 90 L \u00e8 stato utilizzato e testato in ambienti ad alta quota da molti dei nostri atleti e partner. Il loro feedback \u00e8 stato utilizzato per trovare il perfetto equilibrio tra leggerezza e versatilit\u00e0.","robots":{"index":"index","follow":"follow","max-snippet":"max-snippet:-1","max-image-preview":"max-image-preview:large","max-video-preview":"max-video-preview:-1"},"canonical":"https:\/\/www.sestogrado.it\/en\/prodotto\/blue-ice-stache-90-l-zaino-per-spedizioni-alpinistiche\/","og_locale":"en_US","og_type":"article","og_title":"Blue Ice Stache 90 L zaino per spedizioni alpinistiche - Sestogrado","og_description":"Il Blue Ice Stache 90 \u00e8 uno zaino da spedizione per l'arrampicata alpina di grandi dimensioni dedicato agli alpinisti impegnati che cercano un risparmio di peso estremo, prestazioni e versatilit\u00e0 per realizzare progetti ambiziosi negli ambienti pi\u00f9 impegnativi del pianeta. Oltre ad essere molto leggero e sostenere carichi pesanti pur essendo comodo da trasportare, pu\u00f2 anche essere smontato per essere utilizzato durante la salita. Un vero top di gamma per tutti coloro che cercano la massima versatilit\u00e0 e minimalismo.Lo zaino pu\u00f2 essere adattato al carico e ai requisiti di volume durante una spedizione. La vestibilit\u00e0 ottimizzata e la struttura gestiscono molto bene carichi pesanti, pur rimanendo comodi durante l'arrampicata. Il peso pu\u00f2 essere ridotto di circa 200 g. I materiali utilizzati garantiscono un incredibile rapporto peso\/resistenza e sono ultraresistenti ai raggi UV, molto presenti in alta quota. Il Blue Ice Stache 90 L \u00e8 stato utilizzato e testato in ambienti ad alta quota da molti dei nostri atleti e partner. Il loro feedback \u00e8 stato utilizzato per trovare il perfetto equilibrio tra leggerezza e versatilit\u00e0.","og_url":"https:\/\/www.sestogrado.it\/en\/prodotto\/blue-ice-stache-90-l-zaino-per-spedizioni-alpinistiche\/","og_site_name":"Sestogrado","article_publisher":"https:\/\/www.facebook.com\/pages\/Sestogrado\/1542635979353017?ref=bookmarks","article_modified_time":"2026-03-25T07:53:57+00:00","og_image":[{"width":1600,"height":1600,"url":"https:\/\/www.sestogrado.it\/wp-content\/uploads\/2023\/06\/Stack90-1front-web.jpg","type":"image\/jpeg"}],"twitter_misc":{"Price":"&euro;&nbsp;239,00","Availability":"In stock"},"schema":{"@context":"https:\/\/schema.org","@graph":[{"@type":"WebPage","@id":"https:\/\/www.sestogrado.it\/en\/prodotto\/blue-ice-stache-90-l-zaino-per-spedizioni-alpinistiche\/","url":"https:\/\/www.sestogrado.it\/en\/prodotto\/blue-ice-stache-90-l-zaino-per-spedizioni-alpinistiche\/","name":"Blue Ice Stache 90 L zaino per spedizioni alpinistiche - Sestogrado","isPartOf":{"@id":"https:\/\/www.sestogrado.it\/en\/#website"},"primaryImageOfPage":{"@id":"https:\/\/www.sestogrado.it\/en\/prodotto\/blue-ice-stache-90-l-zaino-per-spedizioni-alpinistiche\/#primaryimage"},"image":{"@id":"https:\/\/www.sestogrado.it\/prodotto\/blue-ice-stache-90-l-zaino-per-spedizioni-alpinistiche\/#primaryimage"},"thumbnailUrl":"https:\/\/www.sestogrado.it\/wp-content\/uploads\/2023\/06\/Stack90-1front-web.jpg","datePublished":"2023-06-22T13:21:14+00:00","dateModified":"2026-03-25T07:53:57+00:00","description":"Il Blue Ice Stache 90 \u00e8 uno zaino da spedizione per l'arrampicata alpina di grandi dimensioni dedicato agli alpinisti impegnati che cercano un risparmio di peso estremo, prestazioni e versatilit\u00e0 per realizzare progetti ambiziosi negli ambienti pi\u00f9 impegnativi del pianeta. Oltre ad essere molto leggero e sostenere carichi pesanti pur essendo comodo da trasportare, pu\u00f2 anche essere smontato per essere utilizzato durante la salita. Un vero top di gamma per tutti coloro che cercano la massima versatilit\u00e0 e minimalismo.Lo zaino pu\u00f2 essere adattato al carico e ai requisiti di volume durante una spedizione. La vestibilit\u00e0 ottimizzata e la struttura gestiscono molto bene carichi pesanti, pur rimanendo comodi durante l'arrampicata. Il peso pu\u00f2 essere ridotto di circa 200 g. I materiali utilizzati garantiscono un incredibile rapporto peso\/resistenza e sono ultraresistenti ai raggi UV, molto presenti in alta quota. Il Blue Ice Stache 90 L \u00e8 stato utilizzato e testato in ambienti ad alta quota da molti dei nostri atleti e partner. Il loro feedback \u00e8 stato utilizzato per trovare il perfetto equilibrio tra leggerezza e versatilit\u00e0.","breadcrumb":{"@id":"https:\/\/www.sestogrado.it\/en\/prodotto\/blue-ice-stache-90-l-zaino-per-spedizioni-alpinistiche\/#breadcrumb"},"inLanguage":"en-US","potentialAction":[{"@type":"ReadAction","target":[["https:\/\/www.sestogrado.it\/en\/prodotto\/blue-ice-stache-90-l-zaino-per-spedizioni-alpinistiche\/"]]}]},{"@type":"ImageObject","inLanguage":"en-US","@id":"https:\/\/www.sestogrado.it\/en\/prodotto\/blue-ice-stache-90-l-zaino-per-spedizioni-alpinistiche\/#primaryimage","url":"https:\/\/www.sestogrado.it\/wp-content\/uploads\/2023\/06\/Stack90-1front-web.jpg","contentUrl":"https:\/\/www.sestogrado.it\/wp-content\/uploads\/2023\/06\/Stack90-1front-web.jpg","width":1600,"height":1600,"caption":"blue ice stache 90"},{"@type":"BreadcrumbList","@id":"https:\/\/www.sestogrado.it\/en\/prodotto\/blue-ice-stache-90-l-zaino-per-spedizioni-alpinistiche\/#breadcrumb","itemListElement":[{"@type":"ListItem","position":1,"name":"Home","item":"https:\/\/www.sestogrado.it\/en\/"},{"@type":"ListItem","position":2,"name":"Shop","item":"https:\/\/www.sestogrado.it\/en\/shop\/"},{"@type":"ListItem","position":3,"name":"Blue Ice Stache 90 L zaino per spedizioni alpinistiche"}]},{"@type":"WebSite","@id":"https:\/\/www.sestogrado.it\/en\/#website","url":"https:\/\/www.sestogrado.it\/en\/","name":"Sestogrado","description":"yes we climb","publisher":{"@id":"https:\/\/www.sestogrado.it\/en\/#organization"},"potentialAction":[{"@type":"SearchAction","target":{"@type":"EntryPoint","urlTemplate":"https:\/\/www.sestogrado.it\/en\/?s={search_term_string}"},"query-input":{"@type":"PropertyValueSpecification","valueRequired":true,"valueName":"search_term_string"}}],"inLanguage":"en-US"},{"@type":"Organization","@id":"https:\/\/www.sestogrado.it\/en\/#organization","name":"Sestogrado","url":"https:\/\/www.sestogrado.it\/en\/","logo":{"@type":"ImageObject","inLanguage":"en-US","@id":"https:\/\/www.sestogrado.it\/en\/#\/schema\/logo\/image\/","url":"https:\/\/www.sestogrado.it\/wp-content\/uploads\/2015\/03\/sestogrado-favicon.png","contentUrl":"https:\/\/www.sestogrado.it\/wp-content\/uploads\/2015\/03\/sestogrado-favicon.png","width":260,"height":260,"caption":"Sestogrado"},"image":{"@id":"https:\/\/www.sestogrado.it\/en\/#\/schema\/logo\/image\/"},"sameAs":["https:\/\/www.facebook.com\/pages\/Sestogrado\/1542635979353017?ref=bookmarks","https:\/\/www.youtube.com\/channel\/UC847kAfTkaJsWpc1jtQwr3Q"],"hasMerchantReturnPolicy":{"@type":"MerchantReturnPolicy","merchantReturnLink":"https:\/\/www.sestogrado.it\/en\/termini-e-condizioni\/"}}]},"product_brand":"Blue Ice","product_price_amount":"239.00","product_price_currency":"EUR","og_availability":"instock","product_availability":"instock","product_condition":"new"},"_links":{"self":[{"href":"https:\/\/www.sestogrado.it\/en\/wp-json\/wp\/v2\/product\/135563","targetHints":{"allow":["GET"]}}],"collection":[{"href":"https:\/\/www.sestogrado.it\/en\/wp-json\/wp\/v2\/product"}],"about":[{"href":"https:\/\/www.sestogrado.it\/en\/wp-json\/wp\/v2\/types\/product"}],"replies":[{"embeddable":true,"href":"https:\/\/www.sestogrado.it\/en\/wp-json\/wp\/v2\/comments?post=135563"}],"wp:featuredmedia":[{"embeddable":true,"href":"https:\/\/www.sestogrado.it\/en\/wp-json\/wp\/v2\/media\/135566"}],"wp:attachment":[{"href":"https:\/\/www.sestogrado.it\/en\/wp-json\/wp\/v2\/media?parent=135563"}],"wp:term":[{"taxonomy":"product_brand","embeddable":true,"href":"https:\/\/www.sestogrado.it\/en\/wp-json\/wp\/v2\/product_brand?post=135563"},{"taxonomy":"product_cat","embeddable":true,"href":"https:\/\/www.sestogrado.it\/en\/wp-json\/wp\/v2\/product_cat?post=135563"},{"taxonomy":"product_tag","embeddable":true,"href":"https:\/\/www.sestogrado.it\/en\/wp-json\/wp\/v2\/product_tag?post=135563"}],"curies":[{"name":"wp","href":"https:\/\/api.w.org\/{rel}","templated":true}]}}