{"id":134748,"date":"2023-06-16T14:06:27","date_gmt":"2023-06-16T12:06:27","guid":{"rendered":"https:\/\/www.sestogrado.it\/?post_type=product&#038;p=134748"},"modified":"2026-04-19T17:17:23","modified_gmt":"2026-04-19T15:17:23","slug":"camp-axion-light-fingerless-guanti-da-ferrata-e-manovre","status":"publish","type":"product","link":"https:\/\/www.sestogrado.it\/en\/prodotto\/camp-axion-light-fingerless-guanti-da-ferrata-e-manovre\/","title":{"rendered":"Camp Axion Light Fingerless guanti da ferrata e manovre"},"content":{"rendered":"<p class=\"qtranxs-available-languages-message qtranxs-available-languages-message-en\">Sorry, this entry is only available in <a href=\"https:\/\/www.sestogrado.it\/it\/wp-json\/wp\/v2\/product\/134748\" class=\"qtranxs-available-language-link qtranxs-available-language-link-it\" title=\"Italiano\">Italiano<\/a>.<\/p>","protected":false},"excerpt":{"rendered":"<p>Sorry, this entry is only available in Italiano.<\/p>\n","protected":false},"featured_media":134757,"comment_status":"open","ping_status":"closed","template":"","meta":{"_acf_changed":false},"product_brand":[31],"product_cat":[1430,141,180],"product_tag":[],"class_list":{"0":"post-134748","1":"product","2":"type-product","3":"status-publish","4":"has-post-thumbnail","6":"product_brand-camp","7":"product_cat-manovre","8":"product_cat-accessori-accessori","9":"product_cat-accessori-via-ferrata","11":"first","12":"instock","13":"sale","14":"taxable","15":"shipping-taxable","16":"purchasable","17":"product-type-variable"},"acf":[],"yoast_head":"<!-- This site is optimized with the Yoast SEO plugin v26.4 - https:\/\/yoast.com\/wordpress\/plugins\/seo\/ -->\n<title>Camp Axion Light Fingerless guanti da ferrata e manovre - Sestogrado<\/title>\n<meta name=\"description\" content=\"Il Camp Axion Light Fingerless \u00e8 un guanto senza dita in tessuto traspirante sul dorso e pelle naturale sul palmo. E&#039; cos\u00ec un guanto polivalente, ideale per ferrate o manovre di corda che richiedono precisione.Il particolare design e la costruzione differenziata in pelle naturale di prima qualit\u00e0 (palmo) e in tessuto leggero e traspirante (dorso) garantiscono robustezza, massima libert\u00e0 di movimento e sensibilit\u00e0.Palmo in pelle di prima qualit\u00e0Dorso in tessuto leggero e traspirantePolso elasticizzato con chiusura con velcroEstremamente confortevole, garantisce mobilit\u00e0 e sensibilit\u00e0disponibile in 5 taglie XS -\u00a0 S - M - L - XL\" \/>\n<meta name=\"robots\" content=\"index, follow, max-snippet:-1, max-image-preview:large, max-video-preview:-1\" \/>\n<link rel=\"canonical\" href=\"https:\/\/www.sestogrado.it\/en\/prodotto\/camp-axion-light-fingerless-guanti-da-ferrata-e-manovre\/\" \/>\n<meta property=\"og:locale\" content=\"en_US\" \/>\n<meta property=\"og:type\" content=\"article\" \/>\n<meta property=\"og:title\" content=\"Camp Axion Light Fingerless guanti da ferrata e manovre - Sestogrado\" \/>\n<meta property=\"og:description\" content=\"Il Camp Axion Light Fingerless \u00e8 un guanto senza dita in tessuto traspirante sul dorso e pelle naturale sul palmo. E&#039; cos\u00ec un guanto polivalente, ideale per ferrate o manovre di corda che richiedono precisione.Il particolare design e la costruzione differenziata in pelle naturale di prima qualit\u00e0 (palmo) e in tessuto leggero e traspirante (dorso) garantiscono robustezza, massima libert\u00e0 di movimento e sensibilit\u00e0.Palmo in pelle di prima qualit\u00e0Dorso in tessuto leggero e traspirantePolso elasticizzato con chiusura con velcroEstremamente confortevole, garantisce mobilit\u00e0 e sensibilit\u00e0disponibile in 5 taglie XS -\u00a0 S - M - L - XL\" \/>\n<meta property=\"og:url\" content=\"https:\/\/www.sestogrado.it\/en\/prodotto\/camp-axion-light-fingerless-guanti-da-ferrata-e-manovre\/\" \/>\n<meta property=\"og:site_name\" content=\"Sestogrado\" \/>\n<meta property=\"article:publisher\" content=\"https:\/\/www.facebook.com\/pages\/Sestogrado\/1542635979353017?ref=bookmarks\" \/>\n<meta property=\"article:modified_time\" content=\"2026-04-19T15:17:23+00:00\" \/>\n<meta property=\"og:image\" content=\"https:\/\/www.sestogrado.it\/wp-content\/uploads\/2023\/06\/01-5.jpg\" \/>\n\t<meta property=\"og:image:width\" content=\"1200\" \/>\n\t<meta property=\"og:image:height\" content=\"1200\" \/>\n\t<meta property=\"og:image:type\" content=\"image\/jpeg\" \/>\n<meta name=\"twitter:label1\" content=\"Availability\" \/>\n\t<meta name=\"twitter:data1\" content=\"In stock\" \/>\n<script type=\"application\/ld+json\" class=\"yoast-schema-graph\">{\"@context\":\"https:\/\/schema.org\",\"@graph\":[{\"@type\":\"WebPage\",\"@id\":\"https:\/\/www.sestogrado.it\/en\/prodotto\/camp-axion-light-fingerless-guanti-da-ferrata-e-manovre\/\",\"url\":\"https:\/\/www.sestogrado.it\/en\/prodotto\/camp-axion-light-fingerless-guanti-da-ferrata-e-manovre\/\",\"name\":\"Camp Axion Light Fingerless guanti da ferrata e manovre - Sestogrado\",\"isPartOf\":{\"@id\":\"https:\/\/www.sestogrado.it\/en\/#website\"},\"primaryImageOfPage\":{\"@id\":\"https:\/\/www.sestogrado.it\/en\/prodotto\/camp-axion-light-fingerless-guanti-da-ferrata-e-manovre\/#primaryimage\"},\"image\":{\"@id\":\"https:\/\/www.sestogrado.it\/prodotto\/camp-axion-light-fingerless-guanti-da-ferrata-e-manovre\/#primaryimage\"},\"thumbnailUrl\":\"https:\/\/www.sestogrado.it\/wp-content\/uploads\/2023\/06\/01-5.jpg\",\"datePublished\":\"2023-06-16T12:06:27+00:00\",\"dateModified\":\"2026-04-19T15:17:23+00:00\",\"description\":\"Il Camp Axion Light Fingerless \u00e8 un guanto senza dita in tessuto traspirante sul dorso e pelle naturale sul palmo. E' cos\u00ec un guanto polivalente, ideale per ferrate o manovre di corda che richiedono precisione.Il particolare design e la costruzione differenziata in pelle naturale di prima qualit\u00e0 (palmo) e in tessuto leggero e traspirante (dorso) garantiscono robustezza, massima libert\u00e0 di movimento e sensibilit\u00e0.Palmo in pelle di prima qualit\u00e0Dorso in tessuto leggero e traspirantePolso elasticizzato con chiusura con velcroEstremamente confortevole, garantisce mobilit\u00e0 e sensibilit\u00e0disponibile in 5 taglie XS -\u00a0 S - M - L - XL\",\"breadcrumb\":{\"@id\":\"https:\/\/www.sestogrado.it\/en\/prodotto\/camp-axion-light-fingerless-guanti-da-ferrata-e-manovre\/#breadcrumb\"},\"inLanguage\":\"en-US\",\"potentialAction\":[{\"@type\":\"ReadAction\",\"target\":[[\"https:\/\/www.sestogrado.it\/en\/prodotto\/camp-axion-light-fingerless-guanti-da-ferrata-e-manovre\/\"]]}]},{\"@type\":\"ImageObject\",\"inLanguage\":\"en-US\",\"@id\":\"https:\/\/www.sestogrado.it\/en\/prodotto\/camp-axion-light-fingerless-guanti-da-ferrata-e-manovre\/#primaryimage\",\"url\":\"https:\/\/www.sestogrado.it\/wp-content\/uploads\/2023\/06\/01-5.jpg\",\"contentUrl\":\"https:\/\/www.sestogrado.it\/wp-content\/uploads\/2023\/06\/01-5.jpg\",\"width\":1200,\"height\":1200,\"caption\":\"camp axion\"},{\"@type\":\"BreadcrumbList\",\"@id\":\"https:\/\/www.sestogrado.it\/en\/prodotto\/camp-axion-light-fingerless-guanti-da-ferrata-e-manovre\/#breadcrumb\",\"itemListElement\":[{\"@type\":\"ListItem\",\"position\":1,\"name\":\"Home\",\"item\":\"https:\/\/www.sestogrado.it\/en\/\"},{\"@type\":\"ListItem\",\"position\":2,\"name\":\"Shop\",\"item\":\"https:\/\/www.sestogrado.it\/en\/shop\/\"},{\"@type\":\"ListItem\",\"position\":3,\"name\":\"Camp Axion Light Fingerless guanti da ferrata e manovre\"}]},{\"@type\":\"WebSite\",\"@id\":\"https:\/\/www.sestogrado.it\/en\/#website\",\"url\":\"https:\/\/www.sestogrado.it\/en\/\",\"name\":\"Sestogrado\",\"description\":\"yes we climb\",\"publisher\":{\"@id\":\"https:\/\/www.sestogrado.it\/en\/#organization\"},\"potentialAction\":[{\"@type\":\"SearchAction\",\"target\":{\"@type\":\"EntryPoint\",\"urlTemplate\":\"https:\/\/www.sestogrado.it\/en\/?s={search_term_string}\"},\"query-input\":{\"@type\":\"PropertyValueSpecification\",\"valueRequired\":true,\"valueName\":\"search_term_string\"}}],\"inLanguage\":\"en-US\"},{\"@type\":\"Organization\",\"@id\":\"https:\/\/www.sestogrado.it\/en\/#organization\",\"name\":\"Sestogrado\",\"url\":\"https:\/\/www.sestogrado.it\/en\/\",\"logo\":{\"@type\":\"ImageObject\",\"inLanguage\":\"en-US\",\"@id\":\"https:\/\/www.sestogrado.it\/en\/#\/schema\/logo\/image\/\",\"url\":\"https:\/\/www.sestogrado.it\/wp-content\/uploads\/2015\/03\/sestogrado-favicon.png\",\"contentUrl\":\"https:\/\/www.sestogrado.it\/wp-content\/uploads\/2015\/03\/sestogrado-favicon.png\",\"width\":260,\"height\":260,\"caption\":\"Sestogrado\"},\"image\":{\"@id\":\"https:\/\/www.sestogrado.it\/en\/#\/schema\/logo\/image\/\"},\"sameAs\":[\"https:\/\/www.facebook.com\/pages\/Sestogrado\/1542635979353017?ref=bookmarks\",\"https:\/\/www.youtube.com\/channel\/UC847kAfTkaJsWpc1jtQwr3Q\"],\"hasMerchantReturnPolicy\":{\"@type\":\"MerchantReturnPolicy\",\"merchantReturnLink\":\"https:\/\/www.sestogrado.it\/en\/termini-e-condizioni\/\"}}]}<\/script>\n<meta property=\"product:brand\" content=\"Camp\" \/>\n<meta property=\"og:availability\" content=\"instock\" \/>\n<meta property=\"product:availability\" content=\"instock\" \/>\n<meta property=\"product:condition\" content=\"new\" \/>\n<!-- \/ Yoast SEO plugin. -->","yoast_head_json":{"title":"Camp Axion Light Fingerless guanti da ferrata e manovre - Sestogrado","description":"Il Camp Axion Light Fingerless \u00e8 un guanto senza dita in tessuto traspirante sul dorso e pelle naturale sul palmo. E' cos\u00ec un guanto polivalente, ideale per ferrate o manovre di corda che richiedono precisione.Il particolare design e la costruzione differenziata in pelle naturale di prima qualit\u00e0 (palmo) e in tessuto leggero e traspirante (dorso) garantiscono robustezza, massima libert\u00e0 di movimento e sensibilit\u00e0.Palmo in pelle di prima qualit\u00e0Dorso in tessuto leggero e traspirantePolso elasticizzato con chiusura con velcroEstremamente confortevole, garantisce mobilit\u00e0 e sensibilit\u00e0disponibile in 5 taglie XS -\u00a0 S - M - L - XL","robots":{"index":"index","follow":"follow","max-snippet":"max-snippet:-1","max-image-preview":"max-image-preview:large","max-video-preview":"max-video-preview:-1"},"canonical":"https:\/\/www.sestogrado.it\/en\/prodotto\/camp-axion-light-fingerless-guanti-da-ferrata-e-manovre\/","og_locale":"en_US","og_type":"article","og_title":"Camp Axion Light Fingerless guanti da ferrata e manovre - Sestogrado","og_description":"Il Camp Axion Light Fingerless \u00e8 un guanto senza dita in tessuto traspirante sul dorso e pelle naturale sul palmo. E' cos\u00ec un guanto polivalente, ideale per ferrate o manovre di corda che richiedono precisione.Il particolare design e la costruzione differenziata in pelle naturale di prima qualit\u00e0 (palmo) e in tessuto leggero e traspirante (dorso) garantiscono robustezza, massima libert\u00e0 di movimento e sensibilit\u00e0.Palmo in pelle di prima qualit\u00e0Dorso in tessuto leggero e traspirantePolso elasticizzato con chiusura con velcroEstremamente confortevole, garantisce mobilit\u00e0 e sensibilit\u00e0disponibile in 5 taglie XS -\u00a0 S - M - L - XL","og_url":"https:\/\/www.sestogrado.it\/en\/prodotto\/camp-axion-light-fingerless-guanti-da-ferrata-e-manovre\/","og_site_name":"Sestogrado","article_publisher":"https:\/\/www.facebook.com\/pages\/Sestogrado\/1542635979353017?ref=bookmarks","article_modified_time":"2026-04-19T15:17:23+00:00","og_image":[{"width":1200,"height":1200,"url":"https:\/\/www.sestogrado.it\/wp-content\/uploads\/2023\/06\/01-5.jpg","type":"image\/jpeg"}],"twitter_misc":{"Availability":"In stock"},"schema":{"@context":"https:\/\/schema.org","@graph":[{"@type":"WebPage","@id":"https:\/\/www.sestogrado.it\/en\/prodotto\/camp-axion-light-fingerless-guanti-da-ferrata-e-manovre\/","url":"https:\/\/www.sestogrado.it\/en\/prodotto\/camp-axion-light-fingerless-guanti-da-ferrata-e-manovre\/","name":"Camp Axion Light Fingerless guanti da ferrata e manovre - Sestogrado","isPartOf":{"@id":"https:\/\/www.sestogrado.it\/en\/#website"},"primaryImageOfPage":{"@id":"https:\/\/www.sestogrado.it\/en\/prodotto\/camp-axion-light-fingerless-guanti-da-ferrata-e-manovre\/#primaryimage"},"image":{"@id":"https:\/\/www.sestogrado.it\/prodotto\/camp-axion-light-fingerless-guanti-da-ferrata-e-manovre\/#primaryimage"},"thumbnailUrl":"https:\/\/www.sestogrado.it\/wp-content\/uploads\/2023\/06\/01-5.jpg","datePublished":"2023-06-16T12:06:27+00:00","dateModified":"2026-04-19T15:17:23+00:00","description":"Il Camp Axion Light Fingerless \u00e8 un guanto senza dita in tessuto traspirante sul dorso e pelle naturale sul palmo. E' cos\u00ec un guanto polivalente, ideale per ferrate o manovre di corda che richiedono precisione.Il particolare design e la costruzione differenziata in pelle naturale di prima qualit\u00e0 (palmo) e in tessuto leggero e traspirante (dorso) garantiscono robustezza, massima libert\u00e0 di movimento e sensibilit\u00e0.Palmo in pelle di prima qualit\u00e0Dorso in tessuto leggero e traspirantePolso elasticizzato con chiusura con velcroEstremamente confortevole, garantisce mobilit\u00e0 e sensibilit\u00e0disponibile in 5 taglie XS -\u00a0 S - M - L - XL","breadcrumb":{"@id":"https:\/\/www.sestogrado.it\/en\/prodotto\/camp-axion-light-fingerless-guanti-da-ferrata-e-manovre\/#breadcrumb"},"inLanguage":"en-US","potentialAction":[{"@type":"ReadAction","target":[["https:\/\/www.sestogrado.it\/en\/prodotto\/camp-axion-light-fingerless-guanti-da-ferrata-e-manovre\/"]]}]},{"@type":"ImageObject","inLanguage":"en-US","@id":"https:\/\/www.sestogrado.it\/en\/prodotto\/camp-axion-light-fingerless-guanti-da-ferrata-e-manovre\/#primaryimage","url":"https:\/\/www.sestogrado.it\/wp-content\/uploads\/2023\/06\/01-5.jpg","contentUrl":"https:\/\/www.sestogrado.it\/wp-content\/uploads\/2023\/06\/01-5.jpg","width":1200,"height":1200,"caption":"camp axion"},{"@type":"BreadcrumbList","@id":"https:\/\/www.sestogrado.it\/en\/prodotto\/camp-axion-light-fingerless-guanti-da-ferrata-e-manovre\/#breadcrumb","itemListElement":[{"@type":"ListItem","position":1,"name":"Home","item":"https:\/\/www.sestogrado.it\/en\/"},{"@type":"ListItem","position":2,"name":"Shop","item":"https:\/\/www.sestogrado.it\/en\/shop\/"},{"@type":"ListItem","position":3,"name":"Camp Axion Light Fingerless guanti da ferrata e manovre"}]},{"@type":"WebSite","@id":"https:\/\/www.sestogrado.it\/en\/#website","url":"https:\/\/www.sestogrado.it\/en\/","name":"Sestogrado","description":"yes we climb","publisher":{"@id":"https:\/\/www.sestogrado.it\/en\/#organization"},"potentialAction":[{"@type":"SearchAction","target":{"@type":"EntryPoint","urlTemplate":"https:\/\/www.sestogrado.it\/en\/?s={search_term_string}"},"query-input":{"@type":"PropertyValueSpecification","valueRequired":true,"valueName":"search_term_string"}}],"inLanguage":"en-US"},{"@type":"Organization","@id":"https:\/\/www.sestogrado.it\/en\/#organization","name":"Sestogrado","url":"https:\/\/www.sestogrado.it\/en\/","logo":{"@type":"ImageObject","inLanguage":"en-US","@id":"https:\/\/www.sestogrado.it\/en\/#\/schema\/logo\/image\/","url":"https:\/\/www.sestogrado.it\/wp-content\/uploads\/2015\/03\/sestogrado-favicon.png","contentUrl":"https:\/\/www.sestogrado.it\/wp-content\/uploads\/2015\/03\/sestogrado-favicon.png","width":260,"height":260,"caption":"Sestogrado"},"image":{"@id":"https:\/\/www.sestogrado.it\/en\/#\/schema\/logo\/image\/"},"sameAs":["https:\/\/www.facebook.com\/pages\/Sestogrado\/1542635979353017?ref=bookmarks","https:\/\/www.youtube.com\/channel\/UC847kAfTkaJsWpc1jtQwr3Q"],"hasMerchantReturnPolicy":{"@type":"MerchantReturnPolicy","merchantReturnLink":"https:\/\/www.sestogrado.it\/en\/termini-e-condizioni\/"}}]},"product_brand":"Camp","og_availability":"instock","product_availability":"instock","product_condition":"new"},"_links":{"self":[{"href":"https:\/\/www.sestogrado.it\/en\/wp-json\/wp\/v2\/product\/134748","targetHints":{"allow":["GET"]}}],"collection":[{"href":"https:\/\/www.sestogrado.it\/en\/wp-json\/wp\/v2\/product"}],"about":[{"href":"https:\/\/www.sestogrado.it\/en\/wp-json\/wp\/v2\/types\/product"}],"replies":[{"embeddable":true,"href":"https:\/\/www.sestogrado.it\/en\/wp-json\/wp\/v2\/comments?post=134748"}],"wp:featuredmedia":[{"embeddable":true,"href":"https:\/\/www.sestogrado.it\/en\/wp-json\/wp\/v2\/media\/134757"}],"wp:attachment":[{"href":"https:\/\/www.sestogrado.it\/en\/wp-json\/wp\/v2\/media?parent=134748"}],"wp:term":[{"taxonomy":"product_brand","embeddable":true,"href":"https:\/\/www.sestogrado.it\/en\/wp-json\/wp\/v2\/product_brand?post=134748"},{"taxonomy":"product_cat","embeddable":true,"href":"https:\/\/www.sestogrado.it\/en\/wp-json\/wp\/v2\/product_cat?post=134748"},{"taxonomy":"product_tag","embeddable":true,"href":"https:\/\/www.sestogrado.it\/en\/wp-json\/wp\/v2\/product_tag?post=134748"}],"curies":[{"name":"wp","href":"https:\/\/api.w.org\/{rel}","templated":true}]}}