{"id":134264,"date":"2024-06-07T15:17:06","date_gmt":"2024-06-07T13:17:06","guid":{"rendered":"https:\/\/www.sestogrado.it\/?post_type=product&#038;p=134264"},"modified":"2026-03-31T22:02:48","modified_gmt":"2026-03-31T20:02:48","slug":"grivel-ghost-tech-piccozza-per-alpinismo-tecnico","status":"publish","type":"product","link":"https:\/\/www.sestogrado.it\/en\/prodotto\/grivel-ghost-tech-piccozza-per-alpinismo-tecnico\/","title":{"rendered":"Grivel Ghost Tech piccozza per alpinismo tecnico"},"content":{"rendered":"<p class=\"qtranxs-available-languages-message qtranxs-available-languages-message-en\">Sorry, this entry is only available in <a href=\"https:\/\/www.sestogrado.it\/it\/wp-json\/wp\/v2\/product\/134264\" class=\"qtranxs-available-language-link qtranxs-available-language-link-it\" title=\"Italiano\">Italiano<\/a>.<\/p>","protected":false},"excerpt":{"rendered":"<p>Sorry, this entry is only available in Italiano.<\/p>\n","protected":false},"featured_media":134267,"comment_status":"open","ping_status":"closed","template":"","meta":{"_acf_changed":false},"product_brand":[126],"product_cat":[152],"product_tag":[],"class_list":{"0":"post-134264","1":"product","2":"type-product","3":"status-publish","4":"has-post-thumbnail","6":"product_brand-grivel","7":"product_cat-piccozze","9":"first","10":"instock","11":"sale","12":"taxable","13":"shipping-taxable","14":"purchasable","15":"product-type-simple"},"acf":[],"yoast_head":"<!-- This site is optimized with the Yoast SEO plugin v26.4 - https:\/\/yoast.com\/wordpress\/plugins\/seo\/ -->\n<title>Grivel Ghost Tech piccozza per alpinismo tecnico - Sestogrado<\/title>\n<meta name=\"description\" content=\"La Grivel Ghost Tech \u00e8 una piccozza progettata per l&#039;alpinismo tecnico. La lama in acciaio tagliato a laser ha una forma adatta per l&#039;uso su neve e ghiaccio molto duri e freddi. La sua parte posteriore, che combina un martello minimale con piccole ali che possono diventare una paletta d&#039;emergenza, consente una migliore ergonomia, senza sacrificare la comodit\u00e0 di pulire le prese o martellare un chiodo.L&#039;innovativo e super minimale sistema di appoggio delle mani, rapidamente regolabile senza alcun attrezzo, garantisce le prestazioni e la velocit\u00e0 richieste nelle sezioni tecniche. Il suo punto di forza \u00e8 la leggerezza\u00a0e la sua facilit\u00e0 di cambiare assetto da piolet traction a piccozza da salita classica.Il nuovo manico ha una curva pi\u00f9 pronunciata. Molto ben bilanciato e compatto, \u00e8 il partner ideale quando il gioco si fa duro.\" \/>\n<meta name=\"robots\" content=\"index, follow, max-snippet:-1, max-image-preview:large, max-video-preview:-1\" \/>\n<link rel=\"canonical\" href=\"https:\/\/www.sestogrado.it\/en\/prodotto\/grivel-ghost-tech-piccozza-per-alpinismo-tecnico\/\" \/>\n<meta property=\"og:locale\" content=\"en_US\" \/>\n<meta property=\"og:type\" content=\"article\" \/>\n<meta property=\"og:title\" content=\"Grivel Ghost Tech piccozza per alpinismo tecnico - Sestogrado\" \/>\n<meta property=\"og:description\" content=\"La Grivel Ghost Tech \u00e8 una piccozza progettata per l&#039;alpinismo tecnico. La lama in acciaio tagliato a laser ha una forma adatta per l&#039;uso su neve e ghiaccio molto duri e freddi. La sua parte posteriore, che combina un martello minimale con piccole ali che possono diventare una paletta d&#039;emergenza, consente una migliore ergonomia, senza sacrificare la comodit\u00e0 di pulire le prese o martellare un chiodo.L&#039;innovativo e super minimale sistema di appoggio delle mani, rapidamente regolabile senza alcun attrezzo, garantisce le prestazioni e la velocit\u00e0 richieste nelle sezioni tecniche. Il suo punto di forza \u00e8 la leggerezza\u00a0e la sua facilit\u00e0 di cambiare assetto da piolet traction a piccozza da salita classica.Il nuovo manico ha una curva pi\u00f9 pronunciata. Molto ben bilanciato e compatto, \u00e8 il partner ideale quando il gioco si fa duro.\" \/>\n<meta property=\"og:url\" content=\"https:\/\/www.sestogrado.it\/en\/prodotto\/grivel-ghost-tech-piccozza-per-alpinismo-tecnico\/\" \/>\n<meta property=\"og:site_name\" content=\"Sestogrado\" \/>\n<meta property=\"article:publisher\" content=\"https:\/\/www.facebook.com\/pages\/Sestogrado\/1542635979353017?ref=bookmarks\" \/>\n<meta property=\"article:modified_time\" content=\"2026-03-31T20:02:48+00:00\" \/>\n<meta property=\"og:image\" content=\"https:\/\/www.sestogrado.it\/wp-content\/uploads\/2023\/06\/02-ghost.jpg\" \/>\n\t<meta property=\"og:image:width\" content=\"1600\" \/>\n\t<meta property=\"og:image:height\" content=\"1600\" \/>\n\t<meta property=\"og:image:type\" content=\"image\/jpeg\" \/>\n<meta name=\"twitter:label1\" content=\"Price\" \/>\n\t<meta name=\"twitter:data1\" content=\"&euro;&nbsp;109,00\" \/>\n\t<meta name=\"twitter:label2\" content=\"Availability\" \/>\n\t<meta name=\"twitter:data2\" content=\"In stock\" \/>\n<script type=\"application\/ld+json\" class=\"yoast-schema-graph\">{\"@context\":\"https:\/\/schema.org\",\"@graph\":[{\"@type\":\"WebPage\",\"@id\":\"https:\/\/www.sestogrado.it\/en\/prodotto\/grivel-ghost-tech-piccozza-per-alpinismo-tecnico\/\",\"url\":\"https:\/\/www.sestogrado.it\/en\/prodotto\/grivel-ghost-tech-piccozza-per-alpinismo-tecnico\/\",\"name\":\"Grivel Ghost Tech piccozza per alpinismo tecnico - Sestogrado\",\"isPartOf\":{\"@id\":\"https:\/\/www.sestogrado.it\/en\/#website\"},\"primaryImageOfPage\":{\"@id\":\"https:\/\/www.sestogrado.it\/en\/prodotto\/grivel-ghost-tech-piccozza-per-alpinismo-tecnico\/#primaryimage\"},\"image\":{\"@id\":\"https:\/\/www.sestogrado.it\/prodotto\/grivel-ghost-tech-piccozza-per-alpinismo-tecnico\/#primaryimage\"},\"thumbnailUrl\":\"https:\/\/www.sestogrado.it\/wp-content\/uploads\/2023\/06\/02-ghost.jpg\",\"datePublished\":\"2024-06-07T13:17:06+00:00\",\"dateModified\":\"2026-03-31T20:02:48+00:00\",\"description\":\"La Grivel Ghost Tech \u00e8 una piccozza progettata per l'alpinismo tecnico. La lama in acciaio tagliato a laser ha una forma adatta per l'uso su neve e ghiaccio molto duri e freddi. La sua parte posteriore, che combina un martello minimale con piccole ali che possono diventare una paletta d'emergenza, consente una migliore ergonomia, senza sacrificare la comodit\u00e0 di pulire le prese o martellare un chiodo.L'innovativo e super minimale sistema di appoggio delle mani, rapidamente regolabile senza alcun attrezzo, garantisce le prestazioni e la velocit\u00e0 richieste nelle sezioni tecniche. Il suo punto di forza \u00e8 la leggerezza\u00a0e la sua facilit\u00e0 di cambiare assetto da piolet traction a piccozza da salita classica.Il nuovo manico ha una curva pi\u00f9 pronunciata. Molto ben bilanciato e compatto, \u00e8 il partner ideale quando il gioco si fa duro.\",\"breadcrumb\":{\"@id\":\"https:\/\/www.sestogrado.it\/en\/prodotto\/grivel-ghost-tech-piccozza-per-alpinismo-tecnico\/#breadcrumb\"},\"inLanguage\":\"en-US\",\"potentialAction\":[{\"@type\":\"ReadAction\",\"target\":[[\"https:\/\/www.sestogrado.it\/en\/prodotto\/grivel-ghost-tech-piccozza-per-alpinismo-tecnico\/\"]]}]},{\"@type\":\"ImageObject\",\"inLanguage\":\"en-US\",\"@id\":\"https:\/\/www.sestogrado.it\/en\/prodotto\/grivel-ghost-tech-piccozza-per-alpinismo-tecnico\/#primaryimage\",\"url\":\"https:\/\/www.sestogrado.it\/wp-content\/uploads\/2023\/06\/02-ghost.jpg\",\"contentUrl\":\"https:\/\/www.sestogrado.it\/wp-content\/uploads\/2023\/06\/02-ghost.jpg\",\"width\":1600,\"height\":1600,\"caption\":\"grivel ghost tech\"},{\"@type\":\"BreadcrumbList\",\"@id\":\"https:\/\/www.sestogrado.it\/en\/prodotto\/grivel-ghost-tech-piccozza-per-alpinismo-tecnico\/#breadcrumb\",\"itemListElement\":[{\"@type\":\"ListItem\",\"position\":1,\"name\":\"Home\",\"item\":\"https:\/\/www.sestogrado.it\/en\/\"},{\"@type\":\"ListItem\",\"position\":2,\"name\":\"Shop\",\"item\":\"https:\/\/www.sestogrado.it\/en\/shop\/\"},{\"@type\":\"ListItem\",\"position\":3,\"name\":\"Grivel Ghost Tech piccozza per alpinismo tecnico\"}]},{\"@type\":\"WebSite\",\"@id\":\"https:\/\/www.sestogrado.it\/en\/#website\",\"url\":\"https:\/\/www.sestogrado.it\/en\/\",\"name\":\"Sestogrado\",\"description\":\"yes we climb\",\"publisher\":{\"@id\":\"https:\/\/www.sestogrado.it\/en\/#organization\"},\"potentialAction\":[{\"@type\":\"SearchAction\",\"target\":{\"@type\":\"EntryPoint\",\"urlTemplate\":\"https:\/\/www.sestogrado.it\/en\/?s={search_term_string}\"},\"query-input\":{\"@type\":\"PropertyValueSpecification\",\"valueRequired\":true,\"valueName\":\"search_term_string\"}}],\"inLanguage\":\"en-US\"},{\"@type\":\"Organization\",\"@id\":\"https:\/\/www.sestogrado.it\/en\/#organization\",\"name\":\"Sestogrado\",\"url\":\"https:\/\/www.sestogrado.it\/en\/\",\"logo\":{\"@type\":\"ImageObject\",\"inLanguage\":\"en-US\",\"@id\":\"https:\/\/www.sestogrado.it\/en\/#\/schema\/logo\/image\/\",\"url\":\"https:\/\/www.sestogrado.it\/wp-content\/uploads\/2015\/03\/sestogrado-favicon.png\",\"contentUrl\":\"https:\/\/www.sestogrado.it\/wp-content\/uploads\/2015\/03\/sestogrado-favicon.png\",\"width\":260,\"height\":260,\"caption\":\"Sestogrado\"},\"image\":{\"@id\":\"https:\/\/www.sestogrado.it\/en\/#\/schema\/logo\/image\/\"},\"sameAs\":[\"https:\/\/www.facebook.com\/pages\/Sestogrado\/1542635979353017?ref=bookmarks\",\"https:\/\/www.youtube.com\/channel\/UC847kAfTkaJsWpc1jtQwr3Q\"],\"hasMerchantReturnPolicy\":{\"@type\":\"MerchantReturnPolicy\",\"merchantReturnLink\":\"https:\/\/www.sestogrado.it\/en\/termini-e-condizioni\/\"}}]}<\/script>\n<meta property=\"product:brand\" content=\"Grivel\" \/>\n<meta property=\"product:price:amount\" content=\"109.00\" \/>\n<meta property=\"product:price:currency\" content=\"EUR\" \/>\n<meta property=\"og:availability\" content=\"instock\" \/>\n<meta property=\"product:availability\" content=\"instock\" \/>\n<meta property=\"product:condition\" content=\"new\" \/>\n<!-- \/ Yoast SEO plugin. -->","yoast_head_json":{"title":"Grivel Ghost Tech piccozza per alpinismo tecnico - Sestogrado","description":"La Grivel Ghost Tech \u00e8 una piccozza progettata per l'alpinismo tecnico. La lama in acciaio tagliato a laser ha una forma adatta per l'uso su neve e ghiaccio molto duri e freddi. La sua parte posteriore, che combina un martello minimale con piccole ali che possono diventare una paletta d'emergenza, consente una migliore ergonomia, senza sacrificare la comodit\u00e0 di pulire le prese o martellare un chiodo.L'innovativo e super minimale sistema di appoggio delle mani, rapidamente regolabile senza alcun attrezzo, garantisce le prestazioni e la velocit\u00e0 richieste nelle sezioni tecniche. Il suo punto di forza \u00e8 la leggerezza\u00a0e la sua facilit\u00e0 di cambiare assetto da piolet traction a piccozza da salita classica.Il nuovo manico ha una curva pi\u00f9 pronunciata. Molto ben bilanciato e compatto, \u00e8 il partner ideale quando il gioco si fa duro.","robots":{"index":"index","follow":"follow","max-snippet":"max-snippet:-1","max-image-preview":"max-image-preview:large","max-video-preview":"max-video-preview:-1"},"canonical":"https:\/\/www.sestogrado.it\/en\/prodotto\/grivel-ghost-tech-piccozza-per-alpinismo-tecnico\/","og_locale":"en_US","og_type":"article","og_title":"Grivel Ghost Tech piccozza per alpinismo tecnico - Sestogrado","og_description":"La Grivel Ghost Tech \u00e8 una piccozza progettata per l'alpinismo tecnico. La lama in acciaio tagliato a laser ha una forma adatta per l'uso su neve e ghiaccio molto duri e freddi. La sua parte posteriore, che combina un martello minimale con piccole ali che possono diventare una paletta d'emergenza, consente una migliore ergonomia, senza sacrificare la comodit\u00e0 di pulire le prese o martellare un chiodo.L'innovativo e super minimale sistema di appoggio delle mani, rapidamente regolabile senza alcun attrezzo, garantisce le prestazioni e la velocit\u00e0 richieste nelle sezioni tecniche. Il suo punto di forza \u00e8 la leggerezza\u00a0e la sua facilit\u00e0 di cambiare assetto da piolet traction a piccozza da salita classica.Il nuovo manico ha una curva pi\u00f9 pronunciata. Molto ben bilanciato e compatto, \u00e8 il partner ideale quando il gioco si fa duro.","og_url":"https:\/\/www.sestogrado.it\/en\/prodotto\/grivel-ghost-tech-piccozza-per-alpinismo-tecnico\/","og_site_name":"Sestogrado","article_publisher":"https:\/\/www.facebook.com\/pages\/Sestogrado\/1542635979353017?ref=bookmarks","article_modified_time":"2026-03-31T20:02:48+00:00","og_image":[{"width":1600,"height":1600,"url":"https:\/\/www.sestogrado.it\/wp-content\/uploads\/2023\/06\/02-ghost.jpg","type":"image\/jpeg"}],"twitter_misc":{"Price":"&euro;&nbsp;109,00","Availability":"In stock"},"schema":{"@context":"https:\/\/schema.org","@graph":[{"@type":"WebPage","@id":"https:\/\/www.sestogrado.it\/en\/prodotto\/grivel-ghost-tech-piccozza-per-alpinismo-tecnico\/","url":"https:\/\/www.sestogrado.it\/en\/prodotto\/grivel-ghost-tech-piccozza-per-alpinismo-tecnico\/","name":"Grivel Ghost Tech piccozza per alpinismo tecnico - Sestogrado","isPartOf":{"@id":"https:\/\/www.sestogrado.it\/en\/#website"},"primaryImageOfPage":{"@id":"https:\/\/www.sestogrado.it\/en\/prodotto\/grivel-ghost-tech-piccozza-per-alpinismo-tecnico\/#primaryimage"},"image":{"@id":"https:\/\/www.sestogrado.it\/prodotto\/grivel-ghost-tech-piccozza-per-alpinismo-tecnico\/#primaryimage"},"thumbnailUrl":"https:\/\/www.sestogrado.it\/wp-content\/uploads\/2023\/06\/02-ghost.jpg","datePublished":"2024-06-07T13:17:06+00:00","dateModified":"2026-03-31T20:02:48+00:00","description":"La Grivel Ghost Tech \u00e8 una piccozza progettata per l'alpinismo tecnico. La lama in acciaio tagliato a laser ha una forma adatta per l'uso su neve e ghiaccio molto duri e freddi. La sua parte posteriore, che combina un martello minimale con piccole ali che possono diventare una paletta d'emergenza, consente una migliore ergonomia, senza sacrificare la comodit\u00e0 di pulire le prese o martellare un chiodo.L'innovativo e super minimale sistema di appoggio delle mani, rapidamente regolabile senza alcun attrezzo, garantisce le prestazioni e la velocit\u00e0 richieste nelle sezioni tecniche. Il suo punto di forza \u00e8 la leggerezza\u00a0e la sua facilit\u00e0 di cambiare assetto da piolet traction a piccozza da salita classica.Il nuovo manico ha una curva pi\u00f9 pronunciata. Molto ben bilanciato e compatto, \u00e8 il partner ideale quando il gioco si fa duro.","breadcrumb":{"@id":"https:\/\/www.sestogrado.it\/en\/prodotto\/grivel-ghost-tech-piccozza-per-alpinismo-tecnico\/#breadcrumb"},"inLanguage":"en-US","potentialAction":[{"@type":"ReadAction","target":[["https:\/\/www.sestogrado.it\/en\/prodotto\/grivel-ghost-tech-piccozza-per-alpinismo-tecnico\/"]]}]},{"@type":"ImageObject","inLanguage":"en-US","@id":"https:\/\/www.sestogrado.it\/en\/prodotto\/grivel-ghost-tech-piccozza-per-alpinismo-tecnico\/#primaryimage","url":"https:\/\/www.sestogrado.it\/wp-content\/uploads\/2023\/06\/02-ghost.jpg","contentUrl":"https:\/\/www.sestogrado.it\/wp-content\/uploads\/2023\/06\/02-ghost.jpg","width":1600,"height":1600,"caption":"grivel ghost tech"},{"@type":"BreadcrumbList","@id":"https:\/\/www.sestogrado.it\/en\/prodotto\/grivel-ghost-tech-piccozza-per-alpinismo-tecnico\/#breadcrumb","itemListElement":[{"@type":"ListItem","position":1,"name":"Home","item":"https:\/\/www.sestogrado.it\/en\/"},{"@type":"ListItem","position":2,"name":"Shop","item":"https:\/\/www.sestogrado.it\/en\/shop\/"},{"@type":"ListItem","position":3,"name":"Grivel Ghost Tech piccozza per alpinismo tecnico"}]},{"@type":"WebSite","@id":"https:\/\/www.sestogrado.it\/en\/#website","url":"https:\/\/www.sestogrado.it\/en\/","name":"Sestogrado","description":"yes we climb","publisher":{"@id":"https:\/\/www.sestogrado.it\/en\/#organization"},"potentialAction":[{"@type":"SearchAction","target":{"@type":"EntryPoint","urlTemplate":"https:\/\/www.sestogrado.it\/en\/?s={search_term_string}"},"query-input":{"@type":"PropertyValueSpecification","valueRequired":true,"valueName":"search_term_string"}}],"inLanguage":"en-US"},{"@type":"Organization","@id":"https:\/\/www.sestogrado.it\/en\/#organization","name":"Sestogrado","url":"https:\/\/www.sestogrado.it\/en\/","logo":{"@type":"ImageObject","inLanguage":"en-US","@id":"https:\/\/www.sestogrado.it\/en\/#\/schema\/logo\/image\/","url":"https:\/\/www.sestogrado.it\/wp-content\/uploads\/2015\/03\/sestogrado-favicon.png","contentUrl":"https:\/\/www.sestogrado.it\/wp-content\/uploads\/2015\/03\/sestogrado-favicon.png","width":260,"height":260,"caption":"Sestogrado"},"image":{"@id":"https:\/\/www.sestogrado.it\/en\/#\/schema\/logo\/image\/"},"sameAs":["https:\/\/www.facebook.com\/pages\/Sestogrado\/1542635979353017?ref=bookmarks","https:\/\/www.youtube.com\/channel\/UC847kAfTkaJsWpc1jtQwr3Q"],"hasMerchantReturnPolicy":{"@type":"MerchantReturnPolicy","merchantReturnLink":"https:\/\/www.sestogrado.it\/en\/termini-e-condizioni\/"}}]},"product_brand":"Grivel","product_price_amount":"109.00","product_price_currency":"EUR","og_availability":"instock","product_availability":"instock","product_condition":"new"},"_links":{"self":[{"href":"https:\/\/www.sestogrado.it\/en\/wp-json\/wp\/v2\/product\/134264","targetHints":{"allow":["GET"]}}],"collection":[{"href":"https:\/\/www.sestogrado.it\/en\/wp-json\/wp\/v2\/product"}],"about":[{"href":"https:\/\/www.sestogrado.it\/en\/wp-json\/wp\/v2\/types\/product"}],"replies":[{"embeddable":true,"href":"https:\/\/www.sestogrado.it\/en\/wp-json\/wp\/v2\/comments?post=134264"}],"wp:featuredmedia":[{"embeddable":true,"href":"https:\/\/www.sestogrado.it\/en\/wp-json\/wp\/v2\/media\/134267"}],"wp:attachment":[{"href":"https:\/\/www.sestogrado.it\/en\/wp-json\/wp\/v2\/media?parent=134264"}],"wp:term":[{"taxonomy":"product_brand","embeddable":true,"href":"https:\/\/www.sestogrado.it\/en\/wp-json\/wp\/v2\/product_brand?post=134264"},{"taxonomy":"product_cat","embeddable":true,"href":"https:\/\/www.sestogrado.it\/en\/wp-json\/wp\/v2\/product_cat?post=134264"},{"taxonomy":"product_tag","embeddable":true,"href":"https:\/\/www.sestogrado.it\/en\/wp-json\/wp\/v2\/product_tag?post=134264"}],"curies":[{"name":"wp","href":"https:\/\/api.w.org\/{rel}","templated":true}]}}