{"id":132669,"date":"2023-05-19T11:08:45","date_gmt":"2023-05-19T09:08:45","guid":{"rendered":"https:\/\/www.sestogrado.it\/?post_type=product&#038;p=132669"},"modified":"2026-04-04T08:56:55","modified_gmt":"2026-04-04T06:56:55","slug":"camp-universale-chiodo-da-roccia","status":"publish","type":"product","link":"https:\/\/www.sestogrado.it\/en\/prodotto\/camp-universale-chiodo-da-roccia\/","title":{"rendered":"Camp Universale Soft piton (Copia)"},"content":{"rendered":"<p>The pointed wedge shape of the Universal piton fits the most common cracks. A 45\u00b0 angled head applies torque to maximize holding power for both vertical and horizontal placements. The soft carbon steel can mold and press more easily into fissures without damaging the rock making soft pitons the right choice for brittle rock like limestone.<\/p>\n<ul>\n<li>Soft carbon steel<\/li>\n<li>Ideal for brittle rock like limestone<\/li>\n<\/ul>\n<p>&nbsp;<\/p>\n<p>CAMP (Concezione Articoli Montagna Premana) is situated in the small mountain village of Premana, Italy. This is a place where history, experience, imagination, and verticality have coalesced into a veritable crucible of mountain culture and product engineering. A century and a quarter of innovation that begins with the origins of modern mountaineering and ends with CAMP\u2019s global reputation for producing the lightest piece of gear in nearly every category.<\/p>","protected":false},"excerpt":{"rendered":"<p>The pointed wedge shape of the Universal piton fits the most common cracks. A 45\u00b0 angled head applies torque to [&hellip;]<\/p>\n","protected":false},"featured_media":132673,"comment_status":"open","ping_status":"closed","template":"","meta":{"_acf_changed":false},"product_brand":[31],"product_cat":[343],"product_tag":[],"class_list":{"0":"post-132669","1":"product","2":"type-product","3":"status-publish","4":"has-post-thumbnail","6":"product_brand-camp","7":"product_cat-chiodi-e-ancoraggi","9":"first","10":"instock","11":"sale","12":"taxable","13":"shipping-taxable","14":"purchasable","15":"product-type-variable"},"acf":[],"yoast_head":"<!-- This site is optimized with the Yoast SEO plugin v26.4 - https:\/\/yoast.com\/wordpress\/plugins\/seo\/ -->\n<title>Camp Universale Soft piton (Copia) - Sestogrado<\/title>\n<meta name=\"description\" content=\"Il Camp Universale Soft \u00e8 il chiodo da roccia pi\u00f9 diffuso di Camp. La forma a cuneo appuntito lo rende adatto a numerosi tipi di fessure.Il Camp Universale \u00e8 un chiodo da roccia al nichel-cromo-molibdeno, ideale per il granito. La forma a cuneo appuntito lo rende adatto a numerosi tipi di fessure. La testa, ruotata di 45\u00b0, crea una componente torsionale che incrementa la tenuta sia nelle fessure verticali sia in quelle orizzontali.acciaio nichel-cromo-molibdeno temprato\u00a0ideali per il granitodisponibile in tre lunghezze: 10, 12 e 15cm\" \/>\n<meta name=\"robots\" content=\"index, follow, max-snippet:-1, max-image-preview:large, max-video-preview:-1\" \/>\n<link rel=\"canonical\" href=\"https:\/\/www.sestogrado.it\/en\/prodotto\/camp-universale-chiodo-da-roccia\/\" \/>\n<meta property=\"og:locale\" content=\"en_US\" \/>\n<meta property=\"og:type\" content=\"article\" \/>\n<meta property=\"og:title\" content=\"Camp Universale Soft piton (Copia) - Sestogrado\" \/>\n<meta property=\"og:description\" content=\"Il Camp Universale Soft \u00e8 il chiodo da roccia pi\u00f9 diffuso di Camp. La forma a cuneo appuntito lo rende adatto a numerosi tipi di fessure.Il Camp Universale \u00e8 un chiodo da roccia al nichel-cromo-molibdeno, ideale per il granito. La forma a cuneo appuntito lo rende adatto a numerosi tipi di fessure. La testa, ruotata di 45\u00b0, crea una componente torsionale che incrementa la tenuta sia nelle fessure verticali sia in quelle orizzontali.acciaio nichel-cromo-molibdeno temprato\u00a0ideali per il granitodisponibile in tre lunghezze: 10, 12 e 15cm\" \/>\n<meta property=\"og:url\" content=\"https:\/\/www.sestogrado.it\/en\/prodotto\/camp-universale-chiodo-da-roccia\/\" \/>\n<meta property=\"og:site_name\" content=\"Sestogrado\" \/>\n<meta property=\"article:publisher\" content=\"https:\/\/www.facebook.com\/pages\/Sestogrado\/1542635979353017?ref=bookmarks\" \/>\n<meta property=\"article:modified_time\" content=\"2026-04-04T06:56:55+00:00\" \/>\n<meta property=\"og:image\" content=\"https:\/\/www.sestogrado.it\/wp-content\/uploads\/2023\/05\/universale-12cm.jpg\" \/>\n\t<meta property=\"og:image:width\" content=\"1400\" \/>\n\t<meta property=\"og:image:height\" content=\"1400\" \/>\n\t<meta property=\"og:image:type\" content=\"image\/jpeg\" \/>\n<meta name=\"twitter:label1\" content=\"Availability\" \/>\n\t<meta name=\"twitter:data1\" content=\"In stock\" \/>\n<script type=\"application\/ld+json\" class=\"yoast-schema-graph\">{\"@context\":\"https:\/\/schema.org\",\"@graph\":[{\"@type\":\"WebPage\",\"@id\":\"https:\/\/www.sestogrado.it\/en\/prodotto\/camp-universale-chiodo-da-roccia\/\",\"url\":\"https:\/\/www.sestogrado.it\/en\/prodotto\/camp-universale-chiodo-da-roccia\/\",\"name\":\"Camp Universale Soft piton (Copia) - Sestogrado\",\"isPartOf\":{\"@id\":\"https:\/\/www.sestogrado.it\/en\/#website\"},\"primaryImageOfPage\":{\"@id\":\"https:\/\/www.sestogrado.it\/en\/prodotto\/camp-universale-chiodo-da-roccia\/#primaryimage\"},\"image\":{\"@id\":\"https:\/\/www.sestogrado.it\/prodotto\/camp-universale-chiodo-da-roccia\/#primaryimage\"},\"thumbnailUrl\":\"https:\/\/www.sestogrado.it\/wp-content\/uploads\/2023\/05\/universale-12cm.jpg\",\"datePublished\":\"2023-05-19T09:08:45+00:00\",\"dateModified\":\"2026-04-04T06:56:55+00:00\",\"description\":\"Il Camp Universale Soft \u00e8 il chiodo da roccia pi\u00f9 diffuso di Camp. La forma a cuneo appuntito lo rende adatto a numerosi tipi di fessure.Il Camp Universale \u00e8 un chiodo da roccia al nichel-cromo-molibdeno, ideale per il granito. La forma a cuneo appuntito lo rende adatto a numerosi tipi di fessure. La testa, ruotata di 45\u00b0, crea una componente torsionale che incrementa la tenuta sia nelle fessure verticali sia in quelle orizzontali.acciaio nichel-cromo-molibdeno temprato\u00a0ideali per il granitodisponibile in tre lunghezze: 10, 12 e 15cm\",\"breadcrumb\":{\"@id\":\"https:\/\/www.sestogrado.it\/en\/prodotto\/camp-universale-chiodo-da-roccia\/#breadcrumb\"},\"inLanguage\":\"en-US\",\"potentialAction\":[{\"@type\":\"ReadAction\",\"target\":[[\"https:\/\/www.sestogrado.it\/en\/prodotto\/camp-universale-chiodo-da-roccia\/\"]]}]},{\"@type\":\"ImageObject\",\"inLanguage\":\"en-US\",\"@id\":\"https:\/\/www.sestogrado.it\/en\/prodotto\/camp-universale-chiodo-da-roccia\/#primaryimage\",\"url\":\"https:\/\/www.sestogrado.it\/wp-content\/uploads\/2023\/05\/universale-12cm.jpg\",\"contentUrl\":\"https:\/\/www.sestogrado.it\/wp-content\/uploads\/2023\/05\/universale-12cm.jpg\",\"width\":1400,\"height\":1400,\"caption\":\"universale-12cm\"},{\"@type\":\"BreadcrumbList\",\"@id\":\"https:\/\/www.sestogrado.it\/en\/prodotto\/camp-universale-chiodo-da-roccia\/#breadcrumb\",\"itemListElement\":[{\"@type\":\"ListItem\",\"position\":1,\"name\":\"Home\",\"item\":\"https:\/\/www.sestogrado.it\/en\/\"},{\"@type\":\"ListItem\",\"position\":2,\"name\":\"Shop\",\"item\":\"https:\/\/www.sestogrado.it\/en\/shop\/\"},{\"@type\":\"ListItem\",\"position\":3,\"name\":\"Camp Universale chiodo da roccia\"}]},{\"@type\":\"WebSite\",\"@id\":\"https:\/\/www.sestogrado.it\/en\/#website\",\"url\":\"https:\/\/www.sestogrado.it\/en\/\",\"name\":\"Sestogrado\",\"description\":\"yes we climb\",\"publisher\":{\"@id\":\"https:\/\/www.sestogrado.it\/en\/#organization\"},\"potentialAction\":[{\"@type\":\"SearchAction\",\"target\":{\"@type\":\"EntryPoint\",\"urlTemplate\":\"https:\/\/www.sestogrado.it\/en\/?s={search_term_string}\"},\"query-input\":{\"@type\":\"PropertyValueSpecification\",\"valueRequired\":true,\"valueName\":\"search_term_string\"}}],\"inLanguage\":\"en-US\"},{\"@type\":\"Organization\",\"@id\":\"https:\/\/www.sestogrado.it\/en\/#organization\",\"name\":\"Sestogrado\",\"url\":\"https:\/\/www.sestogrado.it\/en\/\",\"logo\":{\"@type\":\"ImageObject\",\"inLanguage\":\"en-US\",\"@id\":\"https:\/\/www.sestogrado.it\/en\/#\/schema\/logo\/image\/\",\"url\":\"https:\/\/www.sestogrado.it\/wp-content\/uploads\/2015\/03\/sestogrado-favicon.png\",\"contentUrl\":\"https:\/\/www.sestogrado.it\/wp-content\/uploads\/2015\/03\/sestogrado-favicon.png\",\"width\":260,\"height\":260,\"caption\":\"Sestogrado\"},\"image\":{\"@id\":\"https:\/\/www.sestogrado.it\/en\/#\/schema\/logo\/image\/\"},\"sameAs\":[\"https:\/\/www.facebook.com\/pages\/Sestogrado\/1542635979353017?ref=bookmarks\",\"https:\/\/www.youtube.com\/channel\/UC847kAfTkaJsWpc1jtQwr3Q\"],\"hasMerchantReturnPolicy\":{\"@type\":\"MerchantReturnPolicy\",\"merchantReturnLink\":\"https:\/\/www.sestogrado.it\/en\/termini-e-condizioni\/\"}}]}<\/script>\n<meta property=\"product:brand\" content=\"Camp\" \/>\n<meta property=\"og:availability\" content=\"instock\" \/>\n<meta property=\"product:availability\" content=\"instock\" \/>\n<meta property=\"product:condition\" content=\"new\" \/>\n<!-- \/ Yoast SEO plugin. -->","yoast_head_json":{"title":"Camp Universale Soft piton (Copia) - Sestogrado","description":"Il Camp Universale Soft \u00e8 il chiodo da roccia pi\u00f9 diffuso di Camp. La forma a cuneo appuntito lo rende adatto a numerosi tipi di fessure.Il Camp Universale \u00e8 un chiodo da roccia al nichel-cromo-molibdeno, ideale per il granito. La forma a cuneo appuntito lo rende adatto a numerosi tipi di fessure. La testa, ruotata di 45\u00b0, crea una componente torsionale che incrementa la tenuta sia nelle fessure verticali sia in quelle orizzontali.acciaio nichel-cromo-molibdeno temprato\u00a0ideali per il granitodisponibile in tre lunghezze: 10, 12 e 15cm","robots":{"index":"index","follow":"follow","max-snippet":"max-snippet:-1","max-image-preview":"max-image-preview:large","max-video-preview":"max-video-preview:-1"},"canonical":"https:\/\/www.sestogrado.it\/en\/prodotto\/camp-universale-chiodo-da-roccia\/","og_locale":"en_US","og_type":"article","og_title":"Camp Universale Soft piton (Copia) - Sestogrado","og_description":"Il Camp Universale Soft \u00e8 il chiodo da roccia pi\u00f9 diffuso di Camp. La forma a cuneo appuntito lo rende adatto a numerosi tipi di fessure.Il Camp Universale \u00e8 un chiodo da roccia al nichel-cromo-molibdeno, ideale per il granito. La forma a cuneo appuntito lo rende adatto a numerosi tipi di fessure. La testa, ruotata di 45\u00b0, crea una componente torsionale che incrementa la tenuta sia nelle fessure verticali sia in quelle orizzontali.acciaio nichel-cromo-molibdeno temprato\u00a0ideali per il granitodisponibile in tre lunghezze: 10, 12 e 15cm","og_url":"https:\/\/www.sestogrado.it\/en\/prodotto\/camp-universale-chiodo-da-roccia\/","og_site_name":"Sestogrado","article_publisher":"https:\/\/www.facebook.com\/pages\/Sestogrado\/1542635979353017?ref=bookmarks","article_modified_time":"2026-04-04T06:56:55+00:00","og_image":[{"width":1400,"height":1400,"url":"https:\/\/www.sestogrado.it\/wp-content\/uploads\/2023\/05\/universale-12cm.jpg","type":"image\/jpeg"}],"twitter_misc":{"Availability":"In stock"},"schema":{"@context":"https:\/\/schema.org","@graph":[{"@type":"WebPage","@id":"https:\/\/www.sestogrado.it\/en\/prodotto\/camp-universale-chiodo-da-roccia\/","url":"https:\/\/www.sestogrado.it\/en\/prodotto\/camp-universale-chiodo-da-roccia\/","name":"Camp Universale Soft piton (Copia) - Sestogrado","isPartOf":{"@id":"https:\/\/www.sestogrado.it\/en\/#website"},"primaryImageOfPage":{"@id":"https:\/\/www.sestogrado.it\/en\/prodotto\/camp-universale-chiodo-da-roccia\/#primaryimage"},"image":{"@id":"https:\/\/www.sestogrado.it\/prodotto\/camp-universale-chiodo-da-roccia\/#primaryimage"},"thumbnailUrl":"https:\/\/www.sestogrado.it\/wp-content\/uploads\/2023\/05\/universale-12cm.jpg","datePublished":"2023-05-19T09:08:45+00:00","dateModified":"2026-04-04T06:56:55+00:00","description":"Il Camp Universale Soft \u00e8 il chiodo da roccia pi\u00f9 diffuso di Camp. La forma a cuneo appuntito lo rende adatto a numerosi tipi di fessure.Il Camp Universale \u00e8 un chiodo da roccia al nichel-cromo-molibdeno, ideale per il granito. La forma a cuneo appuntito lo rende adatto a numerosi tipi di fessure. La testa, ruotata di 45\u00b0, crea una componente torsionale che incrementa la tenuta sia nelle fessure verticali sia in quelle orizzontali.acciaio nichel-cromo-molibdeno temprato\u00a0ideali per il granitodisponibile in tre lunghezze: 10, 12 e 15cm","breadcrumb":{"@id":"https:\/\/www.sestogrado.it\/en\/prodotto\/camp-universale-chiodo-da-roccia\/#breadcrumb"},"inLanguage":"en-US","potentialAction":[{"@type":"ReadAction","target":[["https:\/\/www.sestogrado.it\/en\/prodotto\/camp-universale-chiodo-da-roccia\/"]]}]},{"@type":"ImageObject","inLanguage":"en-US","@id":"https:\/\/www.sestogrado.it\/en\/prodotto\/camp-universale-chiodo-da-roccia\/#primaryimage","url":"https:\/\/www.sestogrado.it\/wp-content\/uploads\/2023\/05\/universale-12cm.jpg","contentUrl":"https:\/\/www.sestogrado.it\/wp-content\/uploads\/2023\/05\/universale-12cm.jpg","width":1400,"height":1400,"caption":"universale-12cm"},{"@type":"BreadcrumbList","@id":"https:\/\/www.sestogrado.it\/en\/prodotto\/camp-universale-chiodo-da-roccia\/#breadcrumb","itemListElement":[{"@type":"ListItem","position":1,"name":"Home","item":"https:\/\/www.sestogrado.it\/en\/"},{"@type":"ListItem","position":2,"name":"Shop","item":"https:\/\/www.sestogrado.it\/en\/shop\/"},{"@type":"ListItem","position":3,"name":"Camp Universale chiodo da roccia"}]},{"@type":"WebSite","@id":"https:\/\/www.sestogrado.it\/en\/#website","url":"https:\/\/www.sestogrado.it\/en\/","name":"Sestogrado","description":"yes we climb","publisher":{"@id":"https:\/\/www.sestogrado.it\/en\/#organization"},"potentialAction":[{"@type":"SearchAction","target":{"@type":"EntryPoint","urlTemplate":"https:\/\/www.sestogrado.it\/en\/?s={search_term_string}"},"query-input":{"@type":"PropertyValueSpecification","valueRequired":true,"valueName":"search_term_string"}}],"inLanguage":"en-US"},{"@type":"Organization","@id":"https:\/\/www.sestogrado.it\/en\/#organization","name":"Sestogrado","url":"https:\/\/www.sestogrado.it\/en\/","logo":{"@type":"ImageObject","inLanguage":"en-US","@id":"https:\/\/www.sestogrado.it\/en\/#\/schema\/logo\/image\/","url":"https:\/\/www.sestogrado.it\/wp-content\/uploads\/2015\/03\/sestogrado-favicon.png","contentUrl":"https:\/\/www.sestogrado.it\/wp-content\/uploads\/2015\/03\/sestogrado-favicon.png","width":260,"height":260,"caption":"Sestogrado"},"image":{"@id":"https:\/\/www.sestogrado.it\/en\/#\/schema\/logo\/image\/"},"sameAs":["https:\/\/www.facebook.com\/pages\/Sestogrado\/1542635979353017?ref=bookmarks","https:\/\/www.youtube.com\/channel\/UC847kAfTkaJsWpc1jtQwr3Q"],"hasMerchantReturnPolicy":{"@type":"MerchantReturnPolicy","merchantReturnLink":"https:\/\/www.sestogrado.it\/en\/termini-e-condizioni\/"}}]},"product_brand":"Camp","og_availability":"instock","product_availability":"instock","product_condition":"new"},"_links":{"self":[{"href":"https:\/\/www.sestogrado.it\/en\/wp-json\/wp\/v2\/product\/132669","targetHints":{"allow":["GET"]}}],"collection":[{"href":"https:\/\/www.sestogrado.it\/en\/wp-json\/wp\/v2\/product"}],"about":[{"href":"https:\/\/www.sestogrado.it\/en\/wp-json\/wp\/v2\/types\/product"}],"replies":[{"embeddable":true,"href":"https:\/\/www.sestogrado.it\/en\/wp-json\/wp\/v2\/comments?post=132669"}],"wp:featuredmedia":[{"embeddable":true,"href":"https:\/\/www.sestogrado.it\/en\/wp-json\/wp\/v2\/media\/132673"}],"wp:attachment":[{"href":"https:\/\/www.sestogrado.it\/en\/wp-json\/wp\/v2\/media?parent=132669"}],"wp:term":[{"taxonomy":"product_brand","embeddable":true,"href":"https:\/\/www.sestogrado.it\/en\/wp-json\/wp\/v2\/product_brand?post=132669"},{"taxonomy":"product_cat","embeddable":true,"href":"https:\/\/www.sestogrado.it\/en\/wp-json\/wp\/v2\/product_cat?post=132669"},{"taxonomy":"product_tag","embeddable":true,"href":"https:\/\/www.sestogrado.it\/en\/wp-json\/wp\/v2\/product_tag?post=132669"}],"curies":[{"name":"wp","href":"https:\/\/api.w.org\/{rel}","templated":true}]}}