{"id":132571,"date":"2023-05-18T11:03:20","date_gmt":"2023-05-18T09:03:20","guid":{"rendered":"https:\/\/www.sestogrado.it\/?post_type=product&#038;p=132571"},"modified":"2026-03-29T22:23:35","modified_gmt":"2026-03-29T20:23:35","slug":"blue-ice-choucas-imbrago-alpinismo","status":"publish","type":"product","link":"https:\/\/www.sestogrado.it\/en\/prodotto\/blue-ice-choucas-imbrago-alpinismo\/","title":{"rendered":"Blue Ice Choucas imbrago alpinismo"},"content":{"rendered":"<p class=\"qtranxs-available-languages-message qtranxs-available-languages-message-en\">Sorry, this entry is only available in <a href=\"https:\/\/www.sestogrado.it\/it\/wp-json\/wp\/v2\/product\/132571\" class=\"qtranxs-available-language-link qtranxs-available-language-link-it\" title=\"Italiano\">Italiano<\/a>.<\/p>","protected":false},"excerpt":{"rendered":"<p>Sorry, this entry is only available in Italiano.<\/p>\n","protected":false},"featured_media":183701,"comment_status":"open","ping_status":"closed","template":"","meta":{"_acf_changed":false},"product_brand":[641],"product_cat":[183,1336],"product_tag":[],"class_list":{"0":"post-132571","1":"product","2":"type-product","3":"status-publish","4":"has-post-thumbnail","6":"product_brand-blue-ice","7":"product_cat-alpinismo","8":"product_cat-scialpinismo","10":"first","11":"instock","12":"sale","13":"taxable","14":"shipping-taxable","15":"purchasable","16":"product-type-variable"},"acf":[],"yoast_head":"<!-- This site is optimized with the Yoast SEO plugin v26.4 - https:\/\/yoast.com\/wordpress\/plugins\/seo\/ -->\n<title>Blue Ice Choucas imbrago alpinismo - Sestogrado<\/title>\n<meta name=\"description\" content=\"Il Blue Ice Choucas \u00e8 il cavallo di battaglia degli imbraghi da alpinismo Blue Ice. Progettata per la prima volta nel 2012, \u00e8 stata migliorata nel corso degli anni fino ad arrivare alla versione attuale, la quarta, particolarmente apprezzata dalle guide alpine.Questa ultima versione \u00e8 molto pi\u00f9 leggera (142 g nella taglia S) e pi\u00f9 compatta rispetto ad altre imbragature classiche da alpinismo, ma resta comoda grazie alla sua ampia cintura in vita. \u00c8 l&#039;ultima imbragatura alpina ideale per le competizioni, lo sci alpinismo e l&#039;avvicinamento ai ghiacciai.Le sue caratteristiche e dotazioni la rendono l&#039;imbragatura ideale, con quattro ampi anelli porta-materiali, due slot per viti da ghiaccio sulla cintura in vita e altri due sugli anelli per le gambe. Puoi indossarla a terra, con gli sci o i ramponi, e regolare facilmente la chiusura in vita grazie alla sua nuova fibbia a sgancio rapido.\" \/>\n<meta name=\"robots\" content=\"index, follow, max-snippet:-1, max-image-preview:large, max-video-preview:-1\" \/>\n<link rel=\"canonical\" href=\"https:\/\/www.sestogrado.it\/en\/prodotto\/blue-ice-choucas-imbrago-alpinismo\/\" \/>\n<meta property=\"og:locale\" content=\"en_US\" \/>\n<meta property=\"og:type\" content=\"article\" \/>\n<meta property=\"og:title\" content=\"Blue Ice Choucas imbrago alpinismo - Sestogrado\" \/>\n<meta property=\"og:description\" content=\"Il Blue Ice Choucas \u00e8 il cavallo di battaglia degli imbraghi da alpinismo Blue Ice. Progettata per la prima volta nel 2012, \u00e8 stata migliorata nel corso degli anni fino ad arrivare alla versione attuale, la quarta, particolarmente apprezzata dalle guide alpine.Questa ultima versione \u00e8 molto pi\u00f9 leggera (142 g nella taglia S) e pi\u00f9 compatta rispetto ad altre imbragature classiche da alpinismo, ma resta comoda grazie alla sua ampia cintura in vita. \u00c8 l&#039;ultima imbragatura alpina ideale per le competizioni, lo sci alpinismo e l&#039;avvicinamento ai ghiacciai.Le sue caratteristiche e dotazioni la rendono l&#039;imbragatura ideale, con quattro ampi anelli porta-materiali, due slot per viti da ghiaccio sulla cintura in vita e altri due sugli anelli per le gambe. Puoi indossarla a terra, con gli sci o i ramponi, e regolare facilmente la chiusura in vita grazie alla sua nuova fibbia a sgancio rapido.\" \/>\n<meta property=\"og:url\" content=\"https:\/\/www.sestogrado.it\/en\/prodotto\/blue-ice-choucas-imbrago-alpinismo\/\" \/>\n<meta property=\"og:site_name\" content=\"Sestogrado\" \/>\n<meta property=\"article:publisher\" content=\"https:\/\/www.facebook.com\/pages\/Sestogrado\/1542635979353017?ref=bookmarks\" \/>\n<meta property=\"article:modified_time\" content=\"2026-03-29T20:23:35+00:00\" \/>\n<meta property=\"og:image\" content=\"https:\/\/www.sestogrado.it\/wp-content\/uploads\/2023\/05\/01-choucas.jpg\" \/>\n\t<meta property=\"og:image:width\" content=\"1600\" \/>\n\t<meta property=\"og:image:height\" content=\"1600\" \/>\n\t<meta property=\"og:image:type\" content=\"image\/jpeg\" \/>\n<meta name=\"twitter:label1\" content=\"Availability\" \/>\n\t<meta name=\"twitter:data1\" content=\"In stock\" \/>\n<script type=\"application\/ld+json\" class=\"yoast-schema-graph\">{\"@context\":\"https:\/\/schema.org\",\"@graph\":[{\"@type\":\"WebPage\",\"@id\":\"https:\/\/www.sestogrado.it\/en\/prodotto\/blue-ice-choucas-imbrago-alpinismo\/\",\"url\":\"https:\/\/www.sestogrado.it\/en\/prodotto\/blue-ice-choucas-imbrago-alpinismo\/\",\"name\":\"Blue Ice Choucas imbrago alpinismo - Sestogrado\",\"isPartOf\":{\"@id\":\"https:\/\/www.sestogrado.it\/en\/#website\"},\"primaryImageOfPage\":{\"@id\":\"https:\/\/www.sestogrado.it\/en\/prodotto\/blue-ice-choucas-imbrago-alpinismo\/#primaryimage\"},\"image\":{\"@id\":\"https:\/\/www.sestogrado.it\/prodotto\/blue-ice-choucas-imbrago-alpinismo\/#primaryimage\"},\"thumbnailUrl\":\"https:\/\/www.sestogrado.it\/wp-content\/uploads\/2023\/05\/01-choucas.jpg\",\"datePublished\":\"2023-05-18T09:03:20+00:00\",\"dateModified\":\"2026-03-29T20:23:35+00:00\",\"description\":\"Il Blue Ice Choucas \u00e8 il cavallo di battaglia degli imbraghi da alpinismo Blue Ice. Progettata per la prima volta nel 2012, \u00e8 stata migliorata nel corso degli anni fino ad arrivare alla versione attuale, la quarta, particolarmente apprezzata dalle guide alpine.Questa ultima versione \u00e8 molto pi\u00f9 leggera (142 g nella taglia S) e pi\u00f9 compatta rispetto ad altre imbragature classiche da alpinismo, ma resta comoda grazie alla sua ampia cintura in vita. \u00c8 l'ultima imbragatura alpina ideale per le competizioni, lo sci alpinismo e l'avvicinamento ai ghiacciai.Le sue caratteristiche e dotazioni la rendono l'imbragatura ideale, con quattro ampi anelli porta-materiali, due slot per viti da ghiaccio sulla cintura in vita e altri due sugli anelli per le gambe. Puoi indossarla a terra, con gli sci o i ramponi, e regolare facilmente la chiusura in vita grazie alla sua nuova fibbia a sgancio rapido.\",\"breadcrumb\":{\"@id\":\"https:\/\/www.sestogrado.it\/en\/prodotto\/blue-ice-choucas-imbrago-alpinismo\/#breadcrumb\"},\"inLanguage\":\"en-US\",\"potentialAction\":[{\"@type\":\"ReadAction\",\"target\":[[\"https:\/\/www.sestogrado.it\/en\/prodotto\/blue-ice-choucas-imbrago-alpinismo\/\"]]}]},{\"@type\":\"ImageObject\",\"inLanguage\":\"en-US\",\"@id\":\"https:\/\/www.sestogrado.it\/en\/prodotto\/blue-ice-choucas-imbrago-alpinismo\/#primaryimage\",\"url\":\"https:\/\/www.sestogrado.it\/wp-content\/uploads\/2023\/05\/01-choucas.jpg\",\"contentUrl\":\"https:\/\/www.sestogrado.it\/wp-content\/uploads\/2023\/05\/01-choucas.jpg\",\"width\":1600,\"height\":1600,\"caption\":\"choucas\"},{\"@type\":\"BreadcrumbList\",\"@id\":\"https:\/\/www.sestogrado.it\/en\/prodotto\/blue-ice-choucas-imbrago-alpinismo\/#breadcrumb\",\"itemListElement\":[{\"@type\":\"ListItem\",\"position\":1,\"name\":\"Home\",\"item\":\"https:\/\/www.sestogrado.it\/en\/\"},{\"@type\":\"ListItem\",\"position\":2,\"name\":\"Shop\",\"item\":\"https:\/\/www.sestogrado.it\/en\/shop\/\"},{\"@type\":\"ListItem\",\"position\":3,\"name\":\"Blue Ice Choucas imbrago alpinismo\"}]},{\"@type\":\"WebSite\",\"@id\":\"https:\/\/www.sestogrado.it\/en\/#website\",\"url\":\"https:\/\/www.sestogrado.it\/en\/\",\"name\":\"Sestogrado\",\"description\":\"yes we climb\",\"publisher\":{\"@id\":\"https:\/\/www.sestogrado.it\/en\/#organization\"},\"potentialAction\":[{\"@type\":\"SearchAction\",\"target\":{\"@type\":\"EntryPoint\",\"urlTemplate\":\"https:\/\/www.sestogrado.it\/en\/?s={search_term_string}\"},\"query-input\":{\"@type\":\"PropertyValueSpecification\",\"valueRequired\":true,\"valueName\":\"search_term_string\"}}],\"inLanguage\":\"en-US\"},{\"@type\":\"Organization\",\"@id\":\"https:\/\/www.sestogrado.it\/en\/#organization\",\"name\":\"Sestogrado\",\"url\":\"https:\/\/www.sestogrado.it\/en\/\",\"logo\":{\"@type\":\"ImageObject\",\"inLanguage\":\"en-US\",\"@id\":\"https:\/\/www.sestogrado.it\/en\/#\/schema\/logo\/image\/\",\"url\":\"https:\/\/www.sestogrado.it\/wp-content\/uploads\/2015\/03\/sestogrado-favicon.png\",\"contentUrl\":\"https:\/\/www.sestogrado.it\/wp-content\/uploads\/2015\/03\/sestogrado-favicon.png\",\"width\":260,\"height\":260,\"caption\":\"Sestogrado\"},\"image\":{\"@id\":\"https:\/\/www.sestogrado.it\/en\/#\/schema\/logo\/image\/\"},\"sameAs\":[\"https:\/\/www.facebook.com\/pages\/Sestogrado\/1542635979353017?ref=bookmarks\",\"https:\/\/www.youtube.com\/channel\/UC847kAfTkaJsWpc1jtQwr3Q\"],\"hasMerchantReturnPolicy\":{\"@type\":\"MerchantReturnPolicy\",\"merchantReturnLink\":\"https:\/\/www.sestogrado.it\/en\/termini-e-condizioni\/\"}}]}<\/script>\n<meta property=\"product:brand\" content=\"Blue Ice\" \/>\n<meta property=\"og:availability\" content=\"instock\" \/>\n<meta property=\"product:availability\" content=\"instock\" \/>\n<meta property=\"product:condition\" content=\"new\" \/>\n<!-- \/ Yoast SEO plugin. -->","yoast_head_json":{"title":"Blue Ice Choucas imbrago alpinismo - Sestogrado","description":"Il Blue Ice Choucas \u00e8 il cavallo di battaglia degli imbraghi da alpinismo Blue Ice. Progettata per la prima volta nel 2012, \u00e8 stata migliorata nel corso degli anni fino ad arrivare alla versione attuale, la quarta, particolarmente apprezzata dalle guide alpine.Questa ultima versione \u00e8 molto pi\u00f9 leggera (142 g nella taglia S) e pi\u00f9 compatta rispetto ad altre imbragature classiche da alpinismo, ma resta comoda grazie alla sua ampia cintura in vita. \u00c8 l'ultima imbragatura alpina ideale per le competizioni, lo sci alpinismo e l'avvicinamento ai ghiacciai.Le sue caratteristiche e dotazioni la rendono l'imbragatura ideale, con quattro ampi anelli porta-materiali, due slot per viti da ghiaccio sulla cintura in vita e altri due sugli anelli per le gambe. Puoi indossarla a terra, con gli sci o i ramponi, e regolare facilmente la chiusura in vita grazie alla sua nuova fibbia a sgancio rapido.","robots":{"index":"index","follow":"follow","max-snippet":"max-snippet:-1","max-image-preview":"max-image-preview:large","max-video-preview":"max-video-preview:-1"},"canonical":"https:\/\/www.sestogrado.it\/en\/prodotto\/blue-ice-choucas-imbrago-alpinismo\/","og_locale":"en_US","og_type":"article","og_title":"Blue Ice Choucas imbrago alpinismo - Sestogrado","og_description":"Il Blue Ice Choucas \u00e8 il cavallo di battaglia degli imbraghi da alpinismo Blue Ice. Progettata per la prima volta nel 2012, \u00e8 stata migliorata nel corso degli anni fino ad arrivare alla versione attuale, la quarta, particolarmente apprezzata dalle guide alpine.Questa ultima versione \u00e8 molto pi\u00f9 leggera (142 g nella taglia S) e pi\u00f9 compatta rispetto ad altre imbragature classiche da alpinismo, ma resta comoda grazie alla sua ampia cintura in vita. \u00c8 l'ultima imbragatura alpina ideale per le competizioni, lo sci alpinismo e l'avvicinamento ai ghiacciai.Le sue caratteristiche e dotazioni la rendono l'imbragatura ideale, con quattro ampi anelli porta-materiali, due slot per viti da ghiaccio sulla cintura in vita e altri due sugli anelli per le gambe. Puoi indossarla a terra, con gli sci o i ramponi, e regolare facilmente la chiusura in vita grazie alla sua nuova fibbia a sgancio rapido.","og_url":"https:\/\/www.sestogrado.it\/en\/prodotto\/blue-ice-choucas-imbrago-alpinismo\/","og_site_name":"Sestogrado","article_publisher":"https:\/\/www.facebook.com\/pages\/Sestogrado\/1542635979353017?ref=bookmarks","article_modified_time":"2026-03-29T20:23:35+00:00","og_image":[{"width":1600,"height":1600,"url":"https:\/\/www.sestogrado.it\/wp-content\/uploads\/2023\/05\/01-choucas.jpg","type":"image\/jpeg"}],"twitter_misc":{"Availability":"In stock"},"schema":{"@context":"https:\/\/schema.org","@graph":[{"@type":"WebPage","@id":"https:\/\/www.sestogrado.it\/en\/prodotto\/blue-ice-choucas-imbrago-alpinismo\/","url":"https:\/\/www.sestogrado.it\/en\/prodotto\/blue-ice-choucas-imbrago-alpinismo\/","name":"Blue Ice Choucas imbrago alpinismo - Sestogrado","isPartOf":{"@id":"https:\/\/www.sestogrado.it\/en\/#website"},"primaryImageOfPage":{"@id":"https:\/\/www.sestogrado.it\/en\/prodotto\/blue-ice-choucas-imbrago-alpinismo\/#primaryimage"},"image":{"@id":"https:\/\/www.sestogrado.it\/prodotto\/blue-ice-choucas-imbrago-alpinismo\/#primaryimage"},"thumbnailUrl":"https:\/\/www.sestogrado.it\/wp-content\/uploads\/2023\/05\/01-choucas.jpg","datePublished":"2023-05-18T09:03:20+00:00","dateModified":"2026-03-29T20:23:35+00:00","description":"Il Blue Ice Choucas \u00e8 il cavallo di battaglia degli imbraghi da alpinismo Blue Ice. Progettata per la prima volta nel 2012, \u00e8 stata migliorata nel corso degli anni fino ad arrivare alla versione attuale, la quarta, particolarmente apprezzata dalle guide alpine.Questa ultima versione \u00e8 molto pi\u00f9 leggera (142 g nella taglia S) e pi\u00f9 compatta rispetto ad altre imbragature classiche da alpinismo, ma resta comoda grazie alla sua ampia cintura in vita. \u00c8 l'ultima imbragatura alpina ideale per le competizioni, lo sci alpinismo e l'avvicinamento ai ghiacciai.Le sue caratteristiche e dotazioni la rendono l'imbragatura ideale, con quattro ampi anelli porta-materiali, due slot per viti da ghiaccio sulla cintura in vita e altri due sugli anelli per le gambe. Puoi indossarla a terra, con gli sci o i ramponi, e regolare facilmente la chiusura in vita grazie alla sua nuova fibbia a sgancio rapido.","breadcrumb":{"@id":"https:\/\/www.sestogrado.it\/en\/prodotto\/blue-ice-choucas-imbrago-alpinismo\/#breadcrumb"},"inLanguage":"en-US","potentialAction":[{"@type":"ReadAction","target":[["https:\/\/www.sestogrado.it\/en\/prodotto\/blue-ice-choucas-imbrago-alpinismo\/"]]}]},{"@type":"ImageObject","inLanguage":"en-US","@id":"https:\/\/www.sestogrado.it\/en\/prodotto\/blue-ice-choucas-imbrago-alpinismo\/#primaryimage","url":"https:\/\/www.sestogrado.it\/wp-content\/uploads\/2023\/05\/01-choucas.jpg","contentUrl":"https:\/\/www.sestogrado.it\/wp-content\/uploads\/2023\/05\/01-choucas.jpg","width":1600,"height":1600,"caption":"choucas"},{"@type":"BreadcrumbList","@id":"https:\/\/www.sestogrado.it\/en\/prodotto\/blue-ice-choucas-imbrago-alpinismo\/#breadcrumb","itemListElement":[{"@type":"ListItem","position":1,"name":"Home","item":"https:\/\/www.sestogrado.it\/en\/"},{"@type":"ListItem","position":2,"name":"Shop","item":"https:\/\/www.sestogrado.it\/en\/shop\/"},{"@type":"ListItem","position":3,"name":"Blue Ice Choucas imbrago alpinismo"}]},{"@type":"WebSite","@id":"https:\/\/www.sestogrado.it\/en\/#website","url":"https:\/\/www.sestogrado.it\/en\/","name":"Sestogrado","description":"yes we climb","publisher":{"@id":"https:\/\/www.sestogrado.it\/en\/#organization"},"potentialAction":[{"@type":"SearchAction","target":{"@type":"EntryPoint","urlTemplate":"https:\/\/www.sestogrado.it\/en\/?s={search_term_string}"},"query-input":{"@type":"PropertyValueSpecification","valueRequired":true,"valueName":"search_term_string"}}],"inLanguage":"en-US"},{"@type":"Organization","@id":"https:\/\/www.sestogrado.it\/en\/#organization","name":"Sestogrado","url":"https:\/\/www.sestogrado.it\/en\/","logo":{"@type":"ImageObject","inLanguage":"en-US","@id":"https:\/\/www.sestogrado.it\/en\/#\/schema\/logo\/image\/","url":"https:\/\/www.sestogrado.it\/wp-content\/uploads\/2015\/03\/sestogrado-favicon.png","contentUrl":"https:\/\/www.sestogrado.it\/wp-content\/uploads\/2015\/03\/sestogrado-favicon.png","width":260,"height":260,"caption":"Sestogrado"},"image":{"@id":"https:\/\/www.sestogrado.it\/en\/#\/schema\/logo\/image\/"},"sameAs":["https:\/\/www.facebook.com\/pages\/Sestogrado\/1542635979353017?ref=bookmarks","https:\/\/www.youtube.com\/channel\/UC847kAfTkaJsWpc1jtQwr3Q"],"hasMerchantReturnPolicy":{"@type":"MerchantReturnPolicy","merchantReturnLink":"https:\/\/www.sestogrado.it\/en\/termini-e-condizioni\/"}}]},"product_brand":"Blue Ice","og_availability":"instock","product_availability":"instock","product_condition":"new"},"_links":{"self":[{"href":"https:\/\/www.sestogrado.it\/en\/wp-json\/wp\/v2\/product\/132571","targetHints":{"allow":["GET"]}}],"collection":[{"href":"https:\/\/www.sestogrado.it\/en\/wp-json\/wp\/v2\/product"}],"about":[{"href":"https:\/\/www.sestogrado.it\/en\/wp-json\/wp\/v2\/types\/product"}],"replies":[{"embeddable":true,"href":"https:\/\/www.sestogrado.it\/en\/wp-json\/wp\/v2\/comments?post=132571"}],"wp:featuredmedia":[{"embeddable":true,"href":"https:\/\/www.sestogrado.it\/en\/wp-json\/wp\/v2\/media\/183701"}],"wp:attachment":[{"href":"https:\/\/www.sestogrado.it\/en\/wp-json\/wp\/v2\/media?parent=132571"}],"wp:term":[{"taxonomy":"product_brand","embeddable":true,"href":"https:\/\/www.sestogrado.it\/en\/wp-json\/wp\/v2\/product_brand?post=132571"},{"taxonomy":"product_cat","embeddable":true,"href":"https:\/\/www.sestogrado.it\/en\/wp-json\/wp\/v2\/product_cat?post=132571"},{"taxonomy":"product_tag","embeddable":true,"href":"https:\/\/www.sestogrado.it\/en\/wp-json\/wp\/v2\/product_tag?post=132571"}],"curies":[{"name":"wp","href":"https:\/\/api.w.org\/{rel}","templated":true}]}}