{"id":12809,"date":"2022-04-27T15:00:49","date_gmt":"2022-04-27T13:00:49","guid":{"rendered":"https:\/\/www.sestogrado.it\/?post_type=product&#038;p=12809"},"modified":"2026-03-11T12:29:42","modified_gmt":"2026-03-11T11:29:42","slug":"black-diamond-spot-400r-lampada-frontale-ricaricabile","status":"publish","type":"product","link":"https:\/\/www.sestogrado.it\/en\/prodotto\/black-diamond-spot-400r-lampada-frontale-ricaricabile\/","title":{"rendered":"Black Diamond Spot 400-R Rechargeable headlamp"},"content":{"rendered":"<p>For a technical consumer who expects all-around performance and features out of their headlamp but still values a small size and compact package. This user has access to a power source and values the ability to go out on their mission with a fully charged battery.<\/p>\n<ul>\n<li>Rechargeable: Powered with integrated 1500 mAh Li-ion battery with micro-USB charge port<\/li>\n<li>400 Lumen max output<\/li>\n<li>Recycled elastic headband featuring comfortable next to skin Repreve fiber construction<\/li>\n<li>IP67: Waterproof-Tested to operate at least 1.0 meters underwater for 30 minutes<\/li>\n<li>PowerTap\u2122 Technology allows instant adjustment between max output and dimmed power<\/li>\n<li>Settings include full strength in proximity and distance modes, dimming, strobe, red night-vision and digital lock mode<\/li>\n<li>Integrated battery meter display shows % of power remaining<\/li>\n<li>Brightness Memory allows you to turn the light on and off at a chosen brightness without reverting back to default setting<\/li>\n<li>Multifaceted optical efficiency lens technology<\/li>\n<li>Red night vision has dimming and strobe modes and activates without cycling through the white mode<\/li>\n<li>Digital lock mode feature safeguards against accidental use when stored in a pack or pocket<\/li>\n<\/ul>\n<div class=\"embed-responsive embed-responsive-16by9\"><iframe title=\"Black Diamond R-Series Headlamps\" width=\"500\" height=\"281\" src=\"https:\/\/www.youtube.com\/embed\/2QEtHefSVUc?feature=oembed\" frameborder=\"0\" allow=\"accelerometer; autoplay; clipboard-write; encrypted-media; gyroscope; picture-in-picture; web-share\" referrerpolicy=\"strict-origin-when-cross-origin\" allowfullscreen><\/iframe><\/div>","protected":false},"excerpt":{"rendered":"<p>For a technical consumer who expects all-around performance and features out of their headlamp but still values a small size [&hellip;]<\/p>\n","protected":false},"featured_media":100412,"comment_status":"open","ping_status":"closed","template":"","meta":{"_acf_changed":false},"product_brand":[121],"product_cat":[380],"product_tag":[417,461],"class_list":{"0":"post-12809","1":"product","2":"type-product","3":"status-publish","4":"has-post-thumbnail","6":"product_brand-black-diamond","7":"product_cat-illuminazione","8":"product_tag-frontale","9":"product_tag-lampada-frontale","11":"first","12":"instock","13":"sale","14":"taxable","15":"shipping-taxable","16":"purchasable","17":"product-type-variable"},"acf":[],"yoast_head":"<!-- This site is optimized with the Yoast SEO plugin v26.4 - https:\/\/yoast.com\/wordpress\/plugins\/seo\/ -->\n<title>Black Diamond Spot 400-R Rechargeable headlamp - Sestogrado<\/title>\n<meta name=\"description\" content=\"La Black Diamond Spot 400-R lampada frontale ricaricabile \u00e8 la torcia frontale per prestazione e sostenibilit\u00e0 ambientale. Con dimensioni ridotte e pacchetto compatto, la Spot 400-R \u00e8 ideale per chi cerca tecnicit\u00e0 ed efficienza, con soli 73 grammi di peso. La batteria ricaricabile ti permette di consumare meno e di avere un efficienza maggiore, per esser sempre al sicuro nelle tenebre grazie al display che indica la % di batteria rimasta, anche sotto un acquazzone grazie all&#039;elevata impermeabilit\u00e0. Scegli tu il fascio di luce che preferisci in base alle tue esigenze, tra piena potenza nelle modalit\u00e0 di prossimit\u00e0 e distanza, oscuramento, strobo e visione notturna rossa. Infine, la modalit\u00e0 di blocco digitale protegge dall&#039;uso accidentale quando riposta in uno zaino o in una tasca.\" \/>\n<meta name=\"robots\" content=\"index, follow, max-snippet:-1, max-image-preview:large, max-video-preview:-1\" \/>\n<link rel=\"canonical\" href=\"https:\/\/www.sestogrado.it\/en\/prodotto\/black-diamond-spot-400r-lampada-frontale-ricaricabile\/\" \/>\n<meta property=\"og:locale\" content=\"en_US\" \/>\n<meta property=\"og:type\" content=\"article\" \/>\n<meta property=\"og:title\" content=\"Black Diamond Spot 400-R Rechargeable headlamp - Sestogrado\" \/>\n<meta property=\"og:description\" content=\"La Black Diamond Spot 400-R lampada frontale ricaricabile \u00e8 la torcia frontale per prestazione e sostenibilit\u00e0 ambientale. Con dimensioni ridotte e pacchetto compatto, la Spot 400-R \u00e8 ideale per chi cerca tecnicit\u00e0 ed efficienza, con soli 73 grammi di peso. La batteria ricaricabile ti permette di consumare meno e di avere un efficienza maggiore, per esser sempre al sicuro nelle tenebre grazie al display che indica la % di batteria rimasta, anche sotto un acquazzone grazie all&#039;elevata impermeabilit\u00e0. Scegli tu il fascio di luce che preferisci in base alle tue esigenze, tra piena potenza nelle modalit\u00e0 di prossimit\u00e0 e distanza, oscuramento, strobo e visione notturna rossa. Infine, la modalit\u00e0 di blocco digitale protegge dall&#039;uso accidentale quando riposta in uno zaino o in una tasca.\" \/>\n<meta property=\"og:url\" content=\"https:\/\/www.sestogrado.it\/en\/prodotto\/black-diamond-spot-400r-lampada-frontale-ricaricabile\/\" \/>\n<meta property=\"og:site_name\" content=\"Sestogrado\" \/>\n<meta property=\"article:publisher\" content=\"https:\/\/www.facebook.com\/pages\/Sestogrado\/1542635979353017?ref=bookmarks\" \/>\n<meta property=\"article:modified_time\" content=\"2026-03-11T11:29:42+00:00\" \/>\n<meta property=\"og:image\" content=\"https:\/\/www.sestogrado.it\/wp-content\/uploads\/2017\/09\/620676_0004_Spot-400-R-Headlamp_Graphite_01_.jpg\" \/>\n\t<meta property=\"og:image:width\" content=\"1100\" \/>\n\t<meta property=\"og:image:height\" content=\"1100\" \/>\n\t<meta property=\"og:image:type\" content=\"image\/jpeg\" \/>\n<meta name=\"twitter:label1\" content=\"Availability\" \/>\n\t<meta name=\"twitter:data1\" content=\"In stock\" \/>\n<script type=\"application\/ld+json\" class=\"yoast-schema-graph\">{\"@context\":\"https:\/\/schema.org\",\"@graph\":[{\"@type\":\"WebPage\",\"@id\":\"https:\/\/www.sestogrado.it\/en\/prodotto\/black-diamond-spot-400r-lampada-frontale-ricaricabile\/\",\"url\":\"https:\/\/www.sestogrado.it\/en\/prodotto\/black-diamond-spot-400r-lampada-frontale-ricaricabile\/\",\"name\":\"Black Diamond Spot 400-R Rechargeable headlamp - Sestogrado\",\"isPartOf\":{\"@id\":\"https:\/\/www.sestogrado.it\/en\/#website\"},\"primaryImageOfPage\":{\"@id\":\"https:\/\/www.sestogrado.it\/en\/prodotto\/black-diamond-spot-400r-lampada-frontale-ricaricabile\/#primaryimage\"},\"image\":{\"@id\":\"https:\/\/www.sestogrado.it\/prodotto\/black-diamond-spot-400r-lampada-frontale-ricaricabile\/#primaryimage\"},\"thumbnailUrl\":\"https:\/\/www.sestogrado.it\/wp-content\/uploads\/2017\/09\/620676_0004_Spot-400-R-Headlamp_Graphite_01_.jpg\",\"datePublished\":\"2022-04-27T13:00:49+00:00\",\"dateModified\":\"2026-03-11T11:29:42+00:00\",\"description\":\"La Black Diamond Spot 400-R lampada frontale ricaricabile \u00e8 la torcia frontale per prestazione e sostenibilit\u00e0 ambientale. Con dimensioni ridotte e pacchetto compatto, la Spot 400-R \u00e8 ideale per chi cerca tecnicit\u00e0 ed efficienza, con soli 73 grammi di peso. La batteria ricaricabile ti permette di consumare meno e di avere un efficienza maggiore, per esser sempre al sicuro nelle tenebre grazie al display che indica la % di batteria rimasta, anche sotto un acquazzone grazie all'elevata impermeabilit\u00e0. Scegli tu il fascio di luce che preferisci in base alle tue esigenze, tra piena potenza nelle modalit\u00e0 di prossimit\u00e0 e distanza, oscuramento, strobo e visione notturna rossa. Infine, la modalit\u00e0 di blocco digitale protegge dall'uso accidentale quando riposta in uno zaino o in una tasca.\",\"breadcrumb\":{\"@id\":\"https:\/\/www.sestogrado.it\/en\/prodotto\/black-diamond-spot-400r-lampada-frontale-ricaricabile\/#breadcrumb\"},\"inLanguage\":\"en-US\",\"potentialAction\":[{\"@type\":\"ReadAction\",\"target\":[[\"https:\/\/www.sestogrado.it\/en\/prodotto\/black-diamond-spot-400r-lampada-frontale-ricaricabile\/\"]]}]},{\"@type\":\"ImageObject\",\"inLanguage\":\"en-US\",\"@id\":\"https:\/\/www.sestogrado.it\/en\/prodotto\/black-diamond-spot-400r-lampada-frontale-ricaricabile\/#primaryimage\",\"url\":\"https:\/\/www.sestogrado.it\/wp-content\/uploads\/2017\/09\/620676_0004_Spot-400-R-Headlamp_Graphite_01_.jpg\",\"contentUrl\":\"https:\/\/www.sestogrado.it\/wp-content\/uploads\/2017\/09\/620676_0004_Spot-400-R-Headlamp_Graphite_01_.jpg\",\"width\":1100,\"height\":1100,\"caption\":\"BD SPOT 400 R GRAPHITE\"},{\"@type\":\"BreadcrumbList\",\"@id\":\"https:\/\/www.sestogrado.it\/en\/prodotto\/black-diamond-spot-400r-lampada-frontale-ricaricabile\/#breadcrumb\",\"itemListElement\":[{\"@type\":\"ListItem\",\"position\":1,\"name\":\"Home\",\"item\":\"https:\/\/www.sestogrado.it\/en\/\"},{\"@type\":\"ListItem\",\"position\":2,\"name\":\"Shop\",\"item\":\"https:\/\/www.sestogrado.it\/en\/shop\/\"},{\"@type\":\"ListItem\",\"position\":3,\"name\":\"Black Diamond Spot 400-R lampada frontale ricaricabile\"}]},{\"@type\":\"WebSite\",\"@id\":\"https:\/\/www.sestogrado.it\/en\/#website\",\"url\":\"https:\/\/www.sestogrado.it\/en\/\",\"name\":\"Sestogrado\",\"description\":\"yes we climb\",\"publisher\":{\"@id\":\"https:\/\/www.sestogrado.it\/en\/#organization\"},\"potentialAction\":[{\"@type\":\"SearchAction\",\"target\":{\"@type\":\"EntryPoint\",\"urlTemplate\":\"https:\/\/www.sestogrado.it\/en\/?s={search_term_string}\"},\"query-input\":{\"@type\":\"PropertyValueSpecification\",\"valueRequired\":true,\"valueName\":\"search_term_string\"}}],\"inLanguage\":\"en-US\"},{\"@type\":\"Organization\",\"@id\":\"https:\/\/www.sestogrado.it\/en\/#organization\",\"name\":\"Sestogrado\",\"url\":\"https:\/\/www.sestogrado.it\/en\/\",\"logo\":{\"@type\":\"ImageObject\",\"inLanguage\":\"en-US\",\"@id\":\"https:\/\/www.sestogrado.it\/en\/#\/schema\/logo\/image\/\",\"url\":\"https:\/\/www.sestogrado.it\/wp-content\/uploads\/2015\/03\/sestogrado-favicon.png\",\"contentUrl\":\"https:\/\/www.sestogrado.it\/wp-content\/uploads\/2015\/03\/sestogrado-favicon.png\",\"width\":260,\"height\":260,\"caption\":\"Sestogrado\"},\"image\":{\"@id\":\"https:\/\/www.sestogrado.it\/en\/#\/schema\/logo\/image\/\"},\"sameAs\":[\"https:\/\/www.facebook.com\/pages\/Sestogrado\/1542635979353017?ref=bookmarks\",\"https:\/\/www.youtube.com\/channel\/UC847kAfTkaJsWpc1jtQwr3Q\"],\"hasMerchantReturnPolicy\":{\"@type\":\"MerchantReturnPolicy\",\"merchantReturnLink\":\"https:\/\/www.sestogrado.it\/en\/termini-e-condizioni\/\"}}]}<\/script>\n<meta property=\"product:brand\" content=\"Black Diamond\" \/>\n<meta property=\"og:availability\" content=\"instock\" \/>\n<meta property=\"product:availability\" content=\"instock\" \/>\n<meta property=\"product:condition\" content=\"new\" \/>\n<!-- \/ Yoast SEO plugin. -->","yoast_head_json":{"title":"Black Diamond Spot 400-R Rechargeable headlamp - Sestogrado","description":"La Black Diamond Spot 400-R lampada frontale ricaricabile \u00e8 la torcia frontale per prestazione e sostenibilit\u00e0 ambientale. Con dimensioni ridotte e pacchetto compatto, la Spot 400-R \u00e8 ideale per chi cerca tecnicit\u00e0 ed efficienza, con soli 73 grammi di peso. La batteria ricaricabile ti permette di consumare meno e di avere un efficienza maggiore, per esser sempre al sicuro nelle tenebre grazie al display che indica la % di batteria rimasta, anche sotto un acquazzone grazie all'elevata impermeabilit\u00e0. Scegli tu il fascio di luce che preferisci in base alle tue esigenze, tra piena potenza nelle modalit\u00e0 di prossimit\u00e0 e distanza, oscuramento, strobo e visione notturna rossa. Infine, la modalit\u00e0 di blocco digitale protegge dall'uso accidentale quando riposta in uno zaino o in una tasca.","robots":{"index":"index","follow":"follow","max-snippet":"max-snippet:-1","max-image-preview":"max-image-preview:large","max-video-preview":"max-video-preview:-1"},"canonical":"https:\/\/www.sestogrado.it\/en\/prodotto\/black-diamond-spot-400r-lampada-frontale-ricaricabile\/","og_locale":"en_US","og_type":"article","og_title":"Black Diamond Spot 400-R Rechargeable headlamp - Sestogrado","og_description":"La Black Diamond Spot 400-R lampada frontale ricaricabile \u00e8 la torcia frontale per prestazione e sostenibilit\u00e0 ambientale. Con dimensioni ridotte e pacchetto compatto, la Spot 400-R \u00e8 ideale per chi cerca tecnicit\u00e0 ed efficienza, con soli 73 grammi di peso. La batteria ricaricabile ti permette di consumare meno e di avere un efficienza maggiore, per esser sempre al sicuro nelle tenebre grazie al display che indica la % di batteria rimasta, anche sotto un acquazzone grazie all'elevata impermeabilit\u00e0. Scegli tu il fascio di luce che preferisci in base alle tue esigenze, tra piena potenza nelle modalit\u00e0 di prossimit\u00e0 e distanza, oscuramento, strobo e visione notturna rossa. Infine, la modalit\u00e0 di blocco digitale protegge dall'uso accidentale quando riposta in uno zaino o in una tasca.","og_url":"https:\/\/www.sestogrado.it\/en\/prodotto\/black-diamond-spot-400r-lampada-frontale-ricaricabile\/","og_site_name":"Sestogrado","article_publisher":"https:\/\/www.facebook.com\/pages\/Sestogrado\/1542635979353017?ref=bookmarks","article_modified_time":"2026-03-11T11:29:42+00:00","og_image":[{"width":1100,"height":1100,"url":"https:\/\/www.sestogrado.it\/wp-content\/uploads\/2017\/09\/620676_0004_Spot-400-R-Headlamp_Graphite_01_.jpg","type":"image\/jpeg"}],"twitter_misc":{"Availability":"In stock"},"schema":{"@context":"https:\/\/schema.org","@graph":[{"@type":"WebPage","@id":"https:\/\/www.sestogrado.it\/en\/prodotto\/black-diamond-spot-400r-lampada-frontale-ricaricabile\/","url":"https:\/\/www.sestogrado.it\/en\/prodotto\/black-diamond-spot-400r-lampada-frontale-ricaricabile\/","name":"Black Diamond Spot 400-R Rechargeable headlamp - Sestogrado","isPartOf":{"@id":"https:\/\/www.sestogrado.it\/en\/#website"},"primaryImageOfPage":{"@id":"https:\/\/www.sestogrado.it\/en\/prodotto\/black-diamond-spot-400r-lampada-frontale-ricaricabile\/#primaryimage"},"image":{"@id":"https:\/\/www.sestogrado.it\/prodotto\/black-diamond-spot-400r-lampada-frontale-ricaricabile\/#primaryimage"},"thumbnailUrl":"https:\/\/www.sestogrado.it\/wp-content\/uploads\/2017\/09\/620676_0004_Spot-400-R-Headlamp_Graphite_01_.jpg","datePublished":"2022-04-27T13:00:49+00:00","dateModified":"2026-03-11T11:29:42+00:00","description":"La Black Diamond Spot 400-R lampada frontale ricaricabile \u00e8 la torcia frontale per prestazione e sostenibilit\u00e0 ambientale. Con dimensioni ridotte e pacchetto compatto, la Spot 400-R \u00e8 ideale per chi cerca tecnicit\u00e0 ed efficienza, con soli 73 grammi di peso. La batteria ricaricabile ti permette di consumare meno e di avere un efficienza maggiore, per esser sempre al sicuro nelle tenebre grazie al display che indica la % di batteria rimasta, anche sotto un acquazzone grazie all'elevata impermeabilit\u00e0. Scegli tu il fascio di luce che preferisci in base alle tue esigenze, tra piena potenza nelle modalit\u00e0 di prossimit\u00e0 e distanza, oscuramento, strobo e visione notturna rossa. Infine, la modalit\u00e0 di blocco digitale protegge dall'uso accidentale quando riposta in uno zaino o in una tasca.","breadcrumb":{"@id":"https:\/\/www.sestogrado.it\/en\/prodotto\/black-diamond-spot-400r-lampada-frontale-ricaricabile\/#breadcrumb"},"inLanguage":"en-US","potentialAction":[{"@type":"ReadAction","target":[["https:\/\/www.sestogrado.it\/en\/prodotto\/black-diamond-spot-400r-lampada-frontale-ricaricabile\/"]]}]},{"@type":"ImageObject","inLanguage":"en-US","@id":"https:\/\/www.sestogrado.it\/en\/prodotto\/black-diamond-spot-400r-lampada-frontale-ricaricabile\/#primaryimage","url":"https:\/\/www.sestogrado.it\/wp-content\/uploads\/2017\/09\/620676_0004_Spot-400-R-Headlamp_Graphite_01_.jpg","contentUrl":"https:\/\/www.sestogrado.it\/wp-content\/uploads\/2017\/09\/620676_0004_Spot-400-R-Headlamp_Graphite_01_.jpg","width":1100,"height":1100,"caption":"BD SPOT 400 R GRAPHITE"},{"@type":"BreadcrumbList","@id":"https:\/\/www.sestogrado.it\/en\/prodotto\/black-diamond-spot-400r-lampada-frontale-ricaricabile\/#breadcrumb","itemListElement":[{"@type":"ListItem","position":1,"name":"Home","item":"https:\/\/www.sestogrado.it\/en\/"},{"@type":"ListItem","position":2,"name":"Shop","item":"https:\/\/www.sestogrado.it\/en\/shop\/"},{"@type":"ListItem","position":3,"name":"Black Diamond Spot 400-R lampada frontale ricaricabile"}]},{"@type":"WebSite","@id":"https:\/\/www.sestogrado.it\/en\/#website","url":"https:\/\/www.sestogrado.it\/en\/","name":"Sestogrado","description":"yes we climb","publisher":{"@id":"https:\/\/www.sestogrado.it\/en\/#organization"},"potentialAction":[{"@type":"SearchAction","target":{"@type":"EntryPoint","urlTemplate":"https:\/\/www.sestogrado.it\/en\/?s={search_term_string}"},"query-input":{"@type":"PropertyValueSpecification","valueRequired":true,"valueName":"search_term_string"}}],"inLanguage":"en-US"},{"@type":"Organization","@id":"https:\/\/www.sestogrado.it\/en\/#organization","name":"Sestogrado","url":"https:\/\/www.sestogrado.it\/en\/","logo":{"@type":"ImageObject","inLanguage":"en-US","@id":"https:\/\/www.sestogrado.it\/en\/#\/schema\/logo\/image\/","url":"https:\/\/www.sestogrado.it\/wp-content\/uploads\/2015\/03\/sestogrado-favicon.png","contentUrl":"https:\/\/www.sestogrado.it\/wp-content\/uploads\/2015\/03\/sestogrado-favicon.png","width":260,"height":260,"caption":"Sestogrado"},"image":{"@id":"https:\/\/www.sestogrado.it\/en\/#\/schema\/logo\/image\/"},"sameAs":["https:\/\/www.facebook.com\/pages\/Sestogrado\/1542635979353017?ref=bookmarks","https:\/\/www.youtube.com\/channel\/UC847kAfTkaJsWpc1jtQwr3Q"],"hasMerchantReturnPolicy":{"@type":"MerchantReturnPolicy","merchantReturnLink":"https:\/\/www.sestogrado.it\/en\/termini-e-condizioni\/"}}]},"product_brand":"Black Diamond","og_availability":"instock","product_availability":"instock","product_condition":"new"},"_links":{"self":[{"href":"https:\/\/www.sestogrado.it\/en\/wp-json\/wp\/v2\/product\/12809","targetHints":{"allow":["GET"]}}],"collection":[{"href":"https:\/\/www.sestogrado.it\/en\/wp-json\/wp\/v2\/product"}],"about":[{"href":"https:\/\/www.sestogrado.it\/en\/wp-json\/wp\/v2\/types\/product"}],"replies":[{"embeddable":true,"href":"https:\/\/www.sestogrado.it\/en\/wp-json\/wp\/v2\/comments?post=12809"}],"wp:featuredmedia":[{"embeddable":true,"href":"https:\/\/www.sestogrado.it\/en\/wp-json\/wp\/v2\/media\/100412"}],"wp:attachment":[{"href":"https:\/\/www.sestogrado.it\/en\/wp-json\/wp\/v2\/media?parent=12809"}],"wp:term":[{"taxonomy":"product_brand","embeddable":true,"href":"https:\/\/www.sestogrado.it\/en\/wp-json\/wp\/v2\/product_brand?post=12809"},{"taxonomy":"product_cat","embeddable":true,"href":"https:\/\/www.sestogrado.it\/en\/wp-json\/wp\/v2\/product_cat?post=12809"},{"taxonomy":"product_tag","embeddable":true,"href":"https:\/\/www.sestogrado.it\/en\/wp-json\/wp\/v2\/product_tag?post=12809"}],"curies":[{"name":"wp","href":"https:\/\/api.w.org\/{rel}","templated":true}]}}