{"id":12645,"date":"2025-10-15T11:45:29","date_gmt":"2025-10-15T09:45:29","guid":{"rendered":"https:\/\/www.sestogrado.it\/?post_type=product&#038;p=12645"},"modified":"2026-04-28T11:46:57","modified_gmt":"2026-04-28T09:46:57","slug":"camp-x-all-mountain-piccozza","status":"publish","type":"product","link":"https:\/\/www.sestogrado.it\/en\/prodotto\/camp-x-all-mountain-piccozza\/","title":{"rendered":"Camp X All Mountain piccozza"},"content":{"rendered":"<p class=\"qtranxs-available-languages-message qtranxs-available-languages-message-en\">Sorry, this entry is only available in <a href=\"https:\/\/www.sestogrado.it\/it\/wp-json\/wp\/v2\/product\/12645\" class=\"qtranxs-available-language-link qtranxs-available-language-link-it\" title=\"Italiano\">Italiano<\/a>.<\/p>","protected":false},"excerpt":{"rendered":"<p>Sorry, this entry is only available in Italiano.<\/p>\n","protected":false},"featured_media":201750,"comment_status":"open","ping_status":"closed","template":"","meta":{"_acf_changed":false},"product_brand":[31],"product_cat":[152],"product_tag":[],"class_list":{"0":"post-12645","1":"product","2":"type-product","3":"status-publish","4":"has-post-thumbnail","6":"product_brand-camp","7":"product_cat-piccozze","9":"first","10":"instock","11":"sale","12":"taxable","13":"shipping-taxable","14":"purchasable","15":"product-type-variable"},"acf":[],"yoast_head":"<!-- This site is optimized with the Yoast SEO plugin v26.4 - https:\/\/yoast.com\/wordpress\/plugins\/seo\/ -->\n<title>Camp X All Mountain piccozza - Sestogrado<\/title>\n<meta name=\"description\" content=\"La Cassin X-All Mountain \u00e8 la piccozza tecnica ideale per le grandi via alpinistiche in quota, studiata per garantire le migliori prestazioni in tutta la variet\u00e0 di situazioni che queste scalate presentano. Il design e il bilanciamento sono ottimizzati per una resa senza paragoni su ghiaccio verticale. Rappresenta semplicemente il meglio, senza complicazioni. Un attrezzo perfettamente bilanciato e curato nei minimi dettagli: uno strumento da scalata su ghiaccio di alta qualit\u00e0. Su ogni inclinazione, grazie alla sua semplicit\u00e0, garantisce una progressione pi\u00f9 fluida e armonica rispetto ad altri attrezzi moderni. La lama profilata e il peso perfetto della testa fanno della Cassin X-All Mountain la migliore piccozza per il ghiaccio sottile, dove la lama penetra in modo aggressivo ma con il minimo impatto. Le dimensioni dell\u2019appoggio principale delle impugnature favoriscono l\u2019uso anche con i guanti pi\u00f9 voluminosi.Nella versione 2021 la X-All Mountain \u00e8 dotata di una nuova testa che permette di passare facilmente dalla configurazione martello alla configurazione paletta oppure di utilizzare l&#039;attrezzo senza accessori per la massima leggerezza. E&#039; compatibile con tutti gli accessori della piccozza X-Dream, quindi martello, paletta e lame modulabili.\" \/>\n<meta name=\"robots\" content=\"index, follow, max-snippet:-1, max-image-preview:large, max-video-preview:-1\" \/>\n<link rel=\"canonical\" href=\"https:\/\/www.sestogrado.it\/en\/prodotto\/camp-x-all-mountain-piccozza\/\" \/>\n<meta property=\"og:locale\" content=\"en_US\" \/>\n<meta property=\"og:type\" content=\"article\" \/>\n<meta property=\"og:title\" content=\"Camp X All Mountain piccozza - Sestogrado\" \/>\n<meta property=\"og:description\" content=\"La Cassin X-All Mountain \u00e8 la piccozza tecnica ideale per le grandi via alpinistiche in quota, studiata per garantire le migliori prestazioni in tutta la variet\u00e0 di situazioni che queste scalate presentano. Il design e il bilanciamento sono ottimizzati per una resa senza paragoni su ghiaccio verticale. Rappresenta semplicemente il meglio, senza complicazioni. Un attrezzo perfettamente bilanciato e curato nei minimi dettagli: uno strumento da scalata su ghiaccio di alta qualit\u00e0. Su ogni inclinazione, grazie alla sua semplicit\u00e0, garantisce una progressione pi\u00f9 fluida e armonica rispetto ad altri attrezzi moderni. La lama profilata e il peso perfetto della testa fanno della Cassin X-All Mountain la migliore piccozza per il ghiaccio sottile, dove la lama penetra in modo aggressivo ma con il minimo impatto. Le dimensioni dell\u2019appoggio principale delle impugnature favoriscono l\u2019uso anche con i guanti pi\u00f9 voluminosi.Nella versione 2021 la X-All Mountain \u00e8 dotata di una nuova testa che permette di passare facilmente dalla configurazione martello alla configurazione paletta oppure di utilizzare l&#039;attrezzo senza accessori per la massima leggerezza. E&#039; compatibile con tutti gli accessori della piccozza X-Dream, quindi martello, paletta e lame modulabili.\" \/>\n<meta property=\"og:url\" content=\"https:\/\/www.sestogrado.it\/en\/prodotto\/camp-x-all-mountain-piccozza\/\" \/>\n<meta property=\"og:site_name\" content=\"Sestogrado\" \/>\n<meta property=\"article:publisher\" content=\"https:\/\/www.facebook.com\/pages\/Sestogrado\/1542635979353017?ref=bookmarks\" \/>\n<meta property=\"article:modified_time\" content=\"2026-04-28T09:46:57+00:00\" \/>\n<meta property=\"og:image\" content=\"https:\/\/www.sestogrado.it\/wp-content\/uploads\/2020\/12\/01-5.jpg\" \/>\n\t<meta property=\"og:image:width\" content=\"1000\" \/>\n\t<meta property=\"og:image:height\" content=\"1000\" \/>\n\t<meta property=\"og:image:type\" content=\"image\/jpeg\" \/>\n<meta name=\"twitter:label1\" content=\"Availability\" \/>\n\t<meta name=\"twitter:data1\" content=\"In stock\" \/>\n<script type=\"application\/ld+json\" class=\"yoast-schema-graph\">{\"@context\":\"https:\/\/schema.org\",\"@graph\":[{\"@type\":\"WebPage\",\"@id\":\"https:\/\/www.sestogrado.it\/en\/prodotto\/camp-x-all-mountain-piccozza\/\",\"url\":\"https:\/\/www.sestogrado.it\/en\/prodotto\/camp-x-all-mountain-piccozza\/\",\"name\":\"Camp X All Mountain piccozza - Sestogrado\",\"isPartOf\":{\"@id\":\"https:\/\/www.sestogrado.it\/en\/#website\"},\"primaryImageOfPage\":{\"@id\":\"https:\/\/www.sestogrado.it\/en\/prodotto\/camp-x-all-mountain-piccozza\/#primaryimage\"},\"image\":{\"@id\":\"https:\/\/www.sestogrado.it\/prodotto\/camp-x-all-mountain-piccozza\/#primaryimage\"},\"thumbnailUrl\":\"https:\/\/www.sestogrado.it\/wp-content\/uploads\/2020\/12\/01-5.jpg\",\"datePublished\":\"2025-10-15T09:45:29+00:00\",\"dateModified\":\"2026-04-28T09:46:57+00:00\",\"description\":\"La Cassin X-All Mountain \u00e8 la piccozza tecnica ideale per le grandi via alpinistiche in quota, studiata per garantire le migliori prestazioni in tutta la variet\u00e0 di situazioni che queste scalate presentano. Il design e il bilanciamento sono ottimizzati per una resa senza paragoni su ghiaccio verticale. Rappresenta semplicemente il meglio, senza complicazioni. Un attrezzo perfettamente bilanciato e curato nei minimi dettagli: uno strumento da scalata su ghiaccio di alta qualit\u00e0. Su ogni inclinazione, grazie alla sua semplicit\u00e0, garantisce una progressione pi\u00f9 fluida e armonica rispetto ad altri attrezzi moderni. La lama profilata e il peso perfetto della testa fanno della Cassin X-All Mountain la migliore piccozza per il ghiaccio sottile, dove la lama penetra in modo aggressivo ma con il minimo impatto. Le dimensioni dell\u2019appoggio principale delle impugnature favoriscono l\u2019uso anche con i guanti pi\u00f9 voluminosi.Nella versione 2021 la X-All Mountain \u00e8 dotata di una nuova testa che permette di passare facilmente dalla configurazione martello alla configurazione paletta oppure di utilizzare l'attrezzo senza accessori per la massima leggerezza. E' compatibile con tutti gli accessori della piccozza X-Dream, quindi martello, paletta e lame modulabili.\",\"breadcrumb\":{\"@id\":\"https:\/\/www.sestogrado.it\/en\/prodotto\/camp-x-all-mountain-piccozza\/#breadcrumb\"},\"inLanguage\":\"en-US\",\"potentialAction\":[{\"@type\":\"ReadAction\",\"target\":[[\"https:\/\/www.sestogrado.it\/en\/prodotto\/camp-x-all-mountain-piccozza\/\"]]}]},{\"@type\":\"ImageObject\",\"inLanguage\":\"en-US\",\"@id\":\"https:\/\/www.sestogrado.it\/en\/prodotto\/camp-x-all-mountain-piccozza\/#primaryimage\",\"url\":\"https:\/\/www.sestogrado.it\/wp-content\/uploads\/2020\/12\/01-5.jpg\",\"contentUrl\":\"https:\/\/www.sestogrado.it\/wp-content\/uploads\/2020\/12\/01-5.jpg\",\"width\":1000,\"height\":1000,\"caption\":\"x all mountain paletta\"},{\"@type\":\"BreadcrumbList\",\"@id\":\"https:\/\/www.sestogrado.it\/en\/prodotto\/camp-x-all-mountain-piccozza\/#breadcrumb\",\"itemListElement\":[{\"@type\":\"ListItem\",\"position\":1,\"name\":\"Home\",\"item\":\"https:\/\/www.sestogrado.it\/en\/\"},{\"@type\":\"ListItem\",\"position\":2,\"name\":\"Shop\",\"item\":\"https:\/\/www.sestogrado.it\/en\/shop\/\"},{\"@type\":\"ListItem\",\"position\":3,\"name\":\"Camp X All Mountain piccozza\"}]},{\"@type\":\"WebSite\",\"@id\":\"https:\/\/www.sestogrado.it\/en\/#website\",\"url\":\"https:\/\/www.sestogrado.it\/en\/\",\"name\":\"Sestogrado\",\"description\":\"yes we climb\",\"publisher\":{\"@id\":\"https:\/\/www.sestogrado.it\/en\/#organization\"},\"potentialAction\":[{\"@type\":\"SearchAction\",\"target\":{\"@type\":\"EntryPoint\",\"urlTemplate\":\"https:\/\/www.sestogrado.it\/en\/?s={search_term_string}\"},\"query-input\":{\"@type\":\"PropertyValueSpecification\",\"valueRequired\":true,\"valueName\":\"search_term_string\"}}],\"inLanguage\":\"en-US\"},{\"@type\":\"Organization\",\"@id\":\"https:\/\/www.sestogrado.it\/en\/#organization\",\"name\":\"Sestogrado\",\"url\":\"https:\/\/www.sestogrado.it\/en\/\",\"logo\":{\"@type\":\"ImageObject\",\"inLanguage\":\"en-US\",\"@id\":\"https:\/\/www.sestogrado.it\/en\/#\/schema\/logo\/image\/\",\"url\":\"https:\/\/www.sestogrado.it\/wp-content\/uploads\/2015\/03\/sestogrado-favicon.png\",\"contentUrl\":\"https:\/\/www.sestogrado.it\/wp-content\/uploads\/2015\/03\/sestogrado-favicon.png\",\"width\":260,\"height\":260,\"caption\":\"Sestogrado\"},\"image\":{\"@id\":\"https:\/\/www.sestogrado.it\/en\/#\/schema\/logo\/image\/\"},\"sameAs\":[\"https:\/\/www.facebook.com\/pages\/Sestogrado\/1542635979353017?ref=bookmarks\",\"https:\/\/www.youtube.com\/channel\/UC847kAfTkaJsWpc1jtQwr3Q\"],\"hasMerchantReturnPolicy\":{\"@type\":\"MerchantReturnPolicy\",\"merchantReturnLink\":\"https:\/\/www.sestogrado.it\/en\/termini-e-condizioni\/\"}}]}<\/script>\n<meta property=\"product:brand\" content=\"Camp\" \/>\n<meta property=\"og:availability\" content=\"instock\" \/>\n<meta property=\"product:availability\" content=\"instock\" \/>\n<meta property=\"product:condition\" content=\"new\" \/>\n<!-- \/ Yoast SEO plugin. -->","yoast_head_json":{"title":"Camp X All Mountain piccozza - Sestogrado","description":"La Cassin X-All Mountain \u00e8 la piccozza tecnica ideale per le grandi via alpinistiche in quota, studiata per garantire le migliori prestazioni in tutta la variet\u00e0 di situazioni che queste scalate presentano. Il design e il bilanciamento sono ottimizzati per una resa senza paragoni su ghiaccio verticale. Rappresenta semplicemente il meglio, senza complicazioni. Un attrezzo perfettamente bilanciato e curato nei minimi dettagli: uno strumento da scalata su ghiaccio di alta qualit\u00e0. Su ogni inclinazione, grazie alla sua semplicit\u00e0, garantisce una progressione pi\u00f9 fluida e armonica rispetto ad altri attrezzi moderni. La lama profilata e il peso perfetto della testa fanno della Cassin X-All Mountain la migliore piccozza per il ghiaccio sottile, dove la lama penetra in modo aggressivo ma con il minimo impatto. Le dimensioni dell\u2019appoggio principale delle impugnature favoriscono l\u2019uso anche con i guanti pi\u00f9 voluminosi.Nella versione 2021 la X-All Mountain \u00e8 dotata di una nuova testa che permette di passare facilmente dalla configurazione martello alla configurazione paletta oppure di utilizzare l'attrezzo senza accessori per la massima leggerezza. E' compatibile con tutti gli accessori della piccozza X-Dream, quindi martello, paletta e lame modulabili.","robots":{"index":"index","follow":"follow","max-snippet":"max-snippet:-1","max-image-preview":"max-image-preview:large","max-video-preview":"max-video-preview:-1"},"canonical":"https:\/\/www.sestogrado.it\/en\/prodotto\/camp-x-all-mountain-piccozza\/","og_locale":"en_US","og_type":"article","og_title":"Camp X All Mountain piccozza - Sestogrado","og_description":"La Cassin X-All Mountain \u00e8 la piccozza tecnica ideale per le grandi via alpinistiche in quota, studiata per garantire le migliori prestazioni in tutta la variet\u00e0 di situazioni che queste scalate presentano. Il design e il bilanciamento sono ottimizzati per una resa senza paragoni su ghiaccio verticale. Rappresenta semplicemente il meglio, senza complicazioni. Un attrezzo perfettamente bilanciato e curato nei minimi dettagli: uno strumento da scalata su ghiaccio di alta qualit\u00e0. Su ogni inclinazione, grazie alla sua semplicit\u00e0, garantisce una progressione pi\u00f9 fluida e armonica rispetto ad altri attrezzi moderni. La lama profilata e il peso perfetto della testa fanno della Cassin X-All Mountain la migliore piccozza per il ghiaccio sottile, dove la lama penetra in modo aggressivo ma con il minimo impatto. Le dimensioni dell\u2019appoggio principale delle impugnature favoriscono l\u2019uso anche con i guanti pi\u00f9 voluminosi.Nella versione 2021 la X-All Mountain \u00e8 dotata di una nuova testa che permette di passare facilmente dalla configurazione martello alla configurazione paletta oppure di utilizzare l'attrezzo senza accessori per la massima leggerezza. E' compatibile con tutti gli accessori della piccozza X-Dream, quindi martello, paletta e lame modulabili.","og_url":"https:\/\/www.sestogrado.it\/en\/prodotto\/camp-x-all-mountain-piccozza\/","og_site_name":"Sestogrado","article_publisher":"https:\/\/www.facebook.com\/pages\/Sestogrado\/1542635979353017?ref=bookmarks","article_modified_time":"2026-04-28T09:46:57+00:00","og_image":[{"width":1000,"height":1000,"url":"https:\/\/www.sestogrado.it\/wp-content\/uploads\/2020\/12\/01-5.jpg","type":"image\/jpeg"}],"twitter_misc":{"Availability":"In stock"},"schema":{"@context":"https:\/\/schema.org","@graph":[{"@type":"WebPage","@id":"https:\/\/www.sestogrado.it\/en\/prodotto\/camp-x-all-mountain-piccozza\/","url":"https:\/\/www.sestogrado.it\/en\/prodotto\/camp-x-all-mountain-piccozza\/","name":"Camp X All Mountain piccozza - Sestogrado","isPartOf":{"@id":"https:\/\/www.sestogrado.it\/en\/#website"},"primaryImageOfPage":{"@id":"https:\/\/www.sestogrado.it\/en\/prodotto\/camp-x-all-mountain-piccozza\/#primaryimage"},"image":{"@id":"https:\/\/www.sestogrado.it\/prodotto\/camp-x-all-mountain-piccozza\/#primaryimage"},"thumbnailUrl":"https:\/\/www.sestogrado.it\/wp-content\/uploads\/2020\/12\/01-5.jpg","datePublished":"2025-10-15T09:45:29+00:00","dateModified":"2026-04-28T09:46:57+00:00","description":"La Cassin X-All Mountain \u00e8 la piccozza tecnica ideale per le grandi via alpinistiche in quota, studiata per garantire le migliori prestazioni in tutta la variet\u00e0 di situazioni che queste scalate presentano. Il design e il bilanciamento sono ottimizzati per una resa senza paragoni su ghiaccio verticale. Rappresenta semplicemente il meglio, senza complicazioni. Un attrezzo perfettamente bilanciato e curato nei minimi dettagli: uno strumento da scalata su ghiaccio di alta qualit\u00e0. Su ogni inclinazione, grazie alla sua semplicit\u00e0, garantisce una progressione pi\u00f9 fluida e armonica rispetto ad altri attrezzi moderni. La lama profilata e il peso perfetto della testa fanno della Cassin X-All Mountain la migliore piccozza per il ghiaccio sottile, dove la lama penetra in modo aggressivo ma con il minimo impatto. Le dimensioni dell\u2019appoggio principale delle impugnature favoriscono l\u2019uso anche con i guanti pi\u00f9 voluminosi.Nella versione 2021 la X-All Mountain \u00e8 dotata di una nuova testa che permette di passare facilmente dalla configurazione martello alla configurazione paletta oppure di utilizzare l'attrezzo senza accessori per la massima leggerezza. E' compatibile con tutti gli accessori della piccozza X-Dream, quindi martello, paletta e lame modulabili.","breadcrumb":{"@id":"https:\/\/www.sestogrado.it\/en\/prodotto\/camp-x-all-mountain-piccozza\/#breadcrumb"},"inLanguage":"en-US","potentialAction":[{"@type":"ReadAction","target":[["https:\/\/www.sestogrado.it\/en\/prodotto\/camp-x-all-mountain-piccozza\/"]]}]},{"@type":"ImageObject","inLanguage":"en-US","@id":"https:\/\/www.sestogrado.it\/en\/prodotto\/camp-x-all-mountain-piccozza\/#primaryimage","url":"https:\/\/www.sestogrado.it\/wp-content\/uploads\/2020\/12\/01-5.jpg","contentUrl":"https:\/\/www.sestogrado.it\/wp-content\/uploads\/2020\/12\/01-5.jpg","width":1000,"height":1000,"caption":"x all mountain paletta"},{"@type":"BreadcrumbList","@id":"https:\/\/www.sestogrado.it\/en\/prodotto\/camp-x-all-mountain-piccozza\/#breadcrumb","itemListElement":[{"@type":"ListItem","position":1,"name":"Home","item":"https:\/\/www.sestogrado.it\/en\/"},{"@type":"ListItem","position":2,"name":"Shop","item":"https:\/\/www.sestogrado.it\/en\/shop\/"},{"@type":"ListItem","position":3,"name":"Camp X All Mountain piccozza"}]},{"@type":"WebSite","@id":"https:\/\/www.sestogrado.it\/en\/#website","url":"https:\/\/www.sestogrado.it\/en\/","name":"Sestogrado","description":"yes we climb","publisher":{"@id":"https:\/\/www.sestogrado.it\/en\/#organization"},"potentialAction":[{"@type":"SearchAction","target":{"@type":"EntryPoint","urlTemplate":"https:\/\/www.sestogrado.it\/en\/?s={search_term_string}"},"query-input":{"@type":"PropertyValueSpecification","valueRequired":true,"valueName":"search_term_string"}}],"inLanguage":"en-US"},{"@type":"Organization","@id":"https:\/\/www.sestogrado.it\/en\/#organization","name":"Sestogrado","url":"https:\/\/www.sestogrado.it\/en\/","logo":{"@type":"ImageObject","inLanguage":"en-US","@id":"https:\/\/www.sestogrado.it\/en\/#\/schema\/logo\/image\/","url":"https:\/\/www.sestogrado.it\/wp-content\/uploads\/2015\/03\/sestogrado-favicon.png","contentUrl":"https:\/\/www.sestogrado.it\/wp-content\/uploads\/2015\/03\/sestogrado-favicon.png","width":260,"height":260,"caption":"Sestogrado"},"image":{"@id":"https:\/\/www.sestogrado.it\/en\/#\/schema\/logo\/image\/"},"sameAs":["https:\/\/www.facebook.com\/pages\/Sestogrado\/1542635979353017?ref=bookmarks","https:\/\/www.youtube.com\/channel\/UC847kAfTkaJsWpc1jtQwr3Q"],"hasMerchantReturnPolicy":{"@type":"MerchantReturnPolicy","merchantReturnLink":"https:\/\/www.sestogrado.it\/en\/termini-e-condizioni\/"}}]},"product_brand":"Camp","og_availability":"instock","product_availability":"instock","product_condition":"new"},"_links":{"self":[{"href":"https:\/\/www.sestogrado.it\/en\/wp-json\/wp\/v2\/product\/12645","targetHints":{"allow":["GET"]}}],"collection":[{"href":"https:\/\/www.sestogrado.it\/en\/wp-json\/wp\/v2\/product"}],"about":[{"href":"https:\/\/www.sestogrado.it\/en\/wp-json\/wp\/v2\/types\/product"}],"replies":[{"embeddable":true,"href":"https:\/\/www.sestogrado.it\/en\/wp-json\/wp\/v2\/comments?post=12645"}],"wp:featuredmedia":[{"embeddable":true,"href":"https:\/\/www.sestogrado.it\/en\/wp-json\/wp\/v2\/media\/201750"}],"wp:attachment":[{"href":"https:\/\/www.sestogrado.it\/en\/wp-json\/wp\/v2\/media?parent=12645"}],"wp:term":[{"taxonomy":"product_brand","embeddable":true,"href":"https:\/\/www.sestogrado.it\/en\/wp-json\/wp\/v2\/product_brand?post=12645"},{"taxonomy":"product_cat","embeddable":true,"href":"https:\/\/www.sestogrado.it\/en\/wp-json\/wp\/v2\/product_cat?post=12645"},{"taxonomy":"product_tag","embeddable":true,"href":"https:\/\/www.sestogrado.it\/en\/wp-json\/wp\/v2\/product_tag?post=12645"}],"curies":[{"name":"wp","href":"https:\/\/api.w.org\/{rel}","templated":true}]}}