{"id":126393,"date":"2023-03-08T12:23:29","date_gmt":"2023-03-08T11:23:29","guid":{"rendered":"https:\/\/www.sestogrado.it\/?post_type=product&#038;p=126393"},"modified":"2025-01-25T20:13:52","modified_gmt":"2025-01-25T19:13:52","slug":"black-diamond-pursuit-15-zaino-da-trekking-e-alpinismo","status":"publish","type":"product","link":"https:\/\/www.sestogrado.it\/en\/prodotto\/black-diamond-pursuit-15-zaino-da-trekking-e-alpinismo\/","title":{"rendered":"Black Diamond Pursuit 15 zaino da trekking e alpinismo"},"content":{"rendered":"<p class=\"qtranxs-available-languages-message qtranxs-available-languages-message-en\">Sorry, this entry is only available in <a href=\"https:\/\/www.sestogrado.it\/it\/wp-json\/wp\/v2\/product\/126393\" class=\"qtranxs-available-language-link qtranxs-available-language-link-it\" title=\"Italiano\">Italiano<\/a>.<\/p>","protected":false},"excerpt":{"rendered":"<p>Sorry, this entry is only available in Italiano.<\/p>\n","protected":false},"featured_media":126499,"comment_status":"open","ping_status":"closed","template":"","meta":{"_acf_changed":false},"product_brand":[121],"product_cat":[1432],"product_tag":[],"class_list":{"0":"post-126393","1":"product","2":"type-product","3":"status-publish","4":"has-post-thumbnail","6":"product_brand-black-diamond","7":"product_cat-escursionismo","9":"first","10":"instock","11":"sale","12":"taxable","13":"shipping-taxable","14":"purchasable","15":"product-type-variable"},"acf":[],"yoast_head":"<!-- This site is optimized with the Yoast SEO plugin v26.4 - https:\/\/yoast.com\/wordpress\/plugins\/seo\/ -->\n<title>Black Diamond Pursuit 15 zaino da trekking e alpinismo - Sestogrado<\/title>\n<meta name=\"description\" content=\"Il Black Diamond Pursuit 15 \u00e8 uno zaino da trekking veloce da 15 litri. E&#039; uno zaino della nuova linea Pursuit, costruiti con la &quot;BD Continuous Fit Harness&quot;, cio\u00e8 una cintura ventrale che si adatta come quella di un imbrago, fornendo massima stabilit\u00e0 ed aderenza. La cintura ventrale \u00e8 costruita con modalit\u00e0 &quot;wing&quot;, cio\u00e8 senza soluzione di continuit\u00e0 e si adatta al corpo per il massimo comfort in movimento.Il sistema di compressione a tiraggio rapido si regola a seconda del carico. Con tasche laterali ad accesso rapido e facile accesso per riporre i bastoncini da trekking, \u00e8 facile fare uno spuntino e riporre gli oggetti mentre sei in movimento. Gli zaini Pursuit sono realizzati con tessuti al 100% riciclati, con un pannello posteriore traspirante. Lo zaino include una tasca esterna per riporre delle idro flask. Il Black Diamond Pursuit 15 \u00e8 uno zaino che porta con s\u00e9 tutto ci\u00f2 di cui hai bisogno per una giornata di viaggio in montagna leggera e veloce.\" \/>\n<meta name=\"robots\" content=\"index, follow, max-snippet:-1, max-image-preview:large, max-video-preview:-1\" \/>\n<link rel=\"canonical\" href=\"https:\/\/www.sestogrado.it\/en\/prodotto\/black-diamond-pursuit-15-zaino-da-trekking-e-alpinismo\/\" \/>\n<meta property=\"og:locale\" content=\"en_US\" \/>\n<meta property=\"og:type\" content=\"article\" \/>\n<meta property=\"og:title\" content=\"Black Diamond Pursuit 15 zaino da trekking e alpinismo - Sestogrado\" \/>\n<meta property=\"og:description\" content=\"Il Black Diamond Pursuit 15 \u00e8 uno zaino da trekking veloce da 15 litri. E&#039; uno zaino della nuova linea Pursuit, costruiti con la &quot;BD Continuous Fit Harness&quot;, cio\u00e8 una cintura ventrale che si adatta come quella di un imbrago, fornendo massima stabilit\u00e0 ed aderenza. La cintura ventrale \u00e8 costruita con modalit\u00e0 &quot;wing&quot;, cio\u00e8 senza soluzione di continuit\u00e0 e si adatta al corpo per il massimo comfort in movimento.Il sistema di compressione a tiraggio rapido si regola a seconda del carico. Con tasche laterali ad accesso rapido e facile accesso per riporre i bastoncini da trekking, \u00e8 facile fare uno spuntino e riporre gli oggetti mentre sei in movimento. Gli zaini Pursuit sono realizzati con tessuti al 100% riciclati, con un pannello posteriore traspirante. Lo zaino include una tasca esterna per riporre delle idro flask. Il Black Diamond Pursuit 15 \u00e8 uno zaino che porta con s\u00e9 tutto ci\u00f2 di cui hai bisogno per una giornata di viaggio in montagna leggera e veloce.\" \/>\n<meta property=\"og:url\" content=\"https:\/\/www.sestogrado.it\/en\/prodotto\/black-diamond-pursuit-15-zaino-da-trekking-e-alpinismo\/\" \/>\n<meta property=\"og:site_name\" content=\"Sestogrado\" \/>\n<meta property=\"article:publisher\" content=\"https:\/\/www.facebook.com\/pages\/Sestogrado\/1542635979353017?ref=bookmarks\" \/>\n<meta property=\"article:modified_time\" content=\"2025-01-25T19:13:52+00:00\" \/>\n<meta property=\"og:image\" content=\"https:\/\/www.sestogrado.it\/wp-content\/uploads\/2023\/03\/01.jpg\" \/>\n\t<meta property=\"og:image:width\" content=\"1280\" \/>\n\t<meta property=\"og:image:height\" content=\"1280\" \/>\n\t<meta property=\"og:image:type\" content=\"image\/jpeg\" \/>\n<meta name=\"twitter:label1\" content=\"Availability\" \/>\n\t<meta name=\"twitter:data1\" content=\"In stock\" \/>\n<script type=\"application\/ld+json\" class=\"yoast-schema-graph\">{\"@context\":\"https:\/\/schema.org\",\"@graph\":[{\"@type\":\"WebPage\",\"@id\":\"https:\/\/www.sestogrado.it\/en\/prodotto\/black-diamond-pursuit-15-zaino-da-trekking-e-alpinismo\/\",\"url\":\"https:\/\/www.sestogrado.it\/en\/prodotto\/black-diamond-pursuit-15-zaino-da-trekking-e-alpinismo\/\",\"name\":\"Black Diamond Pursuit 15 zaino da trekking e alpinismo - Sestogrado\",\"isPartOf\":{\"@id\":\"https:\/\/www.sestogrado.it\/en\/#website\"},\"primaryImageOfPage\":{\"@id\":\"https:\/\/www.sestogrado.it\/en\/prodotto\/black-diamond-pursuit-15-zaino-da-trekking-e-alpinismo\/#primaryimage\"},\"image\":{\"@id\":\"https:\/\/www.sestogrado.it\/prodotto\/black-diamond-pursuit-15-zaino-da-trekking-e-alpinismo\/#primaryimage\"},\"thumbnailUrl\":\"https:\/\/www.sestogrado.it\/wp-content\/uploads\/2023\/03\/01.jpg\",\"datePublished\":\"2023-03-08T11:23:29+00:00\",\"dateModified\":\"2025-01-25T19:13:52+00:00\",\"description\":\"Il Black Diamond Pursuit 15 \u00e8 uno zaino da trekking veloce da 15 litri. E' uno zaino della nuova linea Pursuit, costruiti con la \\\"BD Continuous Fit Harness\\\", cio\u00e8 una cintura ventrale che si adatta come quella di un imbrago, fornendo massima stabilit\u00e0 ed aderenza. La cintura ventrale \u00e8 costruita con modalit\u00e0 \\\"wing\\\", cio\u00e8 senza soluzione di continuit\u00e0 e si adatta al corpo per il massimo comfort in movimento.Il sistema di compressione a tiraggio rapido si regola a seconda del carico. Con tasche laterali ad accesso rapido e facile accesso per riporre i bastoncini da trekking, \u00e8 facile fare uno spuntino e riporre gli oggetti mentre sei in movimento. Gli zaini Pursuit sono realizzati con tessuti al 100% riciclati, con un pannello posteriore traspirante. Lo zaino include una tasca esterna per riporre delle idro flask. Il Black Diamond Pursuit 15 \u00e8 uno zaino che porta con s\u00e9 tutto ci\u00f2 di cui hai bisogno per una giornata di viaggio in montagna leggera e veloce.\",\"breadcrumb\":{\"@id\":\"https:\/\/www.sestogrado.it\/en\/prodotto\/black-diamond-pursuit-15-zaino-da-trekking-e-alpinismo\/#breadcrumb\"},\"inLanguage\":\"en-US\",\"potentialAction\":[{\"@type\":\"ReadAction\",\"target\":[[\"https:\/\/www.sestogrado.it\/en\/prodotto\/black-diamond-pursuit-15-zaino-da-trekking-e-alpinismo\/\"]]}]},{\"@type\":\"ImageObject\",\"inLanguage\":\"en-US\",\"@id\":\"https:\/\/www.sestogrado.it\/en\/prodotto\/black-diamond-pursuit-15-zaino-da-trekking-e-alpinismo\/#primaryimage\",\"url\":\"https:\/\/www.sestogrado.it\/wp-content\/uploads\/2023\/03\/01.jpg\",\"contentUrl\":\"https:\/\/www.sestogrado.it\/wp-content\/uploads\/2023\/03\/01.jpg\",\"width\":1280,\"height\":1280,\"caption\":\"pursuit 15 carbon\"},{\"@type\":\"BreadcrumbList\",\"@id\":\"https:\/\/www.sestogrado.it\/en\/prodotto\/black-diamond-pursuit-15-zaino-da-trekking-e-alpinismo\/#breadcrumb\",\"itemListElement\":[{\"@type\":\"ListItem\",\"position\":1,\"name\":\"Home\",\"item\":\"https:\/\/www.sestogrado.it\/en\/\"},{\"@type\":\"ListItem\",\"position\":2,\"name\":\"Shop\",\"item\":\"https:\/\/www.sestogrado.it\/en\/shop\/\"},{\"@type\":\"ListItem\",\"position\":3,\"name\":\"Black Diamond Pursuit 15 zaino da trekking e alpinismo\"}]},{\"@type\":\"WebSite\",\"@id\":\"https:\/\/www.sestogrado.it\/en\/#website\",\"url\":\"https:\/\/www.sestogrado.it\/en\/\",\"name\":\"Sestogrado\",\"description\":\"yes we climb\",\"publisher\":{\"@id\":\"https:\/\/www.sestogrado.it\/en\/#organization\"},\"potentialAction\":[{\"@type\":\"SearchAction\",\"target\":{\"@type\":\"EntryPoint\",\"urlTemplate\":\"https:\/\/www.sestogrado.it\/en\/?s={search_term_string}\"},\"query-input\":{\"@type\":\"PropertyValueSpecification\",\"valueRequired\":true,\"valueName\":\"search_term_string\"}}],\"inLanguage\":\"en-US\"},{\"@type\":\"Organization\",\"@id\":\"https:\/\/www.sestogrado.it\/en\/#organization\",\"name\":\"Sestogrado\",\"url\":\"https:\/\/www.sestogrado.it\/en\/\",\"logo\":{\"@type\":\"ImageObject\",\"inLanguage\":\"en-US\",\"@id\":\"https:\/\/www.sestogrado.it\/en\/#\/schema\/logo\/image\/\",\"url\":\"https:\/\/www.sestogrado.it\/wp-content\/uploads\/2015\/03\/sestogrado-favicon.png\",\"contentUrl\":\"https:\/\/www.sestogrado.it\/wp-content\/uploads\/2015\/03\/sestogrado-favicon.png\",\"width\":260,\"height\":260,\"caption\":\"Sestogrado\"},\"image\":{\"@id\":\"https:\/\/www.sestogrado.it\/en\/#\/schema\/logo\/image\/\"},\"sameAs\":[\"https:\/\/www.facebook.com\/pages\/Sestogrado\/1542635979353017?ref=bookmarks\",\"https:\/\/www.youtube.com\/channel\/UC847kAfTkaJsWpc1jtQwr3Q\"],\"hasMerchantReturnPolicy\":{\"@type\":\"MerchantReturnPolicy\",\"merchantReturnLink\":\"https:\/\/www.sestogrado.it\/en\/termini-e-condizioni\/\"}}]}<\/script>\n<meta property=\"product:brand\" content=\"Black Diamond\" \/>\n<meta property=\"og:availability\" content=\"instock\" \/>\n<meta property=\"product:availability\" content=\"instock\" \/>\n<meta property=\"product:condition\" content=\"new\" \/>\n<!-- \/ Yoast SEO plugin. -->","yoast_head_json":{"title":"Black Diamond Pursuit 15 zaino da trekking e alpinismo - Sestogrado","description":"Il Black Diamond Pursuit 15 \u00e8 uno zaino da trekking veloce da 15 litri. E' uno zaino della nuova linea Pursuit, costruiti con la \"BD Continuous Fit Harness\", cio\u00e8 una cintura ventrale che si adatta come quella di un imbrago, fornendo massima stabilit\u00e0 ed aderenza. La cintura ventrale \u00e8 costruita con modalit\u00e0 \"wing\", cio\u00e8 senza soluzione di continuit\u00e0 e si adatta al corpo per il massimo comfort in movimento.Il sistema di compressione a tiraggio rapido si regola a seconda del carico. Con tasche laterali ad accesso rapido e facile accesso per riporre i bastoncini da trekking, \u00e8 facile fare uno spuntino e riporre gli oggetti mentre sei in movimento. Gli zaini Pursuit sono realizzati con tessuti al 100% riciclati, con un pannello posteriore traspirante. Lo zaino include una tasca esterna per riporre delle idro flask. Il Black Diamond Pursuit 15 \u00e8 uno zaino che porta con s\u00e9 tutto ci\u00f2 di cui hai bisogno per una giornata di viaggio in montagna leggera e veloce.","robots":{"index":"index","follow":"follow","max-snippet":"max-snippet:-1","max-image-preview":"max-image-preview:large","max-video-preview":"max-video-preview:-1"},"canonical":"https:\/\/www.sestogrado.it\/en\/prodotto\/black-diamond-pursuit-15-zaino-da-trekking-e-alpinismo\/","og_locale":"en_US","og_type":"article","og_title":"Black Diamond Pursuit 15 zaino da trekking e alpinismo - Sestogrado","og_description":"Il Black Diamond Pursuit 15 \u00e8 uno zaino da trekking veloce da 15 litri. E' uno zaino della nuova linea Pursuit, costruiti con la \"BD Continuous Fit Harness\", cio\u00e8 una cintura ventrale che si adatta come quella di un imbrago, fornendo massima stabilit\u00e0 ed aderenza. La cintura ventrale \u00e8 costruita con modalit\u00e0 \"wing\", cio\u00e8 senza soluzione di continuit\u00e0 e si adatta al corpo per il massimo comfort in movimento.Il sistema di compressione a tiraggio rapido si regola a seconda del carico. Con tasche laterali ad accesso rapido e facile accesso per riporre i bastoncini da trekking, \u00e8 facile fare uno spuntino e riporre gli oggetti mentre sei in movimento. Gli zaini Pursuit sono realizzati con tessuti al 100% riciclati, con un pannello posteriore traspirante. Lo zaino include una tasca esterna per riporre delle idro flask. Il Black Diamond Pursuit 15 \u00e8 uno zaino che porta con s\u00e9 tutto ci\u00f2 di cui hai bisogno per una giornata di viaggio in montagna leggera e veloce.","og_url":"https:\/\/www.sestogrado.it\/en\/prodotto\/black-diamond-pursuit-15-zaino-da-trekking-e-alpinismo\/","og_site_name":"Sestogrado","article_publisher":"https:\/\/www.facebook.com\/pages\/Sestogrado\/1542635979353017?ref=bookmarks","article_modified_time":"2025-01-25T19:13:52+00:00","og_image":[{"width":1280,"height":1280,"url":"https:\/\/www.sestogrado.it\/wp-content\/uploads\/2023\/03\/01.jpg","type":"image\/jpeg"}],"twitter_misc":{"Availability":"In stock"},"schema":{"@context":"https:\/\/schema.org","@graph":[{"@type":"WebPage","@id":"https:\/\/www.sestogrado.it\/en\/prodotto\/black-diamond-pursuit-15-zaino-da-trekking-e-alpinismo\/","url":"https:\/\/www.sestogrado.it\/en\/prodotto\/black-diamond-pursuit-15-zaino-da-trekking-e-alpinismo\/","name":"Black Diamond Pursuit 15 zaino da trekking e alpinismo - Sestogrado","isPartOf":{"@id":"https:\/\/www.sestogrado.it\/en\/#website"},"primaryImageOfPage":{"@id":"https:\/\/www.sestogrado.it\/en\/prodotto\/black-diamond-pursuit-15-zaino-da-trekking-e-alpinismo\/#primaryimage"},"image":{"@id":"https:\/\/www.sestogrado.it\/prodotto\/black-diamond-pursuit-15-zaino-da-trekking-e-alpinismo\/#primaryimage"},"thumbnailUrl":"https:\/\/www.sestogrado.it\/wp-content\/uploads\/2023\/03\/01.jpg","datePublished":"2023-03-08T11:23:29+00:00","dateModified":"2025-01-25T19:13:52+00:00","description":"Il Black Diamond Pursuit 15 \u00e8 uno zaino da trekking veloce da 15 litri. E' uno zaino della nuova linea Pursuit, costruiti con la \"BD Continuous Fit Harness\", cio\u00e8 una cintura ventrale che si adatta come quella di un imbrago, fornendo massima stabilit\u00e0 ed aderenza. La cintura ventrale \u00e8 costruita con modalit\u00e0 \"wing\", cio\u00e8 senza soluzione di continuit\u00e0 e si adatta al corpo per il massimo comfort in movimento.Il sistema di compressione a tiraggio rapido si regola a seconda del carico. Con tasche laterali ad accesso rapido e facile accesso per riporre i bastoncini da trekking, \u00e8 facile fare uno spuntino e riporre gli oggetti mentre sei in movimento. Gli zaini Pursuit sono realizzati con tessuti al 100% riciclati, con un pannello posteriore traspirante. Lo zaino include una tasca esterna per riporre delle idro flask. Il Black Diamond Pursuit 15 \u00e8 uno zaino che porta con s\u00e9 tutto ci\u00f2 di cui hai bisogno per una giornata di viaggio in montagna leggera e veloce.","breadcrumb":{"@id":"https:\/\/www.sestogrado.it\/en\/prodotto\/black-diamond-pursuit-15-zaino-da-trekking-e-alpinismo\/#breadcrumb"},"inLanguage":"en-US","potentialAction":[{"@type":"ReadAction","target":[["https:\/\/www.sestogrado.it\/en\/prodotto\/black-diamond-pursuit-15-zaino-da-trekking-e-alpinismo\/"]]}]},{"@type":"ImageObject","inLanguage":"en-US","@id":"https:\/\/www.sestogrado.it\/en\/prodotto\/black-diamond-pursuit-15-zaino-da-trekking-e-alpinismo\/#primaryimage","url":"https:\/\/www.sestogrado.it\/wp-content\/uploads\/2023\/03\/01.jpg","contentUrl":"https:\/\/www.sestogrado.it\/wp-content\/uploads\/2023\/03\/01.jpg","width":1280,"height":1280,"caption":"pursuit 15 carbon"},{"@type":"BreadcrumbList","@id":"https:\/\/www.sestogrado.it\/en\/prodotto\/black-diamond-pursuit-15-zaino-da-trekking-e-alpinismo\/#breadcrumb","itemListElement":[{"@type":"ListItem","position":1,"name":"Home","item":"https:\/\/www.sestogrado.it\/en\/"},{"@type":"ListItem","position":2,"name":"Shop","item":"https:\/\/www.sestogrado.it\/en\/shop\/"},{"@type":"ListItem","position":3,"name":"Black Diamond Pursuit 15 zaino da trekking e alpinismo"}]},{"@type":"WebSite","@id":"https:\/\/www.sestogrado.it\/en\/#website","url":"https:\/\/www.sestogrado.it\/en\/","name":"Sestogrado","description":"yes we climb","publisher":{"@id":"https:\/\/www.sestogrado.it\/en\/#organization"},"potentialAction":[{"@type":"SearchAction","target":{"@type":"EntryPoint","urlTemplate":"https:\/\/www.sestogrado.it\/en\/?s={search_term_string}"},"query-input":{"@type":"PropertyValueSpecification","valueRequired":true,"valueName":"search_term_string"}}],"inLanguage":"en-US"},{"@type":"Organization","@id":"https:\/\/www.sestogrado.it\/en\/#organization","name":"Sestogrado","url":"https:\/\/www.sestogrado.it\/en\/","logo":{"@type":"ImageObject","inLanguage":"en-US","@id":"https:\/\/www.sestogrado.it\/en\/#\/schema\/logo\/image\/","url":"https:\/\/www.sestogrado.it\/wp-content\/uploads\/2015\/03\/sestogrado-favicon.png","contentUrl":"https:\/\/www.sestogrado.it\/wp-content\/uploads\/2015\/03\/sestogrado-favicon.png","width":260,"height":260,"caption":"Sestogrado"},"image":{"@id":"https:\/\/www.sestogrado.it\/en\/#\/schema\/logo\/image\/"},"sameAs":["https:\/\/www.facebook.com\/pages\/Sestogrado\/1542635979353017?ref=bookmarks","https:\/\/www.youtube.com\/channel\/UC847kAfTkaJsWpc1jtQwr3Q"],"hasMerchantReturnPolicy":{"@type":"MerchantReturnPolicy","merchantReturnLink":"https:\/\/www.sestogrado.it\/en\/termini-e-condizioni\/"}}]},"product_brand":"Black Diamond","og_availability":"instock","product_availability":"instock","product_condition":"new"},"_links":{"self":[{"href":"https:\/\/www.sestogrado.it\/en\/wp-json\/wp\/v2\/product\/126393","targetHints":{"allow":["GET"]}}],"collection":[{"href":"https:\/\/www.sestogrado.it\/en\/wp-json\/wp\/v2\/product"}],"about":[{"href":"https:\/\/www.sestogrado.it\/en\/wp-json\/wp\/v2\/types\/product"}],"replies":[{"embeddable":true,"href":"https:\/\/www.sestogrado.it\/en\/wp-json\/wp\/v2\/comments?post=126393"}],"wp:featuredmedia":[{"embeddable":true,"href":"https:\/\/www.sestogrado.it\/en\/wp-json\/wp\/v2\/media\/126499"}],"wp:attachment":[{"href":"https:\/\/www.sestogrado.it\/en\/wp-json\/wp\/v2\/media?parent=126393"}],"wp:term":[{"taxonomy":"product_brand","embeddable":true,"href":"https:\/\/www.sestogrado.it\/en\/wp-json\/wp\/v2\/product_brand?post=126393"},{"taxonomy":"product_cat","embeddable":true,"href":"https:\/\/www.sestogrado.it\/en\/wp-json\/wp\/v2\/product_cat?post=126393"},{"taxonomy":"product_tag","embeddable":true,"href":"https:\/\/www.sestogrado.it\/en\/wp-json\/wp\/v2\/product_tag?post=126393"}],"curies":[{"name":"wp","href":"https:\/\/api.w.org\/{rel}","templated":true}]}}