{"id":124974,"date":"2023-02-15T08:56:35","date_gmt":"2023-02-15T07:56:35","guid":{"rendered":"https:\/\/www.sestogrado.it\/?post_type=product&#038;p=124974"},"modified":"2025-05-07T12:40:14","modified_gmt":"2025-05-07T10:40:14","slug":"camp-sf-300-borraccia-soft-flask-comprimibile-da-300ml","status":"publish","type":"product","link":"https:\/\/www.sestogrado.it\/en\/prodotto\/camp-sf-300-borraccia-soft-flask-comprimibile-da-300ml\/","title":{"rendered":"Camp SF 300 borraccia soft flask comprimibile da 300ml"},"content":{"rendered":"<p class=\"qtranxs-available-languages-message qtranxs-available-languages-message-en\">Sorry, this entry is only available in <a href=\"https:\/\/www.sestogrado.it\/it\/wp-json\/wp\/v2\/product\/124974\" class=\"qtranxs-available-language-link qtranxs-available-language-link-it\" title=\"Italiano\">Italiano<\/a>.<\/p>","protected":false},"excerpt":{"rendered":"<p>Sorry, this entry is only available in Italiano.<\/p>\n","protected":false},"featured_media":124975,"comment_status":"open","ping_status":"closed","template":"","meta":{"_acf_changed":false},"product_brand":[31],"product_cat":[1233],"product_tag":[],"class_list":{"0":"post-124974","1":"product","2":"type-product","3":"status-publish","4":"has-post-thumbnail","6":"product_brand-camp","7":"product_cat-idratazione","9":"first","10":"instock","11":"sale","12":"taxable","13":"shipping-taxable","14":"purchasable","15":"product-type-simple"},"acf":[],"yoast_head":"<!-- This site is optimized with the Yoast SEO plugin v26.4 - https:\/\/yoast.com\/wordpress\/plugins\/seo\/ -->\n<title>Camp SF 300 borraccia soft flask comprimibile da 300ml - Sestogrado<\/title>\n<meta name=\"description\" content=\"La Camp SF 300 \u00e8 una borraccia soft flask comprimibile da 300ml, perfetta per i trail running e tutte le attivit\u00e0 outdoor. Dalle piccole dimensioni, pu\u00f2 essere riposta facilmente nelle tasche frontali degli spallacci dello zaino o del marsupio. Una volta vuota, si comprime ed occupa meno posto nello zaino; la speciale valvola permette un\u2019idratazione rapida e senza sforzo. Realizzata in TPU (poliuretano termoplastico) senza PVC e BPA; il TPU \u00e8 insapore, elastico e non altera il gusto del contenuto, non presenta superfici dure a contatto col corpo e permette di vedere la quantit\u00e0 di liquido rimanente grazie alla sua trasparenza. La SF \u00e8 inoltre conforme alle norme europee e americane (US FDA) relative ai contenitori per alimenti; il suo utilizzo \u00e8 perfetto per il trail running, la corsa in montagna e tutte le attivit\u00e0 outdoor estive e invernali.\" \/>\n<meta name=\"robots\" content=\"index, follow, max-snippet:-1, max-image-preview:large, max-video-preview:-1\" \/>\n<link rel=\"canonical\" href=\"https:\/\/www.sestogrado.it\/en\/prodotto\/camp-sf-300-borraccia-soft-flask-comprimibile-da-300ml\/\" \/>\n<meta property=\"og:locale\" content=\"en_US\" \/>\n<meta property=\"og:type\" content=\"article\" \/>\n<meta property=\"og:title\" content=\"Camp SF 300 borraccia soft flask comprimibile da 300ml - Sestogrado\" \/>\n<meta property=\"og:description\" content=\"La Camp SF 300 \u00e8 una borraccia soft flask comprimibile da 300ml, perfetta per i trail running e tutte le attivit\u00e0 outdoor. Dalle piccole dimensioni, pu\u00f2 essere riposta facilmente nelle tasche frontali degli spallacci dello zaino o del marsupio. Una volta vuota, si comprime ed occupa meno posto nello zaino; la speciale valvola permette un\u2019idratazione rapida e senza sforzo. Realizzata in TPU (poliuretano termoplastico) senza PVC e BPA; il TPU \u00e8 insapore, elastico e non altera il gusto del contenuto, non presenta superfici dure a contatto col corpo e permette di vedere la quantit\u00e0 di liquido rimanente grazie alla sua trasparenza. La SF \u00e8 inoltre conforme alle norme europee e americane (US FDA) relative ai contenitori per alimenti; il suo utilizzo \u00e8 perfetto per il trail running, la corsa in montagna e tutte le attivit\u00e0 outdoor estive e invernali.\" \/>\n<meta property=\"og:url\" content=\"https:\/\/www.sestogrado.it\/en\/prodotto\/camp-sf-300-borraccia-soft-flask-comprimibile-da-300ml\/\" \/>\n<meta property=\"og:site_name\" content=\"Sestogrado\" \/>\n<meta property=\"article:publisher\" content=\"https:\/\/www.facebook.com\/pages\/Sestogrado\/1542635979353017?ref=bookmarks\" \/>\n<meta property=\"article:modified_time\" content=\"2025-05-07T10:40:14+00:00\" \/>\n<meta property=\"og:image\" content=\"https:\/\/www.sestogrado.it\/wp-content\/uploads\/2023\/02\/01-sf-300.jpg\" \/>\n\t<meta property=\"og:image:width\" content=\"1600\" \/>\n\t<meta property=\"og:image:height\" content=\"1600\" \/>\n\t<meta property=\"og:image:type\" content=\"image\/jpeg\" \/>\n<meta name=\"twitter:label1\" content=\"Price\" \/>\n\t<meta name=\"twitter:data1\" content=\"&euro;&nbsp;17,90\" \/>\n\t<meta name=\"twitter:label2\" content=\"Availability\" \/>\n\t<meta name=\"twitter:data2\" content=\"In stock\" \/>\n<script type=\"application\/ld+json\" class=\"yoast-schema-graph\">{\"@context\":\"https:\/\/schema.org\",\"@graph\":[{\"@type\":\"WebPage\",\"@id\":\"https:\/\/www.sestogrado.it\/en\/prodotto\/camp-sf-300-borraccia-soft-flask-comprimibile-da-300ml\/\",\"url\":\"https:\/\/www.sestogrado.it\/en\/prodotto\/camp-sf-300-borraccia-soft-flask-comprimibile-da-300ml\/\",\"name\":\"Camp SF 300 borraccia soft flask comprimibile da 300ml - Sestogrado\",\"isPartOf\":{\"@id\":\"https:\/\/www.sestogrado.it\/en\/#website\"},\"primaryImageOfPage\":{\"@id\":\"https:\/\/www.sestogrado.it\/en\/prodotto\/camp-sf-300-borraccia-soft-flask-comprimibile-da-300ml\/#primaryimage\"},\"image\":{\"@id\":\"https:\/\/www.sestogrado.it\/prodotto\/camp-sf-300-borraccia-soft-flask-comprimibile-da-300ml\/#primaryimage\"},\"thumbnailUrl\":\"https:\/\/www.sestogrado.it\/wp-content\/uploads\/2023\/02\/01-sf-300.jpg\",\"datePublished\":\"2023-02-15T07:56:35+00:00\",\"dateModified\":\"2025-05-07T10:40:14+00:00\",\"description\":\"La Camp SF 300 \u00e8 una borraccia soft flask comprimibile da 300ml, perfetta per i trail running e tutte le attivit\u00e0 outdoor. Dalle piccole dimensioni, pu\u00f2 essere riposta facilmente nelle tasche frontali degli spallacci dello zaino o del marsupio. Una volta vuota, si comprime ed occupa meno posto nello zaino; la speciale valvola permette un\u2019idratazione rapida e senza sforzo. Realizzata in TPU (poliuretano termoplastico) senza PVC e BPA; il TPU \u00e8 insapore, elastico e non altera il gusto del contenuto, non presenta superfici dure a contatto col corpo e permette di vedere la quantit\u00e0 di liquido rimanente grazie alla sua trasparenza. La SF \u00e8 inoltre conforme alle norme europee e americane (US FDA) relative ai contenitori per alimenti; il suo utilizzo \u00e8 perfetto per il trail running, la corsa in montagna e tutte le attivit\u00e0 outdoor estive e invernali.\",\"breadcrumb\":{\"@id\":\"https:\/\/www.sestogrado.it\/en\/prodotto\/camp-sf-300-borraccia-soft-flask-comprimibile-da-300ml\/#breadcrumb\"},\"inLanguage\":\"en-US\",\"potentialAction\":[{\"@type\":\"ReadAction\",\"target\":[[\"https:\/\/www.sestogrado.it\/en\/prodotto\/camp-sf-300-borraccia-soft-flask-comprimibile-da-300ml\/\"]]}]},{\"@type\":\"ImageObject\",\"inLanguage\":\"en-US\",\"@id\":\"https:\/\/www.sestogrado.it\/en\/prodotto\/camp-sf-300-borraccia-soft-flask-comprimibile-da-300ml\/#primaryimage\",\"url\":\"https:\/\/www.sestogrado.it\/wp-content\/uploads\/2023\/02\/01-sf-300.jpg\",\"contentUrl\":\"https:\/\/www.sestogrado.it\/wp-content\/uploads\/2023\/02\/01-sf-300.jpg\",\"width\":1600,\"height\":1600,\"caption\":\"camp sf 300\"},{\"@type\":\"BreadcrumbList\",\"@id\":\"https:\/\/www.sestogrado.it\/en\/prodotto\/camp-sf-300-borraccia-soft-flask-comprimibile-da-300ml\/#breadcrumb\",\"itemListElement\":[{\"@type\":\"ListItem\",\"position\":1,\"name\":\"Home\",\"item\":\"https:\/\/www.sestogrado.it\/en\/\"},{\"@type\":\"ListItem\",\"position\":2,\"name\":\"Shop\",\"item\":\"https:\/\/www.sestogrado.it\/en\/shop\/\"},{\"@type\":\"ListItem\",\"position\":3,\"name\":\"Camp SF 300 borraccia soft flask comprimibile da 300ml\"}]},{\"@type\":\"WebSite\",\"@id\":\"https:\/\/www.sestogrado.it\/en\/#website\",\"url\":\"https:\/\/www.sestogrado.it\/en\/\",\"name\":\"Sestogrado\",\"description\":\"yes we climb\",\"publisher\":{\"@id\":\"https:\/\/www.sestogrado.it\/en\/#organization\"},\"potentialAction\":[{\"@type\":\"SearchAction\",\"target\":{\"@type\":\"EntryPoint\",\"urlTemplate\":\"https:\/\/www.sestogrado.it\/en\/?s={search_term_string}\"},\"query-input\":{\"@type\":\"PropertyValueSpecification\",\"valueRequired\":true,\"valueName\":\"search_term_string\"}}],\"inLanguage\":\"en-US\"},{\"@type\":\"Organization\",\"@id\":\"https:\/\/www.sestogrado.it\/en\/#organization\",\"name\":\"Sestogrado\",\"url\":\"https:\/\/www.sestogrado.it\/en\/\",\"logo\":{\"@type\":\"ImageObject\",\"inLanguage\":\"en-US\",\"@id\":\"https:\/\/www.sestogrado.it\/en\/#\/schema\/logo\/image\/\",\"url\":\"https:\/\/www.sestogrado.it\/wp-content\/uploads\/2015\/03\/sestogrado-favicon.png\",\"contentUrl\":\"https:\/\/www.sestogrado.it\/wp-content\/uploads\/2015\/03\/sestogrado-favicon.png\",\"width\":260,\"height\":260,\"caption\":\"Sestogrado\"},\"image\":{\"@id\":\"https:\/\/www.sestogrado.it\/en\/#\/schema\/logo\/image\/\"},\"sameAs\":[\"https:\/\/www.facebook.com\/pages\/Sestogrado\/1542635979353017?ref=bookmarks\",\"https:\/\/www.youtube.com\/channel\/UC847kAfTkaJsWpc1jtQwr3Q\"],\"hasMerchantReturnPolicy\":{\"@type\":\"MerchantReturnPolicy\",\"merchantReturnLink\":\"https:\/\/www.sestogrado.it\/en\/termini-e-condizioni\/\"}}]}<\/script>\n<meta property=\"product:brand\" content=\"Camp\" \/>\n<meta property=\"product:price:amount\" content=\"17.90\" \/>\n<meta property=\"product:price:currency\" content=\"EUR\" \/>\n<meta property=\"og:availability\" content=\"instock\" \/>\n<meta property=\"product:availability\" content=\"instock\" \/>\n<meta property=\"product:condition\" content=\"new\" \/>\n<!-- \/ Yoast SEO plugin. -->","yoast_head_json":{"title":"Camp SF 300 borraccia soft flask comprimibile da 300ml - Sestogrado","description":"La Camp SF 300 \u00e8 una borraccia soft flask comprimibile da 300ml, perfetta per i trail running e tutte le attivit\u00e0 outdoor. Dalle piccole dimensioni, pu\u00f2 essere riposta facilmente nelle tasche frontali degli spallacci dello zaino o del marsupio. Una volta vuota, si comprime ed occupa meno posto nello zaino; la speciale valvola permette un\u2019idratazione rapida e senza sforzo. Realizzata in TPU (poliuretano termoplastico) senza PVC e BPA; il TPU \u00e8 insapore, elastico e non altera il gusto del contenuto, non presenta superfici dure a contatto col corpo e permette di vedere la quantit\u00e0 di liquido rimanente grazie alla sua trasparenza. La SF \u00e8 inoltre conforme alle norme europee e americane (US FDA) relative ai contenitori per alimenti; il suo utilizzo \u00e8 perfetto per il trail running, la corsa in montagna e tutte le attivit\u00e0 outdoor estive e invernali.","robots":{"index":"index","follow":"follow","max-snippet":"max-snippet:-1","max-image-preview":"max-image-preview:large","max-video-preview":"max-video-preview:-1"},"canonical":"https:\/\/www.sestogrado.it\/en\/prodotto\/camp-sf-300-borraccia-soft-flask-comprimibile-da-300ml\/","og_locale":"en_US","og_type":"article","og_title":"Camp SF 300 borraccia soft flask comprimibile da 300ml - Sestogrado","og_description":"La Camp SF 300 \u00e8 una borraccia soft flask comprimibile da 300ml, perfetta per i trail running e tutte le attivit\u00e0 outdoor. Dalle piccole dimensioni, pu\u00f2 essere riposta facilmente nelle tasche frontali degli spallacci dello zaino o del marsupio. Una volta vuota, si comprime ed occupa meno posto nello zaino; la speciale valvola permette un\u2019idratazione rapida e senza sforzo. Realizzata in TPU (poliuretano termoplastico) senza PVC e BPA; il TPU \u00e8 insapore, elastico e non altera il gusto del contenuto, non presenta superfici dure a contatto col corpo e permette di vedere la quantit\u00e0 di liquido rimanente grazie alla sua trasparenza. La SF \u00e8 inoltre conforme alle norme europee e americane (US FDA) relative ai contenitori per alimenti; il suo utilizzo \u00e8 perfetto per il trail running, la corsa in montagna e tutte le attivit\u00e0 outdoor estive e invernali.","og_url":"https:\/\/www.sestogrado.it\/en\/prodotto\/camp-sf-300-borraccia-soft-flask-comprimibile-da-300ml\/","og_site_name":"Sestogrado","article_publisher":"https:\/\/www.facebook.com\/pages\/Sestogrado\/1542635979353017?ref=bookmarks","article_modified_time":"2025-05-07T10:40:14+00:00","og_image":[{"width":1600,"height":1600,"url":"https:\/\/www.sestogrado.it\/wp-content\/uploads\/2023\/02\/01-sf-300.jpg","type":"image\/jpeg"}],"twitter_misc":{"Price":"&euro;&nbsp;17,90","Availability":"In stock"},"schema":{"@context":"https:\/\/schema.org","@graph":[{"@type":"WebPage","@id":"https:\/\/www.sestogrado.it\/en\/prodotto\/camp-sf-300-borraccia-soft-flask-comprimibile-da-300ml\/","url":"https:\/\/www.sestogrado.it\/en\/prodotto\/camp-sf-300-borraccia-soft-flask-comprimibile-da-300ml\/","name":"Camp SF 300 borraccia soft flask comprimibile da 300ml - Sestogrado","isPartOf":{"@id":"https:\/\/www.sestogrado.it\/en\/#website"},"primaryImageOfPage":{"@id":"https:\/\/www.sestogrado.it\/en\/prodotto\/camp-sf-300-borraccia-soft-flask-comprimibile-da-300ml\/#primaryimage"},"image":{"@id":"https:\/\/www.sestogrado.it\/prodotto\/camp-sf-300-borraccia-soft-flask-comprimibile-da-300ml\/#primaryimage"},"thumbnailUrl":"https:\/\/www.sestogrado.it\/wp-content\/uploads\/2023\/02\/01-sf-300.jpg","datePublished":"2023-02-15T07:56:35+00:00","dateModified":"2025-05-07T10:40:14+00:00","description":"La Camp SF 300 \u00e8 una borraccia soft flask comprimibile da 300ml, perfetta per i trail running e tutte le attivit\u00e0 outdoor. Dalle piccole dimensioni, pu\u00f2 essere riposta facilmente nelle tasche frontali degli spallacci dello zaino o del marsupio. Una volta vuota, si comprime ed occupa meno posto nello zaino; la speciale valvola permette un\u2019idratazione rapida e senza sforzo. Realizzata in TPU (poliuretano termoplastico) senza PVC e BPA; il TPU \u00e8 insapore, elastico e non altera il gusto del contenuto, non presenta superfici dure a contatto col corpo e permette di vedere la quantit\u00e0 di liquido rimanente grazie alla sua trasparenza. La SF \u00e8 inoltre conforme alle norme europee e americane (US FDA) relative ai contenitori per alimenti; il suo utilizzo \u00e8 perfetto per il trail running, la corsa in montagna e tutte le attivit\u00e0 outdoor estive e invernali.","breadcrumb":{"@id":"https:\/\/www.sestogrado.it\/en\/prodotto\/camp-sf-300-borraccia-soft-flask-comprimibile-da-300ml\/#breadcrumb"},"inLanguage":"en-US","potentialAction":[{"@type":"ReadAction","target":[["https:\/\/www.sestogrado.it\/en\/prodotto\/camp-sf-300-borraccia-soft-flask-comprimibile-da-300ml\/"]]}]},{"@type":"ImageObject","inLanguage":"en-US","@id":"https:\/\/www.sestogrado.it\/en\/prodotto\/camp-sf-300-borraccia-soft-flask-comprimibile-da-300ml\/#primaryimage","url":"https:\/\/www.sestogrado.it\/wp-content\/uploads\/2023\/02\/01-sf-300.jpg","contentUrl":"https:\/\/www.sestogrado.it\/wp-content\/uploads\/2023\/02\/01-sf-300.jpg","width":1600,"height":1600,"caption":"camp sf 300"},{"@type":"BreadcrumbList","@id":"https:\/\/www.sestogrado.it\/en\/prodotto\/camp-sf-300-borraccia-soft-flask-comprimibile-da-300ml\/#breadcrumb","itemListElement":[{"@type":"ListItem","position":1,"name":"Home","item":"https:\/\/www.sestogrado.it\/en\/"},{"@type":"ListItem","position":2,"name":"Shop","item":"https:\/\/www.sestogrado.it\/en\/shop\/"},{"@type":"ListItem","position":3,"name":"Camp SF 300 borraccia soft flask comprimibile da 300ml"}]},{"@type":"WebSite","@id":"https:\/\/www.sestogrado.it\/en\/#website","url":"https:\/\/www.sestogrado.it\/en\/","name":"Sestogrado","description":"yes we climb","publisher":{"@id":"https:\/\/www.sestogrado.it\/en\/#organization"},"potentialAction":[{"@type":"SearchAction","target":{"@type":"EntryPoint","urlTemplate":"https:\/\/www.sestogrado.it\/en\/?s={search_term_string}"},"query-input":{"@type":"PropertyValueSpecification","valueRequired":true,"valueName":"search_term_string"}}],"inLanguage":"en-US"},{"@type":"Organization","@id":"https:\/\/www.sestogrado.it\/en\/#organization","name":"Sestogrado","url":"https:\/\/www.sestogrado.it\/en\/","logo":{"@type":"ImageObject","inLanguage":"en-US","@id":"https:\/\/www.sestogrado.it\/en\/#\/schema\/logo\/image\/","url":"https:\/\/www.sestogrado.it\/wp-content\/uploads\/2015\/03\/sestogrado-favicon.png","contentUrl":"https:\/\/www.sestogrado.it\/wp-content\/uploads\/2015\/03\/sestogrado-favicon.png","width":260,"height":260,"caption":"Sestogrado"},"image":{"@id":"https:\/\/www.sestogrado.it\/en\/#\/schema\/logo\/image\/"},"sameAs":["https:\/\/www.facebook.com\/pages\/Sestogrado\/1542635979353017?ref=bookmarks","https:\/\/www.youtube.com\/channel\/UC847kAfTkaJsWpc1jtQwr3Q"],"hasMerchantReturnPolicy":{"@type":"MerchantReturnPolicy","merchantReturnLink":"https:\/\/www.sestogrado.it\/en\/termini-e-condizioni\/"}}]},"product_brand":"Camp","product_price_amount":"17.90","product_price_currency":"EUR","og_availability":"instock","product_availability":"instock","product_condition":"new"},"_links":{"self":[{"href":"https:\/\/www.sestogrado.it\/en\/wp-json\/wp\/v2\/product\/124974","targetHints":{"allow":["GET"]}}],"collection":[{"href":"https:\/\/www.sestogrado.it\/en\/wp-json\/wp\/v2\/product"}],"about":[{"href":"https:\/\/www.sestogrado.it\/en\/wp-json\/wp\/v2\/types\/product"}],"replies":[{"embeddable":true,"href":"https:\/\/www.sestogrado.it\/en\/wp-json\/wp\/v2\/comments?post=124974"}],"wp:featuredmedia":[{"embeddable":true,"href":"https:\/\/www.sestogrado.it\/en\/wp-json\/wp\/v2\/media\/124975"}],"wp:attachment":[{"href":"https:\/\/www.sestogrado.it\/en\/wp-json\/wp\/v2\/media?parent=124974"}],"wp:term":[{"taxonomy":"product_brand","embeddable":true,"href":"https:\/\/www.sestogrado.it\/en\/wp-json\/wp\/v2\/product_brand?post=124974"},{"taxonomy":"product_cat","embeddable":true,"href":"https:\/\/www.sestogrado.it\/en\/wp-json\/wp\/v2\/product_cat?post=124974"},{"taxonomy":"product_tag","embeddable":true,"href":"https:\/\/www.sestogrado.it\/en\/wp-json\/wp\/v2\/product_tag?post=124974"}],"curies":[{"name":"wp","href":"https:\/\/api.w.org\/{rel}","templated":true}]}}