{"id":12200,"date":"2017-07-17T14:51:55","date_gmt":"2017-07-17T12:51:55","guid":{"rendered":"http:\/\/www.sestogrado.it\/?post_type=product&#038;p=12200"},"modified":"2025-01-01T15:50:56","modified_gmt":"2025-01-01T14:50:56","slug":"idea-montagna-ghiaccio-verticale-le-piu-belle-cascate-delle-alpi-orientali-vol-1","status":"publish","type":"product","link":"https:\/\/www.sestogrado.it\/en\/prodotto\/idea-montagna-ghiaccio-verticale-le-piu-belle-cascate-delle-alpi-orientali-vol-1\/","title":{"rendered":"Ghiaccio Verticale &#8211; The Eastern Alps&#8217; top climbing Icefalls (Vol. 1)"},"content":{"rendered":"<p><strong>Ghiaccio Verticale &#8211; The most beautiful icefalls of the Eastern Alps (Vol. 1)<\/strong> is a report compiled by sketches, maps and photographs of 400 icefalls of the Brescia Alps, Western Trentino and South Tyrol.<\/p>\n<p>The guide, revised and expanded, offers an even more detailed description of the streets, bringing together many of the new ones. The search for new routes and low valleys and thanks to the passion and love for this discipline and the constant and accurate search of the material, &#8220;Ghiaccio Verticale&#8221; offers ice-breakers a wide choice of icefalls in comfortable valleys as well as the more difficult to reach. The photos, enhanced in quality, enrich the already detailed relationships, allowing better climb identification and faster guidance consultation.<\/p>\n<p><strong>&#8220;Ghiaccio Verticale&#8221; <\/strong>&#8211; \u00a0The Eastern Alps&#8217; top climbing icefalls (Vol. 1) is a guide that should not be missed in the library of any ice enthusiast.<\/p>\n<p>&nbsp;<\/p>\n<p>&nbsp;<\/p>\n<p><strong>Francesco Cappellari<\/strong>, born in Padua in 1959, is a National Instructor for Mountaineering and Ski Mountaineering, member of the Central School of Mountaineering. Always in this area, in the CAI schools, he works as a developer of dynamics progression techniques. He began climbing the icefalls in 1990 by first tracing the classic streets to face new openings and unknown areas. It has a remarkable mountaineering activity ranging from climbing on rock and ice in the Dolomites, Mont Blanc and Scotland. He participated in six extra-European expeditions to reach the peaks of the Shakaur Peak (7116 m) in Pakistani Hindukush, Alpamayo and Peru&#8217;s Huascaran Sur, and was elected expedition chief to Broad Peak and Gasherbrum II where he reached the summit (8035 m). Author of successful works such as Ghiaccio Verticale, the most beautiful icefalls of the Eastern Alps, Mountain Bike in Val di Fassa, Ferrate in Cortina and the mountain guides dedicated to the Brenta Dolomites, Cappellari is also the owner of the Publishing House Idea Mountain Publishing and Mountaineering.<\/p>\n<p>&nbsp;<\/p>\n<p>Born in 2005, the Sports Association Idea Montagna proposes mountain-related initiatives, from mountaineering training and ski mountaineering to mountaineering and non-European expeditions. The Association also has, among its objectives, the respect and safeguard of the mountain environment. Every partner shares his mountaineering aspirations with these values \u200b\u200bwith the clear conviction that only then can the mountains and mountaineering be experienced by future generations.<\/p>\n<p>Idea Mountains publications distinguishes itself with modern graphics and impact. The published volumes have all been successful in both critical and sales successes. The first two books, released at the end of 2006, concern the great passion of the founder: climbing on ice cascades. The volumes &#8220;Ice Vertical 1&#8221; and &#8220;Ice Vertical 2&#8221; have in fact become the reference guides of all the northeastern icebreakers and beyond.<\/p>\n<p>In the wake of this success, the Association has published volumes of other mountaineers, quickly reaching for good levels of satisfaction and is looking for other authors for new works.<\/p>\n<p>https:\/\/www.slideshare.net\/IdeaMontagna\/libro-ghiaccio-verticale1<\/p>","protected":false},"excerpt":{"rendered":"<p>Ghiaccio Verticale &#8211; The most beautiful icefalls of the Eastern Alps (Vol. 1) is a report compiled by sketches, maps [&hellip;]<\/p>\n","protected":false},"featured_media":12203,"comment_status":"open","ping_status":"closed","template":"","meta":{"_acf_changed":false},"product_brand":[331],"product_cat":[98],"product_tag":[],"class_list":{"0":"post-12200","1":"product","2":"type-product","3":"status-publish","4":"has-post-thumbnail","6":"product_brand-idea-montagna","7":"product_cat-libri","9":"first","10":"instock","11":"taxable","12":"shipping-taxable","13":"purchasable","14":"product-type-simple"},"acf":[],"yoast_head":"<!-- This site is optimized with the Yoast SEO plugin v26.4 - https:\/\/yoast.com\/wordpress\/plugins\/seo\/ -->\n<title>Ghiaccio Verticale - The Eastern Alps&#039; top climbing Icefalls (Vol. 1) - Sestogrado<\/title>\n<meta name=\"description\" content=\"Ghiaccio Verticale - Le pi\u00f9 belle cascate delle Alpi Orientali (Vol. 1) \u00e8 un report dettagliato sulle 400 cascate di ghiaccio pi\u00f9 belle delle Alpi Orientali\" \/>\n<meta name=\"robots\" content=\"index, follow, max-snippet:-1, max-image-preview:large, max-video-preview:-1\" \/>\n<link rel=\"canonical\" href=\"https:\/\/www.sestogrado.it\/en\/prodotto\/idea-montagna-ghiaccio-verticale-le-piu-belle-cascate-delle-alpi-orientali-vol-1\/\" \/>\n<meta property=\"og:locale\" content=\"en_US\" \/>\n<meta property=\"og:type\" content=\"article\" \/>\n<meta property=\"og:title\" content=\"Ghiaccio Verticale - The Eastern Alps&#039; top climbing Icefalls (Vol. 1) - Sestogrado\" \/>\n<meta property=\"og:description\" content=\"Ghiaccio Verticale - Le pi\u00f9 belle cascate delle Alpi Orientali (Vol. 1) \u00e8 un report dettagliato sulle 400 cascate di ghiaccio pi\u00f9 belle delle Alpi Orientali\" \/>\n<meta property=\"og:url\" content=\"https:\/\/www.sestogrado.it\/en\/prodotto\/idea-montagna-ghiaccio-verticale-le-piu-belle-cascate-delle-alpi-orientali-vol-1\/\" \/>\n<meta property=\"og:site_name\" content=\"Sestogrado\" \/>\n<meta property=\"article:publisher\" content=\"https:\/\/www.facebook.com\/pages\/Sestogrado\/1542635979353017?ref=bookmarks\" \/>\n<meta property=\"article:modified_time\" content=\"2025-01-01T14:50:56+00:00\" \/>\n<meta property=\"og:image\" content=\"https:\/\/www.sestogrado.it\/wp-content\/uploads\/2017\/07\/Ghiaccio-Verticale-Vol.-1-1.jpg\" \/>\n\t<meta property=\"og:image:width\" content=\"900\" \/>\n\t<meta property=\"og:image:height\" content=\"1200\" \/>\n\t<meta property=\"og:image:type\" content=\"image\/jpeg\" \/>\n<meta name=\"twitter:label1\" content=\"Price\" \/>\n\t<meta name=\"twitter:data1\" content=\"&euro;&nbsp;18,00\" \/>\n\t<meta name=\"twitter:label2\" content=\"Availability\" \/>\n\t<meta name=\"twitter:data2\" content=\"In stock\" \/>\n<script type=\"application\/ld+json\" class=\"yoast-schema-graph\">{\"@context\":\"https:\/\/schema.org\",\"@graph\":[{\"@type\":\"WebPage\",\"@id\":\"https:\/\/www.sestogrado.it\/en\/prodotto\/idea-montagna-ghiaccio-verticale-le-piu-belle-cascate-delle-alpi-orientali-vol-1\/\",\"url\":\"https:\/\/www.sestogrado.it\/en\/prodotto\/idea-montagna-ghiaccio-verticale-le-piu-belle-cascate-delle-alpi-orientali-vol-1\/\",\"name\":\"Ghiaccio Verticale - The Eastern Alps' top climbing Icefalls (Vol. 1) - Sestogrado\",\"isPartOf\":{\"@id\":\"https:\/\/www.sestogrado.it\/en\/#website\"},\"primaryImageOfPage\":{\"@id\":\"https:\/\/www.sestogrado.it\/en\/prodotto\/idea-montagna-ghiaccio-verticale-le-piu-belle-cascate-delle-alpi-orientali-vol-1\/#primaryimage\"},\"image\":{\"@id\":\"https:\/\/www.sestogrado.it\/prodotto\/idea-montagna-ghiaccio-verticale-le-piu-belle-cascate-delle-alpi-orientali-vol-1\/#primaryimage\"},\"thumbnailUrl\":\"https:\/\/www.sestogrado.it\/wp-content\/uploads\/2017\/07\/Ghiaccio-Verticale-Vol.-1-1.jpg\",\"datePublished\":\"2017-07-17T12:51:55+00:00\",\"dateModified\":\"2025-01-01T14:50:56+00:00\",\"description\":\"Ghiaccio Verticale - Le pi\u00f9 belle cascate delle Alpi Orientali (Vol. 1) \u00e8 un report dettagliato sulle 400 cascate di ghiaccio pi\u00f9 belle delle Alpi Orientali\",\"breadcrumb\":{\"@id\":\"https:\/\/www.sestogrado.it\/en\/prodotto\/idea-montagna-ghiaccio-verticale-le-piu-belle-cascate-delle-alpi-orientali-vol-1\/#breadcrumb\"},\"inLanguage\":\"en-US\",\"potentialAction\":[{\"@type\":\"ReadAction\",\"target\":[[\"https:\/\/www.sestogrado.it\/en\/prodotto\/idea-montagna-ghiaccio-verticale-le-piu-belle-cascate-delle-alpi-orientali-vol-1\/\"]]}]},{\"@type\":\"ImageObject\",\"inLanguage\":\"en-US\",\"@id\":\"https:\/\/www.sestogrado.it\/en\/prodotto\/idea-montagna-ghiaccio-verticale-le-piu-belle-cascate-delle-alpi-orientali-vol-1\/#primaryimage\",\"url\":\"https:\/\/www.sestogrado.it\/wp-content\/uploads\/2017\/07\/Ghiaccio-Verticale-Vol.-1-1.jpg\",\"contentUrl\":\"https:\/\/www.sestogrado.it\/wp-content\/uploads\/2017\/07\/Ghiaccio-Verticale-Vol.-1-1.jpg\",\"width\":900,\"height\":1200,\"caption\":\"Ghiaccio Verticale Vol. 1 le pi\u00f9 belle cascate di ghiaccio delle Alpi Orientali\"},{\"@type\":\"BreadcrumbList\",\"@id\":\"https:\/\/www.sestogrado.it\/en\/prodotto\/idea-montagna-ghiaccio-verticale-le-piu-belle-cascate-delle-alpi-orientali-vol-1\/#breadcrumb\",\"itemListElement\":[{\"@type\":\"ListItem\",\"position\":1,\"name\":\"Home\",\"item\":\"https:\/\/www.sestogrado.it\/en\/\"},{\"@type\":\"ListItem\",\"position\":2,\"name\":\"Shop\",\"item\":\"https:\/\/www.sestogrado.it\/en\/shop\/\"},{\"@type\":\"ListItem\",\"position\":3,\"name\":\"Idea Montagna Ghiaccio Verticale &#8211; Le pi\u00f9 belle cascate delle Alpi Orientali (Vol. 1)\"}]},{\"@type\":\"WebSite\",\"@id\":\"https:\/\/www.sestogrado.it\/en\/#website\",\"url\":\"https:\/\/www.sestogrado.it\/en\/\",\"name\":\"Sestogrado\",\"description\":\"yes we climb\",\"publisher\":{\"@id\":\"https:\/\/www.sestogrado.it\/en\/#organization\"},\"potentialAction\":[{\"@type\":\"SearchAction\",\"target\":{\"@type\":\"EntryPoint\",\"urlTemplate\":\"https:\/\/www.sestogrado.it\/en\/?s={search_term_string}\"},\"query-input\":{\"@type\":\"PropertyValueSpecification\",\"valueRequired\":true,\"valueName\":\"search_term_string\"}}],\"inLanguage\":\"en-US\"},{\"@type\":\"Organization\",\"@id\":\"https:\/\/www.sestogrado.it\/en\/#organization\",\"name\":\"Sestogrado\",\"url\":\"https:\/\/www.sestogrado.it\/en\/\",\"logo\":{\"@type\":\"ImageObject\",\"inLanguage\":\"en-US\",\"@id\":\"https:\/\/www.sestogrado.it\/en\/#\/schema\/logo\/image\/\",\"url\":\"https:\/\/www.sestogrado.it\/wp-content\/uploads\/2015\/03\/sestogrado-favicon.png\",\"contentUrl\":\"https:\/\/www.sestogrado.it\/wp-content\/uploads\/2015\/03\/sestogrado-favicon.png\",\"width\":260,\"height\":260,\"caption\":\"Sestogrado\"},\"image\":{\"@id\":\"https:\/\/www.sestogrado.it\/en\/#\/schema\/logo\/image\/\"},\"sameAs\":[\"https:\/\/www.facebook.com\/pages\/Sestogrado\/1542635979353017?ref=bookmarks\",\"https:\/\/www.youtube.com\/channel\/UC847kAfTkaJsWpc1jtQwr3Q\"],\"hasMerchantReturnPolicy\":{\"@type\":\"MerchantReturnPolicy\",\"merchantReturnLink\":\"https:\/\/www.sestogrado.it\/en\/termini-e-condizioni\/\"}}]}<\/script>\n<meta property=\"product:brand\" content=\"Idea Montagna\" \/>\n<meta property=\"product:price:amount\" content=\"18.00\" \/>\n<meta property=\"product:price:currency\" content=\"EUR\" \/>\n<meta property=\"og:availability\" content=\"instock\" \/>\n<meta property=\"product:availability\" content=\"instock\" \/>\n<meta property=\"product:condition\" content=\"new\" \/>\n<!-- \/ Yoast SEO plugin. -->","yoast_head_json":{"title":"Ghiaccio Verticale - The Eastern Alps' top climbing Icefalls (Vol. 1) - Sestogrado","description":"Ghiaccio Verticale - Le pi\u00f9 belle cascate delle Alpi Orientali (Vol. 1) \u00e8 un report dettagliato sulle 400 cascate di ghiaccio pi\u00f9 belle delle Alpi Orientali","robots":{"index":"index","follow":"follow","max-snippet":"max-snippet:-1","max-image-preview":"max-image-preview:large","max-video-preview":"max-video-preview:-1"},"canonical":"https:\/\/www.sestogrado.it\/en\/prodotto\/idea-montagna-ghiaccio-verticale-le-piu-belle-cascate-delle-alpi-orientali-vol-1\/","og_locale":"en_US","og_type":"article","og_title":"Ghiaccio Verticale - The Eastern Alps' top climbing Icefalls (Vol. 1) - Sestogrado","og_description":"Ghiaccio Verticale - Le pi\u00f9 belle cascate delle Alpi Orientali (Vol. 1) \u00e8 un report dettagliato sulle 400 cascate di ghiaccio pi\u00f9 belle delle Alpi Orientali","og_url":"https:\/\/www.sestogrado.it\/en\/prodotto\/idea-montagna-ghiaccio-verticale-le-piu-belle-cascate-delle-alpi-orientali-vol-1\/","og_site_name":"Sestogrado","article_publisher":"https:\/\/www.facebook.com\/pages\/Sestogrado\/1542635979353017?ref=bookmarks","article_modified_time":"2025-01-01T14:50:56+00:00","og_image":[{"width":900,"height":1200,"url":"https:\/\/www.sestogrado.it\/wp-content\/uploads\/2017\/07\/Ghiaccio-Verticale-Vol.-1-1.jpg","type":"image\/jpeg"}],"twitter_misc":{"Price":"&euro;&nbsp;18,00","Availability":"In stock"},"schema":{"@context":"https:\/\/schema.org","@graph":[{"@type":"WebPage","@id":"https:\/\/www.sestogrado.it\/en\/prodotto\/idea-montagna-ghiaccio-verticale-le-piu-belle-cascate-delle-alpi-orientali-vol-1\/","url":"https:\/\/www.sestogrado.it\/en\/prodotto\/idea-montagna-ghiaccio-verticale-le-piu-belle-cascate-delle-alpi-orientali-vol-1\/","name":"Ghiaccio Verticale - The Eastern Alps' top climbing Icefalls (Vol. 1) - Sestogrado","isPartOf":{"@id":"https:\/\/www.sestogrado.it\/en\/#website"},"primaryImageOfPage":{"@id":"https:\/\/www.sestogrado.it\/en\/prodotto\/idea-montagna-ghiaccio-verticale-le-piu-belle-cascate-delle-alpi-orientali-vol-1\/#primaryimage"},"image":{"@id":"https:\/\/www.sestogrado.it\/prodotto\/idea-montagna-ghiaccio-verticale-le-piu-belle-cascate-delle-alpi-orientali-vol-1\/#primaryimage"},"thumbnailUrl":"https:\/\/www.sestogrado.it\/wp-content\/uploads\/2017\/07\/Ghiaccio-Verticale-Vol.-1-1.jpg","datePublished":"2017-07-17T12:51:55+00:00","dateModified":"2025-01-01T14:50:56+00:00","description":"Ghiaccio Verticale - Le pi\u00f9 belle cascate delle Alpi Orientali (Vol. 1) \u00e8 un report dettagliato sulle 400 cascate di ghiaccio pi\u00f9 belle delle Alpi Orientali","breadcrumb":{"@id":"https:\/\/www.sestogrado.it\/en\/prodotto\/idea-montagna-ghiaccio-verticale-le-piu-belle-cascate-delle-alpi-orientali-vol-1\/#breadcrumb"},"inLanguage":"en-US","potentialAction":[{"@type":"ReadAction","target":[["https:\/\/www.sestogrado.it\/en\/prodotto\/idea-montagna-ghiaccio-verticale-le-piu-belle-cascate-delle-alpi-orientali-vol-1\/"]]}]},{"@type":"ImageObject","inLanguage":"en-US","@id":"https:\/\/www.sestogrado.it\/en\/prodotto\/idea-montagna-ghiaccio-verticale-le-piu-belle-cascate-delle-alpi-orientali-vol-1\/#primaryimage","url":"https:\/\/www.sestogrado.it\/wp-content\/uploads\/2017\/07\/Ghiaccio-Verticale-Vol.-1-1.jpg","contentUrl":"https:\/\/www.sestogrado.it\/wp-content\/uploads\/2017\/07\/Ghiaccio-Verticale-Vol.-1-1.jpg","width":900,"height":1200,"caption":"Ghiaccio Verticale Vol. 1 le pi\u00f9 belle cascate di ghiaccio delle Alpi Orientali"},{"@type":"BreadcrumbList","@id":"https:\/\/www.sestogrado.it\/en\/prodotto\/idea-montagna-ghiaccio-verticale-le-piu-belle-cascate-delle-alpi-orientali-vol-1\/#breadcrumb","itemListElement":[{"@type":"ListItem","position":1,"name":"Home","item":"https:\/\/www.sestogrado.it\/en\/"},{"@type":"ListItem","position":2,"name":"Shop","item":"https:\/\/www.sestogrado.it\/en\/shop\/"},{"@type":"ListItem","position":3,"name":"Idea Montagna Ghiaccio Verticale &#8211; Le pi\u00f9 belle cascate delle Alpi Orientali (Vol. 1)"}]},{"@type":"WebSite","@id":"https:\/\/www.sestogrado.it\/en\/#website","url":"https:\/\/www.sestogrado.it\/en\/","name":"Sestogrado","description":"yes we climb","publisher":{"@id":"https:\/\/www.sestogrado.it\/en\/#organization"},"potentialAction":[{"@type":"SearchAction","target":{"@type":"EntryPoint","urlTemplate":"https:\/\/www.sestogrado.it\/en\/?s={search_term_string}"},"query-input":{"@type":"PropertyValueSpecification","valueRequired":true,"valueName":"search_term_string"}}],"inLanguage":"en-US"},{"@type":"Organization","@id":"https:\/\/www.sestogrado.it\/en\/#organization","name":"Sestogrado","url":"https:\/\/www.sestogrado.it\/en\/","logo":{"@type":"ImageObject","inLanguage":"en-US","@id":"https:\/\/www.sestogrado.it\/en\/#\/schema\/logo\/image\/","url":"https:\/\/www.sestogrado.it\/wp-content\/uploads\/2015\/03\/sestogrado-favicon.png","contentUrl":"https:\/\/www.sestogrado.it\/wp-content\/uploads\/2015\/03\/sestogrado-favicon.png","width":260,"height":260,"caption":"Sestogrado"},"image":{"@id":"https:\/\/www.sestogrado.it\/en\/#\/schema\/logo\/image\/"},"sameAs":["https:\/\/www.facebook.com\/pages\/Sestogrado\/1542635979353017?ref=bookmarks","https:\/\/www.youtube.com\/channel\/UC847kAfTkaJsWpc1jtQwr3Q"],"hasMerchantReturnPolicy":{"@type":"MerchantReturnPolicy","merchantReturnLink":"https:\/\/www.sestogrado.it\/en\/termini-e-condizioni\/"}}]},"product_brand":"Idea Montagna","product_price_amount":"18.00","product_price_currency":"EUR","og_availability":"instock","product_availability":"instock","product_condition":"new"},"_links":{"self":[{"href":"https:\/\/www.sestogrado.it\/en\/wp-json\/wp\/v2\/product\/12200","targetHints":{"allow":["GET"]}}],"collection":[{"href":"https:\/\/www.sestogrado.it\/en\/wp-json\/wp\/v2\/product"}],"about":[{"href":"https:\/\/www.sestogrado.it\/en\/wp-json\/wp\/v2\/types\/product"}],"replies":[{"embeddable":true,"href":"https:\/\/www.sestogrado.it\/en\/wp-json\/wp\/v2\/comments?post=12200"}],"wp:featuredmedia":[{"embeddable":true,"href":"https:\/\/www.sestogrado.it\/en\/wp-json\/wp\/v2\/media\/12203"}],"wp:attachment":[{"href":"https:\/\/www.sestogrado.it\/en\/wp-json\/wp\/v2\/media?parent=12200"}],"wp:term":[{"taxonomy":"product_brand","embeddable":true,"href":"https:\/\/www.sestogrado.it\/en\/wp-json\/wp\/v2\/product_brand?post=12200"},{"taxonomy":"product_cat","embeddable":true,"href":"https:\/\/www.sestogrado.it\/en\/wp-json\/wp\/v2\/product_cat?post=12200"},{"taxonomy":"product_tag","embeddable":true,"href":"https:\/\/www.sestogrado.it\/en\/wp-json\/wp\/v2\/product_tag?post=12200"}],"curies":[{"name":"wp","href":"https:\/\/api.w.org\/{rel}","templated":true}]}}