{"id":117487,"date":"2022-11-16T08:36:34","date_gmt":"2022-11-16T07:36:34","guid":{"rendered":"https:\/\/www.sestogrado.it\/?post_type=product&#038;p=117487"},"modified":"2026-04-05T22:06:52","modified_gmt":"2026-04-05T20:06:52","slug":"camp-g-air-guanti-traspiranti-antivento","status":"publish","type":"product","link":"https:\/\/www.sestogrado.it\/en\/prodotto\/camp-g-air-guanti-traspiranti-antivento\/","title":{"rendered":"Camp G Air guanti traspiranti antivento"},"content":{"rendered":"<p class=\"qtranxs-available-languages-message qtranxs-available-languages-message-en\">Sorry, this entry is only available in <a href=\"https:\/\/www.sestogrado.it\/it\/wp-json\/wp\/v2\/product\/117487\" class=\"qtranxs-available-language-link qtranxs-available-language-link-it\" title=\"Italiano\">Italiano<\/a>.<\/p>","protected":false},"excerpt":{"rendered":"<p>Sorry, this entry is only available in Italiano.<\/p>\n","protected":false},"featured_media":117488,"comment_status":"open","ping_status":"closed","template":"","meta":{"_acf_changed":false},"product_brand":[31],"product_cat":[1427],"product_tag":[],"class_list":{"0":"post-117487","1":"product","2":"type-product","3":"status-publish","4":"has-post-thumbnail","6":"product_brand-camp","7":"product_cat-outdoor","9":"first","10":"instock","11":"sale","12":"taxable","13":"shipping-taxable","14":"purchasable","15":"product-type-variable"},"acf":[],"yoast_head":"<!-- This site is optimized with the Yoast SEO plugin v26.4 - https:\/\/yoast.com\/wordpress\/plugins\/seo\/ -->\n<title>Camp G Air guanti traspiranti antivento - Sestogrado<\/title>\n<meta name=\"description\" content=\"I Camp G Air sono dei guanti traspiranti e antivento, ideali per attivit\u00e0 outdoor quando il freddo non \u00e8 eccessivo. Il comfort della mano, in queste situazioni, \u00e8 garantito dal dorso antivento, dall\u2019imbottitura in PrimaLoft\u00ae Gold e dal palmo traspirante. Il G Air si distingue per la sua costruzione aderente, che assicura un\u2019eccezionale sensibilit\u00e0 e la possibilit\u00e0 di svolgere operazioni di precisione senza toglierlo. Le stampe Grip\u2019R in silicone sul palmo e sulle dita garantiscono una presa saldissima su bastoncini e piccozze, rendendo il prodotto ideale tanto per le escursioni in quota quanto per le cascate di ghiaccio, dove conviene usarlo mentre si scala per sostituirlo con un guanto pi\u00f9 caldo quando si \u00e8 fermi in sosta. Per gli scialpinisti, invece, il G Air \u00e8 una valida opzione in salita, tenendo presente che salvo atleti molto calorosi o condizioni non troppo fredde, \u00e8 sempre necessario avere con s\u00e9 un paio di guanti pi\u00f9 protettivi per la discesa.\" \/>\n<meta name=\"robots\" content=\"index, follow, max-snippet:-1, max-image-preview:large, max-video-preview:-1\" \/>\n<link rel=\"canonical\" href=\"https:\/\/www.sestogrado.it\/en\/prodotto\/camp-g-air-guanti-traspiranti-antivento\/\" \/>\n<meta property=\"og:locale\" content=\"en_US\" \/>\n<meta property=\"og:type\" content=\"article\" \/>\n<meta property=\"og:title\" content=\"Camp G Air guanti traspiranti antivento - Sestogrado\" \/>\n<meta property=\"og:description\" content=\"I Camp G Air sono dei guanti traspiranti e antivento, ideali per attivit\u00e0 outdoor quando il freddo non \u00e8 eccessivo. Il comfort della mano, in queste situazioni, \u00e8 garantito dal dorso antivento, dall\u2019imbottitura in PrimaLoft\u00ae Gold e dal palmo traspirante. Il G Air si distingue per la sua costruzione aderente, che assicura un\u2019eccezionale sensibilit\u00e0 e la possibilit\u00e0 di svolgere operazioni di precisione senza toglierlo. Le stampe Grip\u2019R in silicone sul palmo e sulle dita garantiscono una presa saldissima su bastoncini e piccozze, rendendo il prodotto ideale tanto per le escursioni in quota quanto per le cascate di ghiaccio, dove conviene usarlo mentre si scala per sostituirlo con un guanto pi\u00f9 caldo quando si \u00e8 fermi in sosta. Per gli scialpinisti, invece, il G Air \u00e8 una valida opzione in salita, tenendo presente che salvo atleti molto calorosi o condizioni non troppo fredde, \u00e8 sempre necessario avere con s\u00e9 un paio di guanti pi\u00f9 protettivi per la discesa.\" \/>\n<meta property=\"og:url\" content=\"https:\/\/www.sestogrado.it\/en\/prodotto\/camp-g-air-guanti-traspiranti-antivento\/\" \/>\n<meta property=\"og:site_name\" content=\"Sestogrado\" \/>\n<meta property=\"article:publisher\" content=\"https:\/\/www.facebook.com\/pages\/Sestogrado\/1542635979353017?ref=bookmarks\" \/>\n<meta property=\"article:modified_time\" content=\"2026-04-05T20:06:52+00:00\" \/>\n<meta property=\"og:image\" content=\"https:\/\/www.sestogrado.it\/wp-content\/uploads\/2022\/11\/01-11.jpg\" \/>\n\t<meta property=\"og:image:width\" content=\"1200\" \/>\n\t<meta property=\"og:image:height\" content=\"1200\" \/>\n\t<meta property=\"og:image:type\" content=\"image\/jpeg\" \/>\n<meta name=\"twitter:label1\" content=\"Availability\" \/>\n\t<meta name=\"twitter:data1\" content=\"In stock\" \/>\n<script type=\"application\/ld+json\" class=\"yoast-schema-graph\">{\"@context\":\"https:\/\/schema.org\",\"@graph\":[{\"@type\":\"WebPage\",\"@id\":\"https:\/\/www.sestogrado.it\/en\/prodotto\/camp-g-air-guanti-traspiranti-antivento\/\",\"url\":\"https:\/\/www.sestogrado.it\/en\/prodotto\/camp-g-air-guanti-traspiranti-antivento\/\",\"name\":\"Camp G Air guanti traspiranti antivento - Sestogrado\",\"isPartOf\":{\"@id\":\"https:\/\/www.sestogrado.it\/en\/#website\"},\"primaryImageOfPage\":{\"@id\":\"https:\/\/www.sestogrado.it\/en\/prodotto\/camp-g-air-guanti-traspiranti-antivento\/#primaryimage\"},\"image\":{\"@id\":\"https:\/\/www.sestogrado.it\/prodotto\/camp-g-air-guanti-traspiranti-antivento\/#primaryimage\"},\"thumbnailUrl\":\"https:\/\/www.sestogrado.it\/wp-content\/uploads\/2022\/11\/01-11.jpg\",\"datePublished\":\"2022-11-16T07:36:34+00:00\",\"dateModified\":\"2026-04-05T20:06:52+00:00\",\"description\":\"I Camp G Air sono dei guanti traspiranti e antivento, ideali per attivit\u00e0 outdoor quando il freddo non \u00e8 eccessivo. Il comfort della mano, in queste situazioni, \u00e8 garantito dal dorso antivento, dall\u2019imbottitura in PrimaLoft\u00ae Gold e dal palmo traspirante. Il G Air si distingue per la sua costruzione aderente, che assicura un\u2019eccezionale sensibilit\u00e0 e la possibilit\u00e0 di svolgere operazioni di precisione senza toglierlo. Le stampe Grip\u2019R in silicone sul palmo e sulle dita garantiscono una presa saldissima su bastoncini e piccozze, rendendo il prodotto ideale tanto per le escursioni in quota quanto per le cascate di ghiaccio, dove conviene usarlo mentre si scala per sostituirlo con un guanto pi\u00f9 caldo quando si \u00e8 fermi in sosta. Per gli scialpinisti, invece, il G Air \u00e8 una valida opzione in salita, tenendo presente che salvo atleti molto calorosi o condizioni non troppo fredde, \u00e8 sempre necessario avere con s\u00e9 un paio di guanti pi\u00f9 protettivi per la discesa.\",\"breadcrumb\":{\"@id\":\"https:\/\/www.sestogrado.it\/en\/prodotto\/camp-g-air-guanti-traspiranti-antivento\/#breadcrumb\"},\"inLanguage\":\"en-US\",\"potentialAction\":[{\"@type\":\"ReadAction\",\"target\":[[\"https:\/\/www.sestogrado.it\/en\/prodotto\/camp-g-air-guanti-traspiranti-antivento\/\"]]}]},{\"@type\":\"ImageObject\",\"inLanguage\":\"en-US\",\"@id\":\"https:\/\/www.sestogrado.it\/en\/prodotto\/camp-g-air-guanti-traspiranti-antivento\/#primaryimage\",\"url\":\"https:\/\/www.sestogrado.it\/wp-content\/uploads\/2022\/11\/01-11.jpg\",\"contentUrl\":\"https:\/\/www.sestogrado.it\/wp-content\/uploads\/2022\/11\/01-11.jpg\",\"width\":1200,\"height\":1200,\"caption\":\"camp g air\"},{\"@type\":\"BreadcrumbList\",\"@id\":\"https:\/\/www.sestogrado.it\/en\/prodotto\/camp-g-air-guanti-traspiranti-antivento\/#breadcrumb\",\"itemListElement\":[{\"@type\":\"ListItem\",\"position\":1,\"name\":\"Home\",\"item\":\"https:\/\/www.sestogrado.it\/en\/\"},{\"@type\":\"ListItem\",\"position\":2,\"name\":\"Shop\",\"item\":\"https:\/\/www.sestogrado.it\/en\/shop\/\"},{\"@type\":\"ListItem\",\"position\":3,\"name\":\"Camp G Air guanti traspiranti antivento\"}]},{\"@type\":\"WebSite\",\"@id\":\"https:\/\/www.sestogrado.it\/en\/#website\",\"url\":\"https:\/\/www.sestogrado.it\/en\/\",\"name\":\"Sestogrado\",\"description\":\"yes we climb\",\"publisher\":{\"@id\":\"https:\/\/www.sestogrado.it\/en\/#organization\"},\"potentialAction\":[{\"@type\":\"SearchAction\",\"target\":{\"@type\":\"EntryPoint\",\"urlTemplate\":\"https:\/\/www.sestogrado.it\/en\/?s={search_term_string}\"},\"query-input\":{\"@type\":\"PropertyValueSpecification\",\"valueRequired\":true,\"valueName\":\"search_term_string\"}}],\"inLanguage\":\"en-US\"},{\"@type\":\"Organization\",\"@id\":\"https:\/\/www.sestogrado.it\/en\/#organization\",\"name\":\"Sestogrado\",\"url\":\"https:\/\/www.sestogrado.it\/en\/\",\"logo\":{\"@type\":\"ImageObject\",\"inLanguage\":\"en-US\",\"@id\":\"https:\/\/www.sestogrado.it\/en\/#\/schema\/logo\/image\/\",\"url\":\"https:\/\/www.sestogrado.it\/wp-content\/uploads\/2015\/03\/sestogrado-favicon.png\",\"contentUrl\":\"https:\/\/www.sestogrado.it\/wp-content\/uploads\/2015\/03\/sestogrado-favicon.png\",\"width\":260,\"height\":260,\"caption\":\"Sestogrado\"},\"image\":{\"@id\":\"https:\/\/www.sestogrado.it\/en\/#\/schema\/logo\/image\/\"},\"sameAs\":[\"https:\/\/www.facebook.com\/pages\/Sestogrado\/1542635979353017?ref=bookmarks\",\"https:\/\/www.youtube.com\/channel\/UC847kAfTkaJsWpc1jtQwr3Q\"],\"hasMerchantReturnPolicy\":{\"@type\":\"MerchantReturnPolicy\",\"merchantReturnLink\":\"https:\/\/www.sestogrado.it\/en\/termini-e-condizioni\/\"}}]}<\/script>\n<meta property=\"product:brand\" content=\"Camp\" \/>\n<meta property=\"og:availability\" content=\"instock\" \/>\n<meta property=\"product:availability\" content=\"instock\" \/>\n<meta property=\"product:condition\" content=\"new\" \/>\n<!-- \/ Yoast SEO plugin. -->","yoast_head_json":{"title":"Camp G Air guanti traspiranti antivento - Sestogrado","description":"I Camp G Air sono dei guanti traspiranti e antivento, ideali per attivit\u00e0 outdoor quando il freddo non \u00e8 eccessivo. Il comfort della mano, in queste situazioni, \u00e8 garantito dal dorso antivento, dall\u2019imbottitura in PrimaLoft\u00ae Gold e dal palmo traspirante. Il G Air si distingue per la sua costruzione aderente, che assicura un\u2019eccezionale sensibilit\u00e0 e la possibilit\u00e0 di svolgere operazioni di precisione senza toglierlo. Le stampe Grip\u2019R in silicone sul palmo e sulle dita garantiscono una presa saldissima su bastoncini e piccozze, rendendo il prodotto ideale tanto per le escursioni in quota quanto per le cascate di ghiaccio, dove conviene usarlo mentre si scala per sostituirlo con un guanto pi\u00f9 caldo quando si \u00e8 fermi in sosta. Per gli scialpinisti, invece, il G Air \u00e8 una valida opzione in salita, tenendo presente che salvo atleti molto calorosi o condizioni non troppo fredde, \u00e8 sempre necessario avere con s\u00e9 un paio di guanti pi\u00f9 protettivi per la discesa.","robots":{"index":"index","follow":"follow","max-snippet":"max-snippet:-1","max-image-preview":"max-image-preview:large","max-video-preview":"max-video-preview:-1"},"canonical":"https:\/\/www.sestogrado.it\/en\/prodotto\/camp-g-air-guanti-traspiranti-antivento\/","og_locale":"en_US","og_type":"article","og_title":"Camp G Air guanti traspiranti antivento - Sestogrado","og_description":"I Camp G Air sono dei guanti traspiranti e antivento, ideali per attivit\u00e0 outdoor quando il freddo non \u00e8 eccessivo. Il comfort della mano, in queste situazioni, \u00e8 garantito dal dorso antivento, dall\u2019imbottitura in PrimaLoft\u00ae Gold e dal palmo traspirante. Il G Air si distingue per la sua costruzione aderente, che assicura un\u2019eccezionale sensibilit\u00e0 e la possibilit\u00e0 di svolgere operazioni di precisione senza toglierlo. Le stampe Grip\u2019R in silicone sul palmo e sulle dita garantiscono una presa saldissima su bastoncini e piccozze, rendendo il prodotto ideale tanto per le escursioni in quota quanto per le cascate di ghiaccio, dove conviene usarlo mentre si scala per sostituirlo con un guanto pi\u00f9 caldo quando si \u00e8 fermi in sosta. Per gli scialpinisti, invece, il G Air \u00e8 una valida opzione in salita, tenendo presente che salvo atleti molto calorosi o condizioni non troppo fredde, \u00e8 sempre necessario avere con s\u00e9 un paio di guanti pi\u00f9 protettivi per la discesa.","og_url":"https:\/\/www.sestogrado.it\/en\/prodotto\/camp-g-air-guanti-traspiranti-antivento\/","og_site_name":"Sestogrado","article_publisher":"https:\/\/www.facebook.com\/pages\/Sestogrado\/1542635979353017?ref=bookmarks","article_modified_time":"2026-04-05T20:06:52+00:00","og_image":[{"width":1200,"height":1200,"url":"https:\/\/www.sestogrado.it\/wp-content\/uploads\/2022\/11\/01-11.jpg","type":"image\/jpeg"}],"twitter_misc":{"Availability":"In stock"},"schema":{"@context":"https:\/\/schema.org","@graph":[{"@type":"WebPage","@id":"https:\/\/www.sestogrado.it\/en\/prodotto\/camp-g-air-guanti-traspiranti-antivento\/","url":"https:\/\/www.sestogrado.it\/en\/prodotto\/camp-g-air-guanti-traspiranti-antivento\/","name":"Camp G Air guanti traspiranti antivento - Sestogrado","isPartOf":{"@id":"https:\/\/www.sestogrado.it\/en\/#website"},"primaryImageOfPage":{"@id":"https:\/\/www.sestogrado.it\/en\/prodotto\/camp-g-air-guanti-traspiranti-antivento\/#primaryimage"},"image":{"@id":"https:\/\/www.sestogrado.it\/prodotto\/camp-g-air-guanti-traspiranti-antivento\/#primaryimage"},"thumbnailUrl":"https:\/\/www.sestogrado.it\/wp-content\/uploads\/2022\/11\/01-11.jpg","datePublished":"2022-11-16T07:36:34+00:00","dateModified":"2026-04-05T20:06:52+00:00","description":"I Camp G Air sono dei guanti traspiranti e antivento, ideali per attivit\u00e0 outdoor quando il freddo non \u00e8 eccessivo. Il comfort della mano, in queste situazioni, \u00e8 garantito dal dorso antivento, dall\u2019imbottitura in PrimaLoft\u00ae Gold e dal palmo traspirante. Il G Air si distingue per la sua costruzione aderente, che assicura un\u2019eccezionale sensibilit\u00e0 e la possibilit\u00e0 di svolgere operazioni di precisione senza toglierlo. Le stampe Grip\u2019R in silicone sul palmo e sulle dita garantiscono una presa saldissima su bastoncini e piccozze, rendendo il prodotto ideale tanto per le escursioni in quota quanto per le cascate di ghiaccio, dove conviene usarlo mentre si scala per sostituirlo con un guanto pi\u00f9 caldo quando si \u00e8 fermi in sosta. Per gli scialpinisti, invece, il G Air \u00e8 una valida opzione in salita, tenendo presente che salvo atleti molto calorosi o condizioni non troppo fredde, \u00e8 sempre necessario avere con s\u00e9 un paio di guanti pi\u00f9 protettivi per la discesa.","breadcrumb":{"@id":"https:\/\/www.sestogrado.it\/en\/prodotto\/camp-g-air-guanti-traspiranti-antivento\/#breadcrumb"},"inLanguage":"en-US","potentialAction":[{"@type":"ReadAction","target":[["https:\/\/www.sestogrado.it\/en\/prodotto\/camp-g-air-guanti-traspiranti-antivento\/"]]}]},{"@type":"ImageObject","inLanguage":"en-US","@id":"https:\/\/www.sestogrado.it\/en\/prodotto\/camp-g-air-guanti-traspiranti-antivento\/#primaryimage","url":"https:\/\/www.sestogrado.it\/wp-content\/uploads\/2022\/11\/01-11.jpg","contentUrl":"https:\/\/www.sestogrado.it\/wp-content\/uploads\/2022\/11\/01-11.jpg","width":1200,"height":1200,"caption":"camp g air"},{"@type":"BreadcrumbList","@id":"https:\/\/www.sestogrado.it\/en\/prodotto\/camp-g-air-guanti-traspiranti-antivento\/#breadcrumb","itemListElement":[{"@type":"ListItem","position":1,"name":"Home","item":"https:\/\/www.sestogrado.it\/en\/"},{"@type":"ListItem","position":2,"name":"Shop","item":"https:\/\/www.sestogrado.it\/en\/shop\/"},{"@type":"ListItem","position":3,"name":"Camp G Air guanti traspiranti antivento"}]},{"@type":"WebSite","@id":"https:\/\/www.sestogrado.it\/en\/#website","url":"https:\/\/www.sestogrado.it\/en\/","name":"Sestogrado","description":"yes we climb","publisher":{"@id":"https:\/\/www.sestogrado.it\/en\/#organization"},"potentialAction":[{"@type":"SearchAction","target":{"@type":"EntryPoint","urlTemplate":"https:\/\/www.sestogrado.it\/en\/?s={search_term_string}"},"query-input":{"@type":"PropertyValueSpecification","valueRequired":true,"valueName":"search_term_string"}}],"inLanguage":"en-US"},{"@type":"Organization","@id":"https:\/\/www.sestogrado.it\/en\/#organization","name":"Sestogrado","url":"https:\/\/www.sestogrado.it\/en\/","logo":{"@type":"ImageObject","inLanguage":"en-US","@id":"https:\/\/www.sestogrado.it\/en\/#\/schema\/logo\/image\/","url":"https:\/\/www.sestogrado.it\/wp-content\/uploads\/2015\/03\/sestogrado-favicon.png","contentUrl":"https:\/\/www.sestogrado.it\/wp-content\/uploads\/2015\/03\/sestogrado-favicon.png","width":260,"height":260,"caption":"Sestogrado"},"image":{"@id":"https:\/\/www.sestogrado.it\/en\/#\/schema\/logo\/image\/"},"sameAs":["https:\/\/www.facebook.com\/pages\/Sestogrado\/1542635979353017?ref=bookmarks","https:\/\/www.youtube.com\/channel\/UC847kAfTkaJsWpc1jtQwr3Q"],"hasMerchantReturnPolicy":{"@type":"MerchantReturnPolicy","merchantReturnLink":"https:\/\/www.sestogrado.it\/en\/termini-e-condizioni\/"}}]},"product_brand":"Camp","og_availability":"instock","product_availability":"instock","product_condition":"new"},"_links":{"self":[{"href":"https:\/\/www.sestogrado.it\/en\/wp-json\/wp\/v2\/product\/117487","targetHints":{"allow":["GET"]}}],"collection":[{"href":"https:\/\/www.sestogrado.it\/en\/wp-json\/wp\/v2\/product"}],"about":[{"href":"https:\/\/www.sestogrado.it\/en\/wp-json\/wp\/v2\/types\/product"}],"replies":[{"embeddable":true,"href":"https:\/\/www.sestogrado.it\/en\/wp-json\/wp\/v2\/comments?post=117487"}],"wp:featuredmedia":[{"embeddable":true,"href":"https:\/\/www.sestogrado.it\/en\/wp-json\/wp\/v2\/media\/117488"}],"wp:attachment":[{"href":"https:\/\/www.sestogrado.it\/en\/wp-json\/wp\/v2\/media?parent=117487"}],"wp:term":[{"taxonomy":"product_brand","embeddable":true,"href":"https:\/\/www.sestogrado.it\/en\/wp-json\/wp\/v2\/product_brand?post=117487"},{"taxonomy":"product_cat","embeddable":true,"href":"https:\/\/www.sestogrado.it\/en\/wp-json\/wp\/v2\/product_cat?post=117487"},{"taxonomy":"product_tag","embeddable":true,"href":"https:\/\/www.sestogrado.it\/en\/wp-json\/wp\/v2\/product_tag?post=117487"}],"curies":[{"name":"wp","href":"https:\/\/api.w.org\/{rel}","templated":true}]}}