{"id":11372,"date":"2017-05-22T11:59:11","date_gmt":"2017-05-22T09:59:11","guid":{"rendered":"http:\/\/www.sestogrado.it\/?post_type=product&#038;p=11372"},"modified":"2026-04-23T07:40:27","modified_gmt":"2026-04-23T05:40:27","slug":"camp-kinetic-set-ferrata","status":"publish","type":"product","link":"https:\/\/www.sestogrado.it\/en\/prodotto\/camp-kinetic-set-ferrata\/","title":{"rendered":"Camp Kinetic set ferrata"},"content":{"rendered":"<p>Il Camp Kinetic \u00e8 un set da ferrata robusto ed affidabile, provvisto del dissipatore Kinetic, conforme alla nuova normativa EN 958 ed omologato per un utilizzatore con un peso compreso tra 40 e 120kg.<\/p>\n<p>Il Camp Kinetic ha un\u00a0assorbitore di energia Kinetic a lacerazione variabile. Presenta due bracci in robusta fettuccia da 20 mm con moschettoni Nomad, grazie ai quali \u00e8 possibile superare gli ancoraggi restando sempre assicurati. L\u2019asola di collegamento ritorta, in fettuccia in poliestere, assicura il corretto posizionamento del set con punti di attacco di qualsiasi tipo e lo rende quindi utilizzabile con tutti i modelli di imbracatura.<\/p>\n<ul>\n<li>Assorbitore di energia a lacerazione, leggero e compatto<\/li>\n<li>Bracci in fettuccia in poliestere da 20 mm<\/li>\n<li>Con moschettoni Nomad<\/li>\n<li>Asola ritorta in robusta fettuccia, per un perfetto collegamento all\u2019imbracatura con nodo a bocca di lupo<\/li>\n<li>Conforme ai requisiti di sicurezza previsti dalla nuova revisione dalla norma EN 958<\/li>\n<\/ul>\n<p><strong>Quando scegliere il Kinetic?\u00a0<\/strong>Il dissipatore Kinetic in dotazione al Camp Kinetic \u00e8 particolarmente consigliato per utilizzatori che rientrano nei valori limite di peso della omologazione, per cui, bambini, donne o uomini di peso particolarmente ridotto, che si avvicina ai 40kg o individui di peso particolarmente elevato che &#8220;in configurazione alpinistica&#8221; si avvicinano ai 120kg.<\/p>\n<p>&nbsp;<\/p>\n<p>Passione, lavoro e semplicit\u00e0 sono alcune delle parole chiave che da sempre hanno contraddistinto il modo di essere di C.A.M.P. La passione \u00e8 quella per la montagna e per i prodotti che aiutano a realizzare i sogni ed i progetti di tutti coloro che la frequentano; il lavoro \u00e8 quello tramandato da oltre 115 anni in quattro distinte generazioni succedutesi alla guida dell\u2019azienda e la semplicit\u00e0 \u00e8 quella che contraddistingue un modo di essere e relazionarsi basato sulla seriet\u00e0 e lealt\u00e0.<\/p>","protected":false},"excerpt":{"rendered":"<p>Il Camp Kinetic \u00e8 un set da ferrata robusto ed affidabile, provvisto del dissipatore Kinetic, conforme alla nuova normativa EN [&hellip;]<\/p>\n","protected":false},"featured_media":146580,"comment_status":"open","ping_status":"closed","template":"","meta":{"_acf_changed":false},"product_brand":[31],"product_cat":[179],"product_tag":[],"class_list":{"0":"post-11372","1":"product","2":"type-product","3":"status-publish","4":"has-post-thumbnail","6":"product_brand-camp","7":"product_cat-set-ferrata","9":"first","10":"instock","11":"sale","12":"taxable","13":"shipping-taxable","14":"purchasable","15":"product-type-simple"},"acf":[],"yoast_head":"<!-- This site is optimized with the Yoast SEO plugin v26.4 - https:\/\/yoast.com\/wordpress\/plugins\/seo\/ -->\n<title>Camp Kinetic set ferrata - Sestogrado<\/title>\n<meta name=\"description\" content=\"Il Camp Kinetic \u00e8 un set da ferrata robusto ed affidabile, provvisto del dissipatore Kinetic, conforme alla normativa EN 958 ed omologato per un utilizzatore con un peso compreso tra 40 e 120kg.Il Camp Kinetic ha un assorbitore di energia Kinetic a lacerazione variabile, che cosa significa? Significa, che a seconda del peso dell&#039;utilizzatore e dalla violenza del volo, il set si lacera in modo variabile per dare all&#039;utilizzatore la minore forza d&#039;arresto possibile. Presenta due bracci in robusta fettuccia da 20 mm con moschettoni Nomad, grazie ai quali \u00e8 possibile superare gli ancoraggi restando sempre assicurati. L\u2019asola di collegamento ritorta, in fettuccia in poliestere, assicura il corretto posizionamento del set con punti di attacco di qualsiasi tipo e lo rende quindi utilizzabile con tutti i modelli di imbracatura.\" \/>\n<meta name=\"robots\" content=\"index, follow, max-snippet:-1, max-image-preview:large, max-video-preview:-1\" \/>\n<link rel=\"canonical\" href=\"https:\/\/www.sestogrado.it\/en\/prodotto\/camp-kinetic-set-ferrata\/\" \/>\n<meta property=\"og:locale\" content=\"en_US\" \/>\n<meta property=\"og:type\" content=\"article\" \/>\n<meta property=\"og:title\" content=\"Camp Kinetic set ferrata - Sestogrado\" \/>\n<meta property=\"og:description\" content=\"Il Camp Kinetic \u00e8 un set da ferrata robusto ed affidabile, provvisto del dissipatore Kinetic, conforme alla normativa EN 958 ed omologato per un utilizzatore con un peso compreso tra 40 e 120kg.Il Camp Kinetic ha un assorbitore di energia Kinetic a lacerazione variabile, che cosa significa? Significa, che a seconda del peso dell&#039;utilizzatore e dalla violenza del volo, il set si lacera in modo variabile per dare all&#039;utilizzatore la minore forza d&#039;arresto possibile. Presenta due bracci in robusta fettuccia da 20 mm con moschettoni Nomad, grazie ai quali \u00e8 possibile superare gli ancoraggi restando sempre assicurati. L\u2019asola di collegamento ritorta, in fettuccia in poliestere, assicura il corretto posizionamento del set con punti di attacco di qualsiasi tipo e lo rende quindi utilizzabile con tutti i modelli di imbracatura.\" \/>\n<meta property=\"og:url\" content=\"https:\/\/www.sestogrado.it\/en\/prodotto\/camp-kinetic-set-ferrata\/\" \/>\n<meta property=\"og:site_name\" content=\"Sestogrado\" \/>\n<meta property=\"article:publisher\" content=\"https:\/\/www.facebook.com\/pages\/Sestogrado\/1542635979353017?ref=bookmarks\" \/>\n<meta property=\"article:modified_time\" content=\"2026-04-23T05:40:27+00:00\" \/>\n<meta property=\"og:image\" content=\"https:\/\/www.sestogrado.it\/wp-content\/uploads\/2017\/05\/01-12.jpg\" \/>\n\t<meta property=\"og:image:width\" content=\"1800\" \/>\n\t<meta property=\"og:image:height\" content=\"1800\" \/>\n\t<meta property=\"og:image:type\" content=\"image\/jpeg\" \/>\n<meta name=\"twitter:label1\" content=\"Price\" \/>\n\t<meta name=\"twitter:data1\" content=\"&euro;&nbsp;69,90\" \/>\n\t<meta name=\"twitter:label2\" content=\"Availability\" \/>\n\t<meta name=\"twitter:data2\" content=\"In stock\" \/>\n<script type=\"application\/ld+json\" class=\"yoast-schema-graph\">{\"@context\":\"https:\/\/schema.org\",\"@graph\":[{\"@type\":\"WebPage\",\"@id\":\"https:\/\/www.sestogrado.it\/en\/prodotto\/camp-kinetic-set-ferrata\/\",\"url\":\"https:\/\/www.sestogrado.it\/en\/prodotto\/camp-kinetic-set-ferrata\/\",\"name\":\"Camp Kinetic set ferrata - Sestogrado\",\"isPartOf\":{\"@id\":\"https:\/\/www.sestogrado.it\/en\/#website\"},\"primaryImageOfPage\":{\"@id\":\"https:\/\/www.sestogrado.it\/en\/prodotto\/camp-kinetic-set-ferrata\/#primaryimage\"},\"image\":{\"@id\":\"https:\/\/www.sestogrado.it\/prodotto\/camp-kinetic-set-ferrata\/#primaryimage\"},\"thumbnailUrl\":\"https:\/\/www.sestogrado.it\/wp-content\/uploads\/2017\/05\/01-12.jpg\",\"datePublished\":\"2017-05-22T09:59:11+00:00\",\"dateModified\":\"2026-04-23T05:40:27+00:00\",\"description\":\"Il Camp Kinetic \u00e8 un set da ferrata robusto ed affidabile, provvisto del dissipatore Kinetic, conforme alla normativa EN 958 ed omologato per un utilizzatore con un peso compreso tra 40 e 120kg.Il Camp Kinetic ha un assorbitore di energia Kinetic a lacerazione variabile, che cosa significa? Significa, che a seconda del peso dell'utilizzatore e dalla violenza del volo, il set si lacera in modo variabile per dare all'utilizzatore la minore forza d'arresto possibile. Presenta due bracci in robusta fettuccia da 20 mm con moschettoni Nomad, grazie ai quali \u00e8 possibile superare gli ancoraggi restando sempre assicurati. L\u2019asola di collegamento ritorta, in fettuccia in poliestere, assicura il corretto posizionamento del set con punti di attacco di qualsiasi tipo e lo rende quindi utilizzabile con tutti i modelli di imbracatura.\",\"breadcrumb\":{\"@id\":\"https:\/\/www.sestogrado.it\/en\/prodotto\/camp-kinetic-set-ferrata\/#breadcrumb\"},\"inLanguage\":\"en-US\",\"potentialAction\":[{\"@type\":\"ReadAction\",\"target\":[[\"https:\/\/www.sestogrado.it\/en\/prodotto\/camp-kinetic-set-ferrata\/\"]]}]},{\"@type\":\"ImageObject\",\"inLanguage\":\"en-US\",\"@id\":\"https:\/\/www.sestogrado.it\/en\/prodotto\/camp-kinetic-set-ferrata\/#primaryimage\",\"url\":\"https:\/\/www.sestogrado.it\/wp-content\/uploads\/2017\/05\/01-12.jpg\",\"contentUrl\":\"https:\/\/www.sestogrado.it\/wp-content\/uploads\/2017\/05\/01-12.jpg\",\"width\":1800,\"height\":1800,\"caption\":\"camp kinetic\"},{\"@type\":\"BreadcrumbList\",\"@id\":\"https:\/\/www.sestogrado.it\/en\/prodotto\/camp-kinetic-set-ferrata\/#breadcrumb\",\"itemListElement\":[{\"@type\":\"ListItem\",\"position\":1,\"name\":\"Home\",\"item\":\"https:\/\/www.sestogrado.it\/en\/\"},{\"@type\":\"ListItem\",\"position\":2,\"name\":\"Shop\",\"item\":\"https:\/\/www.sestogrado.it\/en\/shop\/\"},{\"@type\":\"ListItem\",\"position\":3,\"name\":\"Camp Kinetic set ferrata\"}]},{\"@type\":\"WebSite\",\"@id\":\"https:\/\/www.sestogrado.it\/en\/#website\",\"url\":\"https:\/\/www.sestogrado.it\/en\/\",\"name\":\"Sestogrado\",\"description\":\"yes we climb\",\"publisher\":{\"@id\":\"https:\/\/www.sestogrado.it\/en\/#organization\"},\"potentialAction\":[{\"@type\":\"SearchAction\",\"target\":{\"@type\":\"EntryPoint\",\"urlTemplate\":\"https:\/\/www.sestogrado.it\/en\/?s={search_term_string}\"},\"query-input\":{\"@type\":\"PropertyValueSpecification\",\"valueRequired\":true,\"valueName\":\"search_term_string\"}}],\"inLanguage\":\"en-US\"},{\"@type\":\"Organization\",\"@id\":\"https:\/\/www.sestogrado.it\/en\/#organization\",\"name\":\"Sestogrado\",\"url\":\"https:\/\/www.sestogrado.it\/en\/\",\"logo\":{\"@type\":\"ImageObject\",\"inLanguage\":\"en-US\",\"@id\":\"https:\/\/www.sestogrado.it\/en\/#\/schema\/logo\/image\/\",\"url\":\"https:\/\/www.sestogrado.it\/wp-content\/uploads\/2015\/03\/sestogrado-favicon.png\",\"contentUrl\":\"https:\/\/www.sestogrado.it\/wp-content\/uploads\/2015\/03\/sestogrado-favicon.png\",\"width\":260,\"height\":260,\"caption\":\"Sestogrado\"},\"image\":{\"@id\":\"https:\/\/www.sestogrado.it\/en\/#\/schema\/logo\/image\/\"},\"sameAs\":[\"https:\/\/www.facebook.com\/pages\/Sestogrado\/1542635979353017?ref=bookmarks\",\"https:\/\/www.youtube.com\/channel\/UC847kAfTkaJsWpc1jtQwr3Q\"],\"hasMerchantReturnPolicy\":{\"@type\":\"MerchantReturnPolicy\",\"merchantReturnLink\":\"https:\/\/www.sestogrado.it\/en\/termini-e-condizioni\/\"}}]}<\/script>\n<meta property=\"product:brand\" content=\"Camp\" \/>\n<meta property=\"product:price:amount\" content=\"69.90\" \/>\n<meta property=\"product:price:currency\" content=\"EUR\" \/>\n<meta property=\"og:availability\" content=\"instock\" \/>\n<meta property=\"product:availability\" content=\"instock\" \/>\n<meta property=\"product:condition\" content=\"new\" \/>\n<!-- \/ Yoast SEO plugin. -->","yoast_head_json":{"title":"Camp Kinetic set ferrata - Sestogrado","description":"Il Camp Kinetic \u00e8 un set da ferrata robusto ed affidabile, provvisto del dissipatore Kinetic, conforme alla normativa EN 958 ed omologato per un utilizzatore con un peso compreso tra 40 e 120kg.Il Camp Kinetic ha un assorbitore di energia Kinetic a lacerazione variabile, che cosa significa? Significa, che a seconda del peso dell'utilizzatore e dalla violenza del volo, il set si lacera in modo variabile per dare all'utilizzatore la minore forza d'arresto possibile. Presenta due bracci in robusta fettuccia da 20 mm con moschettoni Nomad, grazie ai quali \u00e8 possibile superare gli ancoraggi restando sempre assicurati. L\u2019asola di collegamento ritorta, in fettuccia in poliestere, assicura il corretto posizionamento del set con punti di attacco di qualsiasi tipo e lo rende quindi utilizzabile con tutti i modelli di imbracatura.","robots":{"index":"index","follow":"follow","max-snippet":"max-snippet:-1","max-image-preview":"max-image-preview:large","max-video-preview":"max-video-preview:-1"},"canonical":"https:\/\/www.sestogrado.it\/en\/prodotto\/camp-kinetic-set-ferrata\/","og_locale":"en_US","og_type":"article","og_title":"Camp Kinetic set ferrata - Sestogrado","og_description":"Il Camp Kinetic \u00e8 un set da ferrata robusto ed affidabile, provvisto del dissipatore Kinetic, conforme alla normativa EN 958 ed omologato per un utilizzatore con un peso compreso tra 40 e 120kg.Il Camp Kinetic ha un assorbitore di energia Kinetic a lacerazione variabile, che cosa significa? Significa, che a seconda del peso dell'utilizzatore e dalla violenza del volo, il set si lacera in modo variabile per dare all'utilizzatore la minore forza d'arresto possibile. Presenta due bracci in robusta fettuccia da 20 mm con moschettoni Nomad, grazie ai quali \u00e8 possibile superare gli ancoraggi restando sempre assicurati. L\u2019asola di collegamento ritorta, in fettuccia in poliestere, assicura il corretto posizionamento del set con punti di attacco di qualsiasi tipo e lo rende quindi utilizzabile con tutti i modelli di imbracatura.","og_url":"https:\/\/www.sestogrado.it\/en\/prodotto\/camp-kinetic-set-ferrata\/","og_site_name":"Sestogrado","article_publisher":"https:\/\/www.facebook.com\/pages\/Sestogrado\/1542635979353017?ref=bookmarks","article_modified_time":"2026-04-23T05:40:27+00:00","og_image":[{"width":1800,"height":1800,"url":"https:\/\/www.sestogrado.it\/wp-content\/uploads\/2017\/05\/01-12.jpg","type":"image\/jpeg"}],"twitter_misc":{"Price":"&euro;&nbsp;69,90","Availability":"In stock"},"schema":{"@context":"https:\/\/schema.org","@graph":[{"@type":"WebPage","@id":"https:\/\/www.sestogrado.it\/en\/prodotto\/camp-kinetic-set-ferrata\/","url":"https:\/\/www.sestogrado.it\/en\/prodotto\/camp-kinetic-set-ferrata\/","name":"Camp Kinetic set ferrata - Sestogrado","isPartOf":{"@id":"https:\/\/www.sestogrado.it\/en\/#website"},"primaryImageOfPage":{"@id":"https:\/\/www.sestogrado.it\/en\/prodotto\/camp-kinetic-set-ferrata\/#primaryimage"},"image":{"@id":"https:\/\/www.sestogrado.it\/prodotto\/camp-kinetic-set-ferrata\/#primaryimage"},"thumbnailUrl":"https:\/\/www.sestogrado.it\/wp-content\/uploads\/2017\/05\/01-12.jpg","datePublished":"2017-05-22T09:59:11+00:00","dateModified":"2026-04-23T05:40:27+00:00","description":"Il Camp Kinetic \u00e8 un set da ferrata robusto ed affidabile, provvisto del dissipatore Kinetic, conforme alla normativa EN 958 ed omologato per un utilizzatore con un peso compreso tra 40 e 120kg.Il Camp Kinetic ha un assorbitore di energia Kinetic a lacerazione variabile, che cosa significa? Significa, che a seconda del peso dell'utilizzatore e dalla violenza del volo, il set si lacera in modo variabile per dare all'utilizzatore la minore forza d'arresto possibile. Presenta due bracci in robusta fettuccia da 20 mm con moschettoni Nomad, grazie ai quali \u00e8 possibile superare gli ancoraggi restando sempre assicurati. L\u2019asola di collegamento ritorta, in fettuccia in poliestere, assicura il corretto posizionamento del set con punti di attacco di qualsiasi tipo e lo rende quindi utilizzabile con tutti i modelli di imbracatura.","breadcrumb":{"@id":"https:\/\/www.sestogrado.it\/en\/prodotto\/camp-kinetic-set-ferrata\/#breadcrumb"},"inLanguage":"en-US","potentialAction":[{"@type":"ReadAction","target":[["https:\/\/www.sestogrado.it\/en\/prodotto\/camp-kinetic-set-ferrata\/"]]}]},{"@type":"ImageObject","inLanguage":"en-US","@id":"https:\/\/www.sestogrado.it\/en\/prodotto\/camp-kinetic-set-ferrata\/#primaryimage","url":"https:\/\/www.sestogrado.it\/wp-content\/uploads\/2017\/05\/01-12.jpg","contentUrl":"https:\/\/www.sestogrado.it\/wp-content\/uploads\/2017\/05\/01-12.jpg","width":1800,"height":1800,"caption":"camp kinetic"},{"@type":"BreadcrumbList","@id":"https:\/\/www.sestogrado.it\/en\/prodotto\/camp-kinetic-set-ferrata\/#breadcrumb","itemListElement":[{"@type":"ListItem","position":1,"name":"Home","item":"https:\/\/www.sestogrado.it\/en\/"},{"@type":"ListItem","position":2,"name":"Shop","item":"https:\/\/www.sestogrado.it\/en\/shop\/"},{"@type":"ListItem","position":3,"name":"Camp Kinetic set ferrata"}]},{"@type":"WebSite","@id":"https:\/\/www.sestogrado.it\/en\/#website","url":"https:\/\/www.sestogrado.it\/en\/","name":"Sestogrado","description":"yes we climb","publisher":{"@id":"https:\/\/www.sestogrado.it\/en\/#organization"},"potentialAction":[{"@type":"SearchAction","target":{"@type":"EntryPoint","urlTemplate":"https:\/\/www.sestogrado.it\/en\/?s={search_term_string}"},"query-input":{"@type":"PropertyValueSpecification","valueRequired":true,"valueName":"search_term_string"}}],"inLanguage":"en-US"},{"@type":"Organization","@id":"https:\/\/www.sestogrado.it\/en\/#organization","name":"Sestogrado","url":"https:\/\/www.sestogrado.it\/en\/","logo":{"@type":"ImageObject","inLanguage":"en-US","@id":"https:\/\/www.sestogrado.it\/en\/#\/schema\/logo\/image\/","url":"https:\/\/www.sestogrado.it\/wp-content\/uploads\/2015\/03\/sestogrado-favicon.png","contentUrl":"https:\/\/www.sestogrado.it\/wp-content\/uploads\/2015\/03\/sestogrado-favicon.png","width":260,"height":260,"caption":"Sestogrado"},"image":{"@id":"https:\/\/www.sestogrado.it\/en\/#\/schema\/logo\/image\/"},"sameAs":["https:\/\/www.facebook.com\/pages\/Sestogrado\/1542635979353017?ref=bookmarks","https:\/\/www.youtube.com\/channel\/UC847kAfTkaJsWpc1jtQwr3Q"],"hasMerchantReturnPolicy":{"@type":"MerchantReturnPolicy","merchantReturnLink":"https:\/\/www.sestogrado.it\/en\/termini-e-condizioni\/"}}]},"product_brand":"Camp","product_price_amount":"69.90","product_price_currency":"EUR","og_availability":"instock","product_availability":"instock","product_condition":"new"},"_links":{"self":[{"href":"https:\/\/www.sestogrado.it\/en\/wp-json\/wp\/v2\/product\/11372","targetHints":{"allow":["GET"]}}],"collection":[{"href":"https:\/\/www.sestogrado.it\/en\/wp-json\/wp\/v2\/product"}],"about":[{"href":"https:\/\/www.sestogrado.it\/en\/wp-json\/wp\/v2\/types\/product"}],"replies":[{"embeddable":true,"href":"https:\/\/www.sestogrado.it\/en\/wp-json\/wp\/v2\/comments?post=11372"}],"wp:featuredmedia":[{"embeddable":true,"href":"https:\/\/www.sestogrado.it\/en\/wp-json\/wp\/v2\/media\/146580"}],"wp:attachment":[{"href":"https:\/\/www.sestogrado.it\/en\/wp-json\/wp\/v2\/media?parent=11372"}],"wp:term":[{"taxonomy":"product_brand","embeddable":true,"href":"https:\/\/www.sestogrado.it\/en\/wp-json\/wp\/v2\/product_brand?post=11372"},{"taxonomy":"product_cat","embeddable":true,"href":"https:\/\/www.sestogrado.it\/en\/wp-json\/wp\/v2\/product_cat?post=11372"},{"taxonomy":"product_tag","embeddable":true,"href":"https:\/\/www.sestogrado.it\/en\/wp-json\/wp\/v2\/product_tag?post=11372"}],"curies":[{"name":"wp","href":"https:\/\/api.w.org\/{rel}","templated":true}]}}