{"id":112584,"date":"2022-09-13T10:35:52","date_gmt":"2022-09-13T08:35:52","guid":{"rendered":"https:\/\/www.sestogrado.it\/?post_type=product&#038;p=112584"},"modified":"2025-07-08T22:41:56","modified_gmt":"2025-07-08T20:41:56","slug":"leki-cross-trail-lite-carbon-bastoncino-da-cross-trail","status":"publish","type":"product","link":"https:\/\/www.sestogrado.it\/en\/prodotto\/leki-cross-trail-lite-carbon-bastoncino-da-cross-trail\/","title":{"rendered":"Leki Cross Trail Lite Carbon bastoncino da cross trail"},"content":{"rendered":"<p class=\"qtranxs-available-languages-message qtranxs-available-languages-message-en\">Sorry, this entry is only available in <a href=\"https:\/\/www.sestogrado.it\/it\/wp-json\/wp\/v2\/product\/112584\" class=\"qtranxs-available-language-link qtranxs-available-language-link-it\" title=\"Italiano\">Italiano<\/a>.<\/p>","protected":false},"excerpt":{"rendered":"<p>Sorry, this entry is only available in Italiano.<\/p>\n","protected":false},"featured_media":112586,"comment_status":"open","ping_status":"closed","template":"","meta":{"_acf_changed":false},"product_brand":[735],"product_cat":[572],"product_tag":[],"class_list":{"0":"post-112584","1":"product","2":"type-product","3":"status-publish","4":"has-post-thumbnail","6":"product_brand-leki","7":"product_cat-bastoncini","9":"first","10":"outofstock","11":"sale","12":"taxable","13":"shipping-taxable","14":"purchasable","15":"product-type-simple"},"acf":[],"yoast_head":"<!-- This site is optimized with the Yoast SEO plugin v26.4 - https:\/\/yoast.com\/wordpress\/plugins\/seo\/ -->\n<title>Leki Cross Trail Lite Carbon bastoncino da cross trail - Sestogrado<\/title>\n<meta name=\"description\" content=\"I Leki Cross Trail Lite Carbon sono dei bastoncini estensibili in 3 sezioni in carbonio, con un range utile di utilizzo 100-135cm.Cross Trail Lite Carbon \u00e8 il tuo supporto nel prossimo allenamento in montagna! Questo bastone in tre pezzi \u00e8 dotato dell&#039;impugnatura Cross Shark. Il sistema \u00e8 ideale per il fast hiking sportivo e unisce i vantaggi di un&#039;impugnatura da trail running a quella da trekking. La velocit\u00e0 del sistema Shark si unisce al supporto di un&#039;impugnatura hiking con superficie ergonomica. Il lacciolo in materiale mesh molto traspirante \u00e8 largo e avvolge la mano in modo stabile e sicuro, scaricando la muscolatura della mano. L&#039;impugnatura prolungata in espanso con struttura a pori aperti ed estetica in sughero consente diverse modalit\u00e0 di presa. Questo tre pezzi rigido e leggero \u00e8 disponbile nelle lunghezze 100-135 cm ed \u00e8 leggerissimo con i suoi 213 g.\" \/>\n<meta name=\"robots\" content=\"index, follow, max-snippet:-1, max-image-preview:large, max-video-preview:-1\" \/>\n<link rel=\"canonical\" href=\"https:\/\/www.sestogrado.it\/en\/prodotto\/leki-cross-trail-lite-carbon-bastoncino-da-cross-trail\/\" \/>\n<meta property=\"og:locale\" content=\"en_US\" \/>\n<meta property=\"og:type\" content=\"article\" \/>\n<meta property=\"og:title\" content=\"Leki Cross Trail Lite Carbon bastoncino da cross trail - Sestogrado\" \/>\n<meta property=\"og:description\" content=\"I Leki Cross Trail Lite Carbon sono dei bastoncini estensibili in 3 sezioni in carbonio, con un range utile di utilizzo 100-135cm.Cross Trail Lite Carbon \u00e8 il tuo supporto nel prossimo allenamento in montagna! Questo bastone in tre pezzi \u00e8 dotato dell&#039;impugnatura Cross Shark. Il sistema \u00e8 ideale per il fast hiking sportivo e unisce i vantaggi di un&#039;impugnatura da trail running a quella da trekking. La velocit\u00e0 del sistema Shark si unisce al supporto di un&#039;impugnatura hiking con superficie ergonomica. Il lacciolo in materiale mesh molto traspirante \u00e8 largo e avvolge la mano in modo stabile e sicuro, scaricando la muscolatura della mano. L&#039;impugnatura prolungata in espanso con struttura a pori aperti ed estetica in sughero consente diverse modalit\u00e0 di presa. Questo tre pezzi rigido e leggero \u00e8 disponbile nelle lunghezze 100-135 cm ed \u00e8 leggerissimo con i suoi 213 g.\" \/>\n<meta property=\"og:url\" content=\"https:\/\/www.sestogrado.it\/en\/prodotto\/leki-cross-trail-lite-carbon-bastoncino-da-cross-trail\/\" \/>\n<meta property=\"og:site_name\" content=\"Sestogrado\" \/>\n<meta property=\"article:publisher\" content=\"https:\/\/www.facebook.com\/pages\/Sestogrado\/1542635979353017?ref=bookmarks\" \/>\n<meta property=\"article:modified_time\" content=\"2025-07-08T20:41:56+00:00\" \/>\n<meta property=\"og:image\" content=\"https:\/\/www.sestogrado.it\/wp-content\/uploads\/2022\/09\/01-2.jpg\" \/>\n\t<meta property=\"og:image:width\" content=\"1800\" \/>\n\t<meta property=\"og:image:height\" content=\"1800\" \/>\n\t<meta property=\"og:image:type\" content=\"image\/jpeg\" \/>\n<meta name=\"twitter:label1\" content=\"Price\" \/>\n\t<meta name=\"twitter:data1\" content=\"&euro;&nbsp;139,90\" \/>\n\t<meta name=\"twitter:label2\" content=\"Availability\" \/>\n\t<meta name=\"twitter:data2\" content=\"Out of stock\" \/>\n<script type=\"application\/ld+json\" class=\"yoast-schema-graph\">{\"@context\":\"https:\/\/schema.org\",\"@graph\":[{\"@type\":\"WebPage\",\"@id\":\"https:\/\/www.sestogrado.it\/en\/prodotto\/leki-cross-trail-lite-carbon-bastoncino-da-cross-trail\/\",\"url\":\"https:\/\/www.sestogrado.it\/en\/prodotto\/leki-cross-trail-lite-carbon-bastoncino-da-cross-trail\/\",\"name\":\"Leki Cross Trail Lite Carbon bastoncino da cross trail - Sestogrado\",\"isPartOf\":{\"@id\":\"https:\/\/www.sestogrado.it\/en\/#website\"},\"primaryImageOfPage\":{\"@id\":\"https:\/\/www.sestogrado.it\/en\/prodotto\/leki-cross-trail-lite-carbon-bastoncino-da-cross-trail\/#primaryimage\"},\"image\":{\"@id\":\"https:\/\/www.sestogrado.it\/prodotto\/leki-cross-trail-lite-carbon-bastoncino-da-cross-trail\/#primaryimage\"},\"thumbnailUrl\":\"https:\/\/www.sestogrado.it\/wp-content\/uploads\/2022\/09\/01-2.jpg\",\"datePublished\":\"2022-09-13T08:35:52+00:00\",\"dateModified\":\"2025-07-08T20:41:56+00:00\",\"description\":\"I Leki Cross Trail Lite Carbon sono dei bastoncini estensibili in 3 sezioni in carbonio, con un range utile di utilizzo 100-135cm.Cross Trail Lite Carbon \u00e8 il tuo supporto nel prossimo allenamento in montagna! Questo bastone in tre pezzi \u00e8 dotato dell'impugnatura Cross Shark. Il sistema \u00e8 ideale per il fast hiking sportivo e unisce i vantaggi di un'impugnatura da trail running a quella da trekking. La velocit\u00e0 del sistema Shark si unisce al supporto di un'impugnatura hiking con superficie ergonomica. Il lacciolo in materiale mesh molto traspirante \u00e8 largo e avvolge la mano in modo stabile e sicuro, scaricando la muscolatura della mano. L'impugnatura prolungata in espanso con struttura a pori aperti ed estetica in sughero consente diverse modalit\u00e0 di presa. Questo tre pezzi rigido e leggero \u00e8 disponbile nelle lunghezze 100-135 cm ed \u00e8 leggerissimo con i suoi 213 g.\",\"breadcrumb\":{\"@id\":\"https:\/\/www.sestogrado.it\/en\/prodotto\/leki-cross-trail-lite-carbon-bastoncino-da-cross-trail\/#breadcrumb\"},\"inLanguage\":\"en-US\",\"potentialAction\":[{\"@type\":\"ReadAction\",\"target\":[[\"https:\/\/www.sestogrado.it\/en\/prodotto\/leki-cross-trail-lite-carbon-bastoncino-da-cross-trail\/\"]]}]},{\"@type\":\"ImageObject\",\"inLanguage\":\"en-US\",\"@id\":\"https:\/\/www.sestogrado.it\/en\/prodotto\/leki-cross-trail-lite-carbon-bastoncino-da-cross-trail\/#primaryimage\",\"url\":\"https:\/\/www.sestogrado.it\/wp-content\/uploads\/2022\/09\/01-2.jpg\",\"contentUrl\":\"https:\/\/www.sestogrado.it\/wp-content\/uploads\/2022\/09\/01-2.jpg\",\"width\":1800,\"height\":1800,\"caption\":\"LEKI CROSS TRAIL LITE carbon\"},{\"@type\":\"BreadcrumbList\",\"@id\":\"https:\/\/www.sestogrado.it\/en\/prodotto\/leki-cross-trail-lite-carbon-bastoncino-da-cross-trail\/#breadcrumb\",\"itemListElement\":[{\"@type\":\"ListItem\",\"position\":1,\"name\":\"Home\",\"item\":\"https:\/\/www.sestogrado.it\/en\/\"},{\"@type\":\"ListItem\",\"position\":2,\"name\":\"Shop\",\"item\":\"https:\/\/www.sestogrado.it\/en\/shop\/\"},{\"@type\":\"ListItem\",\"position\":3,\"name\":\"Leki Cross Trail Lite Carbon bastoncino da cross trail\"}]},{\"@type\":\"WebSite\",\"@id\":\"https:\/\/www.sestogrado.it\/en\/#website\",\"url\":\"https:\/\/www.sestogrado.it\/en\/\",\"name\":\"Sestogrado\",\"description\":\"yes we climb\",\"publisher\":{\"@id\":\"https:\/\/www.sestogrado.it\/en\/#organization\"},\"potentialAction\":[{\"@type\":\"SearchAction\",\"target\":{\"@type\":\"EntryPoint\",\"urlTemplate\":\"https:\/\/www.sestogrado.it\/en\/?s={search_term_string}\"},\"query-input\":{\"@type\":\"PropertyValueSpecification\",\"valueRequired\":true,\"valueName\":\"search_term_string\"}}],\"inLanguage\":\"en-US\"},{\"@type\":\"Organization\",\"@id\":\"https:\/\/www.sestogrado.it\/en\/#organization\",\"name\":\"Sestogrado\",\"url\":\"https:\/\/www.sestogrado.it\/en\/\",\"logo\":{\"@type\":\"ImageObject\",\"inLanguage\":\"en-US\",\"@id\":\"https:\/\/www.sestogrado.it\/en\/#\/schema\/logo\/image\/\",\"url\":\"https:\/\/www.sestogrado.it\/wp-content\/uploads\/2015\/03\/sestogrado-favicon.png\",\"contentUrl\":\"https:\/\/www.sestogrado.it\/wp-content\/uploads\/2015\/03\/sestogrado-favicon.png\",\"width\":260,\"height\":260,\"caption\":\"Sestogrado\"},\"image\":{\"@id\":\"https:\/\/www.sestogrado.it\/en\/#\/schema\/logo\/image\/\"},\"sameAs\":[\"https:\/\/www.facebook.com\/pages\/Sestogrado\/1542635979353017?ref=bookmarks\",\"https:\/\/www.youtube.com\/channel\/UC847kAfTkaJsWpc1jtQwr3Q\"],\"hasMerchantReturnPolicy\":{\"@type\":\"MerchantReturnPolicy\",\"merchantReturnLink\":\"https:\/\/www.sestogrado.it\/en\/termini-e-condizioni\/\"}}]}<\/script>\n<meta property=\"product:brand\" content=\"Leki\" \/>\n<meta property=\"product:price:amount\" content=\"139.90\" \/>\n<meta property=\"product:price:currency\" content=\"EUR\" \/>\n<meta property=\"og:availability\" content=\"out of stock\" \/>\n<meta property=\"product:availability\" content=\"out of stock\" \/>\n<meta property=\"product:condition\" content=\"new\" \/>\n<!-- \/ Yoast SEO plugin. -->","yoast_head_json":{"title":"Leki Cross Trail Lite Carbon bastoncino da cross trail - Sestogrado","description":"I Leki Cross Trail Lite Carbon sono dei bastoncini estensibili in 3 sezioni in carbonio, con un range utile di utilizzo 100-135cm.Cross Trail Lite Carbon \u00e8 il tuo supporto nel prossimo allenamento in montagna! Questo bastone in tre pezzi \u00e8 dotato dell'impugnatura Cross Shark. Il sistema \u00e8 ideale per il fast hiking sportivo e unisce i vantaggi di un'impugnatura da trail running a quella da trekking. La velocit\u00e0 del sistema Shark si unisce al supporto di un'impugnatura hiking con superficie ergonomica. Il lacciolo in materiale mesh molto traspirante \u00e8 largo e avvolge la mano in modo stabile e sicuro, scaricando la muscolatura della mano. L'impugnatura prolungata in espanso con struttura a pori aperti ed estetica in sughero consente diverse modalit\u00e0 di presa. Questo tre pezzi rigido e leggero \u00e8 disponbile nelle lunghezze 100-135 cm ed \u00e8 leggerissimo con i suoi 213 g.","robots":{"index":"index","follow":"follow","max-snippet":"max-snippet:-1","max-image-preview":"max-image-preview:large","max-video-preview":"max-video-preview:-1"},"canonical":"https:\/\/www.sestogrado.it\/en\/prodotto\/leki-cross-trail-lite-carbon-bastoncino-da-cross-trail\/","og_locale":"en_US","og_type":"article","og_title":"Leki Cross Trail Lite Carbon bastoncino da cross trail - Sestogrado","og_description":"I Leki Cross Trail Lite Carbon sono dei bastoncini estensibili in 3 sezioni in carbonio, con un range utile di utilizzo 100-135cm.Cross Trail Lite Carbon \u00e8 il tuo supporto nel prossimo allenamento in montagna! Questo bastone in tre pezzi \u00e8 dotato dell'impugnatura Cross Shark. Il sistema \u00e8 ideale per il fast hiking sportivo e unisce i vantaggi di un'impugnatura da trail running a quella da trekking. La velocit\u00e0 del sistema Shark si unisce al supporto di un'impugnatura hiking con superficie ergonomica. Il lacciolo in materiale mesh molto traspirante \u00e8 largo e avvolge la mano in modo stabile e sicuro, scaricando la muscolatura della mano. L'impugnatura prolungata in espanso con struttura a pori aperti ed estetica in sughero consente diverse modalit\u00e0 di presa. Questo tre pezzi rigido e leggero \u00e8 disponbile nelle lunghezze 100-135 cm ed \u00e8 leggerissimo con i suoi 213 g.","og_url":"https:\/\/www.sestogrado.it\/en\/prodotto\/leki-cross-trail-lite-carbon-bastoncino-da-cross-trail\/","og_site_name":"Sestogrado","article_publisher":"https:\/\/www.facebook.com\/pages\/Sestogrado\/1542635979353017?ref=bookmarks","article_modified_time":"2025-07-08T20:41:56+00:00","og_image":[{"width":1800,"height":1800,"url":"https:\/\/www.sestogrado.it\/wp-content\/uploads\/2022\/09\/01-2.jpg","type":"image\/jpeg"}],"twitter_misc":{"Price":"&euro;&nbsp;139,90","Availability":"Out of stock"},"schema":{"@context":"https:\/\/schema.org","@graph":[{"@type":"WebPage","@id":"https:\/\/www.sestogrado.it\/en\/prodotto\/leki-cross-trail-lite-carbon-bastoncino-da-cross-trail\/","url":"https:\/\/www.sestogrado.it\/en\/prodotto\/leki-cross-trail-lite-carbon-bastoncino-da-cross-trail\/","name":"Leki Cross Trail Lite Carbon bastoncino da cross trail - Sestogrado","isPartOf":{"@id":"https:\/\/www.sestogrado.it\/en\/#website"},"primaryImageOfPage":{"@id":"https:\/\/www.sestogrado.it\/en\/prodotto\/leki-cross-trail-lite-carbon-bastoncino-da-cross-trail\/#primaryimage"},"image":{"@id":"https:\/\/www.sestogrado.it\/prodotto\/leki-cross-trail-lite-carbon-bastoncino-da-cross-trail\/#primaryimage"},"thumbnailUrl":"https:\/\/www.sestogrado.it\/wp-content\/uploads\/2022\/09\/01-2.jpg","datePublished":"2022-09-13T08:35:52+00:00","dateModified":"2025-07-08T20:41:56+00:00","description":"I Leki Cross Trail Lite Carbon sono dei bastoncini estensibili in 3 sezioni in carbonio, con un range utile di utilizzo 100-135cm.Cross Trail Lite Carbon \u00e8 il tuo supporto nel prossimo allenamento in montagna! Questo bastone in tre pezzi \u00e8 dotato dell'impugnatura Cross Shark. Il sistema \u00e8 ideale per il fast hiking sportivo e unisce i vantaggi di un'impugnatura da trail running a quella da trekking. La velocit\u00e0 del sistema Shark si unisce al supporto di un'impugnatura hiking con superficie ergonomica. Il lacciolo in materiale mesh molto traspirante \u00e8 largo e avvolge la mano in modo stabile e sicuro, scaricando la muscolatura della mano. L'impugnatura prolungata in espanso con struttura a pori aperti ed estetica in sughero consente diverse modalit\u00e0 di presa. Questo tre pezzi rigido e leggero \u00e8 disponbile nelle lunghezze 100-135 cm ed \u00e8 leggerissimo con i suoi 213 g.","breadcrumb":{"@id":"https:\/\/www.sestogrado.it\/en\/prodotto\/leki-cross-trail-lite-carbon-bastoncino-da-cross-trail\/#breadcrumb"},"inLanguage":"en-US","potentialAction":[{"@type":"ReadAction","target":[["https:\/\/www.sestogrado.it\/en\/prodotto\/leki-cross-trail-lite-carbon-bastoncino-da-cross-trail\/"]]}]},{"@type":"ImageObject","inLanguage":"en-US","@id":"https:\/\/www.sestogrado.it\/en\/prodotto\/leki-cross-trail-lite-carbon-bastoncino-da-cross-trail\/#primaryimage","url":"https:\/\/www.sestogrado.it\/wp-content\/uploads\/2022\/09\/01-2.jpg","contentUrl":"https:\/\/www.sestogrado.it\/wp-content\/uploads\/2022\/09\/01-2.jpg","width":1800,"height":1800,"caption":"LEKI CROSS TRAIL LITE carbon"},{"@type":"BreadcrumbList","@id":"https:\/\/www.sestogrado.it\/en\/prodotto\/leki-cross-trail-lite-carbon-bastoncino-da-cross-trail\/#breadcrumb","itemListElement":[{"@type":"ListItem","position":1,"name":"Home","item":"https:\/\/www.sestogrado.it\/en\/"},{"@type":"ListItem","position":2,"name":"Shop","item":"https:\/\/www.sestogrado.it\/en\/shop\/"},{"@type":"ListItem","position":3,"name":"Leki Cross Trail Lite Carbon bastoncino da cross trail"}]},{"@type":"WebSite","@id":"https:\/\/www.sestogrado.it\/en\/#website","url":"https:\/\/www.sestogrado.it\/en\/","name":"Sestogrado","description":"yes we climb","publisher":{"@id":"https:\/\/www.sestogrado.it\/en\/#organization"},"potentialAction":[{"@type":"SearchAction","target":{"@type":"EntryPoint","urlTemplate":"https:\/\/www.sestogrado.it\/en\/?s={search_term_string}"},"query-input":{"@type":"PropertyValueSpecification","valueRequired":true,"valueName":"search_term_string"}}],"inLanguage":"en-US"},{"@type":"Organization","@id":"https:\/\/www.sestogrado.it\/en\/#organization","name":"Sestogrado","url":"https:\/\/www.sestogrado.it\/en\/","logo":{"@type":"ImageObject","inLanguage":"en-US","@id":"https:\/\/www.sestogrado.it\/en\/#\/schema\/logo\/image\/","url":"https:\/\/www.sestogrado.it\/wp-content\/uploads\/2015\/03\/sestogrado-favicon.png","contentUrl":"https:\/\/www.sestogrado.it\/wp-content\/uploads\/2015\/03\/sestogrado-favicon.png","width":260,"height":260,"caption":"Sestogrado"},"image":{"@id":"https:\/\/www.sestogrado.it\/en\/#\/schema\/logo\/image\/"},"sameAs":["https:\/\/www.facebook.com\/pages\/Sestogrado\/1542635979353017?ref=bookmarks","https:\/\/www.youtube.com\/channel\/UC847kAfTkaJsWpc1jtQwr3Q"],"hasMerchantReturnPolicy":{"@type":"MerchantReturnPolicy","merchantReturnLink":"https:\/\/www.sestogrado.it\/en\/termini-e-condizioni\/"}}]},"product_brand":"Leki","product_price_amount":"139.90","product_price_currency":"EUR","og_availability":"out of stock","product_availability":"out of stock","product_condition":"new"},"_links":{"self":[{"href":"https:\/\/www.sestogrado.it\/en\/wp-json\/wp\/v2\/product\/112584","targetHints":{"allow":["GET"]}}],"collection":[{"href":"https:\/\/www.sestogrado.it\/en\/wp-json\/wp\/v2\/product"}],"about":[{"href":"https:\/\/www.sestogrado.it\/en\/wp-json\/wp\/v2\/types\/product"}],"replies":[{"embeddable":true,"href":"https:\/\/www.sestogrado.it\/en\/wp-json\/wp\/v2\/comments?post=112584"}],"wp:featuredmedia":[{"embeddable":true,"href":"https:\/\/www.sestogrado.it\/en\/wp-json\/wp\/v2\/media\/112586"}],"wp:attachment":[{"href":"https:\/\/www.sestogrado.it\/en\/wp-json\/wp\/v2\/media?parent=112584"}],"wp:term":[{"taxonomy":"product_brand","embeddable":true,"href":"https:\/\/www.sestogrado.it\/en\/wp-json\/wp\/v2\/product_brand?post=112584"},{"taxonomy":"product_cat","embeddable":true,"href":"https:\/\/www.sestogrado.it\/en\/wp-json\/wp\/v2\/product_cat?post=112584"},{"taxonomy":"product_tag","embeddable":true,"href":"https:\/\/www.sestogrado.it\/en\/wp-json\/wp\/v2\/product_tag?post=112584"}],"curies":[{"name":"wp","href":"https:\/\/api.w.org\/{rel}","templated":true}]}}