{"id":1104,"date":"2021-12-16T15:00:07","date_gmt":"2021-12-16T14:00:07","guid":{"rendered":"http:\/\/www.sestogrado.it\/?post_type=product&#038;p=1104"},"modified":"2025-12-28T09:32:23","modified_gmt":"2025-12-28T08:32:23","slug":"rock-warriors-way","status":"publish","type":"product","link":"https:\/\/www.sestogrado.it\/en\/prodotto\/rock-warriors-way\/","title":{"rendered":"Rock warrior&#8217;s way &#8211; allenamento psico-fisico"},"content":{"rendered":"<p>Quando state scalando una via al vostro limite\u2026<\/p>\n<p>\u2022 Vi sentite frustrati quando le cose non vanno come volete o come vi aspettate?<br \/>\n\u2022 Trattenete il respiro?<br \/>\n\u2022 Credete che cadere non faccia parte del processo dell\u2019arrampicata?<br \/>\n\u2022 Indugiate su quello che ritenete impossibile o che non siete in grado di fare?<br \/>\n\u2022 Vi impegnate in modo titubante e incerto quando vi trovate al passo chiave?<br \/>\n\u2022 Resistete al volo, integrate dove non \u00e8 necessario, stringete troppo, tirate i rinvii?<br \/>\n\u2022 Andate di fretta, pensate che vorreste essere oltre il passo chiave o in cima alla via e che lo sforzo sia gi\u00e0 terminato?<\/p>\n<p>Rispondere \u201cs\u00ec\u201d anche a una sola di queste domande indica che non state usando al meglio la vostra attenzione, come farebbe invece un guerriero.<br \/>\nLeggete questo libro. Se vi dedicate allo sforzo mentale di adottare il metodo del guerriero, la vostra consapevolezza aumenter\u00e0 esponenzialmente. Non importa quanto imperfetto sar\u00e0 il vostro approccio, la vostra consapevolezza crescer\u00e0 comunque. Rimarrete sbalorditi dalla magnificenza dei risultati. La consapevolezza \u00e8 la chiave per iniziare qualsiasi processo e risolvere qualsiasi problema. Noterete cambiamenti rilevanti nel vostro approccio, nella vostra mentalit\u00e0, nel modo in cui arrampicate e nel divertimento che proverete facendolo.<\/p>\n<h3>Info sull\u2019Autore<\/h3>\n<p>Arno Ilgner ha iniziato a scalare nel 1973 e, da allora, ha compiuto svariate ascensioni significative negli Stati Uniti, in Canada, in Francia e in Corea. Alcune delle sue realizzazioni pi\u00f9 importanti sono l\u2019apertura di una via di 400 metri sulla parete Est del Cloud Peak, nelle Big Horn Mountains in Wyoming; la salita in libera di Glass Menagerie sul versante Nord della Glass Rock, in North Carolina e numerose ascensioni sulla Whitesides Mountain, sempre in North Carolina.\u2028Arno ha sviluppato l\u2019allenamento mentale della Rock Warrior\u2019s Way nell\u2019arco di dieci anni, lavorando con centinaia di studenti. Tiene anche corsi specifici sul movimento che aiutano a migliorare l\u2019equilibrio e l\u2019efficienza delle prestazioni. Vive con la sua famiglia in Tennessee e insegna principalmente negli Stati del Sud-est, ma si sposta anche in altre aree degli USA per tenere corsi e fare presentazioni. Alpinisti di parecchi Stati, anche lontani, hanno frequentato i suoi corsi: Canada, California, Florida e New York. Recentemente ha cominciato a lavorare anche con i giovani arrampicatori della categoria pre-agonismo.<\/p>\n<p><em>La Rock Warrior\u2019s Way \u00e8 un metodo rivoluzionario per i climber che vogliono migliorare le loro prestazioni e, allo stesso tempo, godersi di pi\u00f9 l\u2019arrampicata.<\/em><br \/>\n<em>Visitando il sito <a href=\"http:\/\/www.warriorsway.com\/\">www.warriorsway.com<\/a> \u00e8 possibile iscriversi alla Rock Warrior\u2019s Way mailing list e ricevere gratuitamente le newsletter trimestrali.<\/em><\/p>","protected":false},"excerpt":{"rendered":"<p>Progredire nell\u2019arrampicata attraverso un percorso psico-fisico ed emozionale.\u00a0Consapevolezza di s\u00e9, responsabilit\u00e0, rischio, paura &#8211; Arno Ilgner<\/p>\n","protected":false},"featured_media":88805,"comment_status":"open","ping_status":"closed","template":"","meta":{"_acf_changed":false},"product_brand":[99],"product_cat":[98],"product_tag":[],"class_list":{"0":"post-1104","1":"product","2":"type-product","3":"status-publish","4":"has-post-thumbnail","6":"product_brand-versante-sud","7":"product_cat-libri","9":"first","10":"instock","11":"taxable","12":"shipping-taxable","13":"purchasable","14":"product-type-simple"},"acf":[],"yoast_head":"<!-- This site is optimized with the Yoast SEO plugin v26.4 - https:\/\/yoast.com\/wordpress\/plugins\/seo\/ -->\n<title>Rock warrior&#039;s way - allenamento psico-fisico - Sestogrado<\/title>\n<meta name=\"description\" content=\"Rispondere \u201csi\u201d anche a una sola di queste domande indica che non state usando al meglio la vostra attenzione, come farebbe invece un guerriero. Leggete questo libro. Se vi dedicate allo sforzo mentale di adottare il metodo del guerriero, la vostra consapevolezza aumentera\u0300 esponenzialmente. Non importa quanto imperfetto sara\u0300 il vostro approccio, la vostra consapevolezza crescera\u0300 comunque. Rimarrete sbalorditi dalla grandezza dei risultati.\u00a0La consapevolezza e\u0300 la chiave per iniziare qualsiasi processo e risolvere qualsiasi problema. Noterete cambiamenti rilevanti nel vostro approccio, nella vostra mentalita\u0300, nel modo in cui arrampicate e nel divertimento che proverete facendolo.Novita\u0300 di questa seconda edizione sono le lezioni su\u00a0come affrontare il rischio di una salita: Consapevolezza \u2013 Valutazione del rischio \u2013 Gestione delle pause \u2013 Gestione della caduta \u2013 Gestione dell\u2019azione con\u00a0esempi pratici\u00a0e un capitolo di esercizi. Oltre ovviamente al nuovo layout e a immagini rinnovate.\" \/>\n<meta name=\"robots\" content=\"index, follow, max-snippet:-1, max-image-preview:large, max-video-preview:-1\" \/>\n<link rel=\"canonical\" href=\"https:\/\/www.sestogrado.it\/en\/prodotto\/rock-warriors-way\/\" \/>\n<meta property=\"og:locale\" content=\"en_US\" \/>\n<meta property=\"og:type\" content=\"article\" \/>\n<meta property=\"og:title\" content=\"Rock warrior&#039;s way - allenamento psico-fisico - Sestogrado\" \/>\n<meta property=\"og:description\" content=\"Rispondere \u201csi\u201d anche a una sola di queste domande indica che non state usando al meglio la vostra attenzione, come farebbe invece un guerriero. Leggete questo libro. Se vi dedicate allo sforzo mentale di adottare il metodo del guerriero, la vostra consapevolezza aumentera\u0300 esponenzialmente. Non importa quanto imperfetto sara\u0300 il vostro approccio, la vostra consapevolezza crescera\u0300 comunque. Rimarrete sbalorditi dalla grandezza dei risultati.\u00a0La consapevolezza e\u0300 la chiave per iniziare qualsiasi processo e risolvere qualsiasi problema. Noterete cambiamenti rilevanti nel vostro approccio, nella vostra mentalita\u0300, nel modo in cui arrampicate e nel divertimento che proverete facendolo.Novita\u0300 di questa seconda edizione sono le lezioni su\u00a0come affrontare il rischio di una salita: Consapevolezza \u2013 Valutazione del rischio \u2013 Gestione delle pause \u2013 Gestione della caduta \u2013 Gestione dell\u2019azione con\u00a0esempi pratici\u00a0e un capitolo di esercizi. Oltre ovviamente al nuovo layout e a immagini rinnovate.\" \/>\n<meta property=\"og:url\" content=\"https:\/\/www.sestogrado.it\/en\/prodotto\/rock-warriors-way\/\" \/>\n<meta property=\"og:site_name\" content=\"Sestogrado\" \/>\n<meta property=\"article:publisher\" content=\"https:\/\/www.facebook.com\/pages\/Sestogrado\/1542635979353017?ref=bookmarks\" \/>\n<meta property=\"article:modified_time\" content=\"2025-12-28T08:32:23+00:00\" \/>\n<meta property=\"og:image\" content=\"https:\/\/www.sestogrado.it\/wp-content\/uploads\/2015\/04\/rock.jpg\" \/>\n\t<meta property=\"og:image:width\" content=\"900\" \/>\n\t<meta property=\"og:image:height\" content=\"900\" \/>\n\t<meta property=\"og:image:type\" content=\"image\/jpeg\" \/>\n<meta name=\"twitter:label1\" content=\"Price\" \/>\n\t<meta name=\"twitter:data1\" content=\"&euro;&nbsp;34,00\" \/>\n\t<meta name=\"twitter:label2\" content=\"Availability\" \/>\n\t<meta name=\"twitter:data2\" content=\"In stock\" \/>\n<script type=\"application\/ld+json\" class=\"yoast-schema-graph\">{\"@context\":\"https:\/\/schema.org\",\"@graph\":[{\"@type\":\"WebPage\",\"@id\":\"https:\/\/www.sestogrado.it\/en\/prodotto\/rock-warriors-way\/\",\"url\":\"https:\/\/www.sestogrado.it\/en\/prodotto\/rock-warriors-way\/\",\"name\":\"Rock warrior's way - allenamento psico-fisico - Sestogrado\",\"isPartOf\":{\"@id\":\"https:\/\/www.sestogrado.it\/en\/#website\"},\"primaryImageOfPage\":{\"@id\":\"https:\/\/www.sestogrado.it\/en\/prodotto\/rock-warriors-way\/#primaryimage\"},\"image\":{\"@id\":\"https:\/\/www.sestogrado.it\/prodotto\/rock-warriors-way\/#primaryimage\"},\"thumbnailUrl\":\"https:\/\/www.sestogrado.it\/wp-content\/uploads\/2015\/04\/rock.jpg\",\"datePublished\":\"2021-12-16T14:00:07+00:00\",\"dateModified\":\"2025-12-28T08:32:23+00:00\",\"description\":\"Rispondere \u201csi\u201d anche a una sola di queste domande indica che non state usando al meglio la vostra attenzione, come farebbe invece un guerriero. Leggete questo libro. Se vi dedicate allo sforzo mentale di adottare il metodo del guerriero, la vostra consapevolezza aumentera\u0300 esponenzialmente. Non importa quanto imperfetto sara\u0300 il vostro approccio, la vostra consapevolezza crescera\u0300 comunque. Rimarrete sbalorditi dalla grandezza dei risultati.\u00a0La consapevolezza e\u0300 la chiave per iniziare qualsiasi processo e risolvere qualsiasi problema. Noterete cambiamenti rilevanti nel vostro approccio, nella vostra mentalita\u0300, nel modo in cui arrampicate e nel divertimento che proverete facendolo.Novita\u0300 di questa seconda edizione sono le lezioni su\u00a0come affrontare il rischio di una salita: Consapevolezza \u2013 Valutazione del rischio \u2013 Gestione delle pause \u2013 Gestione della caduta \u2013 Gestione dell\u2019azione con\u00a0esempi pratici\u00a0e un capitolo di esercizi. Oltre ovviamente al nuovo layout e a immagini rinnovate.\",\"breadcrumb\":{\"@id\":\"https:\/\/www.sestogrado.it\/en\/prodotto\/rock-warriors-way\/#breadcrumb\"},\"inLanguage\":\"en-US\",\"potentialAction\":[{\"@type\":\"ReadAction\",\"target\":[[\"https:\/\/www.sestogrado.it\/en\/prodotto\/rock-warriors-way\/\"]]}]},{\"@type\":\"ImageObject\",\"inLanguage\":\"en-US\",\"@id\":\"https:\/\/www.sestogrado.it\/en\/prodotto\/rock-warriors-way\/#primaryimage\",\"url\":\"https:\/\/www.sestogrado.it\/wp-content\/uploads\/2015\/04\/rock.jpg\",\"contentUrl\":\"https:\/\/www.sestogrado.it\/wp-content\/uploads\/2015\/04\/rock.jpg\",\"width\":900,\"height\":900,\"caption\":\"rock warrior's way\"},{\"@type\":\"BreadcrumbList\",\"@id\":\"https:\/\/www.sestogrado.it\/en\/prodotto\/rock-warriors-way\/#breadcrumb\",\"itemListElement\":[{\"@type\":\"ListItem\",\"position\":1,\"name\":\"Home\",\"item\":\"https:\/\/www.sestogrado.it\/en\/\"},{\"@type\":\"ListItem\",\"position\":2,\"name\":\"Shop\",\"item\":\"https:\/\/www.sestogrado.it\/en\/shop\/\"},{\"@type\":\"ListItem\",\"position\":3,\"name\":\"Rock warrior&#8217;s way + lezioni rapide\"}]},{\"@type\":\"WebSite\",\"@id\":\"https:\/\/www.sestogrado.it\/en\/#website\",\"url\":\"https:\/\/www.sestogrado.it\/en\/\",\"name\":\"Sestogrado\",\"description\":\"yes we climb\",\"publisher\":{\"@id\":\"https:\/\/www.sestogrado.it\/en\/#organization\"},\"potentialAction\":[{\"@type\":\"SearchAction\",\"target\":{\"@type\":\"EntryPoint\",\"urlTemplate\":\"https:\/\/www.sestogrado.it\/en\/?s={search_term_string}\"},\"query-input\":{\"@type\":\"PropertyValueSpecification\",\"valueRequired\":true,\"valueName\":\"search_term_string\"}}],\"inLanguage\":\"en-US\"},{\"@type\":\"Organization\",\"@id\":\"https:\/\/www.sestogrado.it\/en\/#organization\",\"name\":\"Sestogrado\",\"url\":\"https:\/\/www.sestogrado.it\/en\/\",\"logo\":{\"@type\":\"ImageObject\",\"inLanguage\":\"en-US\",\"@id\":\"https:\/\/www.sestogrado.it\/en\/#\/schema\/logo\/image\/\",\"url\":\"https:\/\/www.sestogrado.it\/wp-content\/uploads\/2015\/03\/sestogrado-favicon.png\",\"contentUrl\":\"https:\/\/www.sestogrado.it\/wp-content\/uploads\/2015\/03\/sestogrado-favicon.png\",\"width\":260,\"height\":260,\"caption\":\"Sestogrado\"},\"image\":{\"@id\":\"https:\/\/www.sestogrado.it\/en\/#\/schema\/logo\/image\/\"},\"sameAs\":[\"https:\/\/www.facebook.com\/pages\/Sestogrado\/1542635979353017?ref=bookmarks\",\"https:\/\/www.youtube.com\/channel\/UC847kAfTkaJsWpc1jtQwr3Q\"],\"hasMerchantReturnPolicy\":{\"@type\":\"MerchantReturnPolicy\",\"merchantReturnLink\":\"https:\/\/www.sestogrado.it\/en\/termini-e-condizioni\/\"}}]}<\/script>\n<meta property=\"product:brand\" content=\"Versante Sud\" \/>\n<meta property=\"product:price:amount\" content=\"34.00\" \/>\n<meta property=\"product:price:currency\" content=\"EUR\" \/>\n<meta property=\"og:availability\" content=\"instock\" \/>\n<meta property=\"product:availability\" content=\"instock\" \/>\n<meta property=\"product:condition\" content=\"new\" \/>\n<!-- \/ Yoast SEO plugin. -->","yoast_head_json":{"title":"Rock warrior's way - allenamento psico-fisico - Sestogrado","description":"Rispondere \u201csi\u201d anche a una sola di queste domande indica che non state usando al meglio la vostra attenzione, come farebbe invece un guerriero. Leggete questo libro. Se vi dedicate allo sforzo mentale di adottare il metodo del guerriero, la vostra consapevolezza aumentera\u0300 esponenzialmente. Non importa quanto imperfetto sara\u0300 il vostro approccio, la vostra consapevolezza crescera\u0300 comunque. Rimarrete sbalorditi dalla grandezza dei risultati.\u00a0La consapevolezza e\u0300 la chiave per iniziare qualsiasi processo e risolvere qualsiasi problema. Noterete cambiamenti rilevanti nel vostro approccio, nella vostra mentalita\u0300, nel modo in cui arrampicate e nel divertimento che proverete facendolo.Novita\u0300 di questa seconda edizione sono le lezioni su\u00a0come affrontare il rischio di una salita: Consapevolezza \u2013 Valutazione del rischio \u2013 Gestione delle pause \u2013 Gestione della caduta \u2013 Gestione dell\u2019azione con\u00a0esempi pratici\u00a0e un capitolo di esercizi. Oltre ovviamente al nuovo layout e a immagini rinnovate.","robots":{"index":"index","follow":"follow","max-snippet":"max-snippet:-1","max-image-preview":"max-image-preview:large","max-video-preview":"max-video-preview:-1"},"canonical":"https:\/\/www.sestogrado.it\/en\/prodotto\/rock-warriors-way\/","og_locale":"en_US","og_type":"article","og_title":"Rock warrior's way - allenamento psico-fisico - Sestogrado","og_description":"Rispondere \u201csi\u201d anche a una sola di queste domande indica che non state usando al meglio la vostra attenzione, come farebbe invece un guerriero. Leggete questo libro. Se vi dedicate allo sforzo mentale di adottare il metodo del guerriero, la vostra consapevolezza aumentera\u0300 esponenzialmente. Non importa quanto imperfetto sara\u0300 il vostro approccio, la vostra consapevolezza crescera\u0300 comunque. Rimarrete sbalorditi dalla grandezza dei risultati.\u00a0La consapevolezza e\u0300 la chiave per iniziare qualsiasi processo e risolvere qualsiasi problema. Noterete cambiamenti rilevanti nel vostro approccio, nella vostra mentalita\u0300, nel modo in cui arrampicate e nel divertimento che proverete facendolo.Novita\u0300 di questa seconda edizione sono le lezioni su\u00a0come affrontare il rischio di una salita: Consapevolezza \u2013 Valutazione del rischio \u2013 Gestione delle pause \u2013 Gestione della caduta \u2013 Gestione dell\u2019azione con\u00a0esempi pratici\u00a0e un capitolo di esercizi. Oltre ovviamente al nuovo layout e a immagini rinnovate.","og_url":"https:\/\/www.sestogrado.it\/en\/prodotto\/rock-warriors-way\/","og_site_name":"Sestogrado","article_publisher":"https:\/\/www.facebook.com\/pages\/Sestogrado\/1542635979353017?ref=bookmarks","article_modified_time":"2025-12-28T08:32:23+00:00","og_image":[{"width":900,"height":900,"url":"https:\/\/www.sestogrado.it\/wp-content\/uploads\/2015\/04\/rock.jpg","type":"image\/jpeg"}],"twitter_misc":{"Price":"&euro;&nbsp;34,00","Availability":"In stock"},"schema":{"@context":"https:\/\/schema.org","@graph":[{"@type":"WebPage","@id":"https:\/\/www.sestogrado.it\/en\/prodotto\/rock-warriors-way\/","url":"https:\/\/www.sestogrado.it\/en\/prodotto\/rock-warriors-way\/","name":"Rock warrior's way - allenamento psico-fisico - Sestogrado","isPartOf":{"@id":"https:\/\/www.sestogrado.it\/en\/#website"},"primaryImageOfPage":{"@id":"https:\/\/www.sestogrado.it\/en\/prodotto\/rock-warriors-way\/#primaryimage"},"image":{"@id":"https:\/\/www.sestogrado.it\/prodotto\/rock-warriors-way\/#primaryimage"},"thumbnailUrl":"https:\/\/www.sestogrado.it\/wp-content\/uploads\/2015\/04\/rock.jpg","datePublished":"2021-12-16T14:00:07+00:00","dateModified":"2025-12-28T08:32:23+00:00","description":"Rispondere \u201csi\u201d anche a una sola di queste domande indica che non state usando al meglio la vostra attenzione, come farebbe invece un guerriero. Leggete questo libro. Se vi dedicate allo sforzo mentale di adottare il metodo del guerriero, la vostra consapevolezza aumentera\u0300 esponenzialmente. Non importa quanto imperfetto sara\u0300 il vostro approccio, la vostra consapevolezza crescera\u0300 comunque. Rimarrete sbalorditi dalla grandezza dei risultati.\u00a0La consapevolezza e\u0300 la chiave per iniziare qualsiasi processo e risolvere qualsiasi problema. Noterete cambiamenti rilevanti nel vostro approccio, nella vostra mentalita\u0300, nel modo in cui arrampicate e nel divertimento che proverete facendolo.Novita\u0300 di questa seconda edizione sono le lezioni su\u00a0come affrontare il rischio di una salita: Consapevolezza \u2013 Valutazione del rischio \u2013 Gestione delle pause \u2013 Gestione della caduta \u2013 Gestione dell\u2019azione con\u00a0esempi pratici\u00a0e un capitolo di esercizi. Oltre ovviamente al nuovo layout e a immagini rinnovate.","breadcrumb":{"@id":"https:\/\/www.sestogrado.it\/en\/prodotto\/rock-warriors-way\/#breadcrumb"},"inLanguage":"en-US","potentialAction":[{"@type":"ReadAction","target":[["https:\/\/www.sestogrado.it\/en\/prodotto\/rock-warriors-way\/"]]}]},{"@type":"ImageObject","inLanguage":"en-US","@id":"https:\/\/www.sestogrado.it\/en\/prodotto\/rock-warriors-way\/#primaryimage","url":"https:\/\/www.sestogrado.it\/wp-content\/uploads\/2015\/04\/rock.jpg","contentUrl":"https:\/\/www.sestogrado.it\/wp-content\/uploads\/2015\/04\/rock.jpg","width":900,"height":900,"caption":"rock warrior's way"},{"@type":"BreadcrumbList","@id":"https:\/\/www.sestogrado.it\/en\/prodotto\/rock-warriors-way\/#breadcrumb","itemListElement":[{"@type":"ListItem","position":1,"name":"Home","item":"https:\/\/www.sestogrado.it\/en\/"},{"@type":"ListItem","position":2,"name":"Shop","item":"https:\/\/www.sestogrado.it\/en\/shop\/"},{"@type":"ListItem","position":3,"name":"Rock warrior&#8217;s way + lezioni rapide"}]},{"@type":"WebSite","@id":"https:\/\/www.sestogrado.it\/en\/#website","url":"https:\/\/www.sestogrado.it\/en\/","name":"Sestogrado","description":"yes we climb","publisher":{"@id":"https:\/\/www.sestogrado.it\/en\/#organization"},"potentialAction":[{"@type":"SearchAction","target":{"@type":"EntryPoint","urlTemplate":"https:\/\/www.sestogrado.it\/en\/?s={search_term_string}"},"query-input":{"@type":"PropertyValueSpecification","valueRequired":true,"valueName":"search_term_string"}}],"inLanguage":"en-US"},{"@type":"Organization","@id":"https:\/\/www.sestogrado.it\/en\/#organization","name":"Sestogrado","url":"https:\/\/www.sestogrado.it\/en\/","logo":{"@type":"ImageObject","inLanguage":"en-US","@id":"https:\/\/www.sestogrado.it\/en\/#\/schema\/logo\/image\/","url":"https:\/\/www.sestogrado.it\/wp-content\/uploads\/2015\/03\/sestogrado-favicon.png","contentUrl":"https:\/\/www.sestogrado.it\/wp-content\/uploads\/2015\/03\/sestogrado-favicon.png","width":260,"height":260,"caption":"Sestogrado"},"image":{"@id":"https:\/\/www.sestogrado.it\/en\/#\/schema\/logo\/image\/"},"sameAs":["https:\/\/www.facebook.com\/pages\/Sestogrado\/1542635979353017?ref=bookmarks","https:\/\/www.youtube.com\/channel\/UC847kAfTkaJsWpc1jtQwr3Q"],"hasMerchantReturnPolicy":{"@type":"MerchantReturnPolicy","merchantReturnLink":"https:\/\/www.sestogrado.it\/en\/termini-e-condizioni\/"}}]},"product_brand":"Versante Sud","product_price_amount":"34.00","product_price_currency":"EUR","og_availability":"instock","product_availability":"instock","product_condition":"new"},"_links":{"self":[{"href":"https:\/\/www.sestogrado.it\/en\/wp-json\/wp\/v2\/product\/1104","targetHints":{"allow":["GET"]}}],"collection":[{"href":"https:\/\/www.sestogrado.it\/en\/wp-json\/wp\/v2\/product"}],"about":[{"href":"https:\/\/www.sestogrado.it\/en\/wp-json\/wp\/v2\/types\/product"}],"replies":[{"embeddable":true,"href":"https:\/\/www.sestogrado.it\/en\/wp-json\/wp\/v2\/comments?post=1104"}],"wp:featuredmedia":[{"embeddable":true,"href":"https:\/\/www.sestogrado.it\/en\/wp-json\/wp\/v2\/media\/88805"}],"wp:attachment":[{"href":"https:\/\/www.sestogrado.it\/en\/wp-json\/wp\/v2\/media?parent=1104"}],"wp:term":[{"taxonomy":"product_brand","embeddable":true,"href":"https:\/\/www.sestogrado.it\/en\/wp-json\/wp\/v2\/product_brand?post=1104"},{"taxonomy":"product_cat","embeddable":true,"href":"https:\/\/www.sestogrado.it\/en\/wp-json\/wp\/v2\/product_cat?post=1104"},{"taxonomy":"product_tag","embeddable":true,"href":"https:\/\/www.sestogrado.it\/en\/wp-json\/wp\/v2\/product_tag?post=1104"}],"curies":[{"name":"wp","href":"https:\/\/api.w.org\/{rel}","templated":true}]}}