{"id":104142,"date":"2022-06-17T11:48:16","date_gmt":"2022-06-17T09:48:16","guid":{"rendered":"https:\/\/www.sestogrado.it\/?post_type=product&#038;p=104142"},"modified":"2026-04-01T23:29:23","modified_gmt":"2026-04-01T21:29:23","slug":"blue-ice-harfang-enduro-ramponi-da-ghiaccio-in-acciaio","status":"publish","type":"product","link":"https:\/\/www.sestogrado.it\/en\/prodotto\/blue-ice-harfang-enduro-ramponi-da-ghiaccio-in-acciaio\/","title":{"rendered":"Blue Ice Harfang Enduro crampons"},"content":{"rendered":"<p>The Harfang Enduro crampons have a chromoly steel front, secondary and rear rail giving you harmony between durability, packability and weight. This patented concept is based on a central main textile strap that connects the front, secondary and back rails. This system allows the user to mount it in the most suitable position base on the application or the geometry of the boots. The main strap flexible linking system minimizes bulk and offers a real compactness. The Harfang Enduro is designed to fit any boot with a heel welt and includes front bail systems: fully auto and semi-auto which are easily interchangeable.<\/p>\n<p>&nbsp;<\/p>\n<ul>\n<li>Material: UHMWPE and HTPE 40mm center strap, Chromoly steel<\/li>\n<li>Heel Lever with micro adjustment<\/li>\n<li>Fixed pivoting point cable attachment<\/li>\n<li>Chromoly steel front, secondary and rear rails<\/li>\n<li>Interchangeable front bails for boots with and without a front toe welt<\/li>\n<li>TPU Active ABS to prevent snow bailling<\/li>\n<li>Weight: 534g without ABS per pair and 581g with ABS per pair<\/li>\n<li>Sold with toe basket and storage bag<\/li>\n<li>Certifications: CE EN 893, UIAA 153<\/li>\n<li>Ideal for ski touring and mountaineering<\/li>\n<li>Shoe sizes: 35EU &#8211; 47EU<\/li>\n<\/ul>\n<p><\/p>","protected":false},"excerpt":{"rendered":"<p>The Harfang Enduro crampons have a chromoly steel front, secondary and rear rail giving you harmony between durability, packability and [&hellip;]<\/p>\n","protected":false},"featured_media":104152,"comment_status":"open","ping_status":"closed","template":"","meta":{"_acf_changed":false},"product_brand":[641],"product_cat":[153],"product_tag":[],"class_list":{"0":"post-104142","1":"product","2":"type-product","3":"status-publish","4":"has-post-thumbnail","6":"product_brand-blue-ice","7":"product_cat-ramponi","9":"first","10":"instock","11":"sale","12":"taxable","13":"shipping-taxable","14":"purchasable","15":"product-type-simple"},"acf":[],"yoast_head":"<!-- This site is optimized with the Yoast SEO plugin v26.4 - https:\/\/yoast.com\/wordpress\/plugins\/seo\/ -->\n<title>Blue Ice Harfang Enduro crampons - Sestogrado<\/title>\n<meta name=\"description\" content=\"Il concetto brevettato di Blue Ice si basa su una fettuccia centrale che collega la parte anteriore con quella posteriore del rampone, consentendo di montarlo nella posizione pi\u00f9 comoda possibile, adattandosi alla geometria degli scarponi. Un&#039;unica misura copre tutte le taglie: dal 35 al 47. L&#039;utilizzo di un collegamento a fettuccia flessibile minimizza l&#039;ingombro ed offre una super compattezza, con, allo stesso tempo, precisione e comfort notevoli. La talloniera \u00e8 dotata di un perno di regolazione per adattare al meglio il rampone allo scarpone. E&#039; un rampone automatico\/semiautomatico, fornito sia di gabbietta metallica per scarponi con bordo anteriore, sia di gabbietta universale per scarponi senza bordo anteriore. Dotato di ABS, viene fornito con il suo astuccio contenitivo che pu\u00f2 essere agganciato all&#039;imbrago o allo zaino. Cos\u00ec attaccati, hai sempre i ramponi a portata di mano, pronti per essere utilizzati... ma \u00e8 ai tuoi piedi che danno il loro meglio! I ramponi Harfang Enduro sono sviluppati in acciaio al cromo, il quale dona durata, comprimibilit\u00e0 e peso ridotto. L&#039;Harfang Enduro \u00e8 progettato per adattarsi a qualsiasi scarpone con attacco sul tallone o anche senza, in quanto include i sistemi di supporto anteriore: automatici e semi-automatici che sono facilmente intercambiabili.\" \/>\n<meta name=\"robots\" content=\"index, follow, max-snippet:-1, max-image-preview:large, max-video-preview:-1\" \/>\n<link rel=\"canonical\" href=\"https:\/\/www.sestogrado.it\/en\/prodotto\/blue-ice-harfang-enduro-ramponi-da-ghiaccio-in-acciaio\/\" \/>\n<meta property=\"og:locale\" content=\"en_US\" \/>\n<meta property=\"og:type\" content=\"article\" \/>\n<meta property=\"og:title\" content=\"Blue Ice Harfang Enduro crampons - Sestogrado\" \/>\n<meta property=\"og:description\" content=\"Il concetto brevettato di Blue Ice si basa su una fettuccia centrale che collega la parte anteriore con quella posteriore del rampone, consentendo di montarlo nella posizione pi\u00f9 comoda possibile, adattandosi alla geometria degli scarponi. Un&#039;unica misura copre tutte le taglie: dal 35 al 47. L&#039;utilizzo di un collegamento a fettuccia flessibile minimizza l&#039;ingombro ed offre una super compattezza, con, allo stesso tempo, precisione e comfort notevoli. La talloniera \u00e8 dotata di un perno di regolazione per adattare al meglio il rampone allo scarpone. E&#039; un rampone automatico\/semiautomatico, fornito sia di gabbietta metallica per scarponi con bordo anteriore, sia di gabbietta universale per scarponi senza bordo anteriore. Dotato di ABS, viene fornito con il suo astuccio contenitivo che pu\u00f2 essere agganciato all&#039;imbrago o allo zaino. Cos\u00ec attaccati, hai sempre i ramponi a portata di mano, pronti per essere utilizzati... ma \u00e8 ai tuoi piedi che danno il loro meglio! I ramponi Harfang Enduro sono sviluppati in acciaio al cromo, il quale dona durata, comprimibilit\u00e0 e peso ridotto. L&#039;Harfang Enduro \u00e8 progettato per adattarsi a qualsiasi scarpone con attacco sul tallone o anche senza, in quanto include i sistemi di supporto anteriore: automatici e semi-automatici che sono facilmente intercambiabili.\" \/>\n<meta property=\"og:url\" content=\"https:\/\/www.sestogrado.it\/en\/prodotto\/blue-ice-harfang-enduro-ramponi-da-ghiaccio-in-acciaio\/\" \/>\n<meta property=\"og:site_name\" content=\"Sestogrado\" \/>\n<meta property=\"article:publisher\" content=\"https:\/\/www.facebook.com\/pages\/Sestogrado\/1542635979353017?ref=bookmarks\" \/>\n<meta property=\"article:modified_time\" content=\"2026-04-01T21:29:23+00:00\" \/>\n<meta property=\"og:image\" content=\"https:\/\/www.sestogrado.it\/wp-content\/uploads\/2022\/06\/HarfangEnduro-web-1600.jpg\" \/>\n\t<meta property=\"og:image:width\" content=\"2400\" \/>\n\t<meta property=\"og:image:height\" content=\"2400\" \/>\n\t<meta property=\"og:image:type\" content=\"image\/jpeg\" \/>\n<meta name=\"twitter:label1\" content=\"Price\" \/>\n\t<meta name=\"twitter:data1\" content=\"&euro;&nbsp;119,00\" \/>\n\t<meta name=\"twitter:label2\" content=\"Availability\" \/>\n\t<meta name=\"twitter:data2\" content=\"In stock\" \/>\n<script type=\"application\/ld+json\" class=\"yoast-schema-graph\">{\"@context\":\"https:\/\/schema.org\",\"@graph\":[{\"@type\":\"WebPage\",\"@id\":\"https:\/\/www.sestogrado.it\/en\/prodotto\/blue-ice-harfang-enduro-ramponi-da-ghiaccio-in-acciaio\/\",\"url\":\"https:\/\/www.sestogrado.it\/en\/prodotto\/blue-ice-harfang-enduro-ramponi-da-ghiaccio-in-acciaio\/\",\"name\":\"Blue Ice Harfang Enduro crampons - Sestogrado\",\"isPartOf\":{\"@id\":\"https:\/\/www.sestogrado.it\/en\/#website\"},\"primaryImageOfPage\":{\"@id\":\"https:\/\/www.sestogrado.it\/en\/prodotto\/blue-ice-harfang-enduro-ramponi-da-ghiaccio-in-acciaio\/#primaryimage\"},\"image\":{\"@id\":\"https:\/\/www.sestogrado.it\/prodotto\/blue-ice-harfang-enduro-ramponi-da-ghiaccio-in-acciaio\/#primaryimage\"},\"thumbnailUrl\":\"https:\/\/www.sestogrado.it\/wp-content\/uploads\/2022\/06\/HarfangEnduro-web-1600.jpg\",\"datePublished\":\"2022-06-17T09:48:16+00:00\",\"dateModified\":\"2026-04-01T21:29:23+00:00\",\"description\":\"Il concetto brevettato di Blue Ice si basa su una fettuccia centrale che collega la parte anteriore con quella posteriore del rampone, consentendo di montarlo nella posizione pi\u00f9 comoda possibile, adattandosi alla geometria degli scarponi. Un'unica misura copre tutte le taglie: dal 35 al 47. L'utilizzo di un collegamento a fettuccia flessibile minimizza l'ingombro ed offre una super compattezza, con, allo stesso tempo, precisione e comfort notevoli. La talloniera \u00e8 dotata di un perno di regolazione per adattare al meglio il rampone allo scarpone. E' un rampone automatico\/semiautomatico, fornito sia di gabbietta metallica per scarponi con bordo anteriore, sia di gabbietta universale per scarponi senza bordo anteriore. Dotato di ABS, viene fornito con il suo astuccio contenitivo che pu\u00f2 essere agganciato all'imbrago o allo zaino. Cos\u00ec attaccati, hai sempre i ramponi a portata di mano, pronti per essere utilizzati... ma \u00e8 ai tuoi piedi che danno il loro meglio! I ramponi Harfang Enduro sono sviluppati in acciaio al cromo, il quale dona durata, comprimibilit\u00e0 e peso ridotto. L'Harfang Enduro \u00e8 progettato per adattarsi a qualsiasi scarpone con attacco sul tallone o anche senza, in quanto include i sistemi di supporto anteriore: automatici e semi-automatici che sono facilmente intercambiabili.\",\"breadcrumb\":{\"@id\":\"https:\/\/www.sestogrado.it\/en\/prodotto\/blue-ice-harfang-enduro-ramponi-da-ghiaccio-in-acciaio\/#breadcrumb\"},\"inLanguage\":\"en-US\",\"potentialAction\":[{\"@type\":\"ReadAction\",\"target\":[[\"https:\/\/www.sestogrado.it\/en\/prodotto\/blue-ice-harfang-enduro-ramponi-da-ghiaccio-in-acciaio\/\"]]}]},{\"@type\":\"ImageObject\",\"inLanguage\":\"en-US\",\"@id\":\"https:\/\/www.sestogrado.it\/en\/prodotto\/blue-ice-harfang-enduro-ramponi-da-ghiaccio-in-acciaio\/#primaryimage\",\"url\":\"https:\/\/www.sestogrado.it\/wp-content\/uploads\/2022\/06\/HarfangEnduro-web-1600.jpg\",\"contentUrl\":\"https:\/\/www.sestogrado.it\/wp-content\/uploads\/2022\/06\/HarfangEnduro-web-1600.jpg\",\"width\":2400,\"height\":2400,\"caption\":\"blue ice harfang ENDURO\"},{\"@type\":\"BreadcrumbList\",\"@id\":\"https:\/\/www.sestogrado.it\/en\/prodotto\/blue-ice-harfang-enduro-ramponi-da-ghiaccio-in-acciaio\/#breadcrumb\",\"itemListElement\":[{\"@type\":\"ListItem\",\"position\":1,\"name\":\"Home\",\"item\":\"https:\/\/www.sestogrado.it\/en\/\"},{\"@type\":\"ListItem\",\"position\":2,\"name\":\"Shop\",\"item\":\"https:\/\/www.sestogrado.it\/en\/shop\/\"},{\"@type\":\"ListItem\",\"position\":3,\"name\":\"Blue Ice Harfang Enduro ramponi da ghiaccio in acciaio\"}]},{\"@type\":\"WebSite\",\"@id\":\"https:\/\/www.sestogrado.it\/en\/#website\",\"url\":\"https:\/\/www.sestogrado.it\/en\/\",\"name\":\"Sestogrado\",\"description\":\"yes we climb\",\"publisher\":{\"@id\":\"https:\/\/www.sestogrado.it\/en\/#organization\"},\"potentialAction\":[{\"@type\":\"SearchAction\",\"target\":{\"@type\":\"EntryPoint\",\"urlTemplate\":\"https:\/\/www.sestogrado.it\/en\/?s={search_term_string}\"},\"query-input\":{\"@type\":\"PropertyValueSpecification\",\"valueRequired\":true,\"valueName\":\"search_term_string\"}}],\"inLanguage\":\"en-US\"},{\"@type\":\"Organization\",\"@id\":\"https:\/\/www.sestogrado.it\/en\/#organization\",\"name\":\"Sestogrado\",\"url\":\"https:\/\/www.sestogrado.it\/en\/\",\"logo\":{\"@type\":\"ImageObject\",\"inLanguage\":\"en-US\",\"@id\":\"https:\/\/www.sestogrado.it\/en\/#\/schema\/logo\/image\/\",\"url\":\"https:\/\/www.sestogrado.it\/wp-content\/uploads\/2015\/03\/sestogrado-favicon.png\",\"contentUrl\":\"https:\/\/www.sestogrado.it\/wp-content\/uploads\/2015\/03\/sestogrado-favicon.png\",\"width\":260,\"height\":260,\"caption\":\"Sestogrado\"},\"image\":{\"@id\":\"https:\/\/www.sestogrado.it\/en\/#\/schema\/logo\/image\/\"},\"sameAs\":[\"https:\/\/www.facebook.com\/pages\/Sestogrado\/1542635979353017?ref=bookmarks\",\"https:\/\/www.youtube.com\/channel\/UC847kAfTkaJsWpc1jtQwr3Q\"],\"hasMerchantReturnPolicy\":{\"@type\":\"MerchantReturnPolicy\",\"merchantReturnLink\":\"https:\/\/www.sestogrado.it\/en\/termini-e-condizioni\/\"}}]}<\/script>\n<meta property=\"product:brand\" content=\"Blue Ice\" \/>\n<meta property=\"product:price:amount\" content=\"119.00\" \/>\n<meta property=\"product:price:currency\" content=\"EUR\" \/>\n<meta property=\"og:availability\" content=\"instock\" \/>\n<meta property=\"product:availability\" content=\"instock\" \/>\n<meta property=\"product:condition\" content=\"new\" \/>\n<!-- \/ Yoast SEO plugin. -->","yoast_head_json":{"title":"Blue Ice Harfang Enduro crampons - Sestogrado","description":"Il concetto brevettato di Blue Ice si basa su una fettuccia centrale che collega la parte anteriore con quella posteriore del rampone, consentendo di montarlo nella posizione pi\u00f9 comoda possibile, adattandosi alla geometria degli scarponi. Un'unica misura copre tutte le taglie: dal 35 al 47. L'utilizzo di un collegamento a fettuccia flessibile minimizza l'ingombro ed offre una super compattezza, con, allo stesso tempo, precisione e comfort notevoli. La talloniera \u00e8 dotata di un perno di regolazione per adattare al meglio il rampone allo scarpone. E' un rampone automatico\/semiautomatico, fornito sia di gabbietta metallica per scarponi con bordo anteriore, sia di gabbietta universale per scarponi senza bordo anteriore. Dotato di ABS, viene fornito con il suo astuccio contenitivo che pu\u00f2 essere agganciato all'imbrago o allo zaino. Cos\u00ec attaccati, hai sempre i ramponi a portata di mano, pronti per essere utilizzati... ma \u00e8 ai tuoi piedi che danno il loro meglio! I ramponi Harfang Enduro sono sviluppati in acciaio al cromo, il quale dona durata, comprimibilit\u00e0 e peso ridotto. L'Harfang Enduro \u00e8 progettato per adattarsi a qualsiasi scarpone con attacco sul tallone o anche senza, in quanto include i sistemi di supporto anteriore: automatici e semi-automatici che sono facilmente intercambiabili.","robots":{"index":"index","follow":"follow","max-snippet":"max-snippet:-1","max-image-preview":"max-image-preview:large","max-video-preview":"max-video-preview:-1"},"canonical":"https:\/\/www.sestogrado.it\/en\/prodotto\/blue-ice-harfang-enduro-ramponi-da-ghiaccio-in-acciaio\/","og_locale":"en_US","og_type":"article","og_title":"Blue Ice Harfang Enduro crampons - Sestogrado","og_description":"Il concetto brevettato di Blue Ice si basa su una fettuccia centrale che collega la parte anteriore con quella posteriore del rampone, consentendo di montarlo nella posizione pi\u00f9 comoda possibile, adattandosi alla geometria degli scarponi. Un'unica misura copre tutte le taglie: dal 35 al 47. L'utilizzo di un collegamento a fettuccia flessibile minimizza l'ingombro ed offre una super compattezza, con, allo stesso tempo, precisione e comfort notevoli. La talloniera \u00e8 dotata di un perno di regolazione per adattare al meglio il rampone allo scarpone. E' un rampone automatico\/semiautomatico, fornito sia di gabbietta metallica per scarponi con bordo anteriore, sia di gabbietta universale per scarponi senza bordo anteriore. Dotato di ABS, viene fornito con il suo astuccio contenitivo che pu\u00f2 essere agganciato all'imbrago o allo zaino. Cos\u00ec attaccati, hai sempre i ramponi a portata di mano, pronti per essere utilizzati... ma \u00e8 ai tuoi piedi che danno il loro meglio! I ramponi Harfang Enduro sono sviluppati in acciaio al cromo, il quale dona durata, comprimibilit\u00e0 e peso ridotto. L'Harfang Enduro \u00e8 progettato per adattarsi a qualsiasi scarpone con attacco sul tallone o anche senza, in quanto include i sistemi di supporto anteriore: automatici e semi-automatici che sono facilmente intercambiabili.","og_url":"https:\/\/www.sestogrado.it\/en\/prodotto\/blue-ice-harfang-enduro-ramponi-da-ghiaccio-in-acciaio\/","og_site_name":"Sestogrado","article_publisher":"https:\/\/www.facebook.com\/pages\/Sestogrado\/1542635979353017?ref=bookmarks","article_modified_time":"2026-04-01T21:29:23+00:00","og_image":[{"width":2400,"height":2400,"url":"https:\/\/www.sestogrado.it\/wp-content\/uploads\/2022\/06\/HarfangEnduro-web-1600.jpg","type":"image\/jpeg"}],"twitter_misc":{"Price":"&euro;&nbsp;119,00","Availability":"In stock"},"schema":{"@context":"https:\/\/schema.org","@graph":[{"@type":"WebPage","@id":"https:\/\/www.sestogrado.it\/en\/prodotto\/blue-ice-harfang-enduro-ramponi-da-ghiaccio-in-acciaio\/","url":"https:\/\/www.sestogrado.it\/en\/prodotto\/blue-ice-harfang-enduro-ramponi-da-ghiaccio-in-acciaio\/","name":"Blue Ice Harfang Enduro crampons - Sestogrado","isPartOf":{"@id":"https:\/\/www.sestogrado.it\/en\/#website"},"primaryImageOfPage":{"@id":"https:\/\/www.sestogrado.it\/en\/prodotto\/blue-ice-harfang-enduro-ramponi-da-ghiaccio-in-acciaio\/#primaryimage"},"image":{"@id":"https:\/\/www.sestogrado.it\/prodotto\/blue-ice-harfang-enduro-ramponi-da-ghiaccio-in-acciaio\/#primaryimage"},"thumbnailUrl":"https:\/\/www.sestogrado.it\/wp-content\/uploads\/2022\/06\/HarfangEnduro-web-1600.jpg","datePublished":"2022-06-17T09:48:16+00:00","dateModified":"2026-04-01T21:29:23+00:00","description":"Il concetto brevettato di Blue Ice si basa su una fettuccia centrale che collega la parte anteriore con quella posteriore del rampone, consentendo di montarlo nella posizione pi\u00f9 comoda possibile, adattandosi alla geometria degli scarponi. Un'unica misura copre tutte le taglie: dal 35 al 47. L'utilizzo di un collegamento a fettuccia flessibile minimizza l'ingombro ed offre una super compattezza, con, allo stesso tempo, precisione e comfort notevoli. La talloniera \u00e8 dotata di un perno di regolazione per adattare al meglio il rampone allo scarpone. E' un rampone automatico\/semiautomatico, fornito sia di gabbietta metallica per scarponi con bordo anteriore, sia di gabbietta universale per scarponi senza bordo anteriore. Dotato di ABS, viene fornito con il suo astuccio contenitivo che pu\u00f2 essere agganciato all'imbrago o allo zaino. Cos\u00ec attaccati, hai sempre i ramponi a portata di mano, pronti per essere utilizzati... ma \u00e8 ai tuoi piedi che danno il loro meglio! I ramponi Harfang Enduro sono sviluppati in acciaio al cromo, il quale dona durata, comprimibilit\u00e0 e peso ridotto. L'Harfang Enduro \u00e8 progettato per adattarsi a qualsiasi scarpone con attacco sul tallone o anche senza, in quanto include i sistemi di supporto anteriore: automatici e semi-automatici che sono facilmente intercambiabili.","breadcrumb":{"@id":"https:\/\/www.sestogrado.it\/en\/prodotto\/blue-ice-harfang-enduro-ramponi-da-ghiaccio-in-acciaio\/#breadcrumb"},"inLanguage":"en-US","potentialAction":[{"@type":"ReadAction","target":[["https:\/\/www.sestogrado.it\/en\/prodotto\/blue-ice-harfang-enduro-ramponi-da-ghiaccio-in-acciaio\/"]]}]},{"@type":"ImageObject","inLanguage":"en-US","@id":"https:\/\/www.sestogrado.it\/en\/prodotto\/blue-ice-harfang-enduro-ramponi-da-ghiaccio-in-acciaio\/#primaryimage","url":"https:\/\/www.sestogrado.it\/wp-content\/uploads\/2022\/06\/HarfangEnduro-web-1600.jpg","contentUrl":"https:\/\/www.sestogrado.it\/wp-content\/uploads\/2022\/06\/HarfangEnduro-web-1600.jpg","width":2400,"height":2400,"caption":"blue ice harfang ENDURO"},{"@type":"BreadcrumbList","@id":"https:\/\/www.sestogrado.it\/en\/prodotto\/blue-ice-harfang-enduro-ramponi-da-ghiaccio-in-acciaio\/#breadcrumb","itemListElement":[{"@type":"ListItem","position":1,"name":"Home","item":"https:\/\/www.sestogrado.it\/en\/"},{"@type":"ListItem","position":2,"name":"Shop","item":"https:\/\/www.sestogrado.it\/en\/shop\/"},{"@type":"ListItem","position":3,"name":"Blue Ice Harfang Enduro ramponi da ghiaccio in acciaio"}]},{"@type":"WebSite","@id":"https:\/\/www.sestogrado.it\/en\/#website","url":"https:\/\/www.sestogrado.it\/en\/","name":"Sestogrado","description":"yes we climb","publisher":{"@id":"https:\/\/www.sestogrado.it\/en\/#organization"},"potentialAction":[{"@type":"SearchAction","target":{"@type":"EntryPoint","urlTemplate":"https:\/\/www.sestogrado.it\/en\/?s={search_term_string}"},"query-input":{"@type":"PropertyValueSpecification","valueRequired":true,"valueName":"search_term_string"}}],"inLanguage":"en-US"},{"@type":"Organization","@id":"https:\/\/www.sestogrado.it\/en\/#organization","name":"Sestogrado","url":"https:\/\/www.sestogrado.it\/en\/","logo":{"@type":"ImageObject","inLanguage":"en-US","@id":"https:\/\/www.sestogrado.it\/en\/#\/schema\/logo\/image\/","url":"https:\/\/www.sestogrado.it\/wp-content\/uploads\/2015\/03\/sestogrado-favicon.png","contentUrl":"https:\/\/www.sestogrado.it\/wp-content\/uploads\/2015\/03\/sestogrado-favicon.png","width":260,"height":260,"caption":"Sestogrado"},"image":{"@id":"https:\/\/www.sestogrado.it\/en\/#\/schema\/logo\/image\/"},"sameAs":["https:\/\/www.facebook.com\/pages\/Sestogrado\/1542635979353017?ref=bookmarks","https:\/\/www.youtube.com\/channel\/UC847kAfTkaJsWpc1jtQwr3Q"],"hasMerchantReturnPolicy":{"@type":"MerchantReturnPolicy","merchantReturnLink":"https:\/\/www.sestogrado.it\/en\/termini-e-condizioni\/"}}]},"product_brand":"Blue Ice","product_price_amount":"119.00","product_price_currency":"EUR","og_availability":"instock","product_availability":"instock","product_condition":"new"},"_links":{"self":[{"href":"https:\/\/www.sestogrado.it\/en\/wp-json\/wp\/v2\/product\/104142","targetHints":{"allow":["GET"]}}],"collection":[{"href":"https:\/\/www.sestogrado.it\/en\/wp-json\/wp\/v2\/product"}],"about":[{"href":"https:\/\/www.sestogrado.it\/en\/wp-json\/wp\/v2\/types\/product"}],"replies":[{"embeddable":true,"href":"https:\/\/www.sestogrado.it\/en\/wp-json\/wp\/v2\/comments?post=104142"}],"wp:featuredmedia":[{"embeddable":true,"href":"https:\/\/www.sestogrado.it\/en\/wp-json\/wp\/v2\/media\/104152"}],"wp:attachment":[{"href":"https:\/\/www.sestogrado.it\/en\/wp-json\/wp\/v2\/media?parent=104142"}],"wp:term":[{"taxonomy":"product_brand","embeddable":true,"href":"https:\/\/www.sestogrado.it\/en\/wp-json\/wp\/v2\/product_brand?post=104142"},{"taxonomy":"product_cat","embeddable":true,"href":"https:\/\/www.sestogrado.it\/en\/wp-json\/wp\/v2\/product_cat?post=104142"},{"taxonomy":"product_tag","embeddable":true,"href":"https:\/\/www.sestogrado.it\/en\/wp-json\/wp\/v2\/product_tag?post=104142"}],"curies":[{"name":"wp","href":"https:\/\/api.w.org\/{rel}","templated":true}]}}