{"id":103044,"date":"2022-05-31T12:33:05","date_gmt":"2022-05-31T10:33:05","guid":{"rendered":"https:\/\/www.sestogrado.it\/?post_type=product&#038;p=103044"},"modified":"2025-03-19T14:57:54","modified_gmt":"2025-03-19T13:57:54","slug":"black-diamond-cosmo-350-r-lampada-frontale-ricaricabile","status":"publish","type":"product","link":"https:\/\/www.sestogrado.it\/en\/prodotto\/black-diamond-cosmo-350-r-lampada-frontale-ricaricabile\/","title":{"rendered":"Black Diamond Cosmo 350 R lampada frontale ricaricabile"},"content":{"rendered":"<p>Black Diamond Cosmo 350 R lampada frontale ricaricabile \u00e8 uno strumento indispensabile e multiuso, dal campeggio multiuso, alla casa ed alle avventure all&#8217;aria aperta che richiedono una chiara visione notturna.<\/p>\n<p>Alimentata con una batteria da 1500 mAh Li-ion, ricaricabile con micro-USB, \u00e8 super versatile ed ecologica.<\/p>\n<p>Con 350 lumen e la possibilit\u00e0 di regolare il fascio di luce grazie a varie impostazioni che includono piena potenza nelle modalit\u00e0 di prossimit\u00e0 e distanza, oscuramento, strobo, visione notturna rossa e modalit\u00e0 di blocco, puoi davvero andare dove vuoi e fare totale affidamento alla tua Cosmo.<br \/>\nLa certificazione IP67 ne certifica l&#8217;impermeabilit\u00e0 e il funzionamento ad almeno 1 metro sott&#8217;acqua per 30 minuti.<\/p>\n<ul>\n<li>Ricaricabile: alimentato con batteria integrata agli<strong> ioni di litio<\/strong> da 1500 mAh<\/li>\n<li>Porta di ricarica <strong>micro-USB<\/strong><\/li>\n<li>Uscita massima <strong>350 lumen<\/strong><\/li>\n<li>Archetto elastico riciclato caratterizzato da una comoda costruzione a contatto con la<strong> pelle in fibra Repreve<\/strong><\/li>\n<li>Impostazioni: oscuramento, strobo, visione notturna a LED rossi e modalit\u00e0 di blocco<\/li>\n<li>Tecnologia delle lenti a efficienza ottica multiforme<\/li>\n<li>IP67: testato per l&#8217;impermeabilit\u00e0 per funzionare ad almeno<strong> 1 m sott&#8217;acqua per 30 minuti<\/strong><\/li>\n<li>Il display del misuratore di batteria integrato mostra la <strong>% di carica rimanente<\/strong><\/li>\n<li>Modalit\u00e0 di <strong>blocco digitale<\/strong>: protegge dall&#8217;uso accidentale quando riposta in uno zaino o in una tasca<\/li>\n<li>Visione notturna rossa ha la modalit\u00e0 dimmer e strobo e si attiva senza passare dalla modalit\u00e0 bianca<\/li>\n<\/ul>\n<div class=\"embed-responsive embed-responsive-16by9\"><iframe title=\"Black Diamond R-Series Headlamps\" width=\"500\" height=\"281\" src=\"https:\/\/www.youtube.com\/embed\/2QEtHefSVUc?start=104&#038;feature=oembed\" frameborder=\"0\" allow=\"accelerometer; autoplay; clipboard-write; encrypted-media; gyroscope; picture-in-picture; web-share\" referrerpolicy=\"strict-origin-when-cross-origin\" allowfullscreen><\/iframe><\/div>\n<p>Cosmo 350 R \u00e8 ricaricabile, sostenibile per l&#8217;ambiente e ri utilizzabile all&#8217;infinito!<\/p>\n<p>&nbsp;<\/p>\n<p>Black Diamond dal 1957 rappresenta un punto di riferimento mondiale per l\u2019attrezzatura da arrampicata. Ci\u00f2 che all\u2019inizio era una attivit\u00e0 artigianale con incudine e martello oggi si \u00e8 trasformata in una societ\u00e0 globale con uffici in tre continenti. Il segreto di Black Diamond \u00e8 sempre lo stesso: essere una societ\u00e0 formata da appassionati climber. In Black Diamond si continua a sognare su ci\u00f2 che potrebbe essere e si continua ad essere critici su ci\u00f2 che esiste. E\u2019 cos\u00ec che il processo creativo per la realizzazione della migliore attrezzatura da arrampicata non avr\u00e0 mai fine.<\/p>\n","protected":false},"excerpt":{"rendered":"<p>Black Diamond Cosmo 350 R lampada frontale ricaricabile \u00e8 uno strumento indispensabile e multiuso, dal campeggio multiuso, alla casa ed [&hellip;]<\/p>\n","protected":false},"featured_media":103036,"comment_status":"open","ping_status":"closed","template":"","meta":{"_acf_changed":false},"product_brand":[121],"product_cat":[380],"product_tag":[],"class_list":{"0":"post-103044","1":"product","2":"type-product","3":"status-publish","4":"has-post-thumbnail","6":"product_brand-black-diamond","7":"product_cat-illuminazione","9":"first","10":"instock","11":"sale","12":"taxable","13":"shipping-taxable","14":"purchasable","15":"product-type-variable"},"acf":[],"yoast_head":"<!-- This site is optimized with the Yoast SEO plugin v26.4 - https:\/\/yoast.com\/wordpress\/plugins\/seo\/ -->\n<title>Black Diamond Cosmo 350 R lampada frontale ricaricabile - Sestogrado<\/title>\n<meta name=\"description\" content=\"Black Diamond Cosmo 350 R lampada frontale ricaricabile \u00e8 uno strumento indispensabile e multiuso, dal campeggio multiuso, alla casa ed alle avventure all&#039;aria aperta che richiedono una chiara visione notturna. Cosmo 350 R \u00e8 ricaricabile, sostenibile per l&#039;ambiente e ri utilizzabile all&#039;infinito! Ricaricabile: alimentato con batteria integrata agli ioni di litio da 1500 mAh. Porta di ricarica micro-USB. Uscita massima 350 lumen. Archetto elastico riciclato caratterizzato da una comoda costruzione a contatto con la pelle in fibra Repreve. Impostazioni: oscuramento, strobo, visione notturna a LED rossi e modalit\u00e0 di blocco. Tecnologia delle lenti a efficienza ottica multiformeIP67: testato per l&#039;impermeabilit\u00e0 per funzionare ad almeno 1 m sott&#039;acqua per 30 minuti. Il display del misuratore di batteria integrato mostra la % di carica rimanente. Modalit\u00e0 di blocco digitale: protegge dall&#039;uso accidentale quando riposta in uno zaino o in una tasca. Visione notturna rossa ha la modalit\u00e0 dimmer e strobo e si attiva senza passare dalla modalit\u00e0 bianca\" \/>\n<meta name=\"robots\" content=\"index, follow, max-snippet:-1, max-image-preview:large, max-video-preview:-1\" \/>\n<link rel=\"canonical\" href=\"https:\/\/www.sestogrado.it\/en\/prodotto\/black-diamond-cosmo-350-r-lampada-frontale-ricaricabile\/\" \/>\n<meta property=\"og:locale\" content=\"en_US\" \/>\n<meta property=\"og:type\" content=\"article\" \/>\n<meta property=\"og:title\" content=\"Black Diamond Cosmo 350 R lampada frontale ricaricabile - Sestogrado\" \/>\n<meta property=\"og:description\" content=\"Black Diamond Cosmo 350 R lampada frontale ricaricabile \u00e8 uno strumento indispensabile e multiuso, dal campeggio multiuso, alla casa ed alle avventure all&#039;aria aperta che richiedono una chiara visione notturna. Cosmo 350 R \u00e8 ricaricabile, sostenibile per l&#039;ambiente e ri utilizzabile all&#039;infinito! Ricaricabile: alimentato con batteria integrata agli ioni di litio da 1500 mAh. Porta di ricarica micro-USB. Uscita massima 350 lumen. Archetto elastico riciclato caratterizzato da una comoda costruzione a contatto con la pelle in fibra Repreve. Impostazioni: oscuramento, strobo, visione notturna a LED rossi e modalit\u00e0 di blocco. Tecnologia delle lenti a efficienza ottica multiformeIP67: testato per l&#039;impermeabilit\u00e0 per funzionare ad almeno 1 m sott&#039;acqua per 30 minuti. Il display del misuratore di batteria integrato mostra la % di carica rimanente. Modalit\u00e0 di blocco digitale: protegge dall&#039;uso accidentale quando riposta in uno zaino o in una tasca. Visione notturna rossa ha la modalit\u00e0 dimmer e strobo e si attiva senza passare dalla modalit\u00e0 bianca\" \/>\n<meta property=\"og:url\" content=\"https:\/\/www.sestogrado.it\/en\/prodotto\/black-diamond-cosmo-350-r-lampada-frontale-ricaricabile\/\" \/>\n<meta property=\"og:site_name\" content=\"Sestogrado\" \/>\n<meta property=\"article:publisher\" content=\"https:\/\/www.facebook.com\/pages\/Sestogrado\/1542635979353017?ref=bookmarks\" \/>\n<meta property=\"article:modified_time\" content=\"2025-03-19T13:57:54+00:00\" \/>\n<meta property=\"og:image\" content=\"https:\/\/www.sestogrado.it\/wp-content\/uploads\/2022\/05\/620677_0004_Cosmo350RHeadlamp_Graphite_01_.jpg\" \/>\n\t<meta property=\"og:image:width\" content=\"2100\" \/>\n\t<meta property=\"og:image:height\" content=\"2100\" \/>\n\t<meta property=\"og:image:type\" content=\"image\/jpeg\" \/>\n<meta name=\"twitter:label1\" content=\"Availability\" \/>\n\t<meta name=\"twitter:data1\" content=\"In stock\" \/>\n<script type=\"application\/ld+json\" class=\"yoast-schema-graph\">{\"@context\":\"https:\/\/schema.org\",\"@graph\":[{\"@type\":\"WebPage\",\"@id\":\"https:\/\/www.sestogrado.it\/en\/prodotto\/black-diamond-cosmo-350-r-lampada-frontale-ricaricabile\/\",\"url\":\"https:\/\/www.sestogrado.it\/en\/prodotto\/black-diamond-cosmo-350-r-lampada-frontale-ricaricabile\/\",\"name\":\"Black Diamond Cosmo 350 R lampada frontale ricaricabile - Sestogrado\",\"isPartOf\":{\"@id\":\"https:\/\/www.sestogrado.it\/en\/#website\"},\"primaryImageOfPage\":{\"@id\":\"https:\/\/www.sestogrado.it\/en\/prodotto\/black-diamond-cosmo-350-r-lampada-frontale-ricaricabile\/#primaryimage\"},\"image\":{\"@id\":\"https:\/\/www.sestogrado.it\/prodotto\/black-diamond-cosmo-350-r-lampada-frontale-ricaricabile\/#primaryimage\"},\"thumbnailUrl\":\"https:\/\/www.sestogrado.it\/wp-content\/uploads\/2022\/05\/620677_0004_Cosmo350RHeadlamp_Graphite_01_.jpg\",\"datePublished\":\"2022-05-31T10:33:05+00:00\",\"dateModified\":\"2025-03-19T13:57:54+00:00\",\"description\":\"Black Diamond Cosmo 350 R lampada frontale ricaricabile \u00e8 uno strumento indispensabile e multiuso, dal campeggio multiuso, alla casa ed alle avventure all'aria aperta che richiedono una chiara visione notturna. Cosmo 350 R \u00e8 ricaricabile, sostenibile per l'ambiente e ri utilizzabile all'infinito! Ricaricabile: alimentato con batteria integrata agli ioni di litio da 1500 mAh. Porta di ricarica micro-USB. Uscita massima 350 lumen. Archetto elastico riciclato caratterizzato da una comoda costruzione a contatto con la pelle in fibra Repreve. Impostazioni: oscuramento, strobo, visione notturna a LED rossi e modalit\u00e0 di blocco. Tecnologia delle lenti a efficienza ottica multiformeIP67: testato per l'impermeabilit\u00e0 per funzionare ad almeno 1 m sott'acqua per 30 minuti. Il display del misuratore di batteria integrato mostra la % di carica rimanente. Modalit\u00e0 di blocco digitale: protegge dall'uso accidentale quando riposta in uno zaino o in una tasca. Visione notturna rossa ha la modalit\u00e0 dimmer e strobo e si attiva senza passare dalla modalit\u00e0 bianca\",\"breadcrumb\":{\"@id\":\"https:\/\/www.sestogrado.it\/en\/prodotto\/black-diamond-cosmo-350-r-lampada-frontale-ricaricabile\/#breadcrumb\"},\"inLanguage\":\"en-US\",\"potentialAction\":[{\"@type\":\"ReadAction\",\"target\":[[\"https:\/\/www.sestogrado.it\/en\/prodotto\/black-diamond-cosmo-350-r-lampada-frontale-ricaricabile\/\"]]}]},{\"@type\":\"ImageObject\",\"inLanguage\":\"en-US\",\"@id\":\"https:\/\/www.sestogrado.it\/en\/prodotto\/black-diamond-cosmo-350-r-lampada-frontale-ricaricabile\/#primaryimage\",\"url\":\"https:\/\/www.sestogrado.it\/wp-content\/uploads\/2022\/05\/620677_0004_Cosmo350RHeadlamp_Graphite_01_.jpg\",\"contentUrl\":\"https:\/\/www.sestogrado.it\/wp-content\/uploads\/2022\/05\/620677_0004_Cosmo350RHeadlamp_Graphite_01_.jpg\",\"width\":2100,\"height\":2100,\"caption\":\"BD cosmo 350 r\"},{\"@type\":\"BreadcrumbList\",\"@id\":\"https:\/\/www.sestogrado.it\/en\/prodotto\/black-diamond-cosmo-350-r-lampada-frontale-ricaricabile\/#breadcrumb\",\"itemListElement\":[{\"@type\":\"ListItem\",\"position\":1,\"name\":\"Home\",\"item\":\"https:\/\/www.sestogrado.it\/en\/\"},{\"@type\":\"ListItem\",\"position\":2,\"name\":\"Shop\",\"item\":\"https:\/\/www.sestogrado.it\/en\/shop\/\"},{\"@type\":\"ListItem\",\"position\":3,\"name\":\"Black Diamond Cosmo 350 R lampada frontale ricaricabile\"}]},{\"@type\":\"WebSite\",\"@id\":\"https:\/\/www.sestogrado.it\/en\/#website\",\"url\":\"https:\/\/www.sestogrado.it\/en\/\",\"name\":\"Sestogrado\",\"description\":\"yes we climb\",\"publisher\":{\"@id\":\"https:\/\/www.sestogrado.it\/en\/#organization\"},\"potentialAction\":[{\"@type\":\"SearchAction\",\"target\":{\"@type\":\"EntryPoint\",\"urlTemplate\":\"https:\/\/www.sestogrado.it\/en\/?s={search_term_string}\"},\"query-input\":{\"@type\":\"PropertyValueSpecification\",\"valueRequired\":true,\"valueName\":\"search_term_string\"}}],\"inLanguage\":\"en-US\"},{\"@type\":\"Organization\",\"@id\":\"https:\/\/www.sestogrado.it\/en\/#organization\",\"name\":\"Sestogrado\",\"url\":\"https:\/\/www.sestogrado.it\/en\/\",\"logo\":{\"@type\":\"ImageObject\",\"inLanguage\":\"en-US\",\"@id\":\"https:\/\/www.sestogrado.it\/en\/#\/schema\/logo\/image\/\",\"url\":\"https:\/\/www.sestogrado.it\/wp-content\/uploads\/2015\/03\/sestogrado-favicon.png\",\"contentUrl\":\"https:\/\/www.sestogrado.it\/wp-content\/uploads\/2015\/03\/sestogrado-favicon.png\",\"width\":260,\"height\":260,\"caption\":\"Sestogrado\"},\"image\":{\"@id\":\"https:\/\/www.sestogrado.it\/en\/#\/schema\/logo\/image\/\"},\"sameAs\":[\"https:\/\/www.facebook.com\/pages\/Sestogrado\/1542635979353017?ref=bookmarks\",\"https:\/\/www.youtube.com\/channel\/UC847kAfTkaJsWpc1jtQwr3Q\"],\"hasMerchantReturnPolicy\":{\"@type\":\"MerchantReturnPolicy\",\"merchantReturnLink\":\"https:\/\/www.sestogrado.it\/en\/termini-e-condizioni\/\"}}]}<\/script>\n<meta property=\"product:brand\" content=\"Black Diamond\" \/>\n<meta property=\"og:availability\" content=\"instock\" \/>\n<meta property=\"product:availability\" content=\"instock\" \/>\n<meta property=\"product:condition\" content=\"new\" \/>\n<!-- \/ Yoast SEO plugin. -->","yoast_head_json":{"title":"Black Diamond Cosmo 350 R lampada frontale ricaricabile - Sestogrado","description":"Black Diamond Cosmo 350 R lampada frontale ricaricabile \u00e8 uno strumento indispensabile e multiuso, dal campeggio multiuso, alla casa ed alle avventure all'aria aperta che richiedono una chiara visione notturna. Cosmo 350 R \u00e8 ricaricabile, sostenibile per l'ambiente e ri utilizzabile all'infinito! Ricaricabile: alimentato con batteria integrata agli ioni di litio da 1500 mAh. Porta di ricarica micro-USB. Uscita massima 350 lumen. Archetto elastico riciclato caratterizzato da una comoda costruzione a contatto con la pelle in fibra Repreve. Impostazioni: oscuramento, strobo, visione notturna a LED rossi e modalit\u00e0 di blocco. Tecnologia delle lenti a efficienza ottica multiformeIP67: testato per l'impermeabilit\u00e0 per funzionare ad almeno 1 m sott'acqua per 30 minuti. Il display del misuratore di batteria integrato mostra la % di carica rimanente. Modalit\u00e0 di blocco digitale: protegge dall'uso accidentale quando riposta in uno zaino o in una tasca. Visione notturna rossa ha la modalit\u00e0 dimmer e strobo e si attiva senza passare dalla modalit\u00e0 bianca","robots":{"index":"index","follow":"follow","max-snippet":"max-snippet:-1","max-image-preview":"max-image-preview:large","max-video-preview":"max-video-preview:-1"},"canonical":"https:\/\/www.sestogrado.it\/en\/prodotto\/black-diamond-cosmo-350-r-lampada-frontale-ricaricabile\/","og_locale":"en_US","og_type":"article","og_title":"Black Diamond Cosmo 350 R lampada frontale ricaricabile - Sestogrado","og_description":"Black Diamond Cosmo 350 R lampada frontale ricaricabile \u00e8 uno strumento indispensabile e multiuso, dal campeggio multiuso, alla casa ed alle avventure all'aria aperta che richiedono una chiara visione notturna. Cosmo 350 R \u00e8 ricaricabile, sostenibile per l'ambiente e ri utilizzabile all'infinito! Ricaricabile: alimentato con batteria integrata agli ioni di litio da 1500 mAh. Porta di ricarica micro-USB. Uscita massima 350 lumen. Archetto elastico riciclato caratterizzato da una comoda costruzione a contatto con la pelle in fibra Repreve. Impostazioni: oscuramento, strobo, visione notturna a LED rossi e modalit\u00e0 di blocco. Tecnologia delle lenti a efficienza ottica multiformeIP67: testato per l'impermeabilit\u00e0 per funzionare ad almeno 1 m sott'acqua per 30 minuti. Il display del misuratore di batteria integrato mostra la % di carica rimanente. Modalit\u00e0 di blocco digitale: protegge dall'uso accidentale quando riposta in uno zaino o in una tasca. Visione notturna rossa ha la modalit\u00e0 dimmer e strobo e si attiva senza passare dalla modalit\u00e0 bianca","og_url":"https:\/\/www.sestogrado.it\/en\/prodotto\/black-diamond-cosmo-350-r-lampada-frontale-ricaricabile\/","og_site_name":"Sestogrado","article_publisher":"https:\/\/www.facebook.com\/pages\/Sestogrado\/1542635979353017?ref=bookmarks","article_modified_time":"2025-03-19T13:57:54+00:00","og_image":[{"width":2100,"height":2100,"url":"https:\/\/www.sestogrado.it\/wp-content\/uploads\/2022\/05\/620677_0004_Cosmo350RHeadlamp_Graphite_01_.jpg","type":"image\/jpeg"}],"twitter_misc":{"Availability":"In stock"},"schema":{"@context":"https:\/\/schema.org","@graph":[{"@type":"WebPage","@id":"https:\/\/www.sestogrado.it\/en\/prodotto\/black-diamond-cosmo-350-r-lampada-frontale-ricaricabile\/","url":"https:\/\/www.sestogrado.it\/en\/prodotto\/black-diamond-cosmo-350-r-lampada-frontale-ricaricabile\/","name":"Black Diamond Cosmo 350 R lampada frontale ricaricabile - Sestogrado","isPartOf":{"@id":"https:\/\/www.sestogrado.it\/en\/#website"},"primaryImageOfPage":{"@id":"https:\/\/www.sestogrado.it\/en\/prodotto\/black-diamond-cosmo-350-r-lampada-frontale-ricaricabile\/#primaryimage"},"image":{"@id":"https:\/\/www.sestogrado.it\/prodotto\/black-diamond-cosmo-350-r-lampada-frontale-ricaricabile\/#primaryimage"},"thumbnailUrl":"https:\/\/www.sestogrado.it\/wp-content\/uploads\/2022\/05\/620677_0004_Cosmo350RHeadlamp_Graphite_01_.jpg","datePublished":"2022-05-31T10:33:05+00:00","dateModified":"2025-03-19T13:57:54+00:00","description":"Black Diamond Cosmo 350 R lampada frontale ricaricabile \u00e8 uno strumento indispensabile e multiuso, dal campeggio multiuso, alla casa ed alle avventure all'aria aperta che richiedono una chiara visione notturna. Cosmo 350 R \u00e8 ricaricabile, sostenibile per l'ambiente e ri utilizzabile all'infinito! Ricaricabile: alimentato con batteria integrata agli ioni di litio da 1500 mAh. Porta di ricarica micro-USB. Uscita massima 350 lumen. Archetto elastico riciclato caratterizzato da una comoda costruzione a contatto con la pelle in fibra Repreve. Impostazioni: oscuramento, strobo, visione notturna a LED rossi e modalit\u00e0 di blocco. Tecnologia delle lenti a efficienza ottica multiformeIP67: testato per l'impermeabilit\u00e0 per funzionare ad almeno 1 m sott'acqua per 30 minuti. Il display del misuratore di batteria integrato mostra la % di carica rimanente. Modalit\u00e0 di blocco digitale: protegge dall'uso accidentale quando riposta in uno zaino o in una tasca. Visione notturna rossa ha la modalit\u00e0 dimmer e strobo e si attiva senza passare dalla modalit\u00e0 bianca","breadcrumb":{"@id":"https:\/\/www.sestogrado.it\/en\/prodotto\/black-diamond-cosmo-350-r-lampada-frontale-ricaricabile\/#breadcrumb"},"inLanguage":"en-US","potentialAction":[{"@type":"ReadAction","target":[["https:\/\/www.sestogrado.it\/en\/prodotto\/black-diamond-cosmo-350-r-lampada-frontale-ricaricabile\/"]]}]},{"@type":"ImageObject","inLanguage":"en-US","@id":"https:\/\/www.sestogrado.it\/en\/prodotto\/black-diamond-cosmo-350-r-lampada-frontale-ricaricabile\/#primaryimage","url":"https:\/\/www.sestogrado.it\/wp-content\/uploads\/2022\/05\/620677_0004_Cosmo350RHeadlamp_Graphite_01_.jpg","contentUrl":"https:\/\/www.sestogrado.it\/wp-content\/uploads\/2022\/05\/620677_0004_Cosmo350RHeadlamp_Graphite_01_.jpg","width":2100,"height":2100,"caption":"BD cosmo 350 r"},{"@type":"BreadcrumbList","@id":"https:\/\/www.sestogrado.it\/en\/prodotto\/black-diamond-cosmo-350-r-lampada-frontale-ricaricabile\/#breadcrumb","itemListElement":[{"@type":"ListItem","position":1,"name":"Home","item":"https:\/\/www.sestogrado.it\/en\/"},{"@type":"ListItem","position":2,"name":"Shop","item":"https:\/\/www.sestogrado.it\/en\/shop\/"},{"@type":"ListItem","position":3,"name":"Black Diamond Cosmo 350 R lampada frontale ricaricabile"}]},{"@type":"WebSite","@id":"https:\/\/www.sestogrado.it\/en\/#website","url":"https:\/\/www.sestogrado.it\/en\/","name":"Sestogrado","description":"yes we climb","publisher":{"@id":"https:\/\/www.sestogrado.it\/en\/#organization"},"potentialAction":[{"@type":"SearchAction","target":{"@type":"EntryPoint","urlTemplate":"https:\/\/www.sestogrado.it\/en\/?s={search_term_string}"},"query-input":{"@type":"PropertyValueSpecification","valueRequired":true,"valueName":"search_term_string"}}],"inLanguage":"en-US"},{"@type":"Organization","@id":"https:\/\/www.sestogrado.it\/en\/#organization","name":"Sestogrado","url":"https:\/\/www.sestogrado.it\/en\/","logo":{"@type":"ImageObject","inLanguage":"en-US","@id":"https:\/\/www.sestogrado.it\/en\/#\/schema\/logo\/image\/","url":"https:\/\/www.sestogrado.it\/wp-content\/uploads\/2015\/03\/sestogrado-favicon.png","contentUrl":"https:\/\/www.sestogrado.it\/wp-content\/uploads\/2015\/03\/sestogrado-favicon.png","width":260,"height":260,"caption":"Sestogrado"},"image":{"@id":"https:\/\/www.sestogrado.it\/en\/#\/schema\/logo\/image\/"},"sameAs":["https:\/\/www.facebook.com\/pages\/Sestogrado\/1542635979353017?ref=bookmarks","https:\/\/www.youtube.com\/channel\/UC847kAfTkaJsWpc1jtQwr3Q"],"hasMerchantReturnPolicy":{"@type":"MerchantReturnPolicy","merchantReturnLink":"https:\/\/www.sestogrado.it\/en\/termini-e-condizioni\/"}}]},"product_brand":"Black Diamond","og_availability":"instock","product_availability":"instock","product_condition":"new"},"_links":{"self":[{"href":"https:\/\/www.sestogrado.it\/en\/wp-json\/wp\/v2\/product\/103044","targetHints":{"allow":["GET"]}}],"collection":[{"href":"https:\/\/www.sestogrado.it\/en\/wp-json\/wp\/v2\/product"}],"about":[{"href":"https:\/\/www.sestogrado.it\/en\/wp-json\/wp\/v2\/types\/product"}],"replies":[{"embeddable":true,"href":"https:\/\/www.sestogrado.it\/en\/wp-json\/wp\/v2\/comments?post=103044"}],"wp:featuredmedia":[{"embeddable":true,"href":"https:\/\/www.sestogrado.it\/en\/wp-json\/wp\/v2\/media\/103036"}],"wp:attachment":[{"href":"https:\/\/www.sestogrado.it\/en\/wp-json\/wp\/v2\/media?parent=103044"}],"wp:term":[{"taxonomy":"product_brand","embeddable":true,"href":"https:\/\/www.sestogrado.it\/en\/wp-json\/wp\/v2\/product_brand?post=103044"},{"taxonomy":"product_cat","embeddable":true,"href":"https:\/\/www.sestogrado.it\/en\/wp-json\/wp\/v2\/product_cat?post=103044"},{"taxonomy":"product_tag","embeddable":true,"href":"https:\/\/www.sestogrado.it\/en\/wp-json\/wp\/v2\/product_tag?post=103044"}],"curies":[{"name":"wp","href":"https:\/\/api.w.org\/{rel}","templated":true}]}}