{"id":10301,"date":"2017-02-27T14:19:13","date_gmt":"2017-02-27T13:19:13","guid":{"rendered":"http:\/\/www.sestogrado.it\/prodotto\/black-diamond-momentum-ds-imbrago-bambino\/"},"modified":"2025-12-11T07:57:41","modified_gmt":"2025-12-11T06:57:41","slug":"black-diamond-momentum-4s-imbrago-bambino","status":"publish","type":"product","link":"https:\/\/www.sestogrado.it\/en\/prodotto\/black-diamond-momentum-4s-imbrago-bambino\/","title":{"rendered":"Black Diamond Momentum DS junior size"},"content":{"rendered":"<p>With maximum adjustability and range of fit, the redesigned Momentum DS is our most versatile, entry- level harness for everything from gym belays to moderate alpine ascents.<\/p>\n<p>Our most versatile all-purpose harness, the Black Diamond Momentum DS harness features maximum adjustability and range of fit for entry-level use. Dual Speed Adjust buckles on both the waistbelt and leg loops allow for an incredible range of adjustment for multi-season and multi-climber use, while the tall, bullhorn-shaped waistbelt improves comfort during long belays.<\/p>\n<ul>\n<li>Dual-sided, pre-threaded Speed Adjust buckles on both waistbelt and leg loops for maximum adjustability<\/li>\n<li>Tall, padded bullhorn-shaped waistbelt built using Dual Core Construction\u2122<\/li>\n<li>Four pressure-molded gear loops<\/li>\n<li>Adjustable, releasable elastic rear risers<\/li>\n<li>Haul loop<\/li>\n<li>Please note that the XXS\/S size only has 2 gear loops due to size restraints on the waist belt<\/li>\n<\/ul>\n<p>&nbsp;<\/p>\n<p>At Black Diamond it&#8217;s all about climbing and skiing. We share the same experiences that you do on rock, ice and snow and these experiences push us to make the best gear possible for our worldwide family of climbers and skiers. Black Diamond is a company that&#8217;s not just for rock climbers and skiers, but one that stands for the spirit of the sports we live, their values and goals, past, present and future. Since 1957, our innovative gear designs have set the standard in numerous areas. This is partly the result of dedication, desire and diligence on the part of an incredible team of people. It&#8217;s also a product of the fact that each of us are climbers and skiers ourselves.<\/p>","protected":false},"excerpt":{"rendered":"<p>Colore: acciaio\/lava<\/p>\n","protected":false},"featured_media":92080,"comment_status":"open","ping_status":"closed","template":"","meta":{"_acf_changed":false},"product_brand":[121],"product_cat":[185],"product_tag":[412,411],"class_list":{"0":"post-10301","1":"product","2":"type-product","3":"status-publish","4":"has-post-thumbnail","6":"product_brand-black-diamond","7":"product_cat-bambino","8":"product_tag-imbracatura-bambino","9":"product_tag-imbrago-bambino","11":"first","12":"instock","13":"sale","14":"taxable","15":"shipping-taxable","16":"purchasable","17":"product-type-simple"},"acf":[],"yoast_head":"<!-- This site is optimized with the Yoast SEO plugin v26.4 - https:\/\/yoast.com\/wordpress\/plugins\/seo\/ -->\n<title>Black Diamond Momentum DS junior size - Sestogrado<\/title>\n<meta name=\"description\" content=\"Il Black Diamond Momentum 4S bambino \u00e8 la versione specificatamente dedicata ai piccoli climber dell&#039;imbrago best seller mondiale di BD, Momentum 4S.Con una taglia di 56-78 cm in vita e 41-53 cm sui cosciali, il Black Diamond Momentum 4S bambino \u00e8 un imbrago a tutti gli effetti con le stesse caratteristiche e dotazioni della versione per adulti.Il Black Diamond 4S \u00e8 l&#039;imbrago della linea Momentum di BD nella versione a 4 fibbie. Particolarmente versatile e destinato ad un utilizzo all around, per qualsiasi attivit\u00e0, il Black Diamond 4S fornisce la massima regolabilit\u00e0 in funzione della propria taglia. Due fibbie a regolazione rapida sulla cintura ventrale ed una per ogni cosciale forniscono facilit\u00e0 e rapidit\u00e0 di regolazione e rendono il Momentum 4S un imbrago 4 stagioni, utilizzabile per svariate attivit\u00e0 dal climbing in falesia, all&#039;indoor, alle ferrate, all&#039;alpinismo. La cintura ventrale dal profilo alto nella parte posteriore risulta particolarmente comoda per le lunghe sessioni in parete.\" \/>\n<meta name=\"robots\" content=\"index, follow, max-snippet:-1, max-image-preview:large, max-video-preview:-1\" \/>\n<link rel=\"canonical\" href=\"https:\/\/www.sestogrado.it\/en\/prodotto\/black-diamond-momentum-4s-imbrago-bambino\/\" \/>\n<meta property=\"og:locale\" content=\"en_US\" \/>\n<meta property=\"og:type\" content=\"article\" \/>\n<meta property=\"og:title\" content=\"Black Diamond Momentum DS junior size - Sestogrado\" \/>\n<meta property=\"og:description\" content=\"Il Black Diamond Momentum 4S bambino \u00e8 la versione specificatamente dedicata ai piccoli climber dell&#039;imbrago best seller mondiale di BD, Momentum 4S.Con una taglia di 56-78 cm in vita e 41-53 cm sui cosciali, il Black Diamond Momentum 4S bambino \u00e8 un imbrago a tutti gli effetti con le stesse caratteristiche e dotazioni della versione per adulti.Il Black Diamond 4S \u00e8 l&#039;imbrago della linea Momentum di BD nella versione a 4 fibbie. Particolarmente versatile e destinato ad un utilizzo all around, per qualsiasi attivit\u00e0, il Black Diamond 4S fornisce la massima regolabilit\u00e0 in funzione della propria taglia. Due fibbie a regolazione rapida sulla cintura ventrale ed una per ogni cosciale forniscono facilit\u00e0 e rapidit\u00e0 di regolazione e rendono il Momentum 4S un imbrago 4 stagioni, utilizzabile per svariate attivit\u00e0 dal climbing in falesia, all&#039;indoor, alle ferrate, all&#039;alpinismo. La cintura ventrale dal profilo alto nella parte posteriore risulta particolarmente comoda per le lunghe sessioni in parete.\" \/>\n<meta property=\"og:url\" content=\"https:\/\/www.sestogrado.it\/en\/prodotto\/black-diamond-momentum-4s-imbrago-bambino\/\" \/>\n<meta property=\"og:site_name\" content=\"Sestogrado\" \/>\n<meta property=\"article:publisher\" content=\"https:\/\/www.facebook.com\/pages\/Sestogrado\/1542635979353017?ref=bookmarks\" \/>\n<meta property=\"article:modified_time\" content=\"2025-12-11T06:57:41+00:00\" \/>\n<meta property=\"og:image\" content=\"https:\/\/www.sestogrado.it\/wp-content\/uploads\/2017\/02\/4s-bambino.jpg\" \/>\n\t<meta property=\"og:image:width\" content=\"1313\" \/>\n\t<meta property=\"og:image:height\" content=\"1313\" \/>\n\t<meta property=\"og:image:type\" content=\"image\/jpeg\" \/>\n<meta name=\"twitter:label1\" content=\"Price\" \/>\n\t<meta name=\"twitter:data1\" content=\"&euro;&nbsp;59,00\" \/>\n\t<meta name=\"twitter:label2\" content=\"Availability\" \/>\n\t<meta name=\"twitter:data2\" content=\"In stock\" \/>\n<script type=\"application\/ld+json\" class=\"yoast-schema-graph\">{\"@context\":\"https:\/\/schema.org\",\"@graph\":[{\"@type\":\"WebPage\",\"@id\":\"https:\/\/www.sestogrado.it\/en\/prodotto\/black-diamond-momentum-4s-imbrago-bambino\/\",\"url\":\"https:\/\/www.sestogrado.it\/en\/prodotto\/black-diamond-momentum-4s-imbrago-bambino\/\",\"name\":\"Black Diamond Momentum DS junior size - Sestogrado\",\"isPartOf\":{\"@id\":\"https:\/\/www.sestogrado.it\/en\/#website\"},\"primaryImageOfPage\":{\"@id\":\"https:\/\/www.sestogrado.it\/en\/prodotto\/black-diamond-momentum-4s-imbrago-bambino\/#primaryimage\"},\"image\":{\"@id\":\"https:\/\/www.sestogrado.it\/prodotto\/black-diamond-momentum-4s-imbrago-bambino\/#primaryimage\"},\"thumbnailUrl\":\"https:\/\/www.sestogrado.it\/wp-content\/uploads\/2017\/02\/4s-bambino.jpg\",\"datePublished\":\"2017-02-27T13:19:13+00:00\",\"dateModified\":\"2025-12-11T06:57:41+00:00\",\"description\":\"Il Black Diamond Momentum 4S bambino \u00e8 la versione specificatamente dedicata ai piccoli climber dell'imbrago best seller mondiale di BD, Momentum 4S.Con una taglia di 56-78 cm in vita e 41-53 cm sui cosciali, il Black Diamond Momentum 4S bambino \u00e8 un imbrago a tutti gli effetti con le stesse caratteristiche e dotazioni della versione per adulti.Il Black Diamond 4S \u00e8 l'imbrago della linea Momentum di BD nella versione a 4 fibbie. Particolarmente versatile e destinato ad un utilizzo all around, per qualsiasi attivit\u00e0, il Black Diamond 4S fornisce la massima regolabilit\u00e0 in funzione della propria taglia. Due fibbie a regolazione rapida sulla cintura ventrale ed una per ogni cosciale forniscono facilit\u00e0 e rapidit\u00e0 di regolazione e rendono il Momentum 4S un imbrago 4 stagioni, utilizzabile per svariate attivit\u00e0 dal climbing in falesia, all'indoor, alle ferrate, all'alpinismo. La cintura ventrale dal profilo alto nella parte posteriore risulta particolarmente comoda per le lunghe sessioni in parete.\",\"breadcrumb\":{\"@id\":\"https:\/\/www.sestogrado.it\/en\/prodotto\/black-diamond-momentum-4s-imbrago-bambino\/#breadcrumb\"},\"inLanguage\":\"en-US\",\"potentialAction\":[{\"@type\":\"ReadAction\",\"target\":[[\"https:\/\/www.sestogrado.it\/en\/prodotto\/black-diamond-momentum-4s-imbrago-bambino\/\"]]}]},{\"@type\":\"ImageObject\",\"inLanguage\":\"en-US\",\"@id\":\"https:\/\/www.sestogrado.it\/en\/prodotto\/black-diamond-momentum-4s-imbrago-bambino\/#primaryimage\",\"url\":\"https:\/\/www.sestogrado.it\/wp-content\/uploads\/2017\/02\/4s-bambino.jpg\",\"contentUrl\":\"https:\/\/www.sestogrado.it\/wp-content\/uploads\/2017\/02\/4s-bambino.jpg\",\"width\":1313,\"height\":1313,\"caption\":\"4s-bambino\"},{\"@type\":\"BreadcrumbList\",\"@id\":\"https:\/\/www.sestogrado.it\/en\/prodotto\/black-diamond-momentum-4s-imbrago-bambino\/#breadcrumb\",\"itemListElement\":[{\"@type\":\"ListItem\",\"position\":1,\"name\":\"Home\",\"item\":\"https:\/\/www.sestogrado.it\/en\/\"},{\"@type\":\"ListItem\",\"position\":2,\"name\":\"Shop\",\"item\":\"https:\/\/www.sestogrado.it\/en\/shop\/\"},{\"@type\":\"ListItem\",\"position\":3,\"name\":\"Black Diamond Momentum 4S imbrago bambino\"}]},{\"@type\":\"WebSite\",\"@id\":\"https:\/\/www.sestogrado.it\/en\/#website\",\"url\":\"https:\/\/www.sestogrado.it\/en\/\",\"name\":\"Sestogrado\",\"description\":\"yes we climb\",\"publisher\":{\"@id\":\"https:\/\/www.sestogrado.it\/en\/#organization\"},\"potentialAction\":[{\"@type\":\"SearchAction\",\"target\":{\"@type\":\"EntryPoint\",\"urlTemplate\":\"https:\/\/www.sestogrado.it\/en\/?s={search_term_string}\"},\"query-input\":{\"@type\":\"PropertyValueSpecification\",\"valueRequired\":true,\"valueName\":\"search_term_string\"}}],\"inLanguage\":\"en-US\"},{\"@type\":\"Organization\",\"@id\":\"https:\/\/www.sestogrado.it\/en\/#organization\",\"name\":\"Sestogrado\",\"url\":\"https:\/\/www.sestogrado.it\/en\/\",\"logo\":{\"@type\":\"ImageObject\",\"inLanguage\":\"en-US\",\"@id\":\"https:\/\/www.sestogrado.it\/en\/#\/schema\/logo\/image\/\",\"url\":\"https:\/\/www.sestogrado.it\/wp-content\/uploads\/2015\/03\/sestogrado-favicon.png\",\"contentUrl\":\"https:\/\/www.sestogrado.it\/wp-content\/uploads\/2015\/03\/sestogrado-favicon.png\",\"width\":260,\"height\":260,\"caption\":\"Sestogrado\"},\"image\":{\"@id\":\"https:\/\/www.sestogrado.it\/en\/#\/schema\/logo\/image\/\"},\"sameAs\":[\"https:\/\/www.facebook.com\/pages\/Sestogrado\/1542635979353017?ref=bookmarks\",\"https:\/\/www.youtube.com\/channel\/UC847kAfTkaJsWpc1jtQwr3Q\"],\"hasMerchantReturnPolicy\":{\"@type\":\"MerchantReturnPolicy\",\"merchantReturnLink\":\"https:\/\/www.sestogrado.it\/en\/termini-e-condizioni\/\"}}]}<\/script>\n<meta property=\"product:brand\" content=\"Black Diamond\" \/>\n<meta property=\"product:price:amount\" content=\"59.00\" \/>\n<meta property=\"product:price:currency\" content=\"EUR\" \/>\n<meta property=\"og:availability\" content=\"instock\" \/>\n<meta property=\"product:availability\" content=\"instock\" \/>\n<meta property=\"product:condition\" content=\"new\" \/>\n<!-- \/ Yoast SEO plugin. -->","yoast_head_json":{"title":"Black Diamond Momentum DS junior size - Sestogrado","description":"Il Black Diamond Momentum 4S bambino \u00e8 la versione specificatamente dedicata ai piccoli climber dell'imbrago best seller mondiale di BD, Momentum 4S.Con una taglia di 56-78 cm in vita e 41-53 cm sui cosciali, il Black Diamond Momentum 4S bambino \u00e8 un imbrago a tutti gli effetti con le stesse caratteristiche e dotazioni della versione per adulti.Il Black Diamond 4S \u00e8 l'imbrago della linea Momentum di BD nella versione a 4 fibbie. Particolarmente versatile e destinato ad un utilizzo all around, per qualsiasi attivit\u00e0, il Black Diamond 4S fornisce la massima regolabilit\u00e0 in funzione della propria taglia. Due fibbie a regolazione rapida sulla cintura ventrale ed una per ogni cosciale forniscono facilit\u00e0 e rapidit\u00e0 di regolazione e rendono il Momentum 4S un imbrago 4 stagioni, utilizzabile per svariate attivit\u00e0 dal climbing in falesia, all'indoor, alle ferrate, all'alpinismo. La cintura ventrale dal profilo alto nella parte posteriore risulta particolarmente comoda per le lunghe sessioni in parete.","robots":{"index":"index","follow":"follow","max-snippet":"max-snippet:-1","max-image-preview":"max-image-preview:large","max-video-preview":"max-video-preview:-1"},"canonical":"https:\/\/www.sestogrado.it\/en\/prodotto\/black-diamond-momentum-4s-imbrago-bambino\/","og_locale":"en_US","og_type":"article","og_title":"Black Diamond Momentum DS junior size - Sestogrado","og_description":"Il Black Diamond Momentum 4S bambino \u00e8 la versione specificatamente dedicata ai piccoli climber dell'imbrago best seller mondiale di BD, Momentum 4S.Con una taglia di 56-78 cm in vita e 41-53 cm sui cosciali, il Black Diamond Momentum 4S bambino \u00e8 un imbrago a tutti gli effetti con le stesse caratteristiche e dotazioni della versione per adulti.Il Black Diamond 4S \u00e8 l'imbrago della linea Momentum di BD nella versione a 4 fibbie. Particolarmente versatile e destinato ad un utilizzo all around, per qualsiasi attivit\u00e0, il Black Diamond 4S fornisce la massima regolabilit\u00e0 in funzione della propria taglia. Due fibbie a regolazione rapida sulla cintura ventrale ed una per ogni cosciale forniscono facilit\u00e0 e rapidit\u00e0 di regolazione e rendono il Momentum 4S un imbrago 4 stagioni, utilizzabile per svariate attivit\u00e0 dal climbing in falesia, all'indoor, alle ferrate, all'alpinismo. La cintura ventrale dal profilo alto nella parte posteriore risulta particolarmente comoda per le lunghe sessioni in parete.","og_url":"https:\/\/www.sestogrado.it\/en\/prodotto\/black-diamond-momentum-4s-imbrago-bambino\/","og_site_name":"Sestogrado","article_publisher":"https:\/\/www.facebook.com\/pages\/Sestogrado\/1542635979353017?ref=bookmarks","article_modified_time":"2025-12-11T06:57:41+00:00","og_image":[{"width":1313,"height":1313,"url":"https:\/\/www.sestogrado.it\/wp-content\/uploads\/2017\/02\/4s-bambino.jpg","type":"image\/jpeg"}],"twitter_misc":{"Price":"&euro;&nbsp;59,00","Availability":"In stock"},"schema":{"@context":"https:\/\/schema.org","@graph":[{"@type":"WebPage","@id":"https:\/\/www.sestogrado.it\/en\/prodotto\/black-diamond-momentum-4s-imbrago-bambino\/","url":"https:\/\/www.sestogrado.it\/en\/prodotto\/black-diamond-momentum-4s-imbrago-bambino\/","name":"Black Diamond Momentum DS junior size - Sestogrado","isPartOf":{"@id":"https:\/\/www.sestogrado.it\/en\/#website"},"primaryImageOfPage":{"@id":"https:\/\/www.sestogrado.it\/en\/prodotto\/black-diamond-momentum-4s-imbrago-bambino\/#primaryimage"},"image":{"@id":"https:\/\/www.sestogrado.it\/prodotto\/black-diamond-momentum-4s-imbrago-bambino\/#primaryimage"},"thumbnailUrl":"https:\/\/www.sestogrado.it\/wp-content\/uploads\/2017\/02\/4s-bambino.jpg","datePublished":"2017-02-27T13:19:13+00:00","dateModified":"2025-12-11T06:57:41+00:00","description":"Il Black Diamond Momentum 4S bambino \u00e8 la versione specificatamente dedicata ai piccoli climber dell'imbrago best seller mondiale di BD, Momentum 4S.Con una taglia di 56-78 cm in vita e 41-53 cm sui cosciali, il Black Diamond Momentum 4S bambino \u00e8 un imbrago a tutti gli effetti con le stesse caratteristiche e dotazioni della versione per adulti.Il Black Diamond 4S \u00e8 l'imbrago della linea Momentum di BD nella versione a 4 fibbie. Particolarmente versatile e destinato ad un utilizzo all around, per qualsiasi attivit\u00e0, il Black Diamond 4S fornisce la massima regolabilit\u00e0 in funzione della propria taglia. Due fibbie a regolazione rapida sulla cintura ventrale ed una per ogni cosciale forniscono facilit\u00e0 e rapidit\u00e0 di regolazione e rendono il Momentum 4S un imbrago 4 stagioni, utilizzabile per svariate attivit\u00e0 dal climbing in falesia, all'indoor, alle ferrate, all'alpinismo. La cintura ventrale dal profilo alto nella parte posteriore risulta particolarmente comoda per le lunghe sessioni in parete.","breadcrumb":{"@id":"https:\/\/www.sestogrado.it\/en\/prodotto\/black-diamond-momentum-4s-imbrago-bambino\/#breadcrumb"},"inLanguage":"en-US","potentialAction":[{"@type":"ReadAction","target":[["https:\/\/www.sestogrado.it\/en\/prodotto\/black-diamond-momentum-4s-imbrago-bambino\/"]]}]},{"@type":"ImageObject","inLanguage":"en-US","@id":"https:\/\/www.sestogrado.it\/en\/prodotto\/black-diamond-momentum-4s-imbrago-bambino\/#primaryimage","url":"https:\/\/www.sestogrado.it\/wp-content\/uploads\/2017\/02\/4s-bambino.jpg","contentUrl":"https:\/\/www.sestogrado.it\/wp-content\/uploads\/2017\/02\/4s-bambino.jpg","width":1313,"height":1313,"caption":"4s-bambino"},{"@type":"BreadcrumbList","@id":"https:\/\/www.sestogrado.it\/en\/prodotto\/black-diamond-momentum-4s-imbrago-bambino\/#breadcrumb","itemListElement":[{"@type":"ListItem","position":1,"name":"Home","item":"https:\/\/www.sestogrado.it\/en\/"},{"@type":"ListItem","position":2,"name":"Shop","item":"https:\/\/www.sestogrado.it\/en\/shop\/"},{"@type":"ListItem","position":3,"name":"Black Diamond Momentum 4S imbrago bambino"}]},{"@type":"WebSite","@id":"https:\/\/www.sestogrado.it\/en\/#website","url":"https:\/\/www.sestogrado.it\/en\/","name":"Sestogrado","description":"yes we climb","publisher":{"@id":"https:\/\/www.sestogrado.it\/en\/#organization"},"potentialAction":[{"@type":"SearchAction","target":{"@type":"EntryPoint","urlTemplate":"https:\/\/www.sestogrado.it\/en\/?s={search_term_string}"},"query-input":{"@type":"PropertyValueSpecification","valueRequired":true,"valueName":"search_term_string"}}],"inLanguage":"en-US"},{"@type":"Organization","@id":"https:\/\/www.sestogrado.it\/en\/#organization","name":"Sestogrado","url":"https:\/\/www.sestogrado.it\/en\/","logo":{"@type":"ImageObject","inLanguage":"en-US","@id":"https:\/\/www.sestogrado.it\/en\/#\/schema\/logo\/image\/","url":"https:\/\/www.sestogrado.it\/wp-content\/uploads\/2015\/03\/sestogrado-favicon.png","contentUrl":"https:\/\/www.sestogrado.it\/wp-content\/uploads\/2015\/03\/sestogrado-favicon.png","width":260,"height":260,"caption":"Sestogrado"},"image":{"@id":"https:\/\/www.sestogrado.it\/en\/#\/schema\/logo\/image\/"},"sameAs":["https:\/\/www.facebook.com\/pages\/Sestogrado\/1542635979353017?ref=bookmarks","https:\/\/www.youtube.com\/channel\/UC847kAfTkaJsWpc1jtQwr3Q"],"hasMerchantReturnPolicy":{"@type":"MerchantReturnPolicy","merchantReturnLink":"https:\/\/www.sestogrado.it\/en\/termini-e-condizioni\/"}}]},"product_brand":"Black Diamond","product_price_amount":"59.00","product_price_currency":"EUR","og_availability":"instock","product_availability":"instock","product_condition":"new"},"_links":{"self":[{"href":"https:\/\/www.sestogrado.it\/en\/wp-json\/wp\/v2\/product\/10301","targetHints":{"allow":["GET"]}}],"collection":[{"href":"https:\/\/www.sestogrado.it\/en\/wp-json\/wp\/v2\/product"}],"about":[{"href":"https:\/\/www.sestogrado.it\/en\/wp-json\/wp\/v2\/types\/product"}],"replies":[{"embeddable":true,"href":"https:\/\/www.sestogrado.it\/en\/wp-json\/wp\/v2\/comments?post=10301"}],"wp:featuredmedia":[{"embeddable":true,"href":"https:\/\/www.sestogrado.it\/en\/wp-json\/wp\/v2\/media\/92080"}],"wp:attachment":[{"href":"https:\/\/www.sestogrado.it\/en\/wp-json\/wp\/v2\/media?parent=10301"}],"wp:term":[{"taxonomy":"product_brand","embeddable":true,"href":"https:\/\/www.sestogrado.it\/en\/wp-json\/wp\/v2\/product_brand?post=10301"},{"taxonomy":"product_cat","embeddable":true,"href":"https:\/\/www.sestogrado.it\/en\/wp-json\/wp\/v2\/product_cat?post=10301"},{"taxonomy":"product_tag","embeddable":true,"href":"https:\/\/www.sestogrado.it\/en\/wp-json\/wp\/v2\/product_tag?post=10301"}],"curies":[{"name":"wp","href":"https:\/\/api.w.org\/{rel}","templated":true}]}}