{"id":102123,"date":"2022-05-25T07:24:52","date_gmt":"2022-05-25T05:24:52","guid":{"rendered":"https:\/\/www.sestogrado.it\/?post_type=product&#038;p=102123"},"modified":"2026-03-31T01:24:05","modified_gmt":"2026-03-30T23:24:05","slug":"petzl-summit-evo-piccozza-da-ghiaccio","status":"publish","type":"product","link":"https:\/\/www.sestogrado.it\/en\/prodotto\/petzl-summit-evo-piccozza-da-ghiaccio\/","title":{"rendered":"Petzl Summit EVO ice axe"},"content":{"rendered":"<p>Designed for classic mountaineering, the SUMMIT EVO ice axe is the tool of choice for all types of alpine trips. Lightweight and with a waterjet-formed tube, it offers a very comfortable grip under the head of the axe. The technical design of the curved shaft provides the necessary clearance on steep, icy terrain. The forged and well-balanced head provides very good anchoring qualities. The grip of the shaft makes it a precise and efficient ice axe.<\/p>\n<div class=\"list\">\n<ul>\n<li>Lightweight ice axe, but with enough weight in the head for good anchoring power<\/li>\n<li>Hydroformed handle for good grip at the curve, and a technical design:<br \/>\n&#8211; the upper part of the shaft is curved to offer good clearance when climbing<br \/>\n&#8211; the lower part is straighter and guarantees efficient penetration in snow<\/li>\n<li>Head and pick in hot-forged steel, ensuring solid anchoring:<br \/>\n&#8211; thin (3 mm) pick, durable and toothed at the tip, ensuring good anchoring quality in hard snow and ice<br \/>\n&#8211; pick is thicker in the middle to favor anchoring in soft snow<br \/>\n&#8211; teeth on upper part of pick strengthen the hold on the ice axe in piolet-rampe mode<br \/>\n&#8211; durable spike in stainless steel for very good penetration in hard snow and in piolet-canne mode<\/li>\n<li>High strength and practical aspects:<br \/>\n&#8211; very durable steel adze offers a comfortable support surface, and the design of the edges allows stairs to be carved efficiently<br \/>\n&#8211; tilted adze directs the axe correctly into the snow (piolet-canne usage)<br \/>\n&#8211; head and spike equipped with holes for clipping a carabiner or attaching a sling<br \/>\n&#8211; high-quality aluminum shaft (7075 aluminum, used in aeronautics), with anodized finish for excellent protection<\/li>\n<li>Ice axe compatible with LINKIN leash<\/li>\n<\/ul>\n<\/div>\n<h3>Specifications<\/h3>\n<div class=\"list\">\n<ul>\n<li>Pick type: 1<\/li>\n<li>Shaft type: 1<\/li>\n<li>Material(s): heat-treated steel, aluminum 7075, stainless heat-treated steel, TPU (thermoplastic polyurethane)<\/li>\n<li>Certification(s): CE, UIAA<\/li>\n<\/ul>\n<\/div>\n<p><\/p>","protected":false},"excerpt":{"rendered":"<p>Designed for classic mountaineering, the SUMMIT EVO ice axe is the tool of choice for all types of alpine trips. [&hellip;]<\/p>\n","protected":false},"featured_media":102124,"comment_status":"open","ping_status":"closed","template":"","meta":{"_acf_changed":false},"product_brand":[50],"product_cat":[152],"product_tag":[],"class_list":{"0":"post-102123","1":"product","2":"type-product","3":"status-publish","4":"has-post-thumbnail","6":"product_brand-petzl","7":"product_cat-piccozze","9":"first","10":"instock","11":"sale","12":"taxable","13":"shipping-taxable","14":"purchasable","15":"product-type-variable"},"acf":[],"yoast_head":"<!-- This site is optimized with the Yoast SEO plugin v26.4 - https:\/\/yoast.com\/wordpress\/plugins\/seo\/ -->\n<title>Petzl Summit EVO ice axe - Sestogrado<\/title>\n<meta name=\"description\" content=\"La Petzl Summit EVO \u00e8 una piccozza destinata all&#039;alpinismo classico. Leggera, il suo tubo idroformato garantisce un&#039;ottimo comfort di impugnatura sotto la testa della piccozza. Il design tecnico della sagomatura del manico garantisce la distanza di estrazione necessaria per l&#039;utilizzo su terreno ripido e ghiacciato. La testa forgiata e ben equilibrata assicura ottime qualit\u00e0 di ancoraggio. Il grip del manico ne fa una piccozza precisa ed efficace.Leggerezza: piccozza leggera, ma pesante sulla testa per una buona potenza di ancoraggio.Manico idroformato per una buona impugnatura sulla sagomatura e un design tecnico:- il manico \u00e8 curvo nella parte alta per garantire una buona distanza di estrazione in arrampicata,- la parte bassa \u00e8 pi\u00f9 dritta e garantisce un&#039;efficace penetrazione nella neve.Testa e lama in acciaio forgiato a caldo, per garantire solidi ancoraggi:- lama sottile (3 mm), robusta e dentellata all&#039;estremit\u00e0, per garantire una buona qualit\u00e0 di ancoraggio su neve dura e ghiaccio,- lama pi\u00f9 spessa al centro per favorire la tenuta su neve molle.- denti nella parte superiore per rafforzare la tenuta della piccozza nell&#039;utilizzo come piccozza tecnica,- punta robusta in acciaio inossidabile per un&#039;ottima penetrazione nella neve dura e per l&#039;utilizzo come piccozza bastone.\" \/>\n<meta name=\"robots\" content=\"index, follow, max-snippet:-1, max-image-preview:large, max-video-preview:-1\" \/>\n<link rel=\"canonical\" href=\"https:\/\/www.sestogrado.it\/en\/prodotto\/petzl-summit-evo-piccozza-da-ghiaccio\/\" \/>\n<meta property=\"og:locale\" content=\"en_US\" \/>\n<meta property=\"og:type\" content=\"article\" \/>\n<meta property=\"og:title\" content=\"Petzl Summit EVO ice axe - Sestogrado\" \/>\n<meta property=\"og:description\" content=\"La Petzl Summit EVO \u00e8 una piccozza destinata all&#039;alpinismo classico. Leggera, il suo tubo idroformato garantisce un&#039;ottimo comfort di impugnatura sotto la testa della piccozza. Il design tecnico della sagomatura del manico garantisce la distanza di estrazione necessaria per l&#039;utilizzo su terreno ripido e ghiacciato. La testa forgiata e ben equilibrata assicura ottime qualit\u00e0 di ancoraggio. Il grip del manico ne fa una piccozza precisa ed efficace.Leggerezza: piccozza leggera, ma pesante sulla testa per una buona potenza di ancoraggio.Manico idroformato per una buona impugnatura sulla sagomatura e un design tecnico:- il manico \u00e8 curvo nella parte alta per garantire una buona distanza di estrazione in arrampicata,- la parte bassa \u00e8 pi\u00f9 dritta e garantisce un&#039;efficace penetrazione nella neve.Testa e lama in acciaio forgiato a caldo, per garantire solidi ancoraggi:- lama sottile (3 mm), robusta e dentellata all&#039;estremit\u00e0, per garantire una buona qualit\u00e0 di ancoraggio su neve dura e ghiaccio,- lama pi\u00f9 spessa al centro per favorire la tenuta su neve molle.- denti nella parte superiore per rafforzare la tenuta della piccozza nell&#039;utilizzo come piccozza tecnica,- punta robusta in acciaio inossidabile per un&#039;ottima penetrazione nella neve dura e per l&#039;utilizzo come piccozza bastone.\" \/>\n<meta property=\"og:url\" content=\"https:\/\/www.sestogrado.it\/en\/prodotto\/petzl-summit-evo-piccozza-da-ghiaccio\/\" \/>\n<meta property=\"og:site_name\" content=\"Sestogrado\" \/>\n<meta property=\"article:publisher\" content=\"https:\/\/www.facebook.com\/pages\/Sestogrado\/1542635979353017?ref=bookmarks\" \/>\n<meta property=\"article:modified_time\" content=\"2026-03-30T23:24:05+00:00\" \/>\n<meta property=\"og:image\" content=\"https:\/\/www.sestogrado.it\/wp-content\/uploads\/2022\/05\/01.jpeg\" \/>\n\t<meta property=\"og:image:width\" content=\"1304\" \/>\n\t<meta property=\"og:image:height\" content=\"1305\" \/>\n\t<meta property=\"og:image:type\" content=\"image\/jpeg\" \/>\n<meta name=\"twitter:label1\" content=\"Availability\" \/>\n\t<meta name=\"twitter:data1\" content=\"In stock\" \/>\n<script type=\"application\/ld+json\" class=\"yoast-schema-graph\">{\"@context\":\"https:\/\/schema.org\",\"@graph\":[{\"@type\":\"WebPage\",\"@id\":\"https:\/\/www.sestogrado.it\/en\/prodotto\/petzl-summit-evo-piccozza-da-ghiaccio\/\",\"url\":\"https:\/\/www.sestogrado.it\/en\/prodotto\/petzl-summit-evo-piccozza-da-ghiaccio\/\",\"name\":\"Petzl Summit EVO ice axe - Sestogrado\",\"isPartOf\":{\"@id\":\"https:\/\/www.sestogrado.it\/en\/#website\"},\"primaryImageOfPage\":{\"@id\":\"https:\/\/www.sestogrado.it\/en\/prodotto\/petzl-summit-evo-piccozza-da-ghiaccio\/#primaryimage\"},\"image\":{\"@id\":\"https:\/\/www.sestogrado.it\/prodotto\/petzl-summit-evo-piccozza-da-ghiaccio\/#primaryimage\"},\"thumbnailUrl\":\"https:\/\/www.sestogrado.it\/wp-content\/uploads\/2022\/05\/01.jpeg\",\"datePublished\":\"2022-05-25T05:24:52+00:00\",\"dateModified\":\"2026-03-30T23:24:05+00:00\",\"description\":\"La Petzl Summit EVO \u00e8 una piccozza destinata all'alpinismo classico. Leggera, il suo tubo idroformato garantisce un'ottimo comfort di impugnatura sotto la testa della piccozza. Il design tecnico della sagomatura del manico garantisce la distanza di estrazione necessaria per l'utilizzo su terreno ripido e ghiacciato. La testa forgiata e ben equilibrata assicura ottime qualit\u00e0 di ancoraggio. Il grip del manico ne fa una piccozza precisa ed efficace.Leggerezza: piccozza leggera, ma pesante sulla testa per una buona potenza di ancoraggio.Manico idroformato per una buona impugnatura sulla sagomatura e un design tecnico:- il manico \u00e8 curvo nella parte alta per garantire una buona distanza di estrazione in arrampicata,- la parte bassa \u00e8 pi\u00f9 dritta e garantisce un'efficace penetrazione nella neve.Testa e lama in acciaio forgiato a caldo, per garantire solidi ancoraggi:- lama sottile (3 mm), robusta e dentellata all'estremit\u00e0, per garantire una buona qualit\u00e0 di ancoraggio su neve dura e ghiaccio,- lama pi\u00f9 spessa al centro per favorire la tenuta su neve molle.- denti nella parte superiore per rafforzare la tenuta della piccozza nell'utilizzo come piccozza tecnica,- punta robusta in acciaio inossidabile per un'ottima penetrazione nella neve dura e per l'utilizzo come piccozza bastone.\",\"breadcrumb\":{\"@id\":\"https:\/\/www.sestogrado.it\/en\/prodotto\/petzl-summit-evo-piccozza-da-ghiaccio\/#breadcrumb\"},\"inLanguage\":\"en-US\",\"potentialAction\":[{\"@type\":\"ReadAction\",\"target\":[[\"https:\/\/www.sestogrado.it\/en\/prodotto\/petzl-summit-evo-piccozza-da-ghiaccio\/\"]]}]},{\"@type\":\"ImageObject\",\"inLanguage\":\"en-US\",\"@id\":\"https:\/\/www.sestogrado.it\/en\/prodotto\/petzl-summit-evo-piccozza-da-ghiaccio\/#primaryimage\",\"url\":\"https:\/\/www.sestogrado.it\/wp-content\/uploads\/2022\/05\/01.jpeg\",\"contentUrl\":\"https:\/\/www.sestogrado.it\/wp-content\/uploads\/2022\/05\/01.jpeg\",\"width\":1304,\"height\":1305,\"caption\":\"petzl summit evo\"},{\"@type\":\"BreadcrumbList\",\"@id\":\"https:\/\/www.sestogrado.it\/en\/prodotto\/petzl-summit-evo-piccozza-da-ghiaccio\/#breadcrumb\",\"itemListElement\":[{\"@type\":\"ListItem\",\"position\":1,\"name\":\"Home\",\"item\":\"https:\/\/www.sestogrado.it\/en\/\"},{\"@type\":\"ListItem\",\"position\":2,\"name\":\"Shop\",\"item\":\"https:\/\/www.sestogrado.it\/en\/shop\/\"},{\"@type\":\"ListItem\",\"position\":3,\"name\":\"Petzl Summit EVO piccozza da ghiaccio\"}]},{\"@type\":\"WebSite\",\"@id\":\"https:\/\/www.sestogrado.it\/en\/#website\",\"url\":\"https:\/\/www.sestogrado.it\/en\/\",\"name\":\"Sestogrado\",\"description\":\"yes we climb\",\"publisher\":{\"@id\":\"https:\/\/www.sestogrado.it\/en\/#organization\"},\"potentialAction\":[{\"@type\":\"SearchAction\",\"target\":{\"@type\":\"EntryPoint\",\"urlTemplate\":\"https:\/\/www.sestogrado.it\/en\/?s={search_term_string}\"},\"query-input\":{\"@type\":\"PropertyValueSpecification\",\"valueRequired\":true,\"valueName\":\"search_term_string\"}}],\"inLanguage\":\"en-US\"},{\"@type\":\"Organization\",\"@id\":\"https:\/\/www.sestogrado.it\/en\/#organization\",\"name\":\"Sestogrado\",\"url\":\"https:\/\/www.sestogrado.it\/en\/\",\"logo\":{\"@type\":\"ImageObject\",\"inLanguage\":\"en-US\",\"@id\":\"https:\/\/www.sestogrado.it\/en\/#\/schema\/logo\/image\/\",\"url\":\"https:\/\/www.sestogrado.it\/wp-content\/uploads\/2015\/03\/sestogrado-favicon.png\",\"contentUrl\":\"https:\/\/www.sestogrado.it\/wp-content\/uploads\/2015\/03\/sestogrado-favicon.png\",\"width\":260,\"height\":260,\"caption\":\"Sestogrado\"},\"image\":{\"@id\":\"https:\/\/www.sestogrado.it\/en\/#\/schema\/logo\/image\/\"},\"sameAs\":[\"https:\/\/www.facebook.com\/pages\/Sestogrado\/1542635979353017?ref=bookmarks\",\"https:\/\/www.youtube.com\/channel\/UC847kAfTkaJsWpc1jtQwr3Q\"],\"hasMerchantReturnPolicy\":{\"@type\":\"MerchantReturnPolicy\",\"merchantReturnLink\":\"https:\/\/www.sestogrado.it\/en\/termini-e-condizioni\/\"}}]}<\/script>\n<meta property=\"product:brand\" content=\"Petzl\" \/>\n<meta property=\"og:availability\" content=\"instock\" \/>\n<meta property=\"product:availability\" content=\"instock\" \/>\n<meta property=\"product:condition\" content=\"new\" \/>\n<!-- \/ Yoast SEO plugin. -->","yoast_head_json":{"title":"Petzl Summit EVO ice axe - Sestogrado","description":"La Petzl Summit EVO \u00e8 una piccozza destinata all'alpinismo classico. Leggera, il suo tubo idroformato garantisce un'ottimo comfort di impugnatura sotto la testa della piccozza. Il design tecnico della sagomatura del manico garantisce la distanza di estrazione necessaria per l'utilizzo su terreno ripido e ghiacciato. La testa forgiata e ben equilibrata assicura ottime qualit\u00e0 di ancoraggio. Il grip del manico ne fa una piccozza precisa ed efficace.Leggerezza: piccozza leggera, ma pesante sulla testa per una buona potenza di ancoraggio.Manico idroformato per una buona impugnatura sulla sagomatura e un design tecnico:- il manico \u00e8 curvo nella parte alta per garantire una buona distanza di estrazione in arrampicata,- la parte bassa \u00e8 pi\u00f9 dritta e garantisce un'efficace penetrazione nella neve.Testa e lama in acciaio forgiato a caldo, per garantire solidi ancoraggi:- lama sottile (3 mm), robusta e dentellata all'estremit\u00e0, per garantire una buona qualit\u00e0 di ancoraggio su neve dura e ghiaccio,- lama pi\u00f9 spessa al centro per favorire la tenuta su neve molle.- denti nella parte superiore per rafforzare la tenuta della piccozza nell'utilizzo come piccozza tecnica,- punta robusta in acciaio inossidabile per un'ottima penetrazione nella neve dura e per l'utilizzo come piccozza bastone.","robots":{"index":"index","follow":"follow","max-snippet":"max-snippet:-1","max-image-preview":"max-image-preview:large","max-video-preview":"max-video-preview:-1"},"canonical":"https:\/\/www.sestogrado.it\/en\/prodotto\/petzl-summit-evo-piccozza-da-ghiaccio\/","og_locale":"en_US","og_type":"article","og_title":"Petzl Summit EVO ice axe - Sestogrado","og_description":"La Petzl Summit EVO \u00e8 una piccozza destinata all'alpinismo classico. Leggera, il suo tubo idroformato garantisce un'ottimo comfort di impugnatura sotto la testa della piccozza. Il design tecnico della sagomatura del manico garantisce la distanza di estrazione necessaria per l'utilizzo su terreno ripido e ghiacciato. La testa forgiata e ben equilibrata assicura ottime qualit\u00e0 di ancoraggio. Il grip del manico ne fa una piccozza precisa ed efficace.Leggerezza: piccozza leggera, ma pesante sulla testa per una buona potenza di ancoraggio.Manico idroformato per una buona impugnatura sulla sagomatura e un design tecnico:- il manico \u00e8 curvo nella parte alta per garantire una buona distanza di estrazione in arrampicata,- la parte bassa \u00e8 pi\u00f9 dritta e garantisce un'efficace penetrazione nella neve.Testa e lama in acciaio forgiato a caldo, per garantire solidi ancoraggi:- lama sottile (3 mm), robusta e dentellata all'estremit\u00e0, per garantire una buona qualit\u00e0 di ancoraggio su neve dura e ghiaccio,- lama pi\u00f9 spessa al centro per favorire la tenuta su neve molle.- denti nella parte superiore per rafforzare la tenuta della piccozza nell'utilizzo come piccozza tecnica,- punta robusta in acciaio inossidabile per un'ottima penetrazione nella neve dura e per l'utilizzo come piccozza bastone.","og_url":"https:\/\/www.sestogrado.it\/en\/prodotto\/petzl-summit-evo-piccozza-da-ghiaccio\/","og_site_name":"Sestogrado","article_publisher":"https:\/\/www.facebook.com\/pages\/Sestogrado\/1542635979353017?ref=bookmarks","article_modified_time":"2026-03-30T23:24:05+00:00","og_image":[{"width":1304,"height":1305,"url":"https:\/\/www.sestogrado.it\/wp-content\/uploads\/2022\/05\/01.jpeg","type":"image\/jpeg"}],"twitter_misc":{"Availability":"In stock"},"schema":{"@context":"https:\/\/schema.org","@graph":[{"@type":"WebPage","@id":"https:\/\/www.sestogrado.it\/en\/prodotto\/petzl-summit-evo-piccozza-da-ghiaccio\/","url":"https:\/\/www.sestogrado.it\/en\/prodotto\/petzl-summit-evo-piccozza-da-ghiaccio\/","name":"Petzl Summit EVO ice axe - Sestogrado","isPartOf":{"@id":"https:\/\/www.sestogrado.it\/en\/#website"},"primaryImageOfPage":{"@id":"https:\/\/www.sestogrado.it\/en\/prodotto\/petzl-summit-evo-piccozza-da-ghiaccio\/#primaryimage"},"image":{"@id":"https:\/\/www.sestogrado.it\/prodotto\/petzl-summit-evo-piccozza-da-ghiaccio\/#primaryimage"},"thumbnailUrl":"https:\/\/www.sestogrado.it\/wp-content\/uploads\/2022\/05\/01.jpeg","datePublished":"2022-05-25T05:24:52+00:00","dateModified":"2026-03-30T23:24:05+00:00","description":"La Petzl Summit EVO \u00e8 una piccozza destinata all'alpinismo classico. Leggera, il suo tubo idroformato garantisce un'ottimo comfort di impugnatura sotto la testa della piccozza. Il design tecnico della sagomatura del manico garantisce la distanza di estrazione necessaria per l'utilizzo su terreno ripido e ghiacciato. La testa forgiata e ben equilibrata assicura ottime qualit\u00e0 di ancoraggio. Il grip del manico ne fa una piccozza precisa ed efficace.Leggerezza: piccozza leggera, ma pesante sulla testa per una buona potenza di ancoraggio.Manico idroformato per una buona impugnatura sulla sagomatura e un design tecnico:- il manico \u00e8 curvo nella parte alta per garantire una buona distanza di estrazione in arrampicata,- la parte bassa \u00e8 pi\u00f9 dritta e garantisce un'efficace penetrazione nella neve.Testa e lama in acciaio forgiato a caldo, per garantire solidi ancoraggi:- lama sottile (3 mm), robusta e dentellata all'estremit\u00e0, per garantire una buona qualit\u00e0 di ancoraggio su neve dura e ghiaccio,- lama pi\u00f9 spessa al centro per favorire la tenuta su neve molle.- denti nella parte superiore per rafforzare la tenuta della piccozza nell'utilizzo come piccozza tecnica,- punta robusta in acciaio inossidabile per un'ottima penetrazione nella neve dura e per l'utilizzo come piccozza bastone.","breadcrumb":{"@id":"https:\/\/www.sestogrado.it\/en\/prodotto\/petzl-summit-evo-piccozza-da-ghiaccio\/#breadcrumb"},"inLanguage":"en-US","potentialAction":[{"@type":"ReadAction","target":[["https:\/\/www.sestogrado.it\/en\/prodotto\/petzl-summit-evo-piccozza-da-ghiaccio\/"]]}]},{"@type":"ImageObject","inLanguage":"en-US","@id":"https:\/\/www.sestogrado.it\/en\/prodotto\/petzl-summit-evo-piccozza-da-ghiaccio\/#primaryimage","url":"https:\/\/www.sestogrado.it\/wp-content\/uploads\/2022\/05\/01.jpeg","contentUrl":"https:\/\/www.sestogrado.it\/wp-content\/uploads\/2022\/05\/01.jpeg","width":1304,"height":1305,"caption":"petzl summit evo"},{"@type":"BreadcrumbList","@id":"https:\/\/www.sestogrado.it\/en\/prodotto\/petzl-summit-evo-piccozza-da-ghiaccio\/#breadcrumb","itemListElement":[{"@type":"ListItem","position":1,"name":"Home","item":"https:\/\/www.sestogrado.it\/en\/"},{"@type":"ListItem","position":2,"name":"Shop","item":"https:\/\/www.sestogrado.it\/en\/shop\/"},{"@type":"ListItem","position":3,"name":"Petzl Summit EVO piccozza da ghiaccio"}]},{"@type":"WebSite","@id":"https:\/\/www.sestogrado.it\/en\/#website","url":"https:\/\/www.sestogrado.it\/en\/","name":"Sestogrado","description":"yes we climb","publisher":{"@id":"https:\/\/www.sestogrado.it\/en\/#organization"},"potentialAction":[{"@type":"SearchAction","target":{"@type":"EntryPoint","urlTemplate":"https:\/\/www.sestogrado.it\/en\/?s={search_term_string}"},"query-input":{"@type":"PropertyValueSpecification","valueRequired":true,"valueName":"search_term_string"}}],"inLanguage":"en-US"},{"@type":"Organization","@id":"https:\/\/www.sestogrado.it\/en\/#organization","name":"Sestogrado","url":"https:\/\/www.sestogrado.it\/en\/","logo":{"@type":"ImageObject","inLanguage":"en-US","@id":"https:\/\/www.sestogrado.it\/en\/#\/schema\/logo\/image\/","url":"https:\/\/www.sestogrado.it\/wp-content\/uploads\/2015\/03\/sestogrado-favicon.png","contentUrl":"https:\/\/www.sestogrado.it\/wp-content\/uploads\/2015\/03\/sestogrado-favicon.png","width":260,"height":260,"caption":"Sestogrado"},"image":{"@id":"https:\/\/www.sestogrado.it\/en\/#\/schema\/logo\/image\/"},"sameAs":["https:\/\/www.facebook.com\/pages\/Sestogrado\/1542635979353017?ref=bookmarks","https:\/\/www.youtube.com\/channel\/UC847kAfTkaJsWpc1jtQwr3Q"],"hasMerchantReturnPolicy":{"@type":"MerchantReturnPolicy","merchantReturnLink":"https:\/\/www.sestogrado.it\/en\/termini-e-condizioni\/"}}]},"product_brand":"Petzl","og_availability":"instock","product_availability":"instock","product_condition":"new"},"_links":{"self":[{"href":"https:\/\/www.sestogrado.it\/en\/wp-json\/wp\/v2\/product\/102123","targetHints":{"allow":["GET"]}}],"collection":[{"href":"https:\/\/www.sestogrado.it\/en\/wp-json\/wp\/v2\/product"}],"about":[{"href":"https:\/\/www.sestogrado.it\/en\/wp-json\/wp\/v2\/types\/product"}],"replies":[{"embeddable":true,"href":"https:\/\/www.sestogrado.it\/en\/wp-json\/wp\/v2\/comments?post=102123"}],"wp:featuredmedia":[{"embeddable":true,"href":"https:\/\/www.sestogrado.it\/en\/wp-json\/wp\/v2\/media\/102124"}],"wp:attachment":[{"href":"https:\/\/www.sestogrado.it\/en\/wp-json\/wp\/v2\/media?parent=102123"}],"wp:term":[{"taxonomy":"product_brand","embeddable":true,"href":"https:\/\/www.sestogrado.it\/en\/wp-json\/wp\/v2\/product_brand?post=102123"},{"taxonomy":"product_cat","embeddable":true,"href":"https:\/\/www.sestogrado.it\/en\/wp-json\/wp\/v2\/product_cat?post=102123"},{"taxonomy":"product_tag","embeddable":true,"href":"https:\/\/www.sestogrado.it\/en\/wp-json\/wp\/v2\/product_tag?post=102123"}],"curies":[{"name":"wp","href":"https:\/\/api.w.org\/{rel}","templated":true}]}}