{"id":100704,"date":"2022-05-02T09:35:29","date_gmt":"2022-05-02T07:35:29","guid":{"rendered":"https:\/\/www.sestogrado.it\/?post_type=product&#038;p=100704"},"modified":"2026-02-16T19:06:19","modified_gmt":"2026-02-16T18:06:19","slug":"spezzone-al-metro-petzl-volta-guide-9-0-corda-tripla-omologazione-full-dry","status":"publish","type":"product","link":"https:\/\/www.sestogrado.it\/en\/prodotto\/spezzone-al-metro-petzl-volta-guide-9-0-corda-tripla-omologazione-full-dry\/","title":{"rendered":"Spezzone al metro Petzl Volta Guide 9.0 corda tripla omologazione full dry"},"content":{"rendered":"<p class=\"qtranxs-available-languages-message qtranxs-available-languages-message-en\">Sorry, this entry is only available in <a href=\"https:\/\/www.sestogrado.it\/it\/wp-json\/wp\/v2\/product\/100704\" class=\"qtranxs-available-language-link qtranxs-available-language-link-it\" title=\"Italiano\">Italiano<\/a>.<\/p>","protected":false},"excerpt":{"rendered":"<p>Sorry, this entry is only available in Italiano.<\/p>\n","protected":false},"featured_media":60962,"comment_status":"open","ping_status":"closed","template":"","meta":{"_acf_changed":false},"product_brand":[50],"product_cat":[136,137],"product_tag":[],"class_list":{"0":"post-100704","1":"product","2":"type-product","3":"status-publish","4":"has-post-thumbnail","6":"product_brand-petzl","7":"product_cat-corde-corde","8":"product_cat-fettucce-e-cordini","10":"first","11":"instock","12":"sale","13":"taxable","14":"shipping-taxable","15":"purchasable","16":"product-type-simple"},"acf":[],"yoast_head":"<!-- This site is optimized with the Yoast SEO plugin v26.4 - https:\/\/yoast.com\/wordpress\/plugins\/seo\/ -->\n<title>Spezzone al metro Petzl Volta Guide 9.0 corda tripla omologazione full dry  - Sestogrado<\/title>\n<meta name=\"description\" content=\"Se ti serve uno spezzone a tripla omologazione, totalmente impermeabile, con cui poter fare di tutto, puoi acquistare uno spezzone di Petzl Volta 9.0.La Volta 9.0 \u00e8 una corda a tripla omologazione, per cui pu\u00f2 essere utilizzata in qualsiasi configurazione, ed \u00e8 totalmente impermeabile, anima e calza, per cui \u00e8 utilissimo per ricavare spezzoni di corda corta, per conserva su ghiacciaio o nevaio, in condizioni difficili. La Volta 9.0 assicura il massimo delle prestazioni, al minimo del peso, con i suoi 54g\/metro, per cui, anche 15\/20 metri di corda, hanno un peso ed un ingombro minimo nello zaino.Lo spezzone di corda dinamica disponibile al metro pu\u00f2 risultare utile per i seguenti utilizzi:realizzazione di longe dinamica per assicurazione alla sosta della lunghezza che si preferisceallestimento di sosta con caratteristiche dinamichecorda corta da cresta, per piccole calate in terreno alpinisticoper accompagnare neofiti ed assicurare compagni incerti su terreno difficile senza dover portare con s\u00e8 una corda lunga e pesanteNOTA: ogni unit\u00e0 \u00e8 un metro.\u00a0Se si desiderano pi\u00f9 spezzoni di corda, acquistare la quantit\u00e0 totale e poi nelle note dell\u2019ordine inserire le lunghezze e i tagli desiderati.\" \/>\n<meta name=\"robots\" content=\"index, follow, max-snippet:-1, max-image-preview:large, max-video-preview:-1\" \/>\n<link rel=\"canonical\" href=\"https:\/\/www.sestogrado.it\/en\/prodotto\/spezzone-al-metro-petzl-volta-guide-9-0-corda-tripla-omologazione-full-dry\/\" \/>\n<meta property=\"og:locale\" content=\"en_US\" \/>\n<meta property=\"og:type\" content=\"article\" \/>\n<meta property=\"og:title\" content=\"Spezzone al metro Petzl Volta Guide 9.0 corda tripla omologazione full dry  - Sestogrado\" \/>\n<meta property=\"og:description\" content=\"Se ti serve uno spezzone a tripla omologazione, totalmente impermeabile, con cui poter fare di tutto, puoi acquistare uno spezzone di Petzl Volta 9.0.La Volta 9.0 \u00e8 una corda a tripla omologazione, per cui pu\u00f2 essere utilizzata in qualsiasi configurazione, ed \u00e8 totalmente impermeabile, anima e calza, per cui \u00e8 utilissimo per ricavare spezzoni di corda corta, per conserva su ghiacciaio o nevaio, in condizioni difficili. La Volta 9.0 assicura il massimo delle prestazioni, al minimo del peso, con i suoi 54g\/metro, per cui, anche 15\/20 metri di corda, hanno un peso ed un ingombro minimo nello zaino.Lo spezzone di corda dinamica disponibile al metro pu\u00f2 risultare utile per i seguenti utilizzi:realizzazione di longe dinamica per assicurazione alla sosta della lunghezza che si preferisceallestimento di sosta con caratteristiche dinamichecorda corta da cresta, per piccole calate in terreno alpinisticoper accompagnare neofiti ed assicurare compagni incerti su terreno difficile senza dover portare con s\u00e8 una corda lunga e pesanteNOTA: ogni unit\u00e0 \u00e8 un metro.\u00a0Se si desiderano pi\u00f9 spezzoni di corda, acquistare la quantit\u00e0 totale e poi nelle note dell\u2019ordine inserire le lunghezze e i tagli desiderati.\" \/>\n<meta property=\"og:url\" content=\"https:\/\/www.sestogrado.it\/en\/prodotto\/spezzone-al-metro-petzl-volta-guide-9-0-corda-tripla-omologazione-full-dry\/\" \/>\n<meta property=\"og:site_name\" content=\"Sestogrado\" \/>\n<meta property=\"article:publisher\" content=\"https:\/\/www.facebook.com\/pages\/Sestogrado\/1542635979353017?ref=bookmarks\" \/>\n<meta property=\"article:modified_time\" content=\"2026-02-16T18:06:19+00:00\" \/>\n<meta property=\"og:image\" content=\"https:\/\/www.sestogrado.it\/wp-content\/uploads\/2021\/06\/02-7.jpg\" \/>\n\t<meta property=\"og:image:width\" content=\"1164\" \/>\n\t<meta property=\"og:image:height\" content=\"1164\" \/>\n\t<meta property=\"og:image:type\" content=\"image\/jpeg\" \/>\n<meta name=\"twitter:label1\" content=\"Price\" \/>\n\t<meta name=\"twitter:data1\" content=\"&euro;&nbsp;4,90\" \/>\n\t<meta name=\"twitter:label2\" content=\"Availability\" \/>\n\t<meta name=\"twitter:data2\" content=\"In stock\" \/>\n<script type=\"application\/ld+json\" class=\"yoast-schema-graph\">{\"@context\":\"https:\/\/schema.org\",\"@graph\":[{\"@type\":\"WebPage\",\"@id\":\"https:\/\/www.sestogrado.it\/en\/prodotto\/spezzone-al-metro-petzl-volta-guide-9-0-corda-tripla-omologazione-full-dry\/\",\"url\":\"https:\/\/www.sestogrado.it\/en\/prodotto\/spezzone-al-metro-petzl-volta-guide-9-0-corda-tripla-omologazione-full-dry\/\",\"name\":\"Spezzone al metro Petzl Volta Guide 9.0 corda tripla omologazione full dry  - Sestogrado\",\"isPartOf\":{\"@id\":\"https:\/\/www.sestogrado.it\/en\/#website\"},\"primaryImageOfPage\":{\"@id\":\"https:\/\/www.sestogrado.it\/en\/prodotto\/spezzone-al-metro-petzl-volta-guide-9-0-corda-tripla-omologazione-full-dry\/#primaryimage\"},\"image\":{\"@id\":\"https:\/\/www.sestogrado.it\/prodotto\/spezzone-al-metro-petzl-volta-guide-9-0-corda-tripla-omologazione-full-dry\/#primaryimage\"},\"thumbnailUrl\":\"https:\/\/www.sestogrado.it\/wp-content\/uploads\/2021\/06\/02-7.jpg\",\"datePublished\":\"2022-05-02T07:35:29+00:00\",\"dateModified\":\"2026-02-16T18:06:19+00:00\",\"description\":\"Se ti serve uno spezzone a tripla omologazione, totalmente impermeabile, con cui poter fare di tutto, puoi acquistare uno spezzone di Petzl Volta 9.0.La Volta 9.0 \u00e8 una corda a tripla omologazione, per cui pu\u00f2 essere utilizzata in qualsiasi configurazione, ed \u00e8 totalmente impermeabile, anima e calza, per cui \u00e8 utilissimo per ricavare spezzoni di corda corta, per conserva su ghiacciaio o nevaio, in condizioni difficili. La Volta 9.0 assicura il massimo delle prestazioni, al minimo del peso, con i suoi 54g\/metro, per cui, anche 15\/20 metri di corda, hanno un peso ed un ingombro minimo nello zaino.Lo spezzone di corda dinamica disponibile al metro pu\u00f2 risultare utile per i seguenti utilizzi:realizzazione di longe dinamica per assicurazione alla sosta della lunghezza che si preferisceallestimento di sosta con caratteristiche dinamichecorda corta da cresta, per piccole calate in terreno alpinisticoper accompagnare neofiti ed assicurare compagni incerti su terreno difficile senza dover portare con s\u00e8 una corda lunga e pesanteNOTA: ogni unit\u00e0 \u00e8 un metro.\u00a0Se si desiderano pi\u00f9 spezzoni di corda, acquistare la quantit\u00e0 totale e poi nelle note dell\u2019ordine inserire le lunghezze e i tagli desiderati.\",\"breadcrumb\":{\"@id\":\"https:\/\/www.sestogrado.it\/en\/prodotto\/spezzone-al-metro-petzl-volta-guide-9-0-corda-tripla-omologazione-full-dry\/#breadcrumb\"},\"inLanguage\":\"en-US\",\"potentialAction\":[{\"@type\":\"ReadAction\",\"target\":[[\"https:\/\/www.sestogrado.it\/en\/prodotto\/spezzone-al-metro-petzl-volta-guide-9-0-corda-tripla-omologazione-full-dry\/\"]]}]},{\"@type\":\"ImageObject\",\"inLanguage\":\"en-US\",\"@id\":\"https:\/\/www.sestogrado.it\/en\/prodotto\/spezzone-al-metro-petzl-volta-guide-9-0-corda-tripla-omologazione-full-dry\/#primaryimage\",\"url\":\"https:\/\/www.sestogrado.it\/wp-content\/uploads\/2021\/06\/02-7.jpg\",\"contentUrl\":\"https:\/\/www.sestogrado.it\/wp-content\/uploads\/2021\/06\/02-7.jpg\",\"width\":1164,\"height\":1164,\"caption\":\"petzl volta guide 9\"},{\"@type\":\"BreadcrumbList\",\"@id\":\"https:\/\/www.sestogrado.it\/en\/prodotto\/spezzone-al-metro-petzl-volta-guide-9-0-corda-tripla-omologazione-full-dry\/#breadcrumb\",\"itemListElement\":[{\"@type\":\"ListItem\",\"position\":1,\"name\":\"Home\",\"item\":\"https:\/\/www.sestogrado.it\/en\/\"},{\"@type\":\"ListItem\",\"position\":2,\"name\":\"Shop\",\"item\":\"https:\/\/www.sestogrado.it\/en\/shop\/\"},{\"@type\":\"ListItem\",\"position\":3,\"name\":\"Spezzone al metro Petzl Volta Guide 9.0 corda tripla omologazione full dry\"}]},{\"@type\":\"WebSite\",\"@id\":\"https:\/\/www.sestogrado.it\/en\/#website\",\"url\":\"https:\/\/www.sestogrado.it\/en\/\",\"name\":\"Sestogrado\",\"description\":\"yes we climb\",\"publisher\":{\"@id\":\"https:\/\/www.sestogrado.it\/en\/#organization\"},\"potentialAction\":[{\"@type\":\"SearchAction\",\"target\":{\"@type\":\"EntryPoint\",\"urlTemplate\":\"https:\/\/www.sestogrado.it\/en\/?s={search_term_string}\"},\"query-input\":{\"@type\":\"PropertyValueSpecification\",\"valueRequired\":true,\"valueName\":\"search_term_string\"}}],\"inLanguage\":\"en-US\"},{\"@type\":\"Organization\",\"@id\":\"https:\/\/www.sestogrado.it\/en\/#organization\",\"name\":\"Sestogrado\",\"url\":\"https:\/\/www.sestogrado.it\/en\/\",\"logo\":{\"@type\":\"ImageObject\",\"inLanguage\":\"en-US\",\"@id\":\"https:\/\/www.sestogrado.it\/en\/#\/schema\/logo\/image\/\",\"url\":\"https:\/\/www.sestogrado.it\/wp-content\/uploads\/2015\/03\/sestogrado-favicon.png\",\"contentUrl\":\"https:\/\/www.sestogrado.it\/wp-content\/uploads\/2015\/03\/sestogrado-favicon.png\",\"width\":260,\"height\":260,\"caption\":\"Sestogrado\"},\"image\":{\"@id\":\"https:\/\/www.sestogrado.it\/en\/#\/schema\/logo\/image\/\"},\"sameAs\":[\"https:\/\/www.facebook.com\/pages\/Sestogrado\/1542635979353017?ref=bookmarks\",\"https:\/\/www.youtube.com\/channel\/UC847kAfTkaJsWpc1jtQwr3Q\"],\"hasMerchantReturnPolicy\":{\"@type\":\"MerchantReturnPolicy\",\"merchantReturnLink\":\"https:\/\/www.sestogrado.it\/en\/termini-e-condizioni\/\"}}]}<\/script>\n<meta property=\"product:brand\" content=\"Petzl\" \/>\n<meta property=\"product:price:amount\" content=\"4.90\" \/>\n<meta property=\"product:price:currency\" content=\"EUR\" \/>\n<meta property=\"og:availability\" content=\"instock\" \/>\n<meta property=\"product:availability\" content=\"instock\" \/>\n<meta property=\"product:condition\" content=\"new\" \/>\n<!-- \/ Yoast SEO plugin. -->","yoast_head_json":{"title":"Spezzone al metro Petzl Volta Guide 9.0 corda tripla omologazione full dry  - Sestogrado","description":"Se ti serve uno spezzone a tripla omologazione, totalmente impermeabile, con cui poter fare di tutto, puoi acquistare uno spezzone di Petzl Volta 9.0.La Volta 9.0 \u00e8 una corda a tripla omologazione, per cui pu\u00f2 essere utilizzata in qualsiasi configurazione, ed \u00e8 totalmente impermeabile, anima e calza, per cui \u00e8 utilissimo per ricavare spezzoni di corda corta, per conserva su ghiacciaio o nevaio, in condizioni difficili. La Volta 9.0 assicura il massimo delle prestazioni, al minimo del peso, con i suoi 54g\/metro, per cui, anche 15\/20 metri di corda, hanno un peso ed un ingombro minimo nello zaino.Lo spezzone di corda dinamica disponibile al metro pu\u00f2 risultare utile per i seguenti utilizzi:realizzazione di longe dinamica per assicurazione alla sosta della lunghezza che si preferisceallestimento di sosta con caratteristiche dinamichecorda corta da cresta, per piccole calate in terreno alpinisticoper accompagnare neofiti ed assicurare compagni incerti su terreno difficile senza dover portare con s\u00e8 una corda lunga e pesanteNOTA: ogni unit\u00e0 \u00e8 un metro.\u00a0Se si desiderano pi\u00f9 spezzoni di corda, acquistare la quantit\u00e0 totale e poi nelle note dell\u2019ordine inserire le lunghezze e i tagli desiderati.","robots":{"index":"index","follow":"follow","max-snippet":"max-snippet:-1","max-image-preview":"max-image-preview:large","max-video-preview":"max-video-preview:-1"},"canonical":"https:\/\/www.sestogrado.it\/en\/prodotto\/spezzone-al-metro-petzl-volta-guide-9-0-corda-tripla-omologazione-full-dry\/","og_locale":"en_US","og_type":"article","og_title":"Spezzone al metro Petzl Volta Guide 9.0 corda tripla omologazione full dry  - Sestogrado","og_description":"Se ti serve uno spezzone a tripla omologazione, totalmente impermeabile, con cui poter fare di tutto, puoi acquistare uno spezzone di Petzl Volta 9.0.La Volta 9.0 \u00e8 una corda a tripla omologazione, per cui pu\u00f2 essere utilizzata in qualsiasi configurazione, ed \u00e8 totalmente impermeabile, anima e calza, per cui \u00e8 utilissimo per ricavare spezzoni di corda corta, per conserva su ghiacciaio o nevaio, in condizioni difficili. La Volta 9.0 assicura il massimo delle prestazioni, al minimo del peso, con i suoi 54g\/metro, per cui, anche 15\/20 metri di corda, hanno un peso ed un ingombro minimo nello zaino.Lo spezzone di corda dinamica disponibile al metro pu\u00f2 risultare utile per i seguenti utilizzi:realizzazione di longe dinamica per assicurazione alla sosta della lunghezza che si preferisceallestimento di sosta con caratteristiche dinamichecorda corta da cresta, per piccole calate in terreno alpinisticoper accompagnare neofiti ed assicurare compagni incerti su terreno difficile senza dover portare con s\u00e8 una corda lunga e pesanteNOTA: ogni unit\u00e0 \u00e8 un metro.\u00a0Se si desiderano pi\u00f9 spezzoni di corda, acquistare la quantit\u00e0 totale e poi nelle note dell\u2019ordine inserire le lunghezze e i tagli desiderati.","og_url":"https:\/\/www.sestogrado.it\/en\/prodotto\/spezzone-al-metro-petzl-volta-guide-9-0-corda-tripla-omologazione-full-dry\/","og_site_name":"Sestogrado","article_publisher":"https:\/\/www.facebook.com\/pages\/Sestogrado\/1542635979353017?ref=bookmarks","article_modified_time":"2026-02-16T18:06:19+00:00","og_image":[{"width":1164,"height":1164,"url":"https:\/\/www.sestogrado.it\/wp-content\/uploads\/2021\/06\/02-7.jpg","type":"image\/jpeg"}],"twitter_misc":{"Price":"&euro;&nbsp;4,90","Availability":"In stock"},"schema":{"@context":"https:\/\/schema.org","@graph":[{"@type":"WebPage","@id":"https:\/\/www.sestogrado.it\/en\/prodotto\/spezzone-al-metro-petzl-volta-guide-9-0-corda-tripla-omologazione-full-dry\/","url":"https:\/\/www.sestogrado.it\/en\/prodotto\/spezzone-al-metro-petzl-volta-guide-9-0-corda-tripla-omologazione-full-dry\/","name":"Spezzone al metro Petzl Volta Guide 9.0 corda tripla omologazione full dry  - Sestogrado","isPartOf":{"@id":"https:\/\/www.sestogrado.it\/en\/#website"},"primaryImageOfPage":{"@id":"https:\/\/www.sestogrado.it\/en\/prodotto\/spezzone-al-metro-petzl-volta-guide-9-0-corda-tripla-omologazione-full-dry\/#primaryimage"},"image":{"@id":"https:\/\/www.sestogrado.it\/prodotto\/spezzone-al-metro-petzl-volta-guide-9-0-corda-tripla-omologazione-full-dry\/#primaryimage"},"thumbnailUrl":"https:\/\/www.sestogrado.it\/wp-content\/uploads\/2021\/06\/02-7.jpg","datePublished":"2022-05-02T07:35:29+00:00","dateModified":"2026-02-16T18:06:19+00:00","description":"Se ti serve uno spezzone a tripla omologazione, totalmente impermeabile, con cui poter fare di tutto, puoi acquistare uno spezzone di Petzl Volta 9.0.La Volta 9.0 \u00e8 una corda a tripla omologazione, per cui pu\u00f2 essere utilizzata in qualsiasi configurazione, ed \u00e8 totalmente impermeabile, anima e calza, per cui \u00e8 utilissimo per ricavare spezzoni di corda corta, per conserva su ghiacciaio o nevaio, in condizioni difficili. La Volta 9.0 assicura il massimo delle prestazioni, al minimo del peso, con i suoi 54g\/metro, per cui, anche 15\/20 metri di corda, hanno un peso ed un ingombro minimo nello zaino.Lo spezzone di corda dinamica disponibile al metro pu\u00f2 risultare utile per i seguenti utilizzi:realizzazione di longe dinamica per assicurazione alla sosta della lunghezza che si preferisceallestimento di sosta con caratteristiche dinamichecorda corta da cresta, per piccole calate in terreno alpinisticoper accompagnare neofiti ed assicurare compagni incerti su terreno difficile senza dover portare con s\u00e8 una corda lunga e pesanteNOTA: ogni unit\u00e0 \u00e8 un metro.\u00a0Se si desiderano pi\u00f9 spezzoni di corda, acquistare la quantit\u00e0 totale e poi nelle note dell\u2019ordine inserire le lunghezze e i tagli desiderati.","breadcrumb":{"@id":"https:\/\/www.sestogrado.it\/en\/prodotto\/spezzone-al-metro-petzl-volta-guide-9-0-corda-tripla-omologazione-full-dry\/#breadcrumb"},"inLanguage":"en-US","potentialAction":[{"@type":"ReadAction","target":[["https:\/\/www.sestogrado.it\/en\/prodotto\/spezzone-al-metro-petzl-volta-guide-9-0-corda-tripla-omologazione-full-dry\/"]]}]},{"@type":"ImageObject","inLanguage":"en-US","@id":"https:\/\/www.sestogrado.it\/en\/prodotto\/spezzone-al-metro-petzl-volta-guide-9-0-corda-tripla-omologazione-full-dry\/#primaryimage","url":"https:\/\/www.sestogrado.it\/wp-content\/uploads\/2021\/06\/02-7.jpg","contentUrl":"https:\/\/www.sestogrado.it\/wp-content\/uploads\/2021\/06\/02-7.jpg","width":1164,"height":1164,"caption":"petzl volta guide 9"},{"@type":"BreadcrumbList","@id":"https:\/\/www.sestogrado.it\/en\/prodotto\/spezzone-al-metro-petzl-volta-guide-9-0-corda-tripla-omologazione-full-dry\/#breadcrumb","itemListElement":[{"@type":"ListItem","position":1,"name":"Home","item":"https:\/\/www.sestogrado.it\/en\/"},{"@type":"ListItem","position":2,"name":"Shop","item":"https:\/\/www.sestogrado.it\/en\/shop\/"},{"@type":"ListItem","position":3,"name":"Spezzone al metro Petzl Volta Guide 9.0 corda tripla omologazione full dry"}]},{"@type":"WebSite","@id":"https:\/\/www.sestogrado.it\/en\/#website","url":"https:\/\/www.sestogrado.it\/en\/","name":"Sestogrado","description":"yes we climb","publisher":{"@id":"https:\/\/www.sestogrado.it\/en\/#organization"},"potentialAction":[{"@type":"SearchAction","target":{"@type":"EntryPoint","urlTemplate":"https:\/\/www.sestogrado.it\/en\/?s={search_term_string}"},"query-input":{"@type":"PropertyValueSpecification","valueRequired":true,"valueName":"search_term_string"}}],"inLanguage":"en-US"},{"@type":"Organization","@id":"https:\/\/www.sestogrado.it\/en\/#organization","name":"Sestogrado","url":"https:\/\/www.sestogrado.it\/en\/","logo":{"@type":"ImageObject","inLanguage":"en-US","@id":"https:\/\/www.sestogrado.it\/en\/#\/schema\/logo\/image\/","url":"https:\/\/www.sestogrado.it\/wp-content\/uploads\/2015\/03\/sestogrado-favicon.png","contentUrl":"https:\/\/www.sestogrado.it\/wp-content\/uploads\/2015\/03\/sestogrado-favicon.png","width":260,"height":260,"caption":"Sestogrado"},"image":{"@id":"https:\/\/www.sestogrado.it\/en\/#\/schema\/logo\/image\/"},"sameAs":["https:\/\/www.facebook.com\/pages\/Sestogrado\/1542635979353017?ref=bookmarks","https:\/\/www.youtube.com\/channel\/UC847kAfTkaJsWpc1jtQwr3Q"],"hasMerchantReturnPolicy":{"@type":"MerchantReturnPolicy","merchantReturnLink":"https:\/\/www.sestogrado.it\/en\/termini-e-condizioni\/"}}]},"product_brand":"Petzl","product_price_amount":"4.90","product_price_currency":"EUR","og_availability":"instock","product_availability":"instock","product_condition":"new"},"_links":{"self":[{"href":"https:\/\/www.sestogrado.it\/en\/wp-json\/wp\/v2\/product\/100704","targetHints":{"allow":["GET"]}}],"collection":[{"href":"https:\/\/www.sestogrado.it\/en\/wp-json\/wp\/v2\/product"}],"about":[{"href":"https:\/\/www.sestogrado.it\/en\/wp-json\/wp\/v2\/types\/product"}],"replies":[{"embeddable":true,"href":"https:\/\/www.sestogrado.it\/en\/wp-json\/wp\/v2\/comments?post=100704"}],"wp:featuredmedia":[{"embeddable":true,"href":"https:\/\/www.sestogrado.it\/en\/wp-json\/wp\/v2\/media\/60962"}],"wp:attachment":[{"href":"https:\/\/www.sestogrado.it\/en\/wp-json\/wp\/v2\/media?parent=100704"}],"wp:term":[{"taxonomy":"product_brand","embeddable":true,"href":"https:\/\/www.sestogrado.it\/en\/wp-json\/wp\/v2\/product_brand?post=100704"},{"taxonomy":"product_cat","embeddable":true,"href":"https:\/\/www.sestogrado.it\/en\/wp-json\/wp\/v2\/product_cat?post=100704"},{"taxonomy":"product_tag","embeddable":true,"href":"https:\/\/www.sestogrado.it\/en\/wp-json\/wp\/v2\/product_tag?post=100704"}],"curies":[{"name":"wp","href":"https:\/\/api.w.org\/{rel}","templated":true}]}}