{"id":90,"date":"2015-02-20T15:10:01","date_gmt":"2015-02-20T15:10:01","guid":{"rendered":"http:\/\/www.sestogrado.it\/?page_id=90"},"modified":"2025-12-22T11:59:07","modified_gmt":"2025-12-22T10:59:07","slug":"termini-e-condizioni","status":"publish","type":"page","link":"https:\/\/www.sestogrado.it\/en\/termini-e-condizioni\/","title":{"rendered":"Termini e condizioni"},"content":{"rendered":"<p>Le presenti condizioni generali hanno per oggetto l&#8217;acquisto di prodotti e di servizi, effettuato a distanza tramite rete internet sul sito <strong>www.sestogrado.it<\/strong>\u00a0appartenente a\u00a0<strong>Pierpaolo Cesari<\/strong><strong>\u00a0<\/strong>con sede legale in Via Milazzo 16 35141 Padova &#8211; Italia, P.I. 04569940283<\/p>\n<p>&nbsp;<\/p>\n<p><strong>Accettazione delle condizioni generali di vendita<\/strong><\/p>\n<p>Il contratto stipulato tra Sestogrado ed il cliente deve intendersi concluso con l&#8217;accettazione dell&#8217;ordine da parte di Sestogrado. Effettuando un ordine nelle varie modalit\u00e0 previste, il cliente dichiara di aver preso visione di tutte le indicazioni a lui fornite durante la procedura d&#8217;acquisto, e di accettare integralmente le condizioni generali e di pagamento di seguito trascritte.<br \/>\nSe il cliente \u00e8 un consumatore (ossia una persona fisica che acquista la merce per scopi non riferibili alla propria attivit\u00e0 professionale), una volta conclusa la procedura d&#8217;acquisto online, provveder\u00e0 a stampare o salvare copia elettronica e comunque conservare le presenti condizioni generali di vendita, nel rispetto di quanto previsto\u00a0dal\u00a0Dlgs\u00a0206\/2005 sulle vendite a distanza.<br \/>\nViene escluso ogni diritto del cliente a un risarcimento danni o indennizzo, nonch\u00e9 qualsiasi responsabilit\u00e0 contrattuale o extracontrattuale per danni diretti o indiretti a persone e\/o cose, provocati dalla mancata accettazione o evasione, anche parziale, di un ordine.<\/p>\n<p>&nbsp;<\/p>\n<p><strong>Modalit\u00e0 di acquisto<\/strong><\/p>\n<p>Il Cliente pu\u00f2 ordinare solo i prodotti presenti nel catalogo elettronico di Sestogrado al momento dell&#8217;inoltro dell&#8217;ordine e visionabili online all&#8217;indirizzo (URL) https:\/\/www.sestogrado.it, cos\u00ec come descritti nelle relative schede informative.\u00a0<strong>Tutti i prezzi indicati nei vari listini sono comprensivi di iva<\/strong>.<\/p>\n<p>Per un corretto utilizzo dei prodotti nonch\u00e9 varie informazioni degli stessi (quali funzioni, contenuto, avvertenze, etc.) si\u00a0raccomanda l&#8217;attenta lettura dell&#8217;etichetta. \u00a0Eventuali decisioni che dovessero essere prese sulla base dei dati presenti su questo sito sono assunte in piena autonomia decisionale e a loro rischio. Quanto riportato su Sestogrado\u00a0non sostituisce in alcun modo la consulenza tecnica.<\/p>\n<p>La corretta ricezione dell&#8217;ordine \u00e8 confermata da Sestogrado mediante una risposta via e-mail, inviata all&#8217;indirizzo di posta elettronica comunicato dal cliente. La risposta \u00e8 generata in modo automatico dal sistema e non pu\u00f2 essere considerata di per s\u00e9 accettazione dell&#8217;ordine, ma solo conferma di ricezione dello stesso.<br \/>\nTale messaggio di conferma riporter\u00e0 un &#8216;Codice Ordine&#8217;, da utilizzarsi in ogni ulteriore comunicazione con Sestogrado. Il messaggio ripropone tutti i dati inseriti dal cliente che si impegna a verificarne la correttezza e a comunicare tempestivamente eventuali correzioni, secondo le modalit\u00e0 descritte in questo documento. Sestogrado si riserva il diritto di rifiutare ordini e la possibilit\u00e0 di bloccare clienti che abbiano in passato generato problemi di pagamento o di consegna, che abbiano abusato del servizio di reso, restituendo prodotti con evidenti segni di utilizzo e quindi non pi\u00f9 conformi alla vendita, che abbiano restituito prodotti oltre i termini indicati di 30 giorni per il diritto di recesso applicato da Sestogrado, che abbiano avuto comportamenti aggressivi, minacciosi o molesti verso il servizio clienti di Sestogrado, ha effettuato abusi con uso improprio del sito, violando i presenti termini e condizioni.<\/p>\n<p>Nel caso di mancata accettazione dell&#8217;ordine, Sestogrado lo comunicher\u00e0 tempestivamente al Cliente.<\/p>\n<p>&nbsp;<\/p>\n<p>1)<strong>\u00a0<\/strong><strong>Contatto<\/strong><\/p>\n<p>Sestogrado<br \/>\nVia Milazzo 16<br \/>\n35141 Padova &#8211; Italia<br \/>\nPartita IVA: 04569940283<br \/>\nContatto:\u00a0<a href=\"https:\/\/www.sestogrado.it\/servizio-clienti\/\">Modulo di contatto<\/a>\u00a0oppure<br \/>\ntramite e-Mail: shop@sestogrado.it (servizio clienti)<\/p>\n<p>2)<strong>\u00a0<\/strong><strong>Contratto d&#8217;acquisto<\/strong><strong><br \/>\n<\/strong><br \/>\nIl consumatore stipula il contratto con:<\/p>\n<p>Sestogrado di Pierpaolo Cesari<br \/>\nVia Milazzo 16 35141 Padova<br \/>\nPartita IVA: 04569940283<br \/>\nLa visualizzazione dei prodotti nel sito non implica un offerta legalmente vincolante, ma semplicemente un libero catalogo online. Cliccando sul pulsante &#8220;invia ordine&#8221; si perfeziona il contratto di vendita per gli articoli selezionati nel tuo carrello. La conferma d&#8217;ordine avviene contestualmente all&#8217; accettazione dell&#8217;ordine immediatamente dopo l&#8217;invio dell&#8217;ordine. Ti verr\u00e1 visualizzata una conferma d&#8217;ordine e inviata copia tramite e-Mail. Con questa conferma d&#8217;ordine il contratto d&#8217;acquisto si intende perfezionato. In casi eccezionali ci riserviamo il diritto (per es.\u00a0mancata disponibilit\u00e1 della merce) di rescindere il contratto. In questo caso il cliente\u00a0verr\u00e1 contattato immediatamente anche per proporgli eventuali alternative.<\/p>\n<p>3)<strong>\u00a0<\/strong><strong>\u00a0Servizio clienti\u00a0|\u00a0Reclami<\/strong><strong><br \/>\n<\/strong><br \/>\ne-Mail: shop@sestogrado.it (servizio clienti)<br \/>\nContatto:\u00a0<a href=\"https:\/\/www.sestogrado.it\/servizio-clienti\/\">Modulo contatto<\/a><\/p>\n<p>Nonostante i controlli pi\u00fa accurati da parte nostra pu\u00f3 succedere di ricevere un articolo di qualit\u00e1 scarsa o difettoso. In tal caso La preghiamo di rivolgersi al nostro servizio clienti. Inoltre La invitiamo a descrivere con due righe il difetto della merce contrassegnandolo per es. con un pezzo di adesivo. Non si dimentichi di informarci se desidera un buono d&#8217;acquisto o un altro articolo in cambio.<\/p>\n","protected":false},"excerpt":{"rendered":"<p>Le presenti condizioni generali hanno per oggetto l&#8217;acquisto di prodotti e di servizi, effettuato a distanza tramite rete internet sul [&hellip;]<\/p>\n","protected":false},"author":2,"featured_media":0,"parent":0,"menu_order":0,"comment_status":"open","ping_status":"open","template":"","meta":{"_acf_changed":false,"footnotes":""},"class_list":["post-90","page","type-page","status-publish","hentry"],"acf":[],"yoast_head":"<!-- This site is optimized with the Yoast SEO plugin v26.4 - https:\/\/yoast.com\/wordpress\/plugins\/seo\/ -->\n<title>Termini e condizioni - Sestogrado<\/title>\n<meta name=\"description\" content=\"Termini e condizioni di vendita Sestogrado. Le presenti condizioni generali hanno per oggetto l&#039;acquisto di prodotti effettuato sul sito www.sestogrado.it\" \/>\n<meta name=\"robots\" content=\"noindex, follow\" \/>\n<meta property=\"og:locale\" content=\"en_US\" \/>\n<meta property=\"og:type\" content=\"article\" \/>\n<meta property=\"og:title\" content=\"Termini e condizioni - Sestogrado\" \/>\n<meta property=\"og:description\" content=\"Termini e condizioni di vendita Sestogrado. Le presenti condizioni generali hanno per oggetto l&#039;acquisto di prodotti effettuato sul sito www.sestogrado.it\" \/>\n<meta property=\"og:url\" content=\"https:\/\/www.sestogrado.it\/en\/termini-e-condizioni\/\" \/>\n<meta property=\"og:site_name\" content=\"Sestogrado\" \/>\n<meta property=\"article:publisher\" content=\"https:\/\/www.facebook.com\/pages\/Sestogrado\/1542635979353017?ref=bookmarks\" \/>\n<meta property=\"article:modified_time\" content=\"2025-12-22T10:59:07+00:00\" \/>\n<meta name=\"twitter:label1\" content=\"Est. reading time\" \/>\n\t<meta name=\"twitter:data1\" content=\"4 minutes\" \/>\n<script type=\"application\/ld+json\" class=\"yoast-schema-graph\">{\"@context\":\"https:\/\/schema.org\",\"@graph\":[{\"@type\":\"WebPage\",\"@id\":\"https:\/\/www.sestogrado.it\/en\/termini-e-condizioni\/\",\"url\":\"https:\/\/www.sestogrado.it\/en\/termini-e-condizioni\/\",\"name\":\"Termini e condizioni - Sestogrado\",\"isPartOf\":{\"@id\":\"https:\/\/www.sestogrado.it\/en\/#website\"},\"datePublished\":\"2015-02-20T15:10:01+00:00\",\"dateModified\":\"2025-12-22T10:59:07+00:00\",\"description\":\"Termini e condizioni di vendita Sestogrado. Le presenti condizioni generali hanno per oggetto l'acquisto di prodotti effettuato sul sito www.sestogrado.it\",\"breadcrumb\":{\"@id\":\"https:\/\/www.sestogrado.it\/en\/termini-e-condizioni\/#breadcrumb\"},\"inLanguage\":\"en-US\",\"potentialAction\":[{\"@type\":\"ReadAction\",\"target\":[[\"https:\/\/www.sestogrado.it\/en\/termini-e-condizioni\/\"]]}]},{\"@type\":\"BreadcrumbList\",\"@id\":\"https:\/\/www.sestogrado.it\/en\/termini-e-condizioni\/#breadcrumb\",\"itemListElement\":[{\"@type\":\"ListItem\",\"position\":1,\"name\":\"Home\",\"item\":\"https:\/\/www.sestogrado.it\/en\/\"},{\"@type\":\"ListItem\",\"position\":2,\"name\":\"Termini e condizioni\"}]},{\"@type\":\"WebSite\",\"@id\":\"https:\/\/www.sestogrado.it\/en\/#website\",\"url\":\"https:\/\/www.sestogrado.it\/en\/\",\"name\":\"Sestogrado\",\"description\":\"yes we climb\",\"publisher\":{\"@id\":\"https:\/\/www.sestogrado.it\/en\/#organization\"},\"potentialAction\":[{\"@type\":\"SearchAction\",\"target\":{\"@type\":\"EntryPoint\",\"urlTemplate\":\"https:\/\/www.sestogrado.it\/en\/?s={search_term_string}\"},\"query-input\":{\"@type\":\"PropertyValueSpecification\",\"valueRequired\":true,\"valueName\":\"search_term_string\"}}],\"inLanguage\":\"en-US\"},{\"@type\":\"Organization\",\"@id\":\"https:\/\/www.sestogrado.it\/en\/#organization\",\"name\":\"Sestogrado\",\"url\":\"https:\/\/www.sestogrado.it\/en\/\",\"logo\":{\"@type\":\"ImageObject\",\"inLanguage\":\"en-US\",\"@id\":\"https:\/\/www.sestogrado.it\/en\/#\/schema\/logo\/image\/\",\"url\":\"https:\/\/www.sestogrado.it\/wp-content\/uploads\/2015\/03\/sestogrado-favicon.png\",\"contentUrl\":\"https:\/\/www.sestogrado.it\/wp-content\/uploads\/2015\/03\/sestogrado-favicon.png\",\"width\":260,\"height\":260,\"caption\":\"Sestogrado\"},\"image\":{\"@id\":\"https:\/\/www.sestogrado.it\/en\/#\/schema\/logo\/image\/\"},\"sameAs\":[\"https:\/\/www.facebook.com\/pages\/Sestogrado\/1542635979353017?ref=bookmarks\",\"https:\/\/www.youtube.com\/channel\/UC847kAfTkaJsWpc1jtQwr3Q\"],\"hasMerchantReturnPolicy\":{\"@type\":\"MerchantReturnPolicy\",\"merchantReturnLink\":\"https:\/\/www.sestogrado.it\/en\/termini-e-condizioni\/\"}}]}<\/script>\n<!-- \/ Yoast SEO plugin. -->","yoast_head_json":{"title":"Termini e condizioni - Sestogrado","description":"Termini e condizioni di vendita Sestogrado. Le presenti condizioni generali hanno per oggetto l'acquisto di prodotti effettuato sul sito www.sestogrado.it","robots":{"index":"noindex","follow":"follow"},"og_locale":"en_US","og_type":"article","og_title":"Termini e condizioni - Sestogrado","og_description":"Termini e condizioni di vendita Sestogrado. Le presenti condizioni generali hanno per oggetto l'acquisto di prodotti effettuato sul sito www.sestogrado.it","og_url":"https:\/\/www.sestogrado.it\/en\/termini-e-condizioni\/","og_site_name":"Sestogrado","article_publisher":"https:\/\/www.facebook.com\/pages\/Sestogrado\/1542635979353017?ref=bookmarks","article_modified_time":"2025-12-22T10:59:07+00:00","twitter_misc":{"Est. reading time":"4 minutes"},"schema":{"@context":"https:\/\/schema.org","@graph":[{"@type":"WebPage","@id":"https:\/\/www.sestogrado.it\/en\/termini-e-condizioni\/","url":"https:\/\/www.sestogrado.it\/en\/termini-e-condizioni\/","name":"Termini e condizioni - Sestogrado","isPartOf":{"@id":"https:\/\/www.sestogrado.it\/en\/#website"},"datePublished":"2015-02-20T15:10:01+00:00","dateModified":"2025-12-22T10:59:07+00:00","description":"Termini e condizioni di vendita Sestogrado. Le presenti condizioni generali hanno per oggetto l'acquisto di prodotti effettuato sul sito www.sestogrado.it","breadcrumb":{"@id":"https:\/\/www.sestogrado.it\/en\/termini-e-condizioni\/#breadcrumb"},"inLanguage":"en-US","potentialAction":[{"@type":"ReadAction","target":[["https:\/\/www.sestogrado.it\/en\/termini-e-condizioni\/"]]}]},{"@type":"BreadcrumbList","@id":"https:\/\/www.sestogrado.it\/en\/termini-e-condizioni\/#breadcrumb","itemListElement":[{"@type":"ListItem","position":1,"name":"Home","item":"https:\/\/www.sestogrado.it\/en\/"},{"@type":"ListItem","position":2,"name":"Termini e condizioni"}]},{"@type":"WebSite","@id":"https:\/\/www.sestogrado.it\/en\/#website","url":"https:\/\/www.sestogrado.it\/en\/","name":"Sestogrado","description":"yes we climb","publisher":{"@id":"https:\/\/www.sestogrado.it\/en\/#organization"},"potentialAction":[{"@type":"SearchAction","target":{"@type":"EntryPoint","urlTemplate":"https:\/\/www.sestogrado.it\/en\/?s={search_term_string}"},"query-input":{"@type":"PropertyValueSpecification","valueRequired":true,"valueName":"search_term_string"}}],"inLanguage":"en-US"},{"@type":"Organization","@id":"https:\/\/www.sestogrado.it\/en\/#organization","name":"Sestogrado","url":"https:\/\/www.sestogrado.it\/en\/","logo":{"@type":"ImageObject","inLanguage":"en-US","@id":"https:\/\/www.sestogrado.it\/en\/#\/schema\/logo\/image\/","url":"https:\/\/www.sestogrado.it\/wp-content\/uploads\/2015\/03\/sestogrado-favicon.png","contentUrl":"https:\/\/www.sestogrado.it\/wp-content\/uploads\/2015\/03\/sestogrado-favicon.png","width":260,"height":260,"caption":"Sestogrado"},"image":{"@id":"https:\/\/www.sestogrado.it\/en\/#\/schema\/logo\/image\/"},"sameAs":["https:\/\/www.facebook.com\/pages\/Sestogrado\/1542635979353017?ref=bookmarks","https:\/\/www.youtube.com\/channel\/UC847kAfTkaJsWpc1jtQwr3Q"],"hasMerchantReturnPolicy":{"@type":"MerchantReturnPolicy","merchantReturnLink":"https:\/\/www.sestogrado.it\/en\/termini-e-condizioni\/"}}]}},"_links":{"self":[{"href":"https:\/\/www.sestogrado.it\/en\/wp-json\/wp\/v2\/pages\/90","targetHints":{"allow":["GET"]}}],"collection":[{"href":"https:\/\/www.sestogrado.it\/en\/wp-json\/wp\/v2\/pages"}],"about":[{"href":"https:\/\/www.sestogrado.it\/en\/wp-json\/wp\/v2\/types\/page"}],"author":[{"embeddable":true,"href":"https:\/\/www.sestogrado.it\/en\/wp-json\/wp\/v2\/users\/2"}],"replies":[{"embeddable":true,"href":"https:\/\/www.sestogrado.it\/en\/wp-json\/wp\/v2\/comments?post=90"}],"version-history":[{"count":3,"href":"https:\/\/www.sestogrado.it\/en\/wp-json\/wp\/v2\/pages\/90\/revisions"}],"predecessor-version":[{"id":206808,"href":"https:\/\/www.sestogrado.it\/en\/wp-json\/wp\/v2\/pages\/90\/revisions\/206808"}],"wp:attachment":[{"href":"https:\/\/www.sestogrado.it\/en\/wp-json\/wp\/v2\/media?parent=90"}],"curies":[{"name":"wp","href":"https:\/\/api.w.org\/{rel}","templated":true}]}}