{"id":88,"date":"2015-02-20T15:09:37","date_gmt":"2015-02-20T15:09:37","guid":{"rendered":"http:\/\/www.sestogrado.it\/?page_id=88"},"modified":"2018-05-25T09:37:44","modified_gmt":"2018-05-25T07:37:44","slug":"privacy","status":"publish","type":"page","link":"https:\/\/www.sestogrado.it\/en\/privacy\/","title":{"rendered":"Sestogrado tutela la tua privacy secondo le normative vigenti"},"content":{"rendered":"<p>Sestogrado \u00e8 impegnata a proteggere e salvaguardare la tua privacy online. Ti raccomandiamo di visionare questo documento e l\u2019informativa ai sensi della normativa in materia di protezione dei dati personali (D.Lgs. n. 196\/2003) per saperne di pi\u00f9.<\/p>\n<p><strong>Finalit\u00e0 Del Trattamento Cui Sono Destinati i Dati Inviatici<\/strong>.<\/p>\n<p>I dati qui forniti, ai sensi dell&#8217;art. 13 della Legge 196\/2003 sulla &#8221;tutela della persona e di altri soggetti rispetto al trattamento dei dati personali&#8221;, sono trattati, nell&#8217;ambito della normale attivit\u00e0 della nostra azienda, per:<\/p>\n<p>Finalit\u00e0 strettamente connesse e strumentali alla gestione dei rapporti con il compilante (statistiche interne, feed back di gradimento, acquisizioni preliminari di informazioni dirette alla conclusione di un contratto o alla fornitura di un servizio, newsletter informativa, etc.).<\/p>\n<p>E&#8217; fatto salvo il diritto dell&#8217;utente di esercitare i diritti di cui all&#8217;art. 7 della Legge 196\/2003. A tal fine l&#8217;interessato potr\u00e0 rivolgersi all&#8217;indirizzo di posta elettronica dell&#8217;azienda che detiene\u00a0i dati. Il responsabile del trattamento dei dati personali effettuato da Sestogrado di Pierpaolo Cesari, Via Lucca 19, 35143 Padova (PD), \u00e8 il legale rappresentante della stessa, raggiungibile all&#8217;indirizzo email: info@sestogrado.it . Il trattamento dei dati avviene mediante strumenti idonei a garantirne la sicurezza e la riservatezza a norma del D.P.R. n. 318\/99 con accesso controllato e limitato a soggetti autorizzati. I dati saranno conservati su supporto informatico presso la sede Sestogrado di Pierpaolo Cesari, Via Lucca 19, Padova &#8211; PD, per i tempi prescritti dalle norme di legge.<\/p>\n<p>Per maggiori informazioni sulla tutela della privacy visita il sito dell&#8217;Associazione per i Diritti degli Utenti e Consumatori.<\/p>\n<p>&nbsp;<\/p>\n<p><strong>Politica sui cookies<\/strong><\/p>\n<p>Sestogrado\u00a0utilizza cookies propri e di propri partner al fine di migliorare l&#8217;esperienza utente del proprio sito e per raccogliere informazioni a scopo statistico\u00a0attraverso l&#8217;analisi delle abitudini di navigazione degli utenti.<\/p>\n<p>Nei\u00a0cookie di Sestogrado\u00a0non vengono mai memorizzate informazioni personali o protette da privacy.<\/p>\n<p>Per navigare su Sestogrado\u00a0\u00e8 necessario l&#8217;utilizzo dei cookies, in quanto consentono di poter effettuare la login al sito, di aggiungere prodotti al carrello e completare un acquisto.\u00a0Disattivando i cookies, non \u00e8 possibile fare acquisti su Sestogrado.<\/p>\n<p>&nbsp;<\/p>\n<p><strong>Cookies utilizzati<\/strong><\/p>\n<p>Sestogrado\u00a0utilizza le seguenti tipologie di cookies:<\/p>\n<ul>\n<li>cookie tecnici<\/li>\n<li>cookie di\u00a0statistica<\/li>\n<\/ul>\n<p>&nbsp;<\/p>\n<p><strong>Cookie tecnici<\/strong><\/p>\n<p>Sono i cookie che consentono di navigare il sito, di fare il login, di tenere in memoria i prodotti nel carrello e le scelte di navigazione (ordinamento liste, pagina attuale).<\/p>\n<p>Senza questi cookie non \u00e8 possibile utilizzare completamente il sito in quanto consentono di effettuare il login o di completare un acquisto.<\/p>\n<p><em>Dominio:\u00a0www.sestogrado.it<br \/>\n<\/em><br \/>\nIn alcune schede di prodotti del sito sestogrado.it, in cui sono presenti contenuti multimediali (per esempio i video), possono essere presenti cookies di terze parti necessari alla visualizzazione di tali contenuti multimediali. I cookie in questione possono essere di Youtube o Vimeo; consultare i seguenti link per avere informazioni sulle rispettive politiche relative a cookies e privacy:<\/p>\n<p>Google e Youtube informativa: <a href=\"http:\/\/www.google.it\/intl\/it\/policies\/technologies\/cookies\/\" target=\"_blank\">http:\/\/www.google.it\/intl\/it\/policies\/technologies\/cookies\/<\/a><br \/>\nGoogle e Youtube (configurazione): <a href=\"http:\/\/www.google.it\/intl\/it\/policies\/technologies\/managing\/\" target=\"_blank\">http:\/\/www.google.it\/intl\/it\/policies\/technologies\/managing\/<\/a><br \/>\nVimeo: <a href=\"https:\/\/vimeo.com\/cookie_policy\" target=\"_blank\">https:\/\/vimeo.com\/cookie_policy<\/a><\/p>\n<p>&nbsp;<\/p>\n<p><strong>Cookie di statistica<\/strong><\/p>\n<p>Al fine di migliorare il sito internet, Sestogrado utilizza\u00a0Google Analytics,\u00a0un servizio di analisi del traffico web fornito da Google, Inc. (&#8220;Google&#8221;), per raccogliere informazioni (anonime) su come gli utenti utilizzano il sito. Ad esempio, quali pagine visita, quante pagine visualizza, ecc.<\/p>\n<p>Si tratta di un cookie di terze parti, appunto di Google.<\/p>\n<p>Tali informazioni vengono raccolte da Google Analytics, che le elabora allo scopo di redigere report riguardanti le attivit\u00e0 sui siti web stessi. Questo sito non utilizza (e non consente a terzi di utilizzare) lo strumento di analisi di Google per monitorare o per raccogliere informazioni personali di identificazione. Google non associa l&#8217;indirizzo IP a nessun altro dato posseduto da Google n\u00e9 cerca di collegare un indirizzo IP con l&#8217;identit\u00e0 di un utente. Google pu\u00f2 anche comunicare queste informazioni a terzi ove ci\u00f2 sia imposto dalla legge o laddove tali terzi trattino le suddette informazioni per conto di Google.<\/p>\n<p>Per ulteriori informazioni, si rimanda al link seguente:<\/p>\n<p><a href=\"https:\/\/www.google.it\/policies\/privacy\/partners\/\" target=\"_blank\">https:\/\/www.google.it\/policies\/privacy\/partners\/<\/a><\/p>\n<p>L&#8217;utente pu\u00f2 disabilitare in modo selettivo l&#8217;azione di Google Analytics installando sul proprio browser la componente di opt-out fornito da Google. Per disabilitare l&#8217;azione di Google Analytics, si veda questo link:<\/p>\n<p><a href=\"https:\/\/tools.google.com\/dlpage\/gaoptout\" target=\"_blank\">https:\/\/tools.google.com\/dlpage\/gaoptout<\/a><\/p>\n<p><em>Dominio: google.com<\/em><\/p>\n<p>&nbsp;<\/p>\n<p><strong>Consenso all&#8217;utilizzo dei cookie<\/strong><\/p>\n<p>Per i cookie tecnici, il consenso dell&#8217;utente non \u00e8 necessario in quanto senza questi cookie \u00e8 impossibile utilizzare il sito.\u00a0Tali cookie infatti memorizzano la nazione dell&#8217;utente, la lingua, il login dell&#8217;utente, il carrello, e l&#8217;invio di un ordine.<\/p>\n<p>Per gli altri tipi di cookie, sia di Sestogrado\u00a0che di terze parti, \u00e8 invece necessario il consenso dell&#8217;utente.<\/p>\n<p>Alla prima visita su Sestogrado\u00a0(www.sestogrado.it) il sito mostra in modo evidente un testo di informativa breve relativo al consenso sull&#8217;utilizzo dei cookie.<\/p>\n<p>Se l&#8217;utente esce dal sito senza fare clic su qualsiasi suo elemento, o se fa clic sul link &#8220;Maggiori informazioni&#8221; presente nell&#8217;informativa breve e che porta a questa pagina, l&#8217;utente non ha dato il suo consenso ai cookie non tecnici, che pertanto non vengono installati<\/p>\n<p>Nel caso invece l&#8217;utente faccia clic su &#8220;OK&#8221; o continui la navigazione del sito (facendo clic su qualsiasi suo elemento), l&#8217;utente d\u00e0 il suo consenso all&#8217;utilizzo dei cookie.<\/p>\n<p>&nbsp;<\/p>\n<div id=\"cookiepolicy\">\n<p><strong>Durata dei cookie<\/strong><\/p>\n<div>I cookie usati da Sestogrado\u00a0hanno una durata massima non superiore ai 12 mesi, come stabilito dal provvedimento del Garante della Privacy 229\/2014. Per i cookie di terze parti si rimanda alle loro policy, indicate sopra.<\/div>\n<div><\/div>\n<div><strong>Disabilitare i cookies<\/strong><\/div>\n<div>\u00c8 possibile configurare il browser utilizzato per la navigazione per eliminare o per impedire l&#8217;installazione di cookies. L&#8217;utente pu\u00f2 controllare quali cookies sono istallati, qual \u00e8 la loro durata ed eliminarli. I passaggi per eseguire queste operazioni differisco da browser a browser. Se vuoi maggiori informazioni sui cookie puoi\u00a0<a title=\"Cosa sono i cookies\" href=\"http:\/\/it.wikipedia.org\/wiki\/Cookie\" target=\"_blank\">leggere qui<\/a>\u00a0,\u00a0se invece vuoi sapere come gestire i cookie del tuo browser, vai a\u00a0<a title=\"gestire i cookies del browser\" href=\"http:\/\/www.aboutcookies.org\/\" target=\"_blank\">questo sito<\/a>.<\/div>\n<\/div>\n<p>La disattivazione di alcuni cookies potrebbe ostacolare l&#8217;accesso al sito di Sestogrado\u00a0e il buon funzionamento delle pagine.<\/p>\n<p>Qui di seguito le guide per configurare e disabilitare i cookies per i browser pi\u00f9 diffusi:<br \/>\n<a href=\"https:\/\/support.google.com\/chrome\/answer\/95647?hl=it\" target=\"_blank\">Chrome<\/a><br \/>\n<a href=\"http:\/\/windows.microsoft.com\/it-it\/internet-explorer\/delete-manage-cookies#ie=ie-10\" target=\"_blank\">Internet Explorer<\/a><br \/>\n<a href=\"http:\/\/support.mozilla.org\/it\/kb\/Eliminare%20i%20cookie\" target=\"_blank\">Mozilla Firefox<\/a><br \/>\n<a href=\"http:\/\/www.opera.com\/help\/tutorials\/security\/privacy\/\" target=\"_blank\">Opera<\/a><br \/>\n<a href=\"https:\/\/support.apple.com\/kb\/PH19214?viewlocale=it_IT&amp;locale=en_US\" target=\"_blank\">Safari<\/a><\/p>\n<p>&nbsp;<\/p>","protected":false},"excerpt":{"rendered":"<p>Sestogrado \u00e8 impegnata a proteggere e salvaguardare la tua privacy online. Ti raccomandiamo di visionare questo documento e l\u2019informativa ai [&hellip;]<\/p>\n","protected":false},"author":2,"featured_media":0,"parent":0,"menu_order":0,"comment_status":"open","ping_status":"open","template":"","meta":{"_acf_changed":false,"footnotes":""},"class_list":["post-88","page","type-page","status-publish","hentry"],"acf":[],"yoast_head":"<!-- This site is optimized with the Yoast SEO plugin v26.4 - https:\/\/yoast.com\/wordpress\/plugins\/seo\/ -->\n<title>Sestogrado tutela la tua privacy secondo le normative vigenti - Sestogrado<\/title>\n<meta name=\"description\" content=\"Sestogrado \u00e8 impegnata a proteggere e salvaguardare la tua privacy online. Ti raccomandiamo di visionare questo documento e l\u2019informativa ai sensi della normativa in materia di protezione dei dati personali (D.Lgs. n. 196\/2003) per saperne di pi\u00f9.\" \/>\n<meta name=\"robots\" content=\"noindex, follow\" \/>\n<meta property=\"og:locale\" content=\"en_US\" \/>\n<meta property=\"og:type\" content=\"article\" \/>\n<meta property=\"og:title\" content=\"Sestogrado tutela la tua privacy secondo le normative vigenti - Sestogrado\" \/>\n<meta property=\"og:description\" content=\"Sestogrado \u00e8 impegnata a proteggere e salvaguardare la tua privacy online. Ti raccomandiamo di visionare questo documento e l\u2019informativa ai sensi della normativa in materia di protezione dei dati personali (D.Lgs. n. 196\/2003) per saperne di pi\u00f9.\" \/>\n<meta property=\"og:url\" content=\"https:\/\/www.sestogrado.it\/en\/privacy\/\" \/>\n<meta property=\"og:site_name\" content=\"Sestogrado\" \/>\n<meta property=\"article:publisher\" content=\"https:\/\/www.facebook.com\/pages\/Sestogrado\/1542635979353017?ref=bookmarks\" \/>\n<meta property=\"article:modified_time\" content=\"2018-05-25T07:37:44+00:00\" \/>\n<meta name=\"twitter:label1\" content=\"Est. reading time\" \/>\n\t<meta name=\"twitter:data1\" content=\"12 minutes\" \/>\n<script type=\"application\/ld+json\" class=\"yoast-schema-graph\">{\"@context\":\"https:\/\/schema.org\",\"@graph\":[{\"@type\":\"WebPage\",\"@id\":\"https:\/\/www.sestogrado.it\/en\/privacy\/\",\"url\":\"https:\/\/www.sestogrado.it\/en\/privacy\/\",\"name\":\"Sestogrado tutela la tua privacy secondo le normative vigenti - Sestogrado\",\"isPartOf\":{\"@id\":\"https:\/\/www.sestogrado.it\/en\/#website\"},\"datePublished\":\"2015-02-20T15:09:37+00:00\",\"dateModified\":\"2018-05-25T07:37:44+00:00\",\"description\":\"Sestogrado \u00e8 impegnata a proteggere e salvaguardare la tua privacy online. Ti raccomandiamo di visionare questo documento e l\u2019informativa ai sensi della normativa in materia di protezione dei dati personali (D.Lgs. n. 196\/2003) per saperne di pi\u00f9.\",\"breadcrumb\":{\"@id\":\"https:\/\/www.sestogrado.it\/en\/privacy\/#breadcrumb\"},\"inLanguage\":\"en-US\",\"potentialAction\":[{\"@type\":\"ReadAction\",\"target\":[[\"https:\/\/www.sestogrado.it\/en\/privacy\/\"]]}]},{\"@type\":\"BreadcrumbList\",\"@id\":\"https:\/\/www.sestogrado.it\/en\/privacy\/#breadcrumb\",\"itemListElement\":[{\"@type\":\"ListItem\",\"position\":1,\"name\":\"Home\",\"item\":\"https:\/\/www.sestogrado.it\/en\/\"},{\"@type\":\"ListItem\",\"position\":2,\"name\":\"Sestogrado tutela la tua privacy in osservanza del GDPR UE\"}]},{\"@type\":\"WebSite\",\"@id\":\"https:\/\/www.sestogrado.it\/en\/#website\",\"url\":\"https:\/\/www.sestogrado.it\/en\/\",\"name\":\"Sestogrado\",\"description\":\"yes we climb\",\"publisher\":{\"@id\":\"https:\/\/www.sestogrado.it\/en\/#organization\"},\"potentialAction\":[{\"@type\":\"SearchAction\",\"target\":{\"@type\":\"EntryPoint\",\"urlTemplate\":\"https:\/\/www.sestogrado.it\/en\/?s={search_term_string}\"},\"query-input\":{\"@type\":\"PropertyValueSpecification\",\"valueRequired\":true,\"valueName\":\"search_term_string\"}}],\"inLanguage\":\"en-US\"},{\"@type\":\"Organization\",\"@id\":\"https:\/\/www.sestogrado.it\/en\/#organization\",\"name\":\"Sestogrado\",\"url\":\"https:\/\/www.sestogrado.it\/en\/\",\"logo\":{\"@type\":\"ImageObject\",\"inLanguage\":\"en-US\",\"@id\":\"https:\/\/www.sestogrado.it\/en\/#\/schema\/logo\/image\/\",\"url\":\"https:\/\/www.sestogrado.it\/wp-content\/uploads\/2015\/03\/sestogrado-favicon.png\",\"contentUrl\":\"https:\/\/www.sestogrado.it\/wp-content\/uploads\/2015\/03\/sestogrado-favicon.png\",\"width\":260,\"height\":260,\"caption\":\"Sestogrado\"},\"image\":{\"@id\":\"https:\/\/www.sestogrado.it\/en\/#\/schema\/logo\/image\/\"},\"sameAs\":[\"https:\/\/www.facebook.com\/pages\/Sestogrado\/1542635979353017?ref=bookmarks\",\"https:\/\/www.youtube.com\/channel\/UC847kAfTkaJsWpc1jtQwr3Q\"],\"hasMerchantReturnPolicy\":{\"@type\":\"MerchantReturnPolicy\",\"merchantReturnLink\":\"https:\/\/www.sestogrado.it\/en\/termini-e-condizioni\/\"}}]}<\/script>\n<!-- \/ Yoast SEO plugin. -->","yoast_head_json":{"title":"Sestogrado tutela la tua privacy secondo le normative vigenti - Sestogrado","description":"Sestogrado \u00e8 impegnata a proteggere e salvaguardare la tua privacy online. Ti raccomandiamo di visionare questo documento e l\u2019informativa ai sensi della normativa in materia di protezione dei dati personali (D.Lgs. n. 196\/2003) per saperne di pi\u00f9.","robots":{"index":"noindex","follow":"follow"},"og_locale":"en_US","og_type":"article","og_title":"Sestogrado tutela la tua privacy secondo le normative vigenti - Sestogrado","og_description":"Sestogrado \u00e8 impegnata a proteggere e salvaguardare la tua privacy online. Ti raccomandiamo di visionare questo documento e l\u2019informativa ai sensi della normativa in materia di protezione dei dati personali (D.Lgs. n. 196\/2003) per saperne di pi\u00f9.","og_url":"https:\/\/www.sestogrado.it\/en\/privacy\/","og_site_name":"Sestogrado","article_publisher":"https:\/\/www.facebook.com\/pages\/Sestogrado\/1542635979353017?ref=bookmarks","article_modified_time":"2018-05-25T07:37:44+00:00","twitter_misc":{"Est. reading time":"12 minutes"},"schema":{"@context":"https:\/\/schema.org","@graph":[{"@type":"WebPage","@id":"https:\/\/www.sestogrado.it\/en\/privacy\/","url":"https:\/\/www.sestogrado.it\/en\/privacy\/","name":"Sestogrado tutela la tua privacy secondo le normative vigenti - Sestogrado","isPartOf":{"@id":"https:\/\/www.sestogrado.it\/en\/#website"},"datePublished":"2015-02-20T15:09:37+00:00","dateModified":"2018-05-25T07:37:44+00:00","description":"Sestogrado \u00e8 impegnata a proteggere e salvaguardare la tua privacy online. Ti raccomandiamo di visionare questo documento e l\u2019informativa ai sensi della normativa in materia di protezione dei dati personali (D.Lgs. n. 196\/2003) per saperne di pi\u00f9.","breadcrumb":{"@id":"https:\/\/www.sestogrado.it\/en\/privacy\/#breadcrumb"},"inLanguage":"en-US","potentialAction":[{"@type":"ReadAction","target":[["https:\/\/www.sestogrado.it\/en\/privacy\/"]]}]},{"@type":"BreadcrumbList","@id":"https:\/\/www.sestogrado.it\/en\/privacy\/#breadcrumb","itemListElement":[{"@type":"ListItem","position":1,"name":"Home","item":"https:\/\/www.sestogrado.it\/en\/"},{"@type":"ListItem","position":2,"name":"Sestogrado tutela la tua privacy in osservanza del GDPR UE"}]},{"@type":"WebSite","@id":"https:\/\/www.sestogrado.it\/en\/#website","url":"https:\/\/www.sestogrado.it\/en\/","name":"Sestogrado","description":"yes we climb","publisher":{"@id":"https:\/\/www.sestogrado.it\/en\/#organization"},"potentialAction":[{"@type":"SearchAction","target":{"@type":"EntryPoint","urlTemplate":"https:\/\/www.sestogrado.it\/en\/?s={search_term_string}"},"query-input":{"@type":"PropertyValueSpecification","valueRequired":true,"valueName":"search_term_string"}}],"inLanguage":"en-US"},{"@type":"Organization","@id":"https:\/\/www.sestogrado.it\/en\/#organization","name":"Sestogrado","url":"https:\/\/www.sestogrado.it\/en\/","logo":{"@type":"ImageObject","inLanguage":"en-US","@id":"https:\/\/www.sestogrado.it\/en\/#\/schema\/logo\/image\/","url":"https:\/\/www.sestogrado.it\/wp-content\/uploads\/2015\/03\/sestogrado-favicon.png","contentUrl":"https:\/\/www.sestogrado.it\/wp-content\/uploads\/2015\/03\/sestogrado-favicon.png","width":260,"height":260,"caption":"Sestogrado"},"image":{"@id":"https:\/\/www.sestogrado.it\/en\/#\/schema\/logo\/image\/"},"sameAs":["https:\/\/www.facebook.com\/pages\/Sestogrado\/1542635979353017?ref=bookmarks","https:\/\/www.youtube.com\/channel\/UC847kAfTkaJsWpc1jtQwr3Q"],"hasMerchantReturnPolicy":{"@type":"MerchantReturnPolicy","merchantReturnLink":"https:\/\/www.sestogrado.it\/en\/termini-e-condizioni\/"}}]}},"_links":{"self":[{"href":"https:\/\/www.sestogrado.it\/en\/wp-json\/wp\/v2\/pages\/88","targetHints":{"allow":["GET"]}}],"collection":[{"href":"https:\/\/www.sestogrado.it\/en\/wp-json\/wp\/v2\/pages"}],"about":[{"href":"https:\/\/www.sestogrado.it\/en\/wp-json\/wp\/v2\/types\/page"}],"author":[{"embeddable":true,"href":"https:\/\/www.sestogrado.it\/en\/wp-json\/wp\/v2\/users\/2"}],"replies":[{"embeddable":true,"href":"https:\/\/www.sestogrado.it\/en\/wp-json\/wp\/v2\/comments?post=88"}],"version-history":[{"count":0,"href":"https:\/\/www.sestogrado.it\/en\/wp-json\/wp\/v2\/pages\/88\/revisions"}],"wp:attachment":[{"href":"https:\/\/www.sestogrado.it\/en\/wp-json\/wp\/v2\/media?parent=88"}],"curies":[{"name":"wp","href":"https:\/\/api.w.org\/{rel}","templated":true}]}}