{"id":73,"date":"2015-02-20T14:48:44","date_gmt":"2015-02-20T14:48:44","guid":{"rendered":"http:\/\/www.sestogrado.it\/?page_id=73"},"modified":"2025-05-06T20:06:47","modified_gmt":"2025-05-06T18:06:47","slug":"home","status":"publish","type":"page","link":"https:\/\/www.sestogrado.it\/en\/","title":{"rendered":"Home"},"content":{"rendered":"<p>Negozio arrampicata online. Attrezzatura\u00a0arrampicata. Vendita online di materiale per l&#8217;arrampicata sportiva, corde, rinvii, moschettoni, imbraghi, magnesite, accessori. Petzl, Camp, Cassin, Edelweiss, CT Climbing Technology, DMM, Beal, Versante Sud.<\/p>\n<p>Sestogrado \u00e8 un negozio attrezzatura per arrampicata online.\u00a0Siamo un gruppo di climber ispirati dalla passione per l\u2019arrampicata. Ci piace l\u2019arrampicata sportiva soprattutto outdoor ed \u00e8 per questo che la scelta dei nostri prodotti \u00e8 focalizzata a questo tipo di attivit\u00e0. Non trattiamo \u201caltro\u201d tanto per averlo, ma proponiamo quello che riteniamo serva davvero per arrampicare con qualit\u00e0 e sicurezza. Sestogrado.it \u00e8 un negozio solo online, ecco perch\u00e9 i nostri prezzi sono cos\u00ec competitivi, ma abbiamo una sede fisica a Padova in via Lucca 19 dove abbiamo gli uffici ed il magazzino.<\/p>\n<p>Negozio arrampicata online: Sestogrado \u00e8 un online shop di prodotti per l&#8217;arrampicata sportiva. Siamo appassionati di climbing, quindi testiamo singolarmente tutti i prodotti\u00a0scegliamo il materiale che riteniamo migliore. Per i prodotti disponibili a magazzino forniamo la consegna in 24 ore gratuita per ordini superiori a \u20ac 29,00.\u00a0Il servizio clienti online di Sestogrado \u00e8 sempre attivo e reperibile a info@sestogrado.it mentre ci puoi raggiungere telefonicamente allo 049.5910428 dal luned\u00ec al venerd\u00ec, dalle 9.00 alle 18.00.<\/p>\n<p>Siamo un negozio arrampicata online, per cui puoi pagare i tuoi acquisti con tutti gli strumenti di pagamento elettronico, con bonifico o in contrassegno. Il nostro processo di acquisto \u00e8 rapido e trasparente. Dal carrello \u00e8 possibile vedere immediatamente qual&#8217;\u00e8 l&#8217;importo che spenderai.<\/p>\n<p>Anche la nostra politica sui resi \u00e8 facile: entro 14 giorni dalla ricezione della merce puoi facilmente restituircela senza motivo attraverso il nostro <a href=\"https:\/\/www.sestogrado.it\/resi\/\">modulo di contatto<\/a>.<\/p>","protected":false},"excerpt":{"rendered":"<p>Negozio arrampicata online. Attrezzatura\u00a0arrampicata. Vendita online di materiale per l&#8217;arrampicata sportiva, corde, rinvii, moschettoni, imbraghi, magnesite, accessori. Petzl, Camp, Cassin, [&hellip;]<\/p>\n","protected":false},"author":2,"featured_media":0,"parent":0,"menu_order":0,"comment_status":"open","ping_status":"open","template":"homepage.php","meta":{"_acf_changed":false,"footnotes":""},"class_list":["post-73","page","type-page","status-publish","hentry"],"acf":[],"yoast_head":"<!-- This site is optimized with the Yoast SEO plugin v26.4 - https:\/\/yoast.com\/wordpress\/plugins\/seo\/ -->\n<title>Sestogrado Home I Negozio arrampicata e alpinismo<\/title>\n<meta name=\"description\" content=\"Sestogrado \u00e8 un negozio online di prodotti di arrampicata ed alpinismo. Siamo un ecommerce specializzato e proponiamo solo la migliore attrezzatura per le tue avventure verticali. Trattiamo prodotti tecnici, top brand ed offriamo spedizione veloce in tutta Italia.La storia di Sestogrado \u00e8 semplice: siamo un gruppo di climber ispirati dalla passione per l\u2019arrampicata, ci piace l\u2019arrampicata soprattutto outdoor ed \u00e8 per questo che la scelta dei nostri prodotti \u00e8 focalizzata a questo tipo di attivit\u00e0. Non trattiamo \u201caltro\u201d tanto per averlo, ma proponiamo quello che riteniamo serva davvero per arrampicare con qualit\u00e0 e sicurezza. Sestogrado \u00e8 un negozio solo online, ecco perch\u00e9 i nostri prezzi sono cos\u00ec competitivi, ma abbiamo una sede fisica a Padova in via Milazzo 16 dove abbiamo gli uffici ed il magazzino.\" \/>\n<meta name=\"robots\" content=\"index, follow, max-snippet:-1, max-image-preview:large, max-video-preview:-1\" \/>\n<link rel=\"canonical\" href=\"https:\/\/www.sestogrado.it\/en\/\" \/>\n<meta property=\"og:locale\" content=\"en_US\" \/>\n<meta property=\"og:type\" content=\"article\" \/>\n<meta property=\"og:title\" content=\"Sestogrado Home I Negozio arrampicata e alpinismo\" \/>\n<meta property=\"og:description\" content=\"Sestogrado \u00e8 un negozio online di prodotti di arrampicata ed alpinismo. Siamo un ecommerce specializzato e proponiamo solo la migliore attrezzatura per le tue avventure verticali. Trattiamo prodotti tecnici, top brand ed offriamo spedizione veloce in tutta Italia.La storia di Sestogrado \u00e8 semplice: siamo un gruppo di climber ispirati dalla passione per l\u2019arrampicata, ci piace l\u2019arrampicata soprattutto outdoor ed \u00e8 per questo che la scelta dei nostri prodotti \u00e8 focalizzata a questo tipo di attivit\u00e0. Non trattiamo \u201caltro\u201d tanto per averlo, ma proponiamo quello che riteniamo serva davvero per arrampicare con qualit\u00e0 e sicurezza. Sestogrado \u00e8 un negozio solo online, ecco perch\u00e9 i nostri prezzi sono cos\u00ec competitivi, ma abbiamo una sede fisica a Padova in via Milazzo 16 dove abbiamo gli uffici ed il magazzino.\" \/>\n<meta property=\"og:url\" content=\"https:\/\/www.sestogrado.it\/en\/\" \/>\n<meta property=\"og:site_name\" content=\"Sestogrado\" \/>\n<meta property=\"article:publisher\" content=\"https:\/\/www.facebook.com\/pages\/Sestogrado\/1542635979353017?ref=bookmarks\" \/>\n<meta property=\"article:modified_time\" content=\"2025-05-06T18:06:47+00:00\" \/>\n<meta name=\"twitter:label1\" content=\"Est. reading time\" \/>\n\t<meta name=\"twitter:data1\" content=\"2 minutes\" \/>\n<script type=\"application\/ld+json\" class=\"yoast-schema-graph\">{\"@context\":\"https:\/\/schema.org\",\"@graph\":[{\"@type\":\"WebPage\",\"@id\":\"https:\/\/www.sestogrado.it\/en\/\",\"url\":\"https:\/\/www.sestogrado.it\/en\/\",\"name\":\"Sestogrado Home I Negozio arrampicata e alpinismo\",\"isPartOf\":{\"@id\":\"https:\/\/www.sestogrado.it\/en\/#website\"},\"datePublished\":\"2015-02-20T14:48:44+00:00\",\"dateModified\":\"2025-05-06T18:06:47+00:00\",\"description\":\"Sestogrado \u00e8 un negozio online di prodotti di arrampicata ed alpinismo. Siamo un ecommerce specializzato e proponiamo solo la migliore attrezzatura per le tue avventure verticali. Trattiamo prodotti tecnici, top brand ed offriamo spedizione veloce in tutta Italia.La storia di Sestogrado \u00e8 semplice: siamo un gruppo di climber ispirati dalla passione per l\u2019arrampicata, ci piace l\u2019arrampicata soprattutto outdoor ed \u00e8 per questo che la scelta dei nostri prodotti \u00e8 focalizzata a questo tipo di attivit\u00e0. Non trattiamo \u201caltro\u201d tanto per averlo, ma proponiamo quello che riteniamo serva davvero per arrampicare con qualit\u00e0 e sicurezza. Sestogrado \u00e8 un negozio solo online, ecco perch\u00e9 i nostri prezzi sono cos\u00ec competitivi, ma abbiamo una sede fisica a Padova in via Milazzo 16 dove abbiamo gli uffici ed il magazzino.\",\"breadcrumb\":{\"@id\":\"https:\/\/www.sestogrado.it\/en\/#breadcrumb\"},\"inLanguage\":\"en-US\",\"potentialAction\":[{\"@type\":\"ReadAction\",\"target\":[[\"https:\/\/www.sestogrado.it\/en\/\"]]}]},{\"@type\":\"BreadcrumbList\",\"@id\":\"https:\/\/www.sestogrado.it\/en\/#breadcrumb\",\"itemListElement\":[{\"@type\":\"ListItem\",\"position\":1,\"name\":\"Home\",\"item\":\"https:\/\/www.sestogrado.it\/en\/\"},{\"@type\":\"ListItem\",\"position\":2,\"name\":\"Home\"}]},{\"@type\":\"WebSite\",\"@id\":\"https:\/\/www.sestogrado.it\/en\/#website\",\"url\":\"https:\/\/www.sestogrado.it\/en\/\",\"name\":\"Sestogrado\",\"description\":\"yes we climb\",\"publisher\":{\"@id\":\"https:\/\/www.sestogrado.it\/en\/#organization\"},\"potentialAction\":[{\"@type\":\"SearchAction\",\"target\":{\"@type\":\"EntryPoint\",\"urlTemplate\":\"https:\/\/www.sestogrado.it\/en\/?s={search_term_string}\"},\"query-input\":{\"@type\":\"PropertyValueSpecification\",\"valueRequired\":true,\"valueName\":\"search_term_string\"}}],\"inLanguage\":\"en-US\"},{\"@type\":\"Organization\",\"@id\":\"https:\/\/www.sestogrado.it\/en\/#organization\",\"name\":\"Sestogrado\",\"url\":\"https:\/\/www.sestogrado.it\/en\/\",\"logo\":{\"@type\":\"ImageObject\",\"inLanguage\":\"en-US\",\"@id\":\"https:\/\/www.sestogrado.it\/en\/#\/schema\/logo\/image\/\",\"url\":\"https:\/\/www.sestogrado.it\/wp-content\/uploads\/2015\/03\/sestogrado-favicon.png\",\"contentUrl\":\"https:\/\/www.sestogrado.it\/wp-content\/uploads\/2015\/03\/sestogrado-favicon.png\",\"width\":260,\"height\":260,\"caption\":\"Sestogrado\"},\"image\":{\"@id\":\"https:\/\/www.sestogrado.it\/en\/#\/schema\/logo\/image\/\"},\"sameAs\":[\"https:\/\/www.facebook.com\/pages\/Sestogrado\/1542635979353017?ref=bookmarks\",\"https:\/\/www.youtube.com\/channel\/UC847kAfTkaJsWpc1jtQwr3Q\"],\"hasMerchantReturnPolicy\":{\"@type\":\"MerchantReturnPolicy\",\"merchantReturnLink\":\"https:\/\/www.sestogrado.it\/en\/termini-e-condizioni\/\"}}]}<\/script>\n<!-- \/ Yoast SEO plugin. -->","yoast_head_json":{"title":"Sestogrado Home I Negozio arrampicata e alpinismo","description":"Sestogrado \u00e8 un negozio online di prodotti di arrampicata ed alpinismo. Siamo un ecommerce specializzato e proponiamo solo la migliore attrezzatura per le tue avventure verticali. Trattiamo prodotti tecnici, top brand ed offriamo spedizione veloce in tutta Italia.La storia di Sestogrado \u00e8 semplice: siamo un gruppo di climber ispirati dalla passione per l\u2019arrampicata, ci piace l\u2019arrampicata soprattutto outdoor ed \u00e8 per questo che la scelta dei nostri prodotti \u00e8 focalizzata a questo tipo di attivit\u00e0. Non trattiamo \u201caltro\u201d tanto per averlo, ma proponiamo quello che riteniamo serva davvero per arrampicare con qualit\u00e0 e sicurezza. Sestogrado \u00e8 un negozio solo online, ecco perch\u00e9 i nostri prezzi sono cos\u00ec competitivi, ma abbiamo una sede fisica a Padova in via Milazzo 16 dove abbiamo gli uffici ed il magazzino.","robots":{"index":"index","follow":"follow","max-snippet":"max-snippet:-1","max-image-preview":"max-image-preview:large","max-video-preview":"max-video-preview:-1"},"canonical":"https:\/\/www.sestogrado.it\/en\/","og_locale":"en_US","og_type":"article","og_title":"Sestogrado Home I Negozio arrampicata e alpinismo","og_description":"Sestogrado \u00e8 un negozio online di prodotti di arrampicata ed alpinismo. Siamo un ecommerce specializzato e proponiamo solo la migliore attrezzatura per le tue avventure verticali. Trattiamo prodotti tecnici, top brand ed offriamo spedizione veloce in tutta Italia.La storia di Sestogrado \u00e8 semplice: siamo un gruppo di climber ispirati dalla passione per l\u2019arrampicata, ci piace l\u2019arrampicata soprattutto outdoor ed \u00e8 per questo che la scelta dei nostri prodotti \u00e8 focalizzata a questo tipo di attivit\u00e0. Non trattiamo \u201caltro\u201d tanto per averlo, ma proponiamo quello che riteniamo serva davvero per arrampicare con qualit\u00e0 e sicurezza. Sestogrado \u00e8 un negozio solo online, ecco perch\u00e9 i nostri prezzi sono cos\u00ec competitivi, ma abbiamo una sede fisica a Padova in via Milazzo 16 dove abbiamo gli uffici ed il magazzino.","og_url":"https:\/\/www.sestogrado.it\/en\/","og_site_name":"Sestogrado","article_publisher":"https:\/\/www.facebook.com\/pages\/Sestogrado\/1542635979353017?ref=bookmarks","article_modified_time":"2025-05-06T18:06:47+00:00","twitter_misc":{"Est. reading time":"2 minutes"},"schema":{"@context":"https:\/\/schema.org","@graph":[{"@type":"WebPage","@id":"https:\/\/www.sestogrado.it\/en\/","url":"https:\/\/www.sestogrado.it\/en\/","name":"Sestogrado Home I Negozio arrampicata e alpinismo","isPartOf":{"@id":"https:\/\/www.sestogrado.it\/en\/#website"},"datePublished":"2015-02-20T14:48:44+00:00","dateModified":"2025-05-06T18:06:47+00:00","description":"Sestogrado \u00e8 un negozio online di prodotti di arrampicata ed alpinismo. Siamo un ecommerce specializzato e proponiamo solo la migliore attrezzatura per le tue avventure verticali. Trattiamo prodotti tecnici, top brand ed offriamo spedizione veloce in tutta Italia.La storia di Sestogrado \u00e8 semplice: siamo un gruppo di climber ispirati dalla passione per l\u2019arrampicata, ci piace l\u2019arrampicata soprattutto outdoor ed \u00e8 per questo che la scelta dei nostri prodotti \u00e8 focalizzata a questo tipo di attivit\u00e0. Non trattiamo \u201caltro\u201d tanto per averlo, ma proponiamo quello che riteniamo serva davvero per arrampicare con qualit\u00e0 e sicurezza. Sestogrado \u00e8 un negozio solo online, ecco perch\u00e9 i nostri prezzi sono cos\u00ec competitivi, ma abbiamo una sede fisica a Padova in via Milazzo 16 dove abbiamo gli uffici ed il magazzino.","breadcrumb":{"@id":"https:\/\/www.sestogrado.it\/en\/#breadcrumb"},"inLanguage":"en-US","potentialAction":[{"@type":"ReadAction","target":[["https:\/\/www.sestogrado.it\/en\/"]]}]},{"@type":"BreadcrumbList","@id":"https:\/\/www.sestogrado.it\/en\/#breadcrumb","itemListElement":[{"@type":"ListItem","position":1,"name":"Home","item":"https:\/\/www.sestogrado.it\/en\/"},{"@type":"ListItem","position":2,"name":"Home"}]},{"@type":"WebSite","@id":"https:\/\/www.sestogrado.it\/en\/#website","url":"https:\/\/www.sestogrado.it\/en\/","name":"Sestogrado","description":"yes we climb","publisher":{"@id":"https:\/\/www.sestogrado.it\/en\/#organization"},"potentialAction":[{"@type":"SearchAction","target":{"@type":"EntryPoint","urlTemplate":"https:\/\/www.sestogrado.it\/en\/?s={search_term_string}"},"query-input":{"@type":"PropertyValueSpecification","valueRequired":true,"valueName":"search_term_string"}}],"inLanguage":"en-US"},{"@type":"Organization","@id":"https:\/\/www.sestogrado.it\/en\/#organization","name":"Sestogrado","url":"https:\/\/www.sestogrado.it\/en\/","logo":{"@type":"ImageObject","inLanguage":"en-US","@id":"https:\/\/www.sestogrado.it\/en\/#\/schema\/logo\/image\/","url":"https:\/\/www.sestogrado.it\/wp-content\/uploads\/2015\/03\/sestogrado-favicon.png","contentUrl":"https:\/\/www.sestogrado.it\/wp-content\/uploads\/2015\/03\/sestogrado-favicon.png","width":260,"height":260,"caption":"Sestogrado"},"image":{"@id":"https:\/\/www.sestogrado.it\/en\/#\/schema\/logo\/image\/"},"sameAs":["https:\/\/www.facebook.com\/pages\/Sestogrado\/1542635979353017?ref=bookmarks","https:\/\/www.youtube.com\/channel\/UC847kAfTkaJsWpc1jtQwr3Q"],"hasMerchantReturnPolicy":{"@type":"MerchantReturnPolicy","merchantReturnLink":"https:\/\/www.sestogrado.it\/en\/termini-e-condizioni\/"}}]}},"_links":{"self":[{"href":"https:\/\/www.sestogrado.it\/en\/wp-json\/wp\/v2\/pages\/73","targetHints":{"allow":["GET"]}}],"collection":[{"href":"https:\/\/www.sestogrado.it\/en\/wp-json\/wp\/v2\/pages"}],"about":[{"href":"https:\/\/www.sestogrado.it\/en\/wp-json\/wp\/v2\/types\/page"}],"author":[{"embeddable":true,"href":"https:\/\/www.sestogrado.it\/en\/wp-json\/wp\/v2\/users\/2"}],"replies":[{"embeddable":true,"href":"https:\/\/www.sestogrado.it\/en\/wp-json\/wp\/v2\/comments?post=73"}],"version-history":[{"count":1,"href":"https:\/\/www.sestogrado.it\/en\/wp-json\/wp\/v2\/pages\/73\/revisions"}],"predecessor-version":[{"id":190804,"href":"https:\/\/www.sestogrado.it\/en\/wp-json\/wp\/v2\/pages\/73\/revisions\/190804"}],"wp:attachment":[{"href":"https:\/\/www.sestogrado.it\/en\/wp-json\/wp\/v2\/media?parent=73"}],"curies":[{"name":"wp","href":"https:\/\/api.w.org\/{rel}","templated":true}]}}