{"id":182668,"date":"2026-02-10T11:19:16","date_gmt":"2026-02-10T10:19:16","guid":{"rendered":"https:\/\/www.sestogrado.it\/?page_id=182668"},"modified":"2026-02-10T14:30:30","modified_gmt":"2026-02-10T13:30:30","slug":"idee-regalo-per-san-valentino","status":"publish","type":"page","link":"https:\/\/www.sestogrado.it\/en\/idee-regalo-per-san-valentino\/","title":{"rendered":"Idee regalo per San Valentino"},"content":{"rendered":"<p class=\"qtranxs-available-languages-message qtranxs-available-languages-message-en\">Sorry, this entry is only available in <a href=\"https:\/\/www.sestogrado.it\/it\/wp-json\/wp\/v2\/pages\/182668\" class=\"qtranxs-available-language-link qtranxs-available-language-link-it\" title=\"Italiano\">Italiano<\/a>.<\/p>","protected":false},"excerpt":{"rendered":"<p>Sorry, this entry is only available in Italiano.<\/p>\n","protected":false},"author":1,"featured_media":182670,"parent":0,"menu_order":0,"comment_status":"closed","ping_status":"closed","template":"","meta":{"_acf_changed":false,"footnotes":""},"class_list":["post-182668","page","type-page","status-publish","has-post-thumbnail","hentry"],"acf":[],"yoast_head":"<!-- This site is optimized with the Yoast SEO plugin v26.4 - https:\/\/yoast.com\/wordpress\/plugins\/seo\/ -->\n<title>Idee regalo per San Valentino - Sestogrado<\/title>\n<meta name=\"description\" content=\"Sei anti San Valentino e gli eventi commerciali, a dire la verit\u00e0 anche anti sociale, talvolta. Per\u00f2 ti piace festeggiare la tua infinita passione per il mondo verticale e condividerla con la tua dolce met\u00e0.Rientri nella famosa categoria delle &quot;coppie che arrampicano assieme&quot; e ne vai fiero, ti senti fortunato e appagato, anche se qualche volta non \u00e8 sempre facile.E allora, bando alla tirchiaggine, lasciati ispirare nella scelta del pensierino per San Valentino da questa proposta firmata dai climbers... per le coppie climbers.\" \/>\n<meta name=\"robots\" content=\"index, follow, max-snippet:-1, max-image-preview:large, max-video-preview:-1\" \/>\n<link rel=\"canonical\" href=\"https:\/\/www.sestogrado.it\/en\/idee-regalo-per-san-valentino\/\" \/>\n<meta property=\"og:locale\" content=\"en_US\" \/>\n<meta property=\"og:type\" content=\"article\" \/>\n<meta property=\"og:title\" content=\"Idee regalo per San Valentino - Sestogrado\" \/>\n<meta property=\"og:description\" content=\"Sei anti San Valentino e gli eventi commerciali, a dire la verit\u00e0 anche anti sociale, talvolta. Per\u00f2 ti piace festeggiare la tua infinita passione per il mondo verticale e condividerla con la tua dolce met\u00e0.Rientri nella famosa categoria delle &quot;coppie che arrampicano assieme&quot; e ne vai fiero, ti senti fortunato e appagato, anche se qualche volta non \u00e8 sempre facile.E allora, bando alla tirchiaggine, lasciati ispirare nella scelta del pensierino per San Valentino da questa proposta firmata dai climbers... per le coppie climbers.\" \/>\n<meta property=\"og:url\" content=\"https:\/\/www.sestogrado.it\/en\/idee-regalo-per-san-valentino\/\" \/>\n<meta property=\"og:site_name\" content=\"Sestogrado\" \/>\n<meta property=\"article:publisher\" content=\"https:\/\/www.facebook.com\/pages\/Sestogrado\/1542635979353017?ref=bookmarks\" \/>\n<meta property=\"article:modified_time\" content=\"2026-02-10T13:30:30+00:00\" \/>\n<meta property=\"og:image\" content=\"https:\/\/www.sestogrado.it\/wp-content\/uploads\/2025\/02\/idee.jpg\" \/>\n\t<meta property=\"og:image:width\" content=\"1200\" \/>\n\t<meta property=\"og:image:height\" content=\"800\" \/>\n\t<meta property=\"og:image:type\" content=\"image\/jpeg\" \/>\n<meta name=\"twitter:label1\" content=\"Est. reading time\" \/>\n\t<meta name=\"twitter:data1\" content=\"8 minutes\" \/>\n<script type=\"application\/ld+json\" class=\"yoast-schema-graph\">{\"@context\":\"https:\/\/schema.org\",\"@graph\":[{\"@type\":\"WebPage\",\"@id\":\"https:\/\/www.sestogrado.it\/en\/idee-regalo-per-san-valentino\/\",\"url\":\"https:\/\/www.sestogrado.it\/en\/idee-regalo-per-san-valentino\/\",\"name\":\"Idee regalo per San Valentino - Sestogrado\",\"isPartOf\":{\"@id\":\"https:\/\/www.sestogrado.it\/en\/#website\"},\"primaryImageOfPage\":{\"@id\":\"https:\/\/www.sestogrado.it\/en\/idee-regalo-per-san-valentino\/#primaryimage\"},\"image\":{\"@id\":\"https:\/\/www.sestogrado.it\/idee-regalo-per-san-valentino\/#primaryimage\"},\"thumbnailUrl\":\"https:\/\/www.sestogrado.it\/wp-content\/uploads\/2025\/02\/idee.jpg\",\"datePublished\":\"2026-02-10T10:19:16+00:00\",\"dateModified\":\"2026-02-10T13:30:30+00:00\",\"description\":\"Sei anti San Valentino e gli eventi commerciali, a dire la verit\u00e0 anche anti sociale, talvolta. Per\u00f2 ti piace festeggiare la tua infinita passione per il mondo verticale e condividerla con la tua dolce met\u00e0.Rientri nella famosa categoria delle \\\"coppie che arrampicano assieme\\\" e ne vai fiero, ti senti fortunato e appagato, anche se qualche volta non \u00e8 sempre facile.E allora, bando alla tirchiaggine, lasciati ispirare nella scelta del pensierino per San Valentino da questa proposta firmata dai climbers... per le coppie climbers.\",\"breadcrumb\":{\"@id\":\"https:\/\/www.sestogrado.it\/en\/idee-regalo-per-san-valentino\/#breadcrumb\"},\"inLanguage\":\"en-US\",\"potentialAction\":[{\"@type\":\"ReadAction\",\"target\":[[\"https:\/\/www.sestogrado.it\/en\/idee-regalo-per-san-valentino\/\"]]}]},{\"@type\":\"ImageObject\",\"inLanguage\":\"en-US\",\"@id\":\"https:\/\/www.sestogrado.it\/en\/idee-regalo-per-san-valentino\/#primaryimage\",\"url\":\"https:\/\/www.sestogrado.it\/wp-content\/uploads\/2025\/02\/idee.jpg\",\"contentUrl\":\"https:\/\/www.sestogrado.it\/wp-content\/uploads\/2025\/02\/idee.jpg\",\"width\":1200,\"height\":800,\"caption\":\"idee regalo san valentino\"},{\"@type\":\"BreadcrumbList\",\"@id\":\"https:\/\/www.sestogrado.it\/en\/idee-regalo-per-san-valentino\/#breadcrumb\",\"itemListElement\":[{\"@type\":\"ListItem\",\"position\":1,\"name\":\"Home\",\"item\":\"https:\/\/www.sestogrado.it\/en\/\"},{\"@type\":\"ListItem\",\"position\":2,\"name\":\"Idee regalo per San Valentino\"}]},{\"@type\":\"WebSite\",\"@id\":\"https:\/\/www.sestogrado.it\/en\/#website\",\"url\":\"https:\/\/www.sestogrado.it\/en\/\",\"name\":\"Sestogrado\",\"description\":\"yes we climb\",\"publisher\":{\"@id\":\"https:\/\/www.sestogrado.it\/en\/#organization\"},\"potentialAction\":[{\"@type\":\"SearchAction\",\"target\":{\"@type\":\"EntryPoint\",\"urlTemplate\":\"https:\/\/www.sestogrado.it\/en\/?s={search_term_string}\"},\"query-input\":{\"@type\":\"PropertyValueSpecification\",\"valueRequired\":true,\"valueName\":\"search_term_string\"}}],\"inLanguage\":\"en-US\"},{\"@type\":\"Organization\",\"@id\":\"https:\/\/www.sestogrado.it\/en\/#organization\",\"name\":\"Sestogrado\",\"url\":\"https:\/\/www.sestogrado.it\/en\/\",\"logo\":{\"@type\":\"ImageObject\",\"inLanguage\":\"en-US\",\"@id\":\"https:\/\/www.sestogrado.it\/en\/#\/schema\/logo\/image\/\",\"url\":\"https:\/\/www.sestogrado.it\/wp-content\/uploads\/2015\/03\/sestogrado-favicon.png\",\"contentUrl\":\"https:\/\/www.sestogrado.it\/wp-content\/uploads\/2015\/03\/sestogrado-favicon.png\",\"width\":260,\"height\":260,\"caption\":\"Sestogrado\"},\"image\":{\"@id\":\"https:\/\/www.sestogrado.it\/en\/#\/schema\/logo\/image\/\"},\"sameAs\":[\"https:\/\/www.facebook.com\/pages\/Sestogrado\/1542635979353017?ref=bookmarks\",\"https:\/\/www.youtube.com\/channel\/UC847kAfTkaJsWpc1jtQwr3Q\"],\"hasMerchantReturnPolicy\":{\"@type\":\"MerchantReturnPolicy\",\"merchantReturnLink\":\"https:\/\/www.sestogrado.it\/en\/termini-e-condizioni\/\"}}]}<\/script>\n<!-- \/ Yoast SEO plugin. -->","yoast_head_json":{"title":"Idee regalo per San Valentino - Sestogrado","description":"Sei anti San Valentino e gli eventi commerciali, a dire la verit\u00e0 anche anti sociale, talvolta. Per\u00f2 ti piace festeggiare la tua infinita passione per il mondo verticale e condividerla con la tua dolce met\u00e0.Rientri nella famosa categoria delle \"coppie che arrampicano assieme\" e ne vai fiero, ti senti fortunato e appagato, anche se qualche volta non \u00e8 sempre facile.E allora, bando alla tirchiaggine, lasciati ispirare nella scelta del pensierino per San Valentino da questa proposta firmata dai climbers... per le coppie climbers.","robots":{"index":"index","follow":"follow","max-snippet":"max-snippet:-1","max-image-preview":"max-image-preview:large","max-video-preview":"max-video-preview:-1"},"canonical":"https:\/\/www.sestogrado.it\/en\/idee-regalo-per-san-valentino\/","og_locale":"en_US","og_type":"article","og_title":"Idee regalo per San Valentino - Sestogrado","og_description":"Sei anti San Valentino e gli eventi commerciali, a dire la verit\u00e0 anche anti sociale, talvolta. Per\u00f2 ti piace festeggiare la tua infinita passione per il mondo verticale e condividerla con la tua dolce met\u00e0.Rientri nella famosa categoria delle \"coppie che arrampicano assieme\" e ne vai fiero, ti senti fortunato e appagato, anche se qualche volta non \u00e8 sempre facile.E allora, bando alla tirchiaggine, lasciati ispirare nella scelta del pensierino per San Valentino da questa proposta firmata dai climbers... per le coppie climbers.","og_url":"https:\/\/www.sestogrado.it\/en\/idee-regalo-per-san-valentino\/","og_site_name":"Sestogrado","article_publisher":"https:\/\/www.facebook.com\/pages\/Sestogrado\/1542635979353017?ref=bookmarks","article_modified_time":"2026-02-10T13:30:30+00:00","og_image":[{"width":1200,"height":800,"url":"https:\/\/www.sestogrado.it\/wp-content\/uploads\/2025\/02\/idee.jpg","type":"image\/jpeg"}],"twitter_misc":{"Est. reading time":"8 minutes"},"schema":{"@context":"https:\/\/schema.org","@graph":[{"@type":"WebPage","@id":"https:\/\/www.sestogrado.it\/en\/idee-regalo-per-san-valentino\/","url":"https:\/\/www.sestogrado.it\/en\/idee-regalo-per-san-valentino\/","name":"Idee regalo per San Valentino - Sestogrado","isPartOf":{"@id":"https:\/\/www.sestogrado.it\/en\/#website"},"primaryImageOfPage":{"@id":"https:\/\/www.sestogrado.it\/en\/idee-regalo-per-san-valentino\/#primaryimage"},"image":{"@id":"https:\/\/www.sestogrado.it\/idee-regalo-per-san-valentino\/#primaryimage"},"thumbnailUrl":"https:\/\/www.sestogrado.it\/wp-content\/uploads\/2025\/02\/idee.jpg","datePublished":"2026-02-10T10:19:16+00:00","dateModified":"2026-02-10T13:30:30+00:00","description":"Sei anti San Valentino e gli eventi commerciali, a dire la verit\u00e0 anche anti sociale, talvolta. Per\u00f2 ti piace festeggiare la tua infinita passione per il mondo verticale e condividerla con la tua dolce met\u00e0.Rientri nella famosa categoria delle \"coppie che arrampicano assieme\" e ne vai fiero, ti senti fortunato e appagato, anche se qualche volta non \u00e8 sempre facile.E allora, bando alla tirchiaggine, lasciati ispirare nella scelta del pensierino per San Valentino da questa proposta firmata dai climbers... per le coppie climbers.","breadcrumb":{"@id":"https:\/\/www.sestogrado.it\/en\/idee-regalo-per-san-valentino\/#breadcrumb"},"inLanguage":"en-US","potentialAction":[{"@type":"ReadAction","target":[["https:\/\/www.sestogrado.it\/en\/idee-regalo-per-san-valentino\/"]]}]},{"@type":"ImageObject","inLanguage":"en-US","@id":"https:\/\/www.sestogrado.it\/en\/idee-regalo-per-san-valentino\/#primaryimage","url":"https:\/\/www.sestogrado.it\/wp-content\/uploads\/2025\/02\/idee.jpg","contentUrl":"https:\/\/www.sestogrado.it\/wp-content\/uploads\/2025\/02\/idee.jpg","width":1200,"height":800,"caption":"idee regalo san valentino"},{"@type":"BreadcrumbList","@id":"https:\/\/www.sestogrado.it\/en\/idee-regalo-per-san-valentino\/#breadcrumb","itemListElement":[{"@type":"ListItem","position":1,"name":"Home","item":"https:\/\/www.sestogrado.it\/en\/"},{"@type":"ListItem","position":2,"name":"Idee regalo per San Valentino"}]},{"@type":"WebSite","@id":"https:\/\/www.sestogrado.it\/en\/#website","url":"https:\/\/www.sestogrado.it\/en\/","name":"Sestogrado","description":"yes we climb","publisher":{"@id":"https:\/\/www.sestogrado.it\/en\/#organization"},"potentialAction":[{"@type":"SearchAction","target":{"@type":"EntryPoint","urlTemplate":"https:\/\/www.sestogrado.it\/en\/?s={search_term_string}"},"query-input":{"@type":"PropertyValueSpecification","valueRequired":true,"valueName":"search_term_string"}}],"inLanguage":"en-US"},{"@type":"Organization","@id":"https:\/\/www.sestogrado.it\/en\/#organization","name":"Sestogrado","url":"https:\/\/www.sestogrado.it\/en\/","logo":{"@type":"ImageObject","inLanguage":"en-US","@id":"https:\/\/www.sestogrado.it\/en\/#\/schema\/logo\/image\/","url":"https:\/\/www.sestogrado.it\/wp-content\/uploads\/2015\/03\/sestogrado-favicon.png","contentUrl":"https:\/\/www.sestogrado.it\/wp-content\/uploads\/2015\/03\/sestogrado-favicon.png","width":260,"height":260,"caption":"Sestogrado"},"image":{"@id":"https:\/\/www.sestogrado.it\/en\/#\/schema\/logo\/image\/"},"sameAs":["https:\/\/www.facebook.com\/pages\/Sestogrado\/1542635979353017?ref=bookmarks","https:\/\/www.youtube.com\/channel\/UC847kAfTkaJsWpc1jtQwr3Q"],"hasMerchantReturnPolicy":{"@type":"MerchantReturnPolicy","merchantReturnLink":"https:\/\/www.sestogrado.it\/en\/termini-e-condizioni\/"}}]}},"_links":{"self":[{"href":"https:\/\/www.sestogrado.it\/en\/wp-json\/wp\/v2\/pages\/182668","targetHints":{"allow":["GET"]}}],"collection":[{"href":"https:\/\/www.sestogrado.it\/en\/wp-json\/wp\/v2\/pages"}],"about":[{"href":"https:\/\/www.sestogrado.it\/en\/wp-json\/wp\/v2\/types\/page"}],"author":[{"embeddable":true,"href":"https:\/\/www.sestogrado.it\/en\/wp-json\/wp\/v2\/users\/1"}],"replies":[{"embeddable":true,"href":"https:\/\/www.sestogrado.it\/en\/wp-json\/wp\/v2\/comments?post=182668"}],"version-history":[{"count":2,"href":"https:\/\/www.sestogrado.it\/en\/wp-json\/wp\/v2\/pages\/182668\/revisions"}],"predecessor-version":[{"id":211161,"href":"https:\/\/www.sestogrado.it\/en\/wp-json\/wp\/v2\/pages\/182668\/revisions\/211161"}],"wp:featuredmedia":[{"embeddable":true,"href":"https:\/\/www.sestogrado.it\/en\/wp-json\/wp\/v2\/media\/182670"}],"wp:attachment":[{"href":"https:\/\/www.sestogrado.it\/en\/wp-json\/wp\/v2\/media?parent=182668"}],"curies":[{"name":"wp","href":"https:\/\/api.w.org\/{rel}","templated":true}]}}